{"id":1962,"date":"2021-04-23T10:19:35","date_gmt":"2021-04-23T10:19:35","guid":{"rendered":"https:\/\/niw.gov.pl\/bip\/?page_id=1962"},"modified":"2026-01-08T07:38:59","modified_gmt":"2026-01-08T06:38:59","slug":"biuletyn-informacji-publicznej","status":"publish","type":"page","link":"https:\/\/niw.gov.pl\/bip\/","title":{"rendered":"Biuletyn Informacji Publicznej"},"content":{"rendered":"<p>[vc_row][vc_column][vc_custom_heading text=&#8221;Dane teleadresowe&#8221; font_container=&#8221;tag:h3|text_align:left&#8221; use_theme_fonts=&#8221;yes&#8221; css=&#8221;.vc_custom_1619173273532{margin-bottom: 30px !important;}&#8221;]\n\t\t\t\n\t\t\t<div class=\"contact_box\">\n<h4>Narodowy Instytut Wolno\u015bci - Centrum Rozwoju Spo\u0142ecze\u0144stwa Obywatelskiego<\/h4>\n<div class=\"space_30\"><\/div>\n\n<div class=\"row\">\n<div class=\"col-lg-3 col-md-3 col-sm-12\">\n<div class=\"contact_box_ico\"> <img decoding=\"async\" src=\"https:\/\/niw.gov.pl\/bip\/wp-content\/themes\/niw\/images\/contact4_red.png\" alt=\"contact4_red.png\"><\/div>\n<div class=\"contact_box_title\">Adres <\/div>\n<\/div>\n<div class=\"col-lg-8 col-md-8 col-sm-12\">\n<div class=\"contact_box_right\">Aleja Jana Paw\u0142a II 12, 00-124 Warszawa<\/div>\n<\/div>\n\n\n<div class=\"col-lg-3 col-md-3 col-sm-12\">\n<div class=\"contact_box_ico\"> <img decoding=\"async\" src=\"https:\/\/niw.gov.pl\/bip\/wp-content\/themes\/niw\/images\/contact5_red.png\" alt=\"contact5_red.png\"><\/div>\n<div class=\"contact_box_title\">NIP <\/div>\n<\/div>\n<div class=\"col-lg-8 col-md-8 col-sm-12\">\n<div class=\"contact_box_right\">7010780575<\/div>\n<\/div>\n\n\n<div class=\"col-lg-3 col-md-3 col-sm-12\">\n<div class=\"contact_box_ico\"> <img decoding=\"async\" src=\"https:\/\/niw.gov.pl\/bip\/wp-content\/themes\/niw\/images\/contact3_red.png\" alt=\"contact3_red.png\"><\/div>\n<div class=\"contact_box_title\">REGON: <\/div>\n<\/div>\n<div class=\"col-lg-8 col-md-8 col-sm-12\">\n<div class=\"contact_box_right\">368854582<\/div>\n<\/div>\n\n<\/div>\n<\/div>\n\n\n[\/vc_column][\/vc_row][vc_row][vc_column][vc_column_text]<iframe loading=\"lazy\" style=\"border: 0;\" title=\"map\" src=\"https:\/\/www.google.com\/maps\/embed?pb=!1m18!1m12!1m3!1d2443.633931571361!2d20.99808621560012!3d52.231868265294956!2m3!1f0!2f0!3f0!3m2!1i1024!2i768!4f13.1!3m3!1m2!1s0x471ecc8e83717a6f%3A0x23324919d70dae2a!2sal.%20Jana%20Paw%C5%82a%20II%2012%2C%2000-124%20Warszawa%2C%20Poland!5e0!3m2!1sen!2sin!4v1618479798165!5m2!1sen!2sin\" width=\"100%\" height=\"255\" allowfullscreen=\"allowfullscreen\"><\/iframe>[\/vc_column_text][vc_column_text]<\/p>\n<p><a href=\"https:\/\/www.google.pl\/maps\/dir\/\/Narodowy+Instytut+Wolno%C5%9Bci+-+Centrum+Rozwoju+Spo%C5%82ecze%C5%84stwa+Obywatelskiego,+al.+Jana+Paw%C5%82a+II+12,+00-124+Warszawa\/@52.2318683,20.9980809,17z\/data=!4m9!4m8!1m0!1m5!1m1!1s0x471ecd4567484711:0xaf61413f1770c7af!2m2!1d21.0002749!2d52.231865!3e0\" target=\"_blank\" rel=\"noopener\"><button class=\"red_btn\" type=\"button\">wyznacz tras\u0119<\/button><\/a><\/p>\n<p>[\/vc_column_text][vc_empty_space][\/vc_column][\/vc_row]<\/p>\n","protected":false},"excerpt":{"rendered":"<p>[vc_row][vc_column][vc_custom_heading text=&#8221;Dane teleadresowe&#8221; font_container=&#8221;tag:h3|text_align:left&#8221; use_theme_fonts=&#8221;yes&#8221; css=&#8221;.vc_custom_1619173273532{margin-bottom: 30px !important;}&#8221;][\/vc_column][\/vc_row][vc_row][vc_column][vc_column_text][\/vc_column_text][vc_column_text] wyznacz tras\u0119 [\/vc_column_text][vc_empty_space][\/vc_column][\/vc_row]<\/p>\n","protected":false},"author":1,"featured_media":0,"parent":0,"menu_order":7,"comment_status":"closed","ping_status":"closed","template":"page-templates\/about_niw_page.php","meta":{"_acf_changed":false,"inline_featured_image":false,"footnotes":""},"class_list":["post-1962","page","type-page","status-publish","hentry"],"acf":[],"_links":{"self":[{"href":"https:\/\/niw.gov.pl\/bip\/wp-json\/wp\/v2\/pages\/1962","targetHints":{"allow":["GET"]}}],"collection":[{"href":"https:\/\/niw.gov.pl\/bip\/wp-json\/wp\/v2\/pages"}],"about":[{"href":"https:\/\/niw.gov.pl\/bip\/wp-json\/wp\/v2\/types\/page"}],"author":[{"embeddable":true,"href":"https:\/\/niw.gov.pl\/bip\/wp-json\/wp\/v2\/users\/1"}],"replies":[{"embeddable":true,"href":"https:\/\/niw.gov.pl\/bip\/wp-json\/wp\/v2\/comments?post=1962"}],"version-history":[{"count":2,"href":"https:\/\/niw.gov.pl\/bip\/wp-json\/wp\/v2\/pages\/1962\/revisions"}],"predecessor-version":[{"id":5194,"href":"https:\/\/niw.gov.pl\/bip\/wp-json\/wp\/v2\/pages\/1962\/revisions\/5194"}],"wp:attachment":[{"href":"https:\/\/niw.gov.pl\/bip\/wp-json\/wp\/v2\/media?parent=1962"}],"curies":[{"name":"wp","href":"https:\/\/api.w.org\/{rel}","templated":true}]}}