{"id":1986,"date":"2021-04-23T12:58:26","date_gmt":"2021-04-23T12:58:26","guid":{"rendered":"https:\/\/niw.gov.pl\/bip\/?page_id=1986"},"modified":"2024-10-02T09:39:45","modified_gmt":"2024-10-02T07:39:45","slug":"struktura-niw-crso","status":"publish","type":"page","link":"https:\/\/niw.gov.pl\/bip\/biuletyn-informacji-publicznej\/organizacja\/struktura-niw-crso\/","title":{"rendered":"Struktura NIW-CRSO"},"content":{"rendered":"<p>[vc_row][vc_column][vc_column_text]Struktura organizacyjna NIW zosta\u0142a okre\u015blona w <a class=\"red\" href=\"https:\/\/niw.gov.pl\/wp-content\/uploads\/2024\/09\/21_01_09_2024_Regulamin-organizacyjny-NIW.pdf\" target=\"_blank\" rel=\"noopener\">zarz\u0105dzeniu Dyrektora NIW-CRSO nr 01\/09\/2024 z dnia 9 wrze\u015bnia 2024 roku w sprawie regulaminu organizacyjnego Narodowego Instytutu Wolno\u015bci \u2013 Centrum Rozwoju Spo\u0142ecze\u0144stwa Obywatelskiego<\/a>.[\/vc_column_text][\/vc_column][\/vc_row]<\/p>\n","protected":false},"excerpt":{"rendered":"<p>[vc_row][vc_column][vc_column_text]Struktura organizacyjna NIW zosta\u0142a okre\u015blona w zarz\u0105dzeniu Dyrektora NIW-CRSO nr 01\/09\/2024 z dnia 9 wrze\u015bnia 2024 roku w sprawie regulaminu organizacyjnego Narodowego Instytutu Wolno\u015bci \u2013 Centrum Rozwoju Spo\u0142ecze\u0144stwa Obywatelskiego.[\/vc_column_text][\/vc_column][\/vc_row]<\/p>\n","protected":false},"author":1,"featured_media":0,"parent":1978,"menu_order":1,"comment_status":"closed","ping_status":"closed","template":"page-templates\/about_niw_sub_pages.php","meta":{"_acf_changed":false,"inline_featured_image":false,"footnotes":""},"class_list":["post-1986","page","type-page","status-publish","hentry"],"acf":[],"_links":{"self":[{"href":"https:\/\/niw.gov.pl\/bip\/wp-json\/wp\/v2\/pages\/1986","targetHints":{"allow":["GET"]}}],"collection":[{"href":"https:\/\/niw.gov.pl\/bip\/wp-json\/wp\/v2\/pages"}],"about":[{"href":"https:\/\/niw.gov.pl\/bip\/wp-json\/wp\/v2\/types\/page"}],"author":[{"embeddable":true,"href":"https:\/\/niw.gov.pl\/bip\/wp-json\/wp\/v2\/users\/1"}],"replies":[{"embeddable":true,"href":"https:\/\/niw.gov.pl\/bip\/wp-json\/wp\/v2\/comments?post=1986"}],"version-history":[{"count":10,"href":"https:\/\/niw.gov.pl\/bip\/wp-json\/wp\/v2\/pages\/1986\/revisions"}],"predecessor-version":[{"id":4836,"href":"https:\/\/niw.gov.pl\/bip\/wp-json\/wp\/v2\/pages\/1986\/revisions\/4836"}],"up":[{"embeddable":true,"href":"https:\/\/niw.gov.pl\/bip\/wp-json\/wp\/v2\/pages\/1978"}],"wp:attachment":[{"href":"https:\/\/niw.gov.pl\/bip\/wp-json\/wp\/v2\/media?parent=1986"}],"curies":[{"name":"wp","href":"https:\/\/api.w.org\/{rel}","templated":true}]}}