{"id":1992,"date":"2021-04-23T13:02:20","date_gmt":"2021-04-23T13:02:20","guid":{"rendered":"https:\/\/niw.gov.pl\/bip\/?page_id=1992"},"modified":"2021-07-21T10:43:18","modified_gmt":"2021-07-21T10:43:18","slug":"rada-niw-crso","status":"publish","type":"page","link":"https:\/\/niw.gov.pl\/bip\/biuletyn-informacji-publicznej\/organizacja\/rada-niw-crso\/","title":{"rendered":"Rada NIW-CRSO"},"content":{"rendered":"<p>[vc_row][vc_column][vc_column_text]Rada Narodowego Instytutu Wolno\u015bci \u2013 Centrum Rozwoju Spo\u0142ecze\u0144stwa Obywatelskiego to organ opiniodawczy w sprawach dotycz\u0105cych NIW-CRSO. Spotyka si\u0119 nie rzadziej ni\u017c raz na kwarta\u0142 i jest powo\u0142ywana na 3-letni\u0105 kadencj\u0119. Ustr\u00f3j Rady reguluj\u0105 artyku\u0142y 9-12 ustawy o NIW-CRSO, wewn\u0119trzny spos\u00f3b funkcjonowania Rady okre\u015bla regulamin.[\/vc_column_text][\/vc_column][\/vc_row][vc_row][vc_column][vc_column_text]<\/p>\n<div class=\"space_30\"><\/div>\n<p><strong>Kompetencje Rady NIW-CRSO:<\/strong><\/p>\n<p>&nbsp;<\/p>\n<div class=\"subpage\">\n<ul>\n<li>opiniowanie projektu rocznego planu finansowego oraz rocznego planu dzia\u0142alno\u015bci NIW-CRSO,<\/li>\n<li>opiniowanie rocznego sprawozdania z dzia\u0142alno\u015bci oraz sprawozdania finansowego NIW-CRSO,<\/li>\n<li>opiniowanie projektu program\u00f3w wspierania rozwoju spo\u0142ecze\u0144stwa obywatelskiego,<\/li>\n<li>opiniowanie ko\u0144cowego sprawozdania z realizacji program\u00f3w wspierania rozwoju spo\u0142ecze\u0144stwa obywatelskiego,<\/li>\n<li>opiniowanie wyboru firmy audytorskiej badaj\u0105cej roczne sprawozdanie NIW-CRSO,<\/li>\n<li>opiniowanie projektu regulaminu NIW-CRSO,<\/li>\n<li>zatwierdzanie regulamin\u00f3w konkurs\u00f3w ofert,<\/li>\n<li>wyra\u017canie zgody na rozporz\u0105dzanie maj\u0105tkiem powy\u017cej 200 000 z\u0142 przez Dyrektora NIW-CRSO.<\/li>\n<\/ul>\n<\/div>\n<p>[\/vc_column_text][\/vc_column][\/vc_row][vc_row][vc_column][vc_column_text]<a class=\"red\" href=\"https:\/\/niw.gov.pl\/o-niw\/rada-narodowego-instytutu-wolnosci\/sklad-rady-niw-crso\/\" target=\"_blank\" rel=\"noopener\"><i class=\"fas fa-link\"><\/i><strong>Sk\u0142ad Rady NIW-CRSO<\/strong><\/a>[\/vc_column_text][\/vc_column][\/vc_row][vc_row][vc_column][vc_column_text]<a class=\"red\" href=\"https:\/\/niw.gov.pl\/o-niw\/rada-narodowego-instytutu-wolnosci\/dokumenty-rady\/\" target=\"_blank\" rel=\"noopener\"><i class=\"fas fa-link\"><\/i><strong>Dokumenty Rady NIW-CRSO<\/strong><\/a>[\/vc_column_text][\/vc_column][\/vc_row][vc_row][vc_column][vc_raw_html]JTNDZGl2JTIwY2xhc3MlM0QlMjJzcGFjZV8yMCUyMiUzRSUzQyUyRmRpdiUzRSUwQSUzQ2J1dHRvbiUyMGNsYXNzJTNEJTIycmVkX2J0biUyMGhpc3RvcnlfYnRuMSUyMiUyMG9uQ2xpY2slM0QlMjJqYXZhc2NyaXB0JTNBaGlzdG9yeS5nbyUyOC0xJTI5JTIyJTIwdHlwZSUzRCUyMmJ1dHRvbiUyMiUzRXdyJTI2b2FjdXRlJTNCJTI2JTIzMjYzJTNCJTNDJTJGYnV0dG9uJTNF[\/vc_raw_html][\/vc_column][\/vc_row]<\/p>\n","protected":false},"excerpt":{"rendered":"<p>[vc_row][vc_column][vc_column_text]Rada Narodowego Instytutu Wolno\u015bci \u2013 Centrum Rozwoju Spo\u0142ecze\u0144stwa Obywatelskiego to organ opiniodawczy w sprawach dotycz\u0105cych NIW-CRSO. Spotyka si\u0119 nie rzadziej ni\u017c raz na kwarta\u0142 i jest powo\u0142ywana na 3-letni\u0105 kadencj\u0119. Ustr\u00f3j Rady reguluj\u0105 artyku\u0142y 9-12 ustawy o NIW-CRSO, wewn\u0119trzny spos\u00f3b funkcjonowania Rady okre\u015bla regulamin.[\/vc_column_text][\/vc_column][\/vc_row][vc_row][vc_column][vc_column_text] Kompetencje Rady NIW-CRSO: &nbsp; opiniowanie projektu rocznego planu finansowego oraz rocznego<\/p>\n","protected":false},"author":1,"featured_media":0,"parent":1978,"menu_order":3,"comment_status":"closed","ping_status":"closed","template":"page-templates\/about_niw_sub_pages.php","meta":{"_acf_changed":false,"inline_featured_image":false,"footnotes":""},"class_list":["post-1992","page","type-page","status-publish","hentry"],"acf":[],"_links":{"self":[{"href":"https:\/\/niw.gov.pl\/bip\/wp-json\/wp\/v2\/pages\/1992","targetHints":{"allow":["GET"]}}],"collection":[{"href":"https:\/\/niw.gov.pl\/bip\/wp-json\/wp\/v2\/pages"}],"about":[{"href":"https:\/\/niw.gov.pl\/bip\/wp-json\/wp\/v2\/types\/page"}],"author":[{"embeddable":true,"href":"https:\/\/niw.gov.pl\/bip\/wp-json\/wp\/v2\/users\/1"}],"replies":[{"embeddable":true,"href":"https:\/\/niw.gov.pl\/bip\/wp-json\/wp\/v2\/comments?post=1992"}],"version-history":[{"count":6,"href":"https:\/\/niw.gov.pl\/bip\/wp-json\/wp\/v2\/pages\/1992\/revisions"}],"predecessor-version":[{"id":3362,"href":"https:\/\/niw.gov.pl\/bip\/wp-json\/wp\/v2\/pages\/1992\/revisions\/3362"}],"up":[{"embeddable":true,"href":"https:\/\/niw.gov.pl\/bip\/wp-json\/wp\/v2\/pages\/1978"}],"wp:attachment":[{"href":"https:\/\/niw.gov.pl\/bip\/wp-json\/wp\/v2\/media?parent=1992"}],"curies":[{"name":"wp","href":"https:\/\/api.w.org\/{rel}","templated":true}]}}