{"id":2001,"date":"2021-04-23T13:22:59","date_gmt":"2021-04-23T13:22:59","guid":{"rendered":"https:\/\/niw.gov.pl\/bip\/?page_id=2001"},"modified":"2026-03-24T10:42:37","modified_gmt":"2026-03-24T09:42:37","slug":"zamowienia-publiczne","status":"publish","type":"page","link":"https:\/\/niw.gov.pl\/bip\/biuletyn-informacji-publicznej\/zamowienia-publiczne\/","title":{"rendered":"Zam\u00f3wienia publiczne"},"content":{"rendered":"<p>Narodowy Instytut Wolno\u015bci jest agencj\u0105 wykonawcz\u0105 w rozumieniu ustawy z dnia\u00a0 27 sierpnia\u00a0 2009 r.\u00a0 o finansach\u00a0 publicznych\u00a0 (Dz.U. z 2016 r. poz. 1870, z p\u00f3\u017an. zm.) powo\u0142an\u0105 do realizacji zada\u0144 w zakresie wskazanym w art. 1 ust. 2. W zwi\u0105zku z tym jest zobowi\u0105zany do stosowania ustawy Prawo zam\u00f3wie\u0144 publicznych.<\/p>\n<p>&nbsp;<\/p>\n<p>W kwestii zam\u00f3wie\u0144 publicznych, kt\u00f3re zgodnie z art. 2 ust. 1 pkt 2) ustawy z dn. 11 wrze\u015bnia 2019 r. Prawo zam\u00f3wie\u0144 publicznych, podlegaj\u0105 wykluczeniu ze stosowania ww. ustawy, obowi\u0105zuje <span style=\"text-decoration: underline;\"><a href=\"https:\/\/niw.gov.pl\/bip\/wp-content\/uploads\/2026\/03\/zarzadzenie-02_12_2025.pdf\"><strong><span style=\"color: #df1f36; text-decoration: underline;\">Regulamin udzielania zam\u00f3wie\u0144 publicznych w Narodowym Instytucie Wolno\u015bci \u2013 Centrum Rozwoju Spo\u0142ecze\u0144stwa Obywatelskiego o warto\u015bci szacunkowej nieprzekraczaj\u0105cej 170 000,00 z\u0142.<\/span><\/strong><\/a><\/span><\/p>\n<p>&nbsp;<\/p>\n<p>&nbsp;<\/p>\n","protected":false},"excerpt":{"rendered":"<p>Narodowy Instytut Wolno\u015bci jest agencj\u0105 wykonawcz\u0105 w rozumieniu ustawy z dnia\u00a0 27 sierpnia\u00a0 2009 r.\u00a0 o finansach\u00a0 publicznych\u00a0 (Dz.U. z 2016 r. poz. 1870, z p\u00f3\u017an. zm.) powo\u0142an\u0105 do realizacji zada\u0144 w zakresie wskazanym w art. 1 ust. 2. W zwi\u0105zku z tym jest zobowi\u0105zany do stosowania ustawy Prawo zam\u00f3wie\u0144 publicznych. &nbsp; W kwestii zam\u00f3wie\u0144<\/p>\n","protected":false},"author":1,"featured_media":0,"parent":1962,"menu_order":3,"comment_status":"closed","ping_status":"closed","template":"page-templates\/about_niw_page.php","meta":{"_acf_changed":false,"inline_featured_image":false,"footnotes":""},"class_list":["post-2001","page","type-page","status-publish","hentry"],"acf":[],"_links":{"self":[{"href":"https:\/\/niw.gov.pl\/bip\/wp-json\/wp\/v2\/pages\/2001","targetHints":{"allow":["GET"]}}],"collection":[{"href":"https:\/\/niw.gov.pl\/bip\/wp-json\/wp\/v2\/pages"}],"about":[{"href":"https:\/\/niw.gov.pl\/bip\/wp-json\/wp\/v2\/types\/page"}],"author":[{"embeddable":true,"href":"https:\/\/niw.gov.pl\/bip\/wp-json\/wp\/v2\/users\/1"}],"replies":[{"embeddable":true,"href":"https:\/\/niw.gov.pl\/bip\/wp-json\/wp\/v2\/comments?post=2001"}],"version-history":[{"count":6,"href":"https:\/\/niw.gov.pl\/bip\/wp-json\/wp\/v2\/pages\/2001\/revisions"}],"predecessor-version":[{"id":5261,"href":"https:\/\/niw.gov.pl\/bip\/wp-json\/wp\/v2\/pages\/2001\/revisions\/5261"}],"up":[{"embeddable":true,"href":"https:\/\/niw.gov.pl\/bip\/wp-json\/wp\/v2\/pages\/1962"}],"wp:attachment":[{"href":"https:\/\/niw.gov.pl\/bip\/wp-json\/wp\/v2\/media?parent=2001"}],"curies":[{"name":"wp","href":"https:\/\/api.w.org\/{rel}","templated":true}]}}