{"id":2003,"date":"2021-04-23T13:23:42","date_gmt":"2021-04-23T13:23:42","guid":{"rendered":"https:\/\/niw.gov.pl\/bip\/?page_id=2003"},"modified":"2026-03-11T10:26:45","modified_gmt":"2026-03-11T09:26:45","slug":"plany-postepowan","status":"publish","type":"page","link":"https:\/\/niw.gov.pl\/bip\/biuletyn-informacji-publicznej\/zamowienia-publiczne\/plany-postepowan\/","title":{"rendered":"Plany post\u0119powa\u0144"},"content":{"rendered":"<p>[vc_row][vc_column][vc_column_text]<strong>2026r.:<\/strong>[\/vc_column_text]<div class=\"row\">\n\t\t\t\t<div class=\"col-lg-12 col-md-12 col-sm-12 media_text\">\n\t\t\t\t\t\n\t\t\t\t\t\n\t\t\t\t\t<div class=\"programs_links\"><a href=\"https:\/\/niw.gov.pl\/bip\/wp-content\/uploads\/2026\/03\/2026_BZP-00149208_01_P.pdf\" download><button class=\"link_btn\" type=\"button\"> <img decoding=\"async\" src=\"https:\/\/niw.gov.pl\/bip\/wp-content\/themes\/niw\/images\/ic_link.png\" alt=\"ic_link.png\"> <\/button> Plan post\u0119powa\u0144 o udzielenie zam\u00f3wie\u0144 publicznych NIW-CRSO \u2013 2026 r. <\/a>\n<\/div>\n\n\n\t\t\t\t\t<\/div><\/div>[vc_column_text]<strong>2025 r.:<\/strong>[\/vc_column_text]<div class=\"row\">\n\t\t\t\t<div class=\"col-lg-12 col-md-12 col-sm-12 media_text\">\n\t\t\t\t\t\n\t\t\t\t\t\n\t\t\t\t\t<div class=\"programs_links\"><a href=\"https:\/\/niw.gov.pl\/bip\/wp-content\/uploads\/2025\/03\/2025_BZP-00136999_01_P.pdf\" download><button class=\"link_btn\" type=\"button\"> <img decoding=\"async\" src=\"https:\/\/niw.gov.pl\/bip\/wp-content\/themes\/niw\/images\/ic_link.png\" alt=\"ic_link.png\"> <\/button> Plan post\u0119powa\u0144 o udzielenie zam\u00f3wie\u0144 publicznych NIW-CRSO \u2013 2025 r. <\/a>\n<\/div>\n\n\n\t\t\t\t\t<\/div>\n\t\t\t\t<div class=\"col-lg-12 col-md-12 col-sm-12 media_text\">\n\t\t\t\t\t\n\t\t\t\t\t\n\t\t\t\t\t<div class=\"programs_links\"><a href=\"https:\/\/niw.gov.pl\/bip\/wp-content\/uploads\/2025\/04\/2025_BZP-00136999_02_P.pdf\" download><button class=\"link_btn\" type=\"button\"> <img decoding=\"async\" src=\"https:\/\/niw.gov.pl\/bip\/wp-content\/themes\/niw\/images\/ic_link.png\" alt=\"ic_link.png\"> <\/button> Plan post\u0119powa\u0144 o udzielenie zam\u00f3wie\u0144 publicznych NIW-CRSO \u2013 2025 r. (aktualizacja 1)<\/a>\n<\/div>\n\n\n\t\t\t\t\t\n\t\t\t\t\t\n\t\t\t\t\t\n\t\t\t\t\t<div class=\"programs_links\"><a href=\"https:\/\/niw.gov.pl\/bip\/wp-content\/uploads\/2025\/05\/2025_BZP-00136999_03_P.pdf\" download><button class=\"link_btn\" type=\"button\"> <img decoding=\"async\" src=\"https:\/\/niw.gov.pl\/bip\/wp-content\/themes\/niw\/images\/ic_link.png\" alt=\"ic_link.png\"> <\/button> Plan post\u0119powa\u0144 o udzielenie zam\u00f3wie\u0144 publicznych NIW-CRSO \u2013 2025 r. (aktualizacja 2)<\/a>\n<\/div>\n\n\n\t\t\t\t\t\n\t\t\t\t\t\n\t\t\t\t\t\n\t\t\t\t\t<div class=\"programs_links\"><a href=\"https:\/\/niw.gov.pl\/bip\/wp-content\/uploads\/2025\/09\/2025_BZP-00136999_04_P.pdf\" download><button class=\"link_btn\" type=\"button\"> <img decoding=\"async\" src=\"https:\/\/niw.gov.pl\/bip\/wp-content\/themes\/niw\/images\/ic_link.png\" alt=\"ic_link.png\"> <\/button> Plan post\u0119powa\u0144 o udzielenie zam\u00f3wie\u0144 publicznych NIW-CRSO - 2025 r. (aktualizacja 3)<\/a>\n<\/div>\n\n\n\t\t\t\t\t\n\t\t\t\t\t\n\t\t\t\t\t\n\t\t\t\t\t<div class=\"programs_links\"><a href=\"https:\/\/niw.gov.pl\/bip\/wp-content\/uploads\/2025\/09\/2025_BZP-00136999_05_P.pdf\" download><button class=\"link_btn\" type=\"button\"> <img decoding=\"async\" src=\"https:\/\/niw.gov.pl\/bip\/wp-content\/themes\/niw\/images\/ic_link.png\" alt=\"ic_link.png\"> <\/button> Plan post\u0119powa\u0144 o udzielenie zam\u00f3wie\u0144 publicznych NIW-CRSO - 2025 r. (aktualizacja 4)<\/a>\n<\/div>\n\n\n\t\t\t\t\t<\/div><\/div>[vc_column_text]<strong>2024 r.:<\/strong>[\/vc_column_text]<div class=\"row\">\n\t\t\t\t<div class=\"col-lg-12 col-md-12 col-sm-12 media_text\">\n\t\t\t\t\t\n\t\t\t\t\t\n\t\t\t\t\t<div class=\"programs_links\"><a href=\"https:\/\/niw.gov.pl\/bip\/wp-content\/uploads\/2024\/04\/Plan-zamowien-2024-BZP.pdf\" download><button class=\"link_btn\" type=\"button\"> <img decoding=\"async\" src=\"https:\/\/niw.gov.pl\/bip\/wp-content\/themes\/niw\/images\/ic_link.png\" alt=\"ic_link.png\"> <\/button> Plan post\u0119powa\u0144 o udzielenie zam\u00f3wie\u0144 publicznych NIW-CRSO \u2013 2024 r. <\/a>\n<\/div>\n\n\n\t\t\t\t\t\n\t\t\t\t\t\n\t\t\t\t\t\n\t\t\t\t\t<div class=\"programs_links\"><a href=\"https:\/\/niw.gov.pl\/bip\/wp-content\/uploads\/2024\/05\/Plan-zamowien-2024-BZP-2.pdf\" download><button class=\"link_btn\" type=\"button\"> <img decoding=\"async\" src=\"https:\/\/niw.gov.pl\/bip\/wp-content\/themes\/niw\/images\/ic_link.png\" alt=\"ic_link.png\"> <\/button> Plan post\u0119powa\u0144 o udzielenie zam\u00f3wie\u0144 publicznych NIW-CRSO - 2024 r. (aktualizacja 1)<\/a>\n<\/div>\n\n\n\t\t\t\t\t\n\t\t\t\t\t\n\t\t\t\t\t\n\t\t\t\t\t<div class=\"programs_links\"><a href=\"https:\/\/niw.gov.pl\/bip\/wp-content\/uploads\/2024\/09\/Plan-zamowien-2024-BZP-3.pdf\" download><button class=\"link_btn\" type=\"button\"> <img decoding=\"async\" src=\"https:\/\/niw.gov.pl\/bip\/wp-content\/themes\/niw\/images\/ic_link.png\" alt=\"ic_link.png\"> <\/button> Plan post\u0119powa\u0144 o udzielenie zam\u00f3wie\u0144 publicznych NIW-CRSO - 2024 r. (aktualizacja 2)<\/a>\n<\/div>\n\n\n\t\t\t\t\t\n\t\t\t\t\t\n\t\t\t\t\t\n\t\t\t\t\t<div class=\"programs_links\"><a href=\"https:\/\/niw.gov.pl\/bip\/wp-content\/uploads\/2024\/12\/Plan-zamowien-2024-BZP-4.pdf\" download><button class=\"link_btn\" type=\"button\"> <img decoding=\"async\" src=\"https:\/\/niw.gov.pl\/bip\/wp-content\/themes\/niw\/images\/ic_link.png\" alt=\"ic_link.png\"> <\/button> Plan post\u0119powa\u0144 o udzielenie zam\u00f3wie\u0144 publicznych w NIW-CRSO -2024 (aktualizacja 4)<\/a>\n<\/div>\n\n\n\t\t\t\t\t<\/div><\/div>[\/vc_column][\/vc_row][vc_row][vc_column][vc_column_text]<strong>2023 r.:<\/strong>[\/vc_column_text][\/vc_column][\/vc_row][vc_row][vc_column]<div class=\"row\">\n\t\t\t\t<div class=\"col-lg-12 col-md-12 col-sm-12 media_text\">\n\t\t\t\t\t\n\t\t\t\t\t\n\t\t\t\t\t<div class=\"programs_links\"><a href=\"https:\/\/niw.gov.pl\/bip\/wp-content\/uploads\/2023\/03\/Plan-postepowan-o-udzielenie-zamowien-2023-r..pdf\" download><button class=\"link_btn\" type=\"button\"> <img decoding=\"async\" src=\"https:\/\/niw.gov.pl\/bip\/wp-content\/themes\/niw\/images\/ic_link.png\" alt=\"ic_link.png\"> <\/button> Plan post\u0119powa\u0144 o udzielenie zam\u00f3wie\u0144 publicznych NIW-CRSO \u2013 2023 r. <\/a>\n<\/div>\n\n\n\t\t\t\t\t\n\t\t\t\t\t\n\t\t\t\t\t\n\t\t\t\t\t<div class=\"programs_links\"><a href=\"https:\/\/niw.gov.pl\/bip\/wp-content\/uploads\/2023\/03\/Plan-postepowan-o-udzielenie-zamowien-2023-r.-aktualizacja-30.03.2023-r.pdf\" download><button class=\"link_btn\" type=\"button\"> <img decoding=\"async\" src=\"https:\/\/niw.gov.pl\/bip\/wp-content\/themes\/niw\/images\/ic_link.png\" alt=\"ic_link.png\"> <\/button> Plan post\u0119powa\u0144 o udzielenie zam\u00f3wie\u0144 publicznych NIW-CRSO - 2023 r. (aktualizacja 30.03.2023 r.)<\/a>\n<\/div>\n\n\n\t\t\t\t\t\n\t\t\t\t\t\n\t\t\t\t\t\n\t\t\t\t\t<div class=\"programs_links\"><a href=\"https:\/\/niw.gov.pl\/bip\/wp-content\/uploads\/2023\/06\/Plan-postepowan-o-udzielenie-zamowien-2023-r.-aktualizacja-27.06.2023-r.pdf\" download><button class=\"link_btn\" type=\"button\"> <img decoding=\"async\" src=\"https:\/\/niw.gov.pl\/bip\/wp-content\/themes\/niw\/images\/ic_link.png\" alt=\"ic_link.png\"> <\/button> Plan post\u0119powa\u0144 o udzielenie zam\u00f3wie\u0144 publicznych NIW-CRSO - 2023 r. (aktualizacja 27.06.2023 r.)<\/a>\n<\/div>\n\n\n\t\t\t\t\t\n\t\t\t\t\t\n\t\t\t\t\t\n\t\t\t\t\t<div class=\"programs_links\"><a href=\"https:\/\/niw.gov.pl\/bip\/wp-content\/uploads\/2023\/09\/Plan-postepowan-o-udzielenie-zamowien-2023-r.-aktualizacja-07.09.2023-r.pdf\" download><button class=\"link_btn\" type=\"button\"> <img decoding=\"async\" src=\"https:\/\/niw.gov.pl\/bip\/wp-content\/themes\/niw\/images\/ic_link.png\" alt=\"ic_link.png\"> <\/button> Plan post\u0119powa\u0144 o udzielenie zam\u00f3wie\u0144 publicznych NIW-CRSO - 2023 r. (aktualizacja 07.09.2023 r.)<\/a>\n<\/div>\n\n\n\t\t\t\t\t\n\t\t\t\t\t\n\t\t\t\t\t\n\t\t\t\t\t<div class=\"programs_links\"><a href=\"https:\/\/niw.gov.pl\/bip\/wp-content\/uploads\/2023\/10\/Plan-postepowan-o-udzielenie-zamowien-2023-r.-aktualizacja-04.10.2023-r.pdf\" download><button class=\"link_btn\" type=\"button\"> <img decoding=\"async\" src=\"https:\/\/niw.gov.pl\/bip\/wp-content\/themes\/niw\/images\/ic_link.png\" alt=\"ic_link.png\"> <\/button> Plan post\u0119powa\u0144 o udzielenie zam\u00f3wie\u0144 publicznych NIW-CRSO - 2023 r. (aktualizacja 04.10.2023 r.)<\/a>\n<\/div>\n\n\n\t\t\t\t\t\n\t\t\t\t\t\n\t\t\t\t\t\n\t\t\t\t\t<div class=\"programs_links\"><a href=\"https:\/\/niw.gov.pl\/bip\/wp-content\/uploads\/2023\/10\/Plan-postepowan-o-udzielenie-zamowien-2023-r.-aktualizacja-23.10.2023-r.pdf\" download><button class=\"link_btn\" type=\"button\"> <img decoding=\"async\" src=\"https:\/\/niw.gov.pl\/bip\/wp-content\/themes\/niw\/images\/ic_link.png\" alt=\"ic_link.png\"> <\/button> Plan post\u0119powa\u0144 o udzielenie zam\u00f3wie\u0144 publicznych NIW-CRSO - 2023 r. (aktualizacja 23.10.2023 r.)<\/a>\n<\/div>\n\n\n\t\t\t\t\t\n\t\t\t\t\t\n\t\t\t\t\t\n\t\t\t\t\t<div class=\"programs_links\"><a href=\"https:\/\/niw.gov.pl\/bip\/wp-content\/uploads\/2023\/12\/Plan-postepowan-o-udzielenie-zamowien-2023-r.-aktualizacja-21.12.2023-r.pdf\" download><button class=\"link_btn\" type=\"button\"> <img decoding=\"async\" src=\"https:\/\/niw.gov.pl\/bip\/wp-content\/themes\/niw\/images\/ic_link.png\" alt=\"ic_link.png\"> <\/button> Plan post\u0119powa\u0144 o udzielenie zam\u00f3wie\u0144 publicznych NIW-CRSO - 2023 r. (aktualizacja 21.12.2023 r.)<\/a>\n<\/div>\n\n\n\t\t\t\t\t<\/div><\/div>[\/vc_column][\/vc_row][vc_row][vc_column][vc_column_text]<strong>2022 r.:<\/strong>[\/vc_column_text][\/vc_column][\/vc_row][vc_row][vc_column]<div class=\"row\">\n\t\t\t\t<div class=\"col-lg-12 col-md-12 col-sm-12 media_text\">\n\t\t\t\t\t\n\t\t\t\t\t\n\t\t\t\t\t<div class=\"programs_links\"><a href=\"https:\/\/niw.gov.pl\/bip\/wp-content\/uploads\/2022\/12\/2022_BZP-00089890_02_P.pdf\" download><button class=\"link_btn\" type=\"button\"> <img decoding=\"async\" src=\"https:\/\/niw.gov.pl\/bip\/wp-content\/themes\/niw\/images\/ic_link.png\" alt=\"ic_link.png\"> <\/button> Plan post\u0119powa\u0144 o udzielenie zam\u00f3wie\u0144 publicznych NIW-CRSO \u2013 2022 (aktualizacja 29.12.2022 r.) <\/a>\n<\/div>\n\n\n\t\t\t\t\t\n\t\t\t\t\t\n\t\t\t\t\t\n\t\t\t\t\t<div class=\"programs_links\"><a href=\"https:\/\/niw.gov.pl\/bip\/wp-content\/uploads\/2022\/03\/plan-postepowan-BZP-2022.pdf\" download><button class=\"link_btn\" type=\"button\"> <img decoding=\"async\" src=\"https:\/\/niw.gov.pl\/bip\/wp-content\/themes\/niw\/images\/ic_link.png\" alt=\"ic_link.png\"> <\/button> Plan post\u0119powa\u0144 o udzielenie zam\u00f3wie\u0144 publicznych NIW-CRSO \u2013 2022 r. <\/a>\n<\/div>\n\n\n\t\t\t\t\t<\/div><\/div>[\/vc_column][\/vc_row][vc_row][vc_column][vc_column_text]<strong>2021 r.:<\/strong>[\/vc_column_text][\/vc_column][\/vc_row][vc_row][vc_column]<div class=\"row\">\n\t\t\t\t<div class=\"col-lg-12 col-md-12 col-sm-12 media_text\">\n\t\t\t\t\t\n\t\t\t\t\t\n\t\t\t\t\t<div class=\"programs_links\"><a href=\"https:\/\/niw.gov.pl\/bip\/wp-content\/uploads\/2021\/12\/Plan-postepowan-NIW-CRSO-2021-r.-aktualizacja-17.12.2021_.pdf\" download><button class=\"link_btn\" type=\"button\"> <img decoding=\"async\" src=\"https:\/\/niw.gov.pl\/bip\/wp-content\/themes\/niw\/images\/ic_link.png\" alt=\"ic_link.png\"> <\/button> Plan post\u0119powa\u0144 o udzielenie zam\u00f3wie\u0144 publicznych NIW-CRSO 2021 (aktualizacja 17.12.2021)<\/a>\n<\/div>\n\n\n\t\t\t\t\t\n\t\t\t\t\t\n\t\t\t\t\t\n\t\t\t\t\t<div class=\"programs_links\"><a href=\"https:\/\/niw.gov.pl\/bip\/wp-content\/uploads\/2021\/10\/Plan-postepowan-NIW-CRSO-2021-r.-aktualizacja-06.10.2021-.pdf\" download><button class=\"link_btn\" type=\"button\"> <img decoding=\"async\" src=\"https:\/\/niw.gov.pl\/bip\/wp-content\/themes\/niw\/images\/ic_link.png\" alt=\"ic_link.png\"> <\/button> Plan post\u0119powa\u0144 o udzielenie zam\u00f3wie\u0144 publicznych NIW-CRSO \u2013 2021 (aktualizacja 06.10.2021 r.)<\/a>\n<\/div>\n\n\n\t\t\t\t\t\n\t\t\t\t\t\n\t\t\t\t\t\n\t\t\t\t\t<div class=\"programs_links\"><a href=\"https:\/\/niw.gov.pl\/bip\/wp-content\/uploads\/2021\/07\/Plan-postepowan-NIW-CRSO-2021-r.-aktualizacja-30.06.2021_.pdf\" download><button class=\"link_btn\" type=\"button\"> <img decoding=\"async\" src=\"https:\/\/niw.gov.pl\/bip\/wp-content\/themes\/niw\/images\/ic_link.png\" alt=\"ic_link.png\"> <\/button> Plan post\u0119powa\u0144 o udzielenie zam\u00f3wie\u0144 publicznych NIW-CRSO \u2013 2021 r. (aktualizacja 30.06.2021 r.)<\/a>\n<\/div>\n\n\n\t\t\t\t\t\n\t\t\t\t\t\n\t\t\t\t\t\n\t\t\t\t\t<div class=\"programs_links\"><a href=\"https:\/\/niw.gov.pl\/bip\/wp-content\/uploads\/2021\/07\/Plan-Postepowan-o-udzielenie-zamowien-publicznych-NIW-CRSO-2021-r_.pdf\" download><button class=\"link_btn\" type=\"button\"> <img decoding=\"async\" src=\"https:\/\/niw.gov.pl\/bip\/wp-content\/themes\/niw\/images\/ic_link.png\" alt=\"ic_link.png\"> <\/button> Plan post\u0119powa\u0144 o udzielenie zam\u00f3wie\u0144 publicznych NIW-CRSO \u2013 2021 r. <\/a>\n<\/div>\n\n\n\t\t\t\t\t<\/div><\/div>[\/vc_column][\/vc_row][vc_row][vc_column][vc_empty_space][\/vc_column][\/vc_row][vc_row][vc_column][vc_column_text]<strong>2020 r.:<\/strong>[\/vc_column_text][\/vc_column][\/vc_row][vc_row][vc_column]<div class=\"row\">\n\t\t\t\t<div class=\"col-lg-12 col-md-12 col-sm-12 media_text\">\n\t\t\t\t\t\n\t\t\t\t\t\n\t\t\t\t\t<div class=\"programs_links\"><a href=\"https:\/\/niw.gov.pl\/bip\/wp-content\/uploads\/2021\/07\/PLAN-POSTEPOWAN-2020-aktualizacja-27.04.2020-r..pdf\" download><button class=\"link_btn\" type=\"button\"> <img decoding=\"async\" src=\"https:\/\/niw.gov.pl\/bip\/wp-content\/themes\/niw\/images\/ic_link.png\" alt=\"ic_link.png\"> <\/button> Plan post\u0119powa\u0144 o udzielenie zam\u00f3wie\u0144 publicznych NIW-CRSO \u2013 2020 r. (aktualizacja)<\/a>\n<\/div>\n\n\n\t\t\t\t\t\n\t\t\t\t\t\n\t\t\t\t\t\n\t\t\t\t\t<div class=\"programs_links\"><a href=\"https:\/\/niw.gov.pl\/bip\/wp-content\/uploads\/2021\/07\/PLAN-POSTEPOWAN-2020.pdf\" download><button class=\"link_btn\" type=\"button\"> <img decoding=\"async\" src=\"https:\/\/niw.gov.pl\/bip\/wp-content\/themes\/niw\/images\/ic_link.png\" alt=\"ic_link.png\"> <\/button> Plan post\u0119powa\u0144 o udzielenie zam\u00f3wie\u0144 publicznych NIW-CRSO \u2013 2020 r.<\/a>\n<\/div>\n\n\n\t\t\t\t\t<\/div><\/div>[\/vc_column][\/vc_row][vc_row][vc_column][vc_empty_space][\/vc_column][\/vc_row][vc_row][vc_column][vc_column_text]<strong>2019 r.:<\/strong>[\/vc_column_text][\/vc_column][\/vc_row][vc_row][vc_column]<div class=\"row\">\n\t\t\t\t<div class=\"col-lg-12 col-md-12 col-sm-12 media_text\">\n\t\t\t\t\t\n\t\t\t\t\t\n\t\t\t\t\t<div class=\"programs_links\"><a href=\"https:\/\/niw.gov.pl\/bip\/wp-content\/uploads\/2021\/07\/Plan-postepowan-NIW-28.08.2019-r.-aktualizacja.pdf\" download><button class=\"link_btn\" type=\"button\"> <img decoding=\"async\" src=\"https:\/\/niw.gov.pl\/bip\/wp-content\/themes\/niw\/images\/ic_link.png\" alt=\"ic_link.png\"> <\/button> Plan post\u0119powa\u0144 o udzielenie zam\u00f3wie\u0144 publicznych NIW-CRSO \u2013 2019 r. (aktualizacja)<\/a>\n<\/div>\n\n\n\t\t\t\t\t\n\t\t\t\t\t\n\t\t\t\t\t\n\t\t\t\t\t<div class=\"programs_links\"><a href=\"https:\/\/niw.gov.pl\/bip\/wp-content\/uploads\/2021\/07\/Plan-postepowan-o-udzielenie-zamowien-publicznych-NIW-CRSO-2019-r..pdf\" download><button class=\"link_btn\" type=\"button\"> <img decoding=\"async\" src=\"https:\/\/niw.gov.pl\/bip\/wp-content\/themes\/niw\/images\/ic_link.png\" alt=\"ic_link.png\"> <\/button> Plan post\u0119powa\u0144 o udzielenie zam\u00f3wie\u0144 publicznych NIW-CRSO \u2013 2019 r.<\/a>\n<\/div>\n\n\n\t\t\t\t\t<\/div><\/div>[\/vc_column][\/vc_row][vc_row][vc_column][vc_empty_space][\/vc_column][\/vc_row]<\/p>\n","protected":false},"excerpt":{"rendered":"<p>[vc_row][vc_column][vc_column_text]2026r.:[\/vc_column_text][vc_column_text]2025 r.:[\/vc_column_text][vc_column_text]2024 r.:[\/vc_column_text][\/vc_column][\/vc_row][vc_row][vc_column][vc_column_text]2023 r.:[\/vc_column_text][\/vc_column][\/vc_row][vc_row][vc_column][\/vc_column][\/vc_row][vc_row][vc_column][vc_column_text]2022 r.:[\/vc_column_text][\/vc_column][\/vc_row][vc_row][vc_column][\/vc_column][\/vc_row][vc_row][vc_column][vc_column_text]2021 r.:[\/vc_column_text][\/vc_column][\/vc_row][vc_row][vc_column][\/vc_column][\/vc_row][vc_row][vc_column][vc_empty_space][\/vc_column][\/vc_row][vc_row][vc_column][vc_column_text]2020 r.:[\/vc_column_text][\/vc_column][\/vc_row][vc_row][vc_column][\/vc_column][\/vc_row][vc_row][vc_column][vc_empty_space][\/vc_column][\/vc_row][vc_row][vc_column][vc_column_text]2019 r.:[\/vc_column_text][\/vc_column][\/vc_row][vc_row][vc_column][\/vc_column][\/vc_row][vc_row][vc_column][vc_empty_space][\/vc_column][\/vc_row]<\/p>\n","protected":false},"author":1,"featured_media":0,"parent":2001,"menu_order":1,"comment_status":"closed","ping_status":"closed","template":"page-templates\/about_niw_sub_pages.php","meta":{"_acf_changed":false,"inline_featured_image":false,"footnotes":""},"class_list":["post-2003","page","type-page","status-publish","hentry"],"acf":[],"_links":{"self":[{"href":"https:\/\/niw.gov.pl\/bip\/wp-json\/wp\/v2\/pages\/2003","targetHints":{"allow":["GET"]}}],"collection":[{"href":"https:\/\/niw.gov.pl\/bip\/wp-json\/wp\/v2\/pages"}],"about":[{"href":"https:\/\/niw.gov.pl\/bip\/wp-json\/wp\/v2\/types\/page"}],"author":[{"embeddable":true,"href":"https:\/\/niw.gov.pl\/bip\/wp-json\/wp\/v2\/users\/1"}],"replies":[{"embeddable":true,"href":"https:\/\/niw.gov.pl\/bip\/wp-json\/wp\/v2\/comments?post=2003"}],"version-history":[{"count":32,"href":"https:\/\/niw.gov.pl\/bip\/wp-json\/wp\/v2\/pages\/2003\/revisions"}],"predecessor-version":[{"id":5252,"href":"https:\/\/niw.gov.pl\/bip\/wp-json\/wp\/v2\/pages\/2003\/revisions\/5252"}],"up":[{"embeddable":true,"href":"https:\/\/niw.gov.pl\/bip\/wp-json\/wp\/v2\/pages\/2001"}],"wp:attachment":[{"href":"https:\/\/niw.gov.pl\/bip\/wp-json\/wp\/v2\/media?parent=2003"}],"curies":[{"name":"wp","href":"https:\/\/api.w.org\/{rel}","templated":true}]}}