{"id":2006,"date":"2021-04-23T13:24:13","date_gmt":"2021-04-23T13:24:13","guid":{"rendered":"https:\/\/niw.gov.pl\/bip\/?page_id=2006"},"modified":"2021-08-03T17:49:29","modified_gmt":"2021-08-03T17:49:29","slug":"postepowania-pzp","status":"publish","type":"page","link":"https:\/\/niw.gov.pl\/bip\/biuletyn-informacji-publicznej\/zamowienia-publiczne\/postepowania-pzp\/","title":{"rendered":"Post\u0119powania PZP"},"content":{"rendered":"<p>[vc_row][vc_column]<div class=\"sort_options sort\">\n<div id=\"custom-search-input\">\n<div class=\"input-group search_result_search\">\n<input type=\"text\" id=\"keynews\" class=\"  search-query form-control\" placeholder=\"Wpisz wyszukiwan&#261; fraz&#281;\" \/>\n<span class=\"input-group-btn\">\n<button id=\"newsListKeyby\" class=\"btn\" type=\"button\">\n<i class=\"fas fa-search\"><\/i><\/button>\n<\/span>\n<\/div>\n<\/div>\n\n<div class=\"dropdown sort_options_all\">\n    <button id=\"newsListSortby\" type=\"button\" class=\"sort_btn dropdown-toggle1 search_result_sort\" data-toggle=\"dropdown\">\n      Wszystkie\n    <\/button>\n    <div class=\"dropdown-menu sort_drop\">\n      <a class=\"dropdown-item newssort\" href=\"javascript:void(0);\" data-sort=\"All\">Wszystkie<\/a>\n      <a class=\"dropdown-item newssort\" href=\"javascript:void(0);\" data-sort=\"Current\">Aktualne<\/a>\n      <a class=\"dropdown-item newssort\" href=\"javascript:void(0);\" data-sort=\"Archival\">Archiwalne<\/a> \n    <\/div>\n  <\/div>\n<\/div>\n\n<div class=\"space_20\"><\/div>\n\n\n\n\t\n\t\t<div class=\"news_page_news_box\">\n<div class=\"row\">\n<div class=\"col-12 news_page_news_box_left\"><br><a href=\"https:\/\/niw.gov.pl\/bip\/zamowienia\/6-tp-2025-ogloszenie-o-zamowieniu-usluga-asysty-technicznej-i-konserwacji-hostingu-oraz-rozwoju-i-modyfikacji-sod\/\"><div class=\"job_inactive\">\n<div class=\"job_img\"><img decoding=\"async\" src=\"https:\/\/niw.gov.pl\/bip\/wp-content\/themes\/niw\/images\/grey.png\" alt=\"grey.png\"><\/div> <span class=\"red\">Termin  sk&#322;adania ofert: do 26 listopada 2025 r<\/span><\/div> \n<div class=\"text\">6\/TP\/2025 \u2013 og\u0142oszenie o zam\u00f3wieniu \u2013 Us\u0142uga asysty technicznej i konserwacji, hostingu oraz rozwoju i modyfikacji SOD<\/div><\/br>\n\n[vc_row][vc_column][vc_column_text el_class=&#8221;red&#8221;]Zapraszamy do sk\u0142adania ofert w post\u0119powaniu o udzielenie zam\u00f3wienia publicznego pn. Us\u0142uga asysty technicznej i konserwacji, hostingu oraz rozwoju i modyfikacji Systemu Obs\u0142ugi Dotacji (SOD) &nbsp; Komunikacja mi\u0119dzy Zamawiaj\u0105cym a Wykonawcami odbywa si\u0119 przy u\u017cyciu \u015brodk\u00f3w komunikacji elektronicznej, za po\u015brednictwem platformy zakupowej. Adres strony internetowej prowadzonego post\u0119powania:\u00a0https:\/\/niw.ezamawiajacy.pl &nbsp; Termin sk\u0142adania ofert up\u0142ywa 26 listopada<\/a>\n\n<div class=\"event_page_news_box_left_date\"> \n\n<div><strong>14 listopada 2025 <\/strong><a href=\"https:\/\/niw.gov.pl\/bip\/zamowienia\/6-tp-2025-ogloszenie-o-zamowieniu-usluga-asysty-technicznej-i-konserwacji-hostingu-oraz-rozwoju-i-modyfikacji-sod\/\"><button class=\"news_page_news_box_left_btn\" type=\"button\"> <img decoding=\"async\" src=\"https:\/\/niw.gov.pl\/bip\/wp-content\/themes\/niw\/images\/arrow6.png\" alt=\"arrow6.png\"><\/button><\/a> <\/div>\n\n\n\n<\/div>\n\n<\/div>\n\n\n<\/div>\n<\/div>\n\n\n\t\n\t\t<div class=\"news_page_news_box\">\n<div class=\"row\">\n<div class=\"col-12 news_page_news_box_left\"><br><a href=\"https:\/\/niw.gov.pl\/bip\/zamowienia\/5-tp-2025-ogloszenie-o-zamowieniu-usluga-rozwoju-i-modyfikacji-asysty-technicznej-oraz-hostingu-sow\/\"><div class=\"job_inactive\">\n<div class=\"job_img\"><img decoding=\"async\" src=\"https:\/\/niw.gov.pl\/bip\/wp-content\/themes\/niw\/images\/grey.png\" alt=\"grey.png\"><\/div> <span class=\"red\">Termin  sk&#322;adania ofert: do 25 listopada 2025 r<\/span><\/div> \n<div class=\"text\">5\/TP\/2025 \u2013 og\u0142oszenie o zam\u00f3wieniu \u2013 Us\u0142uga Rozwoju i Modyfikacji, Asysty Technicznej oraz Hostingu SOW<\/div><\/br>\n\n[vc_row][vc_column][vc_column_text el_class=&#8221;red&#8221;]Zapraszamy do sk\u0142adania ofert w post\u0119powaniu o udzielenie zam\u00f3wienia publicznego pn. Us\u0142uga Rozwoju i Modyfikacji, Asysty Technicznej oraz Hostingu Systemu Obs\u0142ugi Wolontariatu (SOW) wraz z serwisem internetowym Korpusu Solidarno\u015bci Komunikacja mi\u0119dzy Zamawiaj\u0105cym a Wykonawcami odbywa si\u0119 przy u\u017cyciu \u015brodk\u00f3w komunikacji elektronicznej, za po\u015brednictwem platformy zakupowej. Adres strony internetowej prowadzonego post\u0119powania:\u00a0https:\/\/niw.ezamawiajacy.pl &nbsp; Termin sk\u0142adania ofert<\/a>\n\n<div class=\"event_page_news_box_left_date\"> \n\n<div><strong>13 listopada 2025 <\/strong><a href=\"https:\/\/niw.gov.pl\/bip\/zamowienia\/5-tp-2025-ogloszenie-o-zamowieniu-usluga-rozwoju-i-modyfikacji-asysty-technicznej-oraz-hostingu-sow\/\"><button class=\"news_page_news_box_left_btn\" type=\"button\"> <img decoding=\"async\" src=\"https:\/\/niw.gov.pl\/bip\/wp-content\/themes\/niw\/images\/arrow6.png\" alt=\"arrow6.png\"><\/button><\/a> <\/div>\n\n\n\n<\/div>\n\n<\/div>\n\n\n<\/div>\n<\/div>\n\n\n\t\n\t\t<div class=\"news_page_news_box\">\n<div class=\"row\">\n<div class=\"col-12 news_page_news_box_left\"><br><a href=\"https:\/\/niw.gov.pl\/bip\/zamowienia\/4-tp-2025-ogloszenie-o-zamowieniu-usluga-realizacji-badan-ewaluacyjnych\/\"><div class=\"job_inactive\">\n<div class=\"job_img\"><img decoding=\"async\" src=\"https:\/\/niw.gov.pl\/bip\/wp-content\/themes\/niw\/images\/grey.png\" alt=\"grey.png\"><\/div> <span class=\"red\">Termin  sk&#322;adania ofert: do 27 pa&#378;dziernika 2025 r<\/span><\/div> \n<div class=\"text\">4\/TP\/2025 \u2013 og\u0142oszenie o zam\u00f3wieniu \u2013 Us\u0142uga realizacji bada\u0144 ewaluacyjnych<\/div><\/br>\n\nbadania ewaluacyjne<\/a>\n\n<div class=\"event_page_news_box_left_date\"> \n\n<div><strong>15 pa&#378;dziernika 2025 <\/strong><a href=\"https:\/\/niw.gov.pl\/bip\/zamowienia\/4-tp-2025-ogloszenie-o-zamowieniu-usluga-realizacji-badan-ewaluacyjnych\/\"><button class=\"news_page_news_box_left_btn\" type=\"button\"> <img decoding=\"async\" src=\"https:\/\/niw.gov.pl\/bip\/wp-content\/themes\/niw\/images\/arrow6.png\" alt=\"arrow6.png\"><\/button><\/a> <\/div>\n\n\n\n<\/div>\n\n<\/div>\n\n\n<\/div>\n<\/div>\n\n\n  <nav aria-label=\"Page navigation\">\r\n\t\t\t<h2 id=\"posts-nav-label\" class=\"sr-only\">Nawigacja post\u00f3w <\/h2>\r\n\t\t\t<ul class=\"pagination right \"><li class=\"page-item\"><span class=\"page-link previous empty\"><i class=\"fas fa-chevron-left\"><\/i><\/span><\/li><li class=\"page-item\"><span aria-current=\"page\" class=\"page-link  current\">1<\/span><\/li><li class=\"page-item\"><a class=\"page-link\" href=\"https:\/\/niw.gov.pl\/bip\/wp-json\/wp\/v2\/pages\/2006\/page\/2\/\">2<\/a><\/li><li class=\"page-item\"><span class=\"page-link dots\">&hellip;<\/span><\/li><li class=\"page-item\"><a class=\"page-link\" href=\"https:\/\/niw.gov.pl\/bip\/wp-json\/wp\/v2\/pages\/2006\/page\/19\/\">19<\/a><\/li><li class=\"page-item\"><a class=\"next page-link \" href=\"https:\/\/niw.gov.pl\/bip\/wp-json\/wp\/v2\/pages\/2006\/page\/2\/\"><i class=\"fas fa-arrow-right\"><\/i><\/a><\/li><\/ul>\r\n\r\n\t\t<\/nav>\n   <div class=\"space_60\"><\/div>\n   \n<button class=\"red_btn history_btn1\"  onClick=\"javascript:history.go(-1)\" type=\"button\">wr&oacute;&#263;<\/button>\n[\/vc_column][\/vc_row]<\/p>\n","protected":false},"excerpt":{"rendered":"<p>[vc_row][vc_column][\/vc_column][\/vc_row]<\/p>\n","protected":false},"author":1,"featured_media":0,"parent":2001,"menu_order":2,"comment_status":"closed","ping_status":"closed","template":"page-templates\/about_niw_sub_pages.php","meta":{"_acf_changed":false,"inline_featured_image":false,"footnotes":""},"class_list":["post-2006","page","type-page","status-publish","hentry"],"acf":[],"_links":{"self":[{"href":"https:\/\/niw.gov.pl\/bip\/wp-json\/wp\/v2\/pages\/2006","targetHints":{"allow":["GET"]}}],"collection":[{"href":"https:\/\/niw.gov.pl\/bip\/wp-json\/wp\/v2\/pages"}],"about":[{"href":"https:\/\/niw.gov.pl\/bip\/wp-json\/wp\/v2\/types\/page"}],"author":[{"embeddable":true,"href":"https:\/\/niw.gov.pl\/bip\/wp-json\/wp\/v2\/users\/1"}],"replies":[{"embeddable":true,"href":"https:\/\/niw.gov.pl\/bip\/wp-json\/wp\/v2\/comments?post=2006"}],"version-history":[{"count":2,"href":"https:\/\/niw.gov.pl\/bip\/wp-json\/wp\/v2\/pages\/2006\/revisions"}],"predecessor-version":[{"id":3934,"href":"https:\/\/niw.gov.pl\/bip\/wp-json\/wp\/v2\/pages\/2006\/revisions\/3934"}],"up":[{"embeddable":true,"href":"https:\/\/niw.gov.pl\/bip\/wp-json\/wp\/v2\/pages\/2001"}],"wp:attachment":[{"href":"https:\/\/niw.gov.pl\/bip\/wp-json\/wp\/v2\/media?parent=2006"}],"curies":[{"name":"wp","href":"https:\/\/api.w.org\/{rel}","templated":true}]}}