{"id":2008,"date":"2021-04-23T13:24:52","date_gmt":"2021-04-23T13:24:52","guid":{"rendered":"https:\/\/niw.gov.pl\/bip\/?page_id=2008"},"modified":"2026-03-04T13:24:21","modified_gmt":"2026-03-04T12:24:21","slug":"zamowienia-do-130-000-zl","status":"publish","type":"page","link":"https:\/\/niw.gov.pl\/bip\/biuletyn-informacji-publicznej\/zamowienia-publiczne\/zamowienia-do-130-000-zl\/","title":{"rendered":"Zam\u00f3wienia do 130\u00a0000 z\u0142 (archiwalne)"},"content":{"rendered":"<p>[vc_row][vc_column]<div class=\"sort_options sort\">\n<div id=\"custom-search-input\">\n<div class=\"input-group search_result_search\">\n<input type=\"text\" id=\"keynews\" class=\"  search-query form-control\" placeholder=\"Wpisz wyszukiwan&#261; fraz&#281;\" \/>\n<span class=\"input-group-btn\">\n<button id=\"newsListKeyby\" class=\"btn\" type=\"button\">\n<i class=\"fas fa-search\"><\/i><\/button>\n<\/span>\n<\/div>\n<\/div>\n\n<div class=\"dropdown sort_options_all\">\n    <button id=\"newsListSortby\" type=\"button\" class=\"sort_btn dropdown-toggle1 search_result_sort\" data-toggle=\"dropdown\">\n      Wszystkie\n    <\/button>\n    <div class=\"dropdown-menu sort_drop\">\n      <a class=\"dropdown-item newssort\" href=\"javascript:void(0);\" data-sort=\"All\">Wszystkie<\/a>\n      <a class=\"dropdown-item newssort\" href=\"javascript:void(0);\" data-sort=\"Current\">Aktualne<\/a>\n      <a class=\"dropdown-item newssort\" href=\"javascript:void(0);\" data-sort=\"Archival\">Archiwalne<\/a> \n    <\/div>\n  <\/div>\n<\/div>\n\n<div class=\"space_20\"><\/div>\n\n\n\n\t\n\t\t<div class=\"news_page_news_box\">\n<div class=\"row\">\n<div class=\"col-12 news_page_news_box_left\"><br><a href=\"https:\/\/niw.gov.pl\/bip\/zamowienia\/zapytanie-ofertowe-uslugi-wsparcia-utrzymania-i-rozwoju-systemu-enova365-2\/\"><div class=\"job_inactive\">\n<div class=\"job_img\"><img decoding=\"async\" src=\"https:\/\/niw.gov.pl\/bip\/wp-content\/themes\/niw\/images\/grey.png\" alt=\"grey.png\"><\/div> <span class=\"red\">Termin  sk&#322;adania ofert: do 28 listopada 2025 r<\/span><\/div> \n<div class=\"text\">Zapytanie ofertowe \u2013 us\u0142ugi wsparcia, utrzymania i rozwoju systemu enova365<\/div><\/br>\n\nPrzedmiot zam\u00f3wienia: wsparcie systemu enova365 <\/a>\n\n<div class=\"event_page_news_box_left_date\"> \n\n<div><strong>24 listopada 2025 <\/strong><a href=\"https:\/\/niw.gov.pl\/bip\/zamowienia\/zapytanie-ofertowe-uslugi-wsparcia-utrzymania-i-rozwoju-systemu-enova365-2\/\"><button class=\"news_page_news_box_left_btn\" type=\"button\"> <img decoding=\"async\" src=\"https:\/\/niw.gov.pl\/bip\/wp-content\/themes\/niw\/images\/arrow6.png\" alt=\"arrow6.png\"><\/button><\/a> <\/div>\n\n\n\n<\/div>\n\n<\/div>\n\n\n<\/div>\n<\/div>\n\n\n\t\n\t\t<div class=\"news_page_news_box\">\n<div class=\"row\">\n<div class=\"col-12 news_page_news_box_left\"><br><a href=\"https:\/\/niw.gov.pl\/bip\/zamowienia\/zapytanie-ofertowe-uslugi-sprzatania-w-siedzibie-niw-crso-2\/\"><div class=\"job_inactive\">\n<div class=\"job_img\"><img decoding=\"async\" src=\"https:\/\/niw.gov.pl\/bip\/wp-content\/themes\/niw\/images\/grey.png\" alt=\"grey.png\"><\/div> <span class=\"red\">Termin  sk&#322;adania ofert: do 04 grudnia 2025 r<\/span><\/div> \n<div class=\"text\">Zapytanie ofertowe \u2013 us\u0142ugi sprz\u0105tania w siedzibie NIW-CRSO<\/div><\/br>\n\nPrzedmiot zam\u00f3wienia: us\u0142ugi sprz\u0105tania<\/a>\n\n<div class=\"event_page_news_box_left_date\"> \n\n<div><strong>24 listopada 2025 <\/strong><a href=\"https:\/\/niw.gov.pl\/bip\/zamowienia\/zapytanie-ofertowe-uslugi-sprzatania-w-siedzibie-niw-crso-2\/\"><button class=\"news_page_news_box_left_btn\" type=\"button\"> <img decoding=\"async\" src=\"https:\/\/niw.gov.pl\/bip\/wp-content\/themes\/niw\/images\/arrow6.png\" alt=\"arrow6.png\"><\/button><\/a> <\/div>\n\n\n\n<\/div>\n\n<\/div>\n\n\n<\/div>\n<\/div>\n\n\n\t\n\t\t<div class=\"news_page_news_box\">\n<div class=\"row\">\n<div class=\"col-12 news_page_news_box_left\"><br><a href=\"https:\/\/niw.gov.pl\/bip\/zamowienia\/zapytanie-ofertowe-kompleksowa-usluga-organizacji-szkolenia-szkola-dobrego-wolontariatu-2025\/\"><div class=\"job_inactive\">\n<div class=\"job_img\"><img decoding=\"async\" src=\"https:\/\/niw.gov.pl\/bip\/wp-content\/themes\/niw\/images\/grey.png\" alt=\"grey.png\"><\/div> <span class=\"red\">Termin  sk&#322;adania ofert: do 10 pa&#378;dziernika 2025 r<\/span><\/div> \n<div class=\"text\">Zapytanie ofertowe \u2013  Kompleksowa us\u0142uga organizacji szkolenia &#8211; \u201eSzko\u0142a Dobrego Wolontariatu 2025\u201d<\/div><\/br>\n\nPrzedmiot zam\u00f3wienia: organizacja SDW<\/a>\n\n<div class=\"event_page_news_box_left_date\"> \n\n<div><strong>01 pa&#378;dziernika 2025 <\/strong><a href=\"https:\/\/niw.gov.pl\/bip\/zamowienia\/zapytanie-ofertowe-kompleksowa-usluga-organizacji-szkolenia-szkola-dobrego-wolontariatu-2025\/\"><button class=\"news_page_news_box_left_btn\" type=\"button\"> <img decoding=\"async\" src=\"https:\/\/niw.gov.pl\/bip\/wp-content\/themes\/niw\/images\/arrow6.png\" alt=\"arrow6.png\"><\/button><\/a> <\/div>\n\n\n\n<\/div>\n\n<\/div>\n\n\n<\/div>\n<\/div>\n\n\n  <nav aria-label=\"Page navigation\">\r\n\t\t\t<h2 id=\"posts-nav-label\" class=\"sr-only\">Nawigacja post\u00f3w <\/h2>\r\n\t\t\t<ul class=\"pagination right \"><li class=\"page-item\"><span class=\"page-link previous empty\"><i class=\"fas fa-chevron-left\"><\/i><\/span><\/li><li class=\"page-item\"><span aria-current=\"page\" class=\"page-link  current\">1<\/span><\/li><li class=\"page-item\"><a class=\"page-link\" href=\"https:\/\/niw.gov.pl\/bip\/wp-json\/wp\/v2\/pages\/2008\/page\/2\/\">2<\/a><\/li><li class=\"page-item\"><span class=\"page-link dots\">&hellip;<\/span><\/li><li class=\"page-item\"><a class=\"page-link\" href=\"https:\/\/niw.gov.pl\/bip\/wp-json\/wp\/v2\/pages\/2008\/page\/34\/\">34<\/a><\/li><li class=\"page-item\"><a class=\"next page-link \" href=\"https:\/\/niw.gov.pl\/bip\/wp-json\/wp\/v2\/pages\/2008\/page\/2\/\"><i class=\"fas fa-arrow-right\"><\/i><\/a><\/li><\/ul>\r\n\r\n\t\t<\/nav>\n   <div class=\"space_60\"><\/div>\n   \n<button class=\"red_btn history_btn1\"  onClick=\"javascript:history.go(-1)\" type=\"button\">wr&oacute;&#263;<\/button>\n[\/vc_column][\/vc_row]<\/p>\n","protected":false},"excerpt":{"rendered":"<p>[vc_row][vc_column][\/vc_column][\/vc_row]<\/p>\n","protected":false},"author":1,"featured_media":0,"parent":2001,"menu_order":5,"comment_status":"closed","ping_status":"closed","template":"page-templates\/about_niw_sub_pages.php","meta":{"_acf_changed":false,"inline_featured_image":false,"footnotes":""},"class_list":["post-2008","page","type-page","status-publish","hentry"],"acf":[],"_links":{"self":[{"href":"https:\/\/niw.gov.pl\/bip\/wp-json\/wp\/v2\/pages\/2008","targetHints":{"allow":["GET"]}}],"collection":[{"href":"https:\/\/niw.gov.pl\/bip\/wp-json\/wp\/v2\/pages"}],"about":[{"href":"https:\/\/niw.gov.pl\/bip\/wp-json\/wp\/v2\/types\/page"}],"author":[{"embeddable":true,"href":"https:\/\/niw.gov.pl\/bip\/wp-json\/wp\/v2\/users\/1"}],"replies":[{"embeddable":true,"href":"https:\/\/niw.gov.pl\/bip\/wp-json\/wp\/v2\/comments?post=2008"}],"version-history":[{"count":17,"href":"https:\/\/niw.gov.pl\/bip\/wp-json\/wp\/v2\/pages\/2008\/revisions"}],"predecessor-version":[{"id":5229,"href":"https:\/\/niw.gov.pl\/bip\/wp-json\/wp\/v2\/pages\/2008\/revisions\/5229"}],"up":[{"embeddable":true,"href":"https:\/\/niw.gov.pl\/bip\/wp-json\/wp\/v2\/pages\/2001"}],"wp:attachment":[{"href":"https:\/\/niw.gov.pl\/bip\/wp-json\/wp\/v2\/media?parent=2008"}],"curies":[{"name":"wp","href":"https:\/\/api.w.org\/{rel}","templated":true}]}}