{"id":2010,"date":"2021-04-23T13:25:20","date_gmt":"2021-04-23T13:25:20","guid":{"rendered":"https:\/\/niw.gov.pl\/bip\/?page_id=2010"},"modified":"2026-03-04T13:23:57","modified_gmt":"2026-03-04T12:23:57","slug":"szacowanie-wartosci-zamowienia","status":"publish","type":"page","link":"https:\/\/niw.gov.pl\/bip\/biuletyn-informacji-publicznej\/zamowienia-publiczne\/szacowanie-wartosci-zamowienia\/","title":{"rendered":"Szacowanie warto\u015bci zam\u00f3wienia"},"content":{"rendered":"<p>[vc_row][vc_column]<div class=\"sort_options sort\">\n<div id=\"custom-search-input\">\n<div class=\"input-group search_result_search\">\n<input type=\"text\" id=\"keynews\" class=\"  search-query form-control\" placeholder=\"Wpisz wyszukiwan&#261; fraz&#281;\" \/>\n<span class=\"input-group-btn\">\n<button id=\"newsListKeyby\" class=\"btn\" type=\"button\">\n<i class=\"fas fa-search\"><\/i><\/button>\n<\/span>\n<\/div>\n<\/div>\n\n<div class=\"dropdown sort_options_all\">\n    <button id=\"newsListSortby\" type=\"button\" class=\"sort_btn dropdown-toggle1 search_result_sort\" data-toggle=\"dropdown\">\n      Wszystkie\n    <\/button>\n    <div class=\"dropdown-menu sort_drop\">\n      <a class=\"dropdown-item newssort\" href=\"javascript:void(0);\" data-sort=\"All\">Wszystkie<\/a>\n      <a class=\"dropdown-item newssort\" href=\"javascript:void(0);\" data-sort=\"Current\">Aktualne<\/a>\n      <a class=\"dropdown-item newssort\" href=\"javascript:void(0);\" data-sort=\"Archival\">Archiwalne<\/a> \n    <\/div>\n  <\/div>\n<\/div>\n\n<div class=\"space_20\"><\/div>\n\n\n\n\t\n\t\t<div class=\"news_page_news_box\">\n<div class=\"row\">\n<div class=\"col-12 news_page_news_box_left\"><br><a href=\"https:\/\/niw.gov.pl\/bip\/zamowienia\/szacowanie-wartosci-zamowienia-uslugi-rozwoju-i-utrzymania-systemu-obslugi-dotacji-sod\/\"><div class=\"job_inactive\">\n<div class=\"job_img\"><img decoding=\"async\" src=\"https:\/\/niw.gov.pl\/bip\/wp-content\/themes\/niw\/images\/grey.png\" alt=\"grey.png\"><\/div> <span class=\"red\">Termin  sk&#322;adania ofert: do 24 wrze&#347;nia 2025 r<\/span><\/div> \n<div class=\"text\">Szacowanie warto\u015bci zam\u00f3wienia &#8211; us\u0142ugi rozwoju i utrzymania Systemu Obs\u0142ugi Dotacji (SOD)<\/div><\/br>\n\nszacowanie <\/a>\n\n<div class=\"event_page_news_box_left_date\"> \n\n<div><strong>18 wrze&#347;nia 2025 <\/strong><a href=\"https:\/\/niw.gov.pl\/bip\/zamowienia\/szacowanie-wartosci-zamowienia-uslugi-rozwoju-i-utrzymania-systemu-obslugi-dotacji-sod\/\"><button class=\"news_page_news_box_left_btn\" type=\"button\"> <img decoding=\"async\" src=\"https:\/\/niw.gov.pl\/bip\/wp-content\/themes\/niw\/images\/arrow6.png\" alt=\"arrow6.png\"><\/button><\/a> <\/div>\n\n\n\n<\/div>\n\n<\/div>\n\n\n<\/div>\n<\/div>\n\n\n\t\n\t\t<div class=\"news_page_news_box\">\n<div class=\"row\">\n<div class=\"col-12 news_page_news_box_left\"><br><a href=\"https:\/\/niw.gov.pl\/bip\/zamowienia\/szacowanie-wartosci-zamowienia\/\"><div class=\"job_inactive\">\n<div class=\"job_img\"><img decoding=\"async\" src=\"https:\/\/niw.gov.pl\/bip\/wp-content\/themes\/niw\/images\/grey.png\" alt=\"grey.png\"><\/div> <span class=\"red\">Termin  sk&#322;adania ofert: do 12 maja 2021 r<\/span><\/div> \n<div class=\"text\">Szacowanie warto\u015bci zam\u00f3wienia<\/div><\/br>\n\nW zwi\u0105zku z planowanym og\u0142oszeniem zam\u00f3wienia zwracamy si\u0119 z pro\u015bb\u0105 o przedstawienie szacunkowej wyceny wykonania us\u0142ugi polegaj\u0105cej na wytworzeniu, wdro\u017ceniu, utrzymaniu oraz rozwoju systemu informatycznego. System b\u0119dzie s\u0142u\u017cy\u0142 do obs\u0142ugi uczestnik\u00f3w Programu Wspierania i Rozwoju Wolontariatu D\u0142ugoterminowego \u201eKorpus Solidarno\u015bci\u201d, realizowanego przez Narodowy Instytut Wolno\u015bci \u2013 Centrum Rozwoju Spo\u0142ecze\u0144stwa Obywatelskiego (NIW-CRSO).<\/a>\n\n<div class=\"event_page_news_box_left_date\"> \n\n<div><strong>   <\/strong><a href=\"https:\/\/niw.gov.pl\/bip\/zamowienia\/szacowanie-wartosci-zamowienia\/\"><button class=\"news_page_news_box_left_btn\" type=\"button\"> <img decoding=\"async\" src=\"https:\/\/niw.gov.pl\/bip\/wp-content\/themes\/niw\/images\/arrow6.png\" alt=\"arrow6.png\"><\/button><\/a> <\/div>\n\n\n\n<\/div>\n\n<\/div>\n\n\n<\/div>\n<\/div>\n\n\n\t\n\t\t<div class=\"news_page_news_box\">\n<div class=\"row\">\n<div class=\"col-12 news_page_news_box_left\"><br><a href=\"https:\/\/niw.gov.pl\/bip\/zamowienia\/rozeznanie-rynku-organizacja-dwudniowej-konferencji\/\"><div class=\"job_inactive\">\n<div class=\"job_img\"><img decoding=\"async\" src=\"https:\/\/niw.gov.pl\/bip\/wp-content\/themes\/niw\/images\/grey.png\" alt=\"grey.png\"><\/div> <span class=\"red\">Termin  sk&#322;adania ofert: do 12 maja 2021 r<\/span><\/div> \n<div class=\"text\">Rozeznanie rynku \u2013 organizacja dwudniowej konferencji<\/div><\/br>\n\nW zwi\u0105zku z przygotowaniami do wszcz\u0119cia post\u0119powania o udzielenie zam\u00f3wienia publicznego zach\u0119camy do zapoznania si\u0119 z poni\u017cej zamieszczonym dokumentem OPZ i oszacowania koszt\u00f3w us\u0142ugi zgodnie z formularzem wyceny.<\/a>\n\n<div class=\"event_page_news_box_left_date\"> \n\n<div><strong>   <\/strong><a href=\"https:\/\/niw.gov.pl\/bip\/zamowienia\/rozeznanie-rynku-organizacja-dwudniowej-konferencji\/\"><button class=\"news_page_news_box_left_btn\" type=\"button\"> <img decoding=\"async\" src=\"https:\/\/niw.gov.pl\/bip\/wp-content\/themes\/niw\/images\/arrow6.png\" alt=\"arrow6.png\"><\/button><\/a> <\/div>\n\n\n\n<\/div>\n\n<\/div>\n\n\n<\/div>\n<\/div>\n\n\n  <nav aria-label=\"Page navigation\">\r\n\t\t\t<h2 id=\"posts-nav-label\" class=\"sr-only\">Nawigacja post\u00f3w <\/h2>\r\n\t\t\t<ul class=\"pagination right \"><li class=\"page-item\"><span class=\"page-link previous empty\"><i class=\"fas fa-chevron-left\"><\/i><\/span><\/li><li class=\"page-item\"><span aria-current=\"page\" class=\"page-link  current\">1<\/span><\/li><li class=\"page-item\"><a class=\"page-link\" href=\"https:\/\/niw.gov.pl\/bip\/wp-json\/wp\/v2\/pages\/2010\/page\/2\/\">2<\/a><\/li><li class=\"page-item\"><a class=\"next page-link \" href=\"https:\/\/niw.gov.pl\/bip\/wp-json\/wp\/v2\/pages\/2010\/page\/2\/\"><i class=\"fas fa-arrow-right\"><\/i><\/a><\/li><\/ul>\r\n\r\n\t\t<\/nav>\n   <div class=\"space_60\"><\/div>\n   \n<button class=\"red_btn history_btn1\"  onClick=\"javascript:history.go(-1)\" type=\"button\">wr&oacute;&#263;<\/button>\n[\/vc_column][\/vc_row]<\/p>\n","protected":false},"excerpt":{"rendered":"<p>[vc_row][vc_column][\/vc_column][\/vc_row]<\/p>\n","protected":false},"author":1,"featured_media":0,"parent":2001,"menu_order":3,"comment_status":"closed","ping_status":"closed","template":"page-templates\/about_niw_sub_pages.php","meta":{"_acf_changed":false,"inline_featured_image":false,"footnotes":""},"class_list":["post-2010","page","type-page","status-publish","hentry"],"acf":[],"_links":{"self":[{"href":"https:\/\/niw.gov.pl\/bip\/wp-json\/wp\/v2\/pages\/2010","targetHints":{"allow":["GET"]}}],"collection":[{"href":"https:\/\/niw.gov.pl\/bip\/wp-json\/wp\/v2\/pages"}],"about":[{"href":"https:\/\/niw.gov.pl\/bip\/wp-json\/wp\/v2\/types\/page"}],"author":[{"embeddable":true,"href":"https:\/\/niw.gov.pl\/bip\/wp-json\/wp\/v2\/users\/1"}],"replies":[{"embeddable":true,"href":"https:\/\/niw.gov.pl\/bip\/wp-json\/wp\/v2\/comments?post=2010"}],"version-history":[{"count":3,"href":"https:\/\/niw.gov.pl\/bip\/wp-json\/wp\/v2\/pages\/2010\/revisions"}],"predecessor-version":[{"id":5132,"href":"https:\/\/niw.gov.pl\/bip\/wp-json\/wp\/v2\/pages\/2010\/revisions\/5132"}],"up":[{"embeddable":true,"href":"https:\/\/niw.gov.pl\/bip\/wp-json\/wp\/v2\/pages\/2001"}],"wp:attachment":[{"href":"https:\/\/niw.gov.pl\/bip\/wp-json\/wp\/v2\/media?parent=2010"}],"curies":[{"name":"wp","href":"https:\/\/api.w.org\/{rel}","templated":true}]}}