{"id":2013,"date":"2021-04-23T13:34:09","date_gmt":"2021-04-23T13:34:09","guid":{"rendered":"https:\/\/niw.gov.pl\/bip\/?page_id=2013"},"modified":"2024-04-10T15:01:33","modified_gmt":"2024-04-10T13:01:33","slug":"organizacje-pozytku-publicznego2","status":"publish","type":"page","link":"https:\/\/niw.gov.pl\/bip\/biuletyn-informacji-publicznej\/organizacje-pozytku-publicznego2\/","title":{"rendered":"Organizacje Po\u017cytku Publicznego"},"content":{"rendered":"<p>[vc_row][vc_column][vc_column_text]NIW-CRSO zajmuje si\u0119 organizacjami po\u017cytku publicznego w zakresie okre\u015blonym w <a class=\"red\" href=\"http:\/\/isap.sejm.gov.pl\/isap.nsf\/DocDetails.xsp?id=WDU20030960873\" target=\"_blank\" rel=\"noopener noreferrer\"><i class=\"fas fa-link\" style=\"width: 20px;\"><\/i>ustawie z dnia 24 kwietnia 2003 r. o dzia\u0142alno\u015bci po\u017cytku publicznego i o wolontariacie (t.j. Dz. U. z 2020 r. poz. 1057, z p\u00f3\u017an. zm.)<\/a>.<\/p>\n<p>[\/vc_column_text][\/vc_column][\/vc_row][vc_row][vc_column][vc_column_text]Organizacjami po\u017cytku publicznego mog\u0105 by\u0107:[\/vc_column_text][vc_column_text el_class=&#8221;subpage&#8221;]<\/p>\n<ul>\n<li>organizacje pozarz\u0105dowe,<\/li>\n<li>osoby prawne i jednostki organizacyjne dzia\u0142aj\u0105ce na podstawie przepis\u00f3w o stosunku Pa\u0144stwa do Ko\u015bcio\u0142a Katolickiego w Rzeczypospolitej Polskiej o stosunku Pa\u0144stwa do innych ko\u015bcio\u0142\u00f3w i zwi\u0105zk\u00f3w wyznaniowych oraz o gwarancjach wolno\u015bci sumienia i wyznania, je\u017celi ich cele statutowe obejmuj\u0105 prowadzenie dzia\u0142alno\u015bci po\u017cytku publicznego,<\/li>\n<li>sp\u00f3\u0142ki akcyjne i sp\u00f3\u0142ka z ograniczon\u0105 odpowiedzialno\u015bci\u0105 oraz kluby sportowe b\u0119d\u0105ce sp\u00f3\u0142kami dzia\u0142aj\u0105cymi na podstawie przepis\u00f3w <a class=\"red\" href=\"http:\/\/isap.sejm.gov.pl\/isap.nsf\/DocDetails.xsp?id=WDU20101270857\" target=\"_blank\" rel=\"noopener noreferrer\"><i class=\"fas fa-link\" style=\"width: 20px;\"><\/i> ustawy z dnia 25 czerwca 2010 r. o sporcie (t.j. Dz. U. z 2020 r. poz. 1133)<\/a>, kt\u00f3re nie dzia\u0142aj\u0105 w celu osi\u0105gni\u0119cia zysku i przeznaczaj\u0105 ca\u0142o\u015b\u0107 dochodu na realizacj\u0119 cel\u00f3w statutowych oraz nie przeznaczaj\u0105 zysku do podzia\u0142u mi\u0119dzy swoich udzia\u0142owc\u00f3w, akcjonariuszy i pracownik\u00f3w,<\/li>\n<\/ul>\n<p>[\/vc_column_text][vc_column_text]kt\u00f3re prowadz\u0105\u00a0<strong>dzia\u0142alno\u015b\u0107 po\u017cytku publicznego<\/strong>\u00a0nieprzerwanie przez\u00a0<strong>co najmniej 2 lata<\/strong>\u00a0i spe\u0142niaj\u0105 \u0142\u0105cznie nast\u0119puj\u0105ce wymagania:[\/vc_column_text]\r\n\t\t\t\t\t\r\n\t\t\t\t\t<div class=\"programs_all\">\r\n<div class=\"programs_all_no\">1.<\/div>\r\n<div class=\"programs_all_text_career\">kieruj\u0105 <strong>dzia\u0142alno\u015b\u0107 statutow\u0105 do og\u00f3\u0142u spo\u0142eczno\u015bci lub okre\u015blonej grupy<\/strong>, pod warunkiem, \u017ce grupa ta jest wyodr\u0119bniona ze wzgl\u0119du na szczeg\u00f3lnie trudn\u0105 sytuacj\u0119 \u017cyciow\u0105 lub materialn\u0105 w stosunku do spo\u0142ecze\u0144stwa \u2013 w przypadku stowarzysze\u0144 ich dzia\u0142alno\u015b\u0107 statutowa nie mo\u017ce si\u0119 ogranicza\u0107 tylko do dzia\u0142alno\u015bci na rzecz w\u0142asnych cz\u0142onk\u00f3w),<\/div>\r\n<\/div>\r\n\t\t\t\t\t\r\n\t\t\t\t\t<div class=\"programs_all\">\r\n<div class=\"programs_all_no\">2.<\/div>\r\n<div class=\"programs_all_text_career\">mog\u0105 prowadzi\u0107 <strong>dzia\u0142alno\u015b\u0107 gospodarcz\u0105 wy\u0142\u0105cznie jako dodatkow\u0105<\/strong> w stosunku do dzia\u0142alno\u015bci po\u017cytku publicznego,<\/div>\r\n<\/div>\r\n\t\t\t\t\t\r\n\t\t\t\t\t<div class=\"programs_all\">\r\n<div class=\"programs_all_no\">3.<\/div>\r\n<div class=\"programs_all_text_career\">przeznaczaj\u0105 nadwy\u017ck\u0119 przychod\u00f3w nad kosztami, czyli <strong>doch\u00f3d<\/strong> organizacji, <strong>na dzia\u0142alno\u015b\u0107 po\u017cytku publicznego<\/strong>,<\/div>\r\n<\/div>\r\n\t\t\t\t\t\r\n\t\t\t\t\t<div class=\"programs_all\">\r\n<div class=\"programs_all_no\">4.<\/div>\r\n<div class=\"programs_all_text_career\">posiadaj\u0105 <strong>statutowy kolegialny organ kontroli lub nadzoru<\/strong>, odr\u0119bny od organu zarz\u0105dzaj\u0105cego i niepodlegaj\u0105cy mu w zakresie wykonywania kontroli wewn\u0119trznej lub nadzoru, przy czym <strong>cz\u0142onkowie organu kontroli i nadzoru<\/strong>:<\/div>\r\n<\/div>[vc_column_text el_class=&#8221;subpage&#8221;]<\/p>\n<ul>\n<li><strong>nie mog\u0105<\/strong>\u00a0by\u0107 cz\u0142onkami organu zarz\u0105dzaj\u0105cego ani pozostawa\u0107 z nimi w zwi\u0105zku ma\u0142\u017ce\u0144skim, we wsp\u00f3lnym po\u017cyciu, w stosunku pokrewie\u0144stwa, powinowactwa lub podleg\u0142o\u015bci s\u0142u\u017cbowej;<\/li>\n<li><strong>nie byli skazani<\/strong>\u00a0prawomocnym wyrokiem za przest\u0119pstwo\u00a0umy\u015blne \u015bcigane z oskar\u017cenia publicznego lub przest\u0119pstwo skarbowe;<\/li>\n<li><strong>mog\u0105 otrzymywa\u0107<\/strong>\u00a0z tytu\u0142u pe\u0142nienia funkcji w takim organie zwrot uzasadnionych koszt\u00f3w lub wynagrodzenie w wysoko\u015bci nie wy\u017cszej ni\u017c przeci\u0119tne miesi\u0119czne wynagrodzenie w sektorze przedsi\u0119biorstw og\u0142oszone przez Prezesa G\u0142\u00f3wnego Urz\u0119du Statystycznego za rok poprzedni),<\/li>\n<\/ul>\n<p>[\/vc_column_text]\r\n\t\t\t\t\t\r\n\t\t\t\t\t<div class=\"programs_all\">\r\n<div class=\"programs_all_no\">5.<\/div>\r\n<div class=\"programs_all_text_career\">cz\u0142onkowie organu zarz\u0105dzaj\u0105cego <strong>nie byli skazani prawomocnym wyrokiem<\/strong> za przest\u0119pstwo umy\u015blne \u015bcigane z oskar\u017cenia publicznego lub przest\u0119pstwo skarbowe,<\/div>\r\n<\/div>\r\n\t\t\t\t\t\r\n\t\t\t\t\t<div class=\"programs_all\">\r\n<div class=\"programs_all_no\">6.<\/div>\r\n<div class=\"programs_all_text_career\"><strong>statut<\/strong> organizacji (lub inne akty wewn\u0119trzne, np. je\u015bli organizacja ubiegaj\u0105ca si\u0119 o status OPP nie dzia\u0142a na podstawie statutu, ale innych dokument\u00f3w) <strong>musi zabrania\u0107:<\/strong><\/div>\r\n<\/div>[vc_column_text el_class=&#8221;subpage&#8221;]<\/p>\n<ul>\n<li><strong>udzielania po\u017cyczek lub zabezpieczania zobowi\u0105za\u0144 maj\u0105tkiem organizacji<\/strong>\u00a0w stosunku do jej cz\u0142onk\u00f3w, cz\u0142onk\u00f3w organ\u00f3w lub pracownik\u00f3w oraz os\u00f3b, z kt\u00f3rymi cz\u0142onkowie, cz\u0142onkowie organ\u00f3w oraz pracownicy organizacji pozostaj\u0105 w zwi\u0105zku ma\u0142\u017ce\u0144skim, we wsp\u00f3lnym po\u017cyciu albo w stosunku pokrewie\u0144stwa lub powinowactwa w linii prostej, pokrewie\u0144stwa lub powinowactwa w linii bocznej do drugiego stopnia albo s\u0105 zwi\u0105zani z tytu\u0142u przysposobienia, opieki lub kurateli, zwanych dalej \u201eosobami bliskimi\u201d,<\/li>\n<li><strong>przekazywania ich maj\u0105tku<\/strong>\u00a0na rzecz ich cz\u0142onk\u00f3w, cz\u0142onk\u00f3w organ\u00f3w lub pracownik\u00f3w oraz ich os\u00f3b bliskich, na zasadach innych ni\u017c w stosunku do os\u00f3b trzecich, w szczeg\u00f3lno\u015bci je\u017celi przekazanie to nast\u0119puje bezp\u0142atnie lub na preferencyjnych warunkach;<\/li>\n<li><strong>wykorzystywania maj\u0105tku<\/strong>\u00a0na rzecz cz\u0142onk\u00f3w, cz\u0142onk\u00f3w organ\u00f3w lub pracownik\u00f3w oraz ich os\u00f3b bliskich na zasadach innych ni\u017c w stosunku do os\u00f3b trzecich chyba, \u017ce to wykorzystanie bezpo\u015brednio wynika z celu statutowego;<\/li>\n<li><strong>zakupu towar\u00f3w lub us\u0142ug<\/strong>\u00a0od podmiot\u00f3w, w kt\u00f3rych uczestnicz\u0105 cz\u0142onkowie organizacji, cz\u0142onkowie jej organ\u00f3w lub pracownicy oraz ich os\u00f3b bliskich, na zasadach\u00a0innych ni\u017c w stosunku do os\u00f3b trzecich lub po cenach wy\u017cszych ni\u017c rynkowe.<\/li>\n<\/ul>\n<p>[\/vc_column_text][vc_column_text]Status organizacji po\u017cytku publicznego nadawany jest z chwil\u0105 wpisania takiej informacji do Krajowego Rejestru S\u0105dowego na wniosek zainteresowanej organizacji.[\/vc_column_text][\/vc_column][\/vc_row]<\/p>\n","protected":false},"excerpt":{"rendered":"<p>[vc_row][vc_column][vc_column_text]NIW-CRSO zajmuje si\u0119 organizacjami po\u017cytku publicznego w zakresie okre\u015blonym w ustawie z dnia 24 kwietnia 2003 r. o dzia\u0142alno\u015bci po\u017cytku publicznego i o wolontariacie (t.j. Dz. U. z 2020 r. poz. 1057, z p\u00f3\u017an. zm.). [\/vc_column_text][\/vc_column][\/vc_row][vc_row][vc_column][vc_column_text]Organizacjami po\u017cytku publicznego mog\u0105 by\u0107:[\/vc_column_text][vc_column_text el_class=&#8221;subpage&#8221;] organizacje pozarz\u0105dowe, osoby prawne i jednostki organizacyjne dzia\u0142aj\u0105ce na podstawie przepis\u00f3w o stosunku Pa\u0144stwa<\/p>\n","protected":false},"author":1,"featured_media":0,"parent":1962,"menu_order":6,"comment_status":"closed","ping_status":"closed","template":"page-templates\/about_niw_sub_pages.php","meta":{"_acf_changed":false,"inline_featured_image":false,"footnotes":""},"class_list":["post-2013","page","type-page","status-publish","hentry"],"acf":[],"_links":{"self":[{"href":"https:\/\/niw.gov.pl\/bip\/wp-json\/wp\/v2\/pages\/2013","targetHints":{"allow":["GET"]}}],"collection":[{"href":"https:\/\/niw.gov.pl\/bip\/wp-json\/wp\/v2\/pages"}],"about":[{"href":"https:\/\/niw.gov.pl\/bip\/wp-json\/wp\/v2\/types\/page"}],"author":[{"embeddable":true,"href":"https:\/\/niw.gov.pl\/bip\/wp-json\/wp\/v2\/users\/1"}],"replies":[{"embeddable":true,"href":"https:\/\/niw.gov.pl\/bip\/wp-json\/wp\/v2\/comments?post=2013"}],"version-history":[{"count":10,"href":"https:\/\/niw.gov.pl\/bip\/wp-json\/wp\/v2\/pages\/2013\/revisions"}],"predecessor-version":[{"id":4736,"href":"https:\/\/niw.gov.pl\/bip\/wp-json\/wp\/v2\/pages\/2013\/revisions\/4736"}],"up":[{"embeddable":true,"href":"https:\/\/niw.gov.pl\/bip\/wp-json\/wp\/v2\/pages\/1962"}],"wp:attachment":[{"href":"https:\/\/niw.gov.pl\/bip\/wp-json\/wp\/v2\/media?parent=2013"}],"curies":[{"name":"wp","href":"https:\/\/api.w.org\/{rel}","templated":true}]}}