{"id":2252,"date":"2021-04-08T13:26:45","date_gmt":"2021-04-08T13:26:45","guid":{"rendered":"https:\/\/niw.gov.pl\/bip\/o-niw\/dokumenty\/dokumenty-wewnetrzne-i-rejestrowe\/"},"modified":"2025-01-28T11:29:04","modified_gmt":"2025-01-28T10:29:04","slug":"dokumenty-wewnetrzne-i-rejestrowe","status":"publish","type":"page","link":"https:\/\/niw.gov.pl\/bip\/biuletyn-informacji-publicznej\/organizacja\/dokumenty-niw-crso\/dokumenty-wewnetrzne-i-rejestrowe\/","title":{"rendered":"Dokumenty wewn\u0119trzne i rejestrowe"},"content":{"rendered":"<p>[vc_row][vc_column]<div class=\"row\">\n\t\t\t\t<div class=\"col-lg-12 col-md-12 col-sm-12 media_text\">\n\t\t\t\t\t\n\t\t\t\t\t\n\t\t\t\t\t<div class=\"programs_links\"><a href=\"https:\/\/niw.gov.pl\/bip\/wp-content\/uploads\/2025\/01\/Statut-NIW-CRSO.pdf\" download><button class=\"link_btn\" type=\"button\"> <img decoding=\"async\" src=\"https:\/\/niw.gov.pl\/bip\/wp-content\/themes\/niw\/images\/ic_link.png\" alt=\"ic_link.png\"> <\/button> Statut NIW-CRSO<\/a>\n<\/div>\n\n\n\t\t\t\t\t\n\t\t\t\t\t\n\t\t\t\t\t\n\t\t\t\t\t<div class=\"programs_links\"><a href=\"https:\/\/niw.gov.pl\/bip\/wp-content\/uploads\/2025\/01\/21_01_09_2024_Regulamin-organizacyjny-NIW.pdf\" download><button class=\"link_btn\" type=\"button\"> <img decoding=\"async\" src=\"https:\/\/niw.gov.pl\/bip\/wp-content\/themes\/niw\/images\/ic_link.png\" alt=\"ic_link.png\"> <\/button> Zarz\u0105dzenie ws. regulaminu organizacyjnego NIW-CRSO<\/a>\n<\/div>\n\n\n\t\t\t\t\t\n\t\t\t\t\t\n\t\t\t\t\t\n\t\t\t\t\t<div class=\"programs_links\"><a href=\"https:\/\/niw.gov.pl\/bip\/wp-content\/uploads\/2025\/01\/03_03_01_2025__zarzadzenie_podzial-czynnosci.pdf\" download><button class=\"link_btn\" type=\"button\"> <img decoding=\"async\" src=\"https:\/\/niw.gov.pl\/bip\/wp-content\/themes\/niw\/images\/ic_link.png\" alt=\"ic_link.png\"> <\/button> Zarz\u0105dzenie ws. podzia\u0142u czynno\u015bci w kierownictwie NIW-CRSO<\/a>\n<\/div>\n\n\n\t\t\t\t\t\n\t\t\t\t\t\n\t\t\t\t\t\n\t\t\t\t\t<div class=\"programs_links\"><a href=\"https:\/\/niw.gov.pl\/bip\/wp-content\/uploads\/2025\/01\/Zarzadzenie-w-sprawie-regulaminu-naboru-w-NIW-CRSO.pdf\" download><button class=\"link_btn\" type=\"button\"> <img decoding=\"async\" src=\"https:\/\/niw.gov.pl\/bip\/wp-content\/themes\/niw\/images\/ic_link.png\" alt=\"ic_link.png\"> <\/button> Zarz\u0105dzenie ws. regulaminu naboru w NIW-CRSO<\/a>\n<\/div>\n\n\n\t\t\t\t\t<\/div><\/div>[vc_empty_space][vc_row_inner][vc_column_inner]<div class=\"row\">\n\t\t\t\t<div class=\"col-lg-12 col-md-12 col-sm-12 media_text\">\n\t\t\t\t\t\n\t\t\t\t\t\n\t\t\t\t\t<div class=\"programs_links\"><a href=\"https:\/\/niw.gov.pl\/bip\/wp-content\/uploads\/2021\/07\/regon.pdf\" download><button class=\"link_btn\" type=\"button\"> <img decoding=\"async\" src=\"https:\/\/niw.gov.pl\/bip\/wp-content\/themes\/niw\/images\/ic_link.png\" alt=\"ic_link.png\"> <\/button> Za\u015bwiadczenie REGON<\/a>\n<\/div>\n\n\n\t\t\t\t\t<\/div><\/div>[\/vc_column_inner][\/vc_row_inner][\/vc_column][\/vc_row]<\/p>\n","protected":false},"excerpt":{"rendered":"<p>[vc_row][vc_column][vc_empty_space][vc_row_inner][vc_column_inner][\/vc_column_inner][\/vc_row_inner][\/vc_column][\/vc_row]<\/p>\n","protected":false},"author":1,"featured_media":0,"parent":2133,"menu_order":2,"comment_status":"closed","ping_status":"closed","template":"page-templates\/about_niw_sub_pages.php","meta":{"_acf_changed":false,"inline_featured_image":false,"footnotes":""},"class_list":["post-2252","page","type-page","status-publish","hentry"],"acf":[],"_links":{"self":[{"href":"https:\/\/niw.gov.pl\/bip\/wp-json\/wp\/v2\/pages\/2252","targetHints":{"allow":["GET"]}}],"collection":[{"href":"https:\/\/niw.gov.pl\/bip\/wp-json\/wp\/v2\/pages"}],"about":[{"href":"https:\/\/niw.gov.pl\/bip\/wp-json\/wp\/v2\/types\/page"}],"author":[{"embeddable":true,"href":"https:\/\/niw.gov.pl\/bip\/wp-json\/wp\/v2\/users\/1"}],"replies":[{"embeddable":true,"href":"https:\/\/niw.gov.pl\/bip\/wp-json\/wp\/v2\/comments?post=2252"}],"version-history":[{"count":17,"href":"https:\/\/niw.gov.pl\/bip\/wp-json\/wp\/v2\/pages\/2252\/revisions"}],"predecessor-version":[{"id":4936,"href":"https:\/\/niw.gov.pl\/bip\/wp-json\/wp\/v2\/pages\/2252\/revisions\/4936"}],"up":[{"embeddable":true,"href":"https:\/\/niw.gov.pl\/bip\/wp-json\/wp\/v2\/pages\/2133"}],"wp:attachment":[{"href":"https:\/\/niw.gov.pl\/bip\/wp-json\/wp\/v2\/media?parent=2252"}],"curies":[{"name":"wp","href":"https:\/\/api.w.org\/{rel}","templated":true}]}}