{"id":2253,"date":"2021-04-08T13:27:49","date_gmt":"2021-04-08T13:27:49","guid":{"rendered":"https:\/\/niw.gov.pl\/bip\/o-niw\/dokumenty\/dokumenty-programowe\/"},"modified":"2021-08-12T16:46:56","modified_gmt":"2021-08-12T14:46:56","slug":"dokumenty-programowe","status":"publish","type":"page","link":"https:\/\/niw.gov.pl\/bip\/biuletyn-informacji-publicznej\/organizacja\/dokumenty-niw-crso\/dokumenty-programowe\/","title":{"rendered":"Dokumenty programowe"},"content":{"rendered":"<p>[vc_row][vc_column][vc_column_text]<strong>Program Fundusz Inicjatyw Obywatelskich NOWEFIO na lata 2021-2030:<\/strong>[\/vc_column_text][vc_row_inner][vc_column_inner]<div class=\"row\">\n\t\t\t\t<div class=\"col-lg-12 col-md-12 col-sm-12 media_text\">\n\t\t\t\t\t\n\t\t\t\t\t\n\t\t\t\t\t<div class=\"programs_links\"><a href=\"https:\/\/niw.gov.pl\/bip\/wp-content\/uploads\/2021\/07\/uchwala-194.pdf\" download><button class=\"link_btn\" type=\"button\"> <img decoding=\"async\" src=\"https:\/\/niw.gov.pl\/bip\/wp-content\/themes\/niw\/images\/ic_link.png\" alt=\"ic_link.png\"> <\/button> Uchwa\u0142a nr 194\/2020 Rady Ministr\u00f3w z dn. 22 grudnia 2020 r. w sprawie przyj\u0119cia programu wspierania rozwoju spo\u0142ecze\u0144stwa obywatelskiego pod nazw\u0105 \"Program Inicjatyw Obywatelskich NOWEFIO na lata 2021-2030\"<\/a>\n<\/div>\n\n\n\t\t\t\t\t\n\t\t\t\t\t\n\t\t\t\t\t\n\t\t\t\t\t<div class=\"programs_links\"><a href=\"https:\/\/niw.gov.pl\/bip\/wp-content\/uploads\/2021\/07\/zalacznik-do-194.pdf\" download><button class=\"link_btn\" type=\"button\"> <img decoding=\"async\" src=\"https:\/\/niw.gov.pl\/bip\/wp-content\/themes\/niw\/images\/ic_link.png\" alt=\"ic_link.png\"> <\/button> Za\u0142\u0105cznik do uchwa\u0142y: Program Fundusz Inicjatyw Obywatelskich NOWEFIO na lata 2021\u20132030<\/a>\n<\/div>\n\n\n\t\t\t\t\t<\/div><\/div>[\/vc_column_inner][\/vc_row_inner][\/vc_column][\/vc_row][vc_row][vc_column][vc_empty_space][\/vc_column][\/vc_row][vc_row][vc_column][vc_column_text]<strong>Program Fundusz Inicjatyw Obywatelskich na lata 2014-2020:<\/strong>[\/vc_column_text][vc_row_inner][vc_column_inner]<div class=\"row\">\n\t\t\t\t<div class=\"col-lg-12 col-md-12 col-sm-12 media_text\">\n\t\t\t\t\t\n\t\t\t\t\t\n\t\t\t\t\t<div class=\"programs_links\"><a href=\"https:\/\/niw.gov.pl\/bip\/wp-content\/uploads\/2021\/07\/uchwala209.pdf\" download><button class=\"link_btn\" type=\"button\"> <img decoding=\"async\" src=\"https:\/\/niw.gov.pl\/bip\/wp-content\/themes\/niw\/images\/ic_link.png\" alt=\"ic_link.png\"> <\/button> Uchwa\u0142a nr 209\/2013 Rady Ministr\u00f3w z dn. 27 listopada 2013 r. w sprawie przyj\u0119cia Programu Fundusz Inicjatyw Obywatelskich na lata 2014-2020 dotycz\u0105ca \"Program Inicjatyw Obywatelskich NOWEFIO na lata 2021-2030\"<\/a>\n<\/div>\n\n\n\t\t\t\t\t\n\t\t\t\t\t\n\t\t\t\t\t\n\t\t\t\t\t<div class=\"programs_links\"><a href=\"https:\/\/niw.gov.pl\/bip\/wp-content\/uploads\/2021\/07\/uchwala213_2017.pdf\" download><button class=\"link_btn\" type=\"button\"> <img decoding=\"async\" src=\"https:\/\/niw.gov.pl\/bip\/wp-content\/themes\/niw\/images\/ic_link.png\" alt=\"ic_link.png\"> <\/button> Uchwa\u0142a nr 213\/2017 Rady Ministr\u00f3w z dn. 29 grudnia 2017 r. zmieniaj\u0105ca uchwa\u0142\u0119 w sprawie przyj\u0119cia Programu Fundusz Inicjatyw Obywatelskich na lata 2014-2020 dotycz\u0105ca \"Program Inicjatyw Obywatelskich NOWEFIO na lata 2021-2030\"<\/a>\n<\/div>\n\n\n\t\t\t\t\t\n\t\t\t\t\t\n\t\t\t\t\t\n\t\t\t\t\t<div class=\"programs_links\"><a href=\"https:\/\/niw.gov.pl\/bip\/wp-content\/uploads\/2021\/07\/zalacznik-do-209.pdf\" download><button class=\"link_btn\" type=\"button\"> <img decoding=\"async\" src=\"https:\/\/niw.gov.pl\/bip\/wp-content\/themes\/niw\/images\/ic_link.png\" alt=\"ic_link.png\"> <\/button> Za\u0142\u0105cznik do uchwa\u0142y: Program Fundusz Inicjatyw Obywatelskich na lata 2014-2020<\/a>\n<\/div>\n\n\n\t\t\t\t\t<\/div><\/div>[\/vc_column_inner][\/vc_row_inner][\/vc_column][\/vc_row][vc_row][vc_column][vc_empty_space][\/vc_column][\/vc_row][vc_row][vc_column][vc_column_text]<\/p>\n<p><strong>Program Rozwoju Organizacji Obywatelskich na lata 2018-2030:<\/strong><\/p>\n<p>[\/vc_column_text][vc_row_inner][vc_column_inner]<div class=\"row\">\n\t\t\t\t<div class=\"col-lg-12 col-md-12 col-sm-12 media_text\">\n\t\t\t\t\t\n\t\t\t\t\t\n\t\t\t\t\t<div class=\"programs_links\"><a href=\"https:\/\/niw.gov.pl\/bip\/wp-content\/uploads\/2021\/07\/Uchwala-104.pdf\" download><button class=\"link_btn\" type=\"button\"> <img decoding=\"async\" src=\"https:\/\/niw.gov.pl\/bip\/wp-content\/themes\/niw\/images\/ic_link.png\" alt=\"ic_link.png\"> <\/button> Uchwa\u0142a nr 104\/2018 Rady Ministr\u00f3w z dn. 7 sierpnia 2017 r. w sprawie przyj\u0119cia programu wspierania rozwoju spo\u0142ecze\u0144stwa obywatelskiego pod nazw\u0105 \"Program Rozwoju Organizacji Obywatelskich na lata 2018-2030 PROO\" <\/a>\n<\/div>\n\n\n\t\t\t\t\t\n\t\t\t\t\t\n\t\t\t\t\t\n\t\t\t\t\t<div class=\"programs_links\"><a href=\"https:\/\/niw.gov.pl\/bip\/wp-content\/uploads\/2021\/07\/zalacznik-do-104-PROO_2018_2030.pdf\" download><button class=\"link_btn\" type=\"button\"> <img decoding=\"async\" src=\"https:\/\/niw.gov.pl\/bip\/wp-content\/themes\/niw\/images\/ic_link.png\" alt=\"ic_link.png\"> <\/button> Za\u0142\u0105cznik do uchwa\u0142y: Program Rozwoju Organizacji Obywatelskich na lata 2018-2030 PROO Obywatelskich na lata 2014-2020<\/a>\n<\/div>\n\n\n\t\t\t\t\t<\/div><\/div>[\/vc_column_inner][\/vc_row_inner][\/vc_column][\/vc_row][vc_row][vc_column][vc_empty_space][\/vc_column][\/vc_row][vc_row][vc_column][vc_column_text]<\/p>\n<p><strong>\u201eKorpus Solidarno\u015bci \u2013 Program Wspierania i Rozwoju Wolontariatu D\u0142ugoterminowego na lata 2018-2030\u201d:<\/strong><\/p>\n<p>[\/vc_column_text][vc_row_inner][vc_column_inner]<div class=\"row\">\n\t\t\t\t<div class=\"col-lg-12 col-md-12 col-sm-12 media_text\">\n\t\t\t\t\t\n\t\t\t\t\t\n\t\t\t\t\t<div class=\"programs_links\"><a href=\"https:\/\/niw.gov.pl\/bip\/wp-content\/uploads\/2021\/07\/uchwala-137.pdf\" download><button class=\"link_btn\" type=\"button\"> <img decoding=\"async\" src=\"https:\/\/niw.gov.pl\/bip\/wp-content\/themes\/niw\/images\/ic_link.png\" alt=\"ic_link.png\"> <\/button> Uchwa\u0142a nr 137\/2018 Rady Ministr\u00f3w dotycz\u0105ca przyj\u0119cia programu wspierania rozwoju spo\u0142ecze\u0144stwa obywatelskiego pod nazw\u0105 \u201eKorpus Solidarno\u015bci \u2013 Program Wspierania i Rozwoju Wolontariatu D\u0142ugoterminowego na lata 2018-2030\u201d<\/a>\n<\/div>\n\n\n\t\t\t\t\t\n\t\t\t\t\t\n\t\t\t\t\t\n\t\t\t\t\t<div class=\"programs_links\"><a href=\"https:\/\/niw.gov.pl\/bip\/wp-content\/uploads\/2021\/07\/zalacznik-do-137.pdf\" download><button class=\"link_btn\" type=\"button\"> <img decoding=\"async\" src=\"https:\/\/niw.gov.pl\/bip\/wp-content\/themes\/niw\/images\/ic_link.png\" alt=\"ic_link.png\"> <\/button> Za\u0142\u0105cznik do uchwa\u0142y: Program Wspierania i Rozwoju Wolontariatu D\u0142ugoterminowego na lata 2018-2030 <\/a>\n<\/div>\n\n\n\t\t\t\t\t<\/div><\/div>[\/vc_column_inner][\/vc_row_inner][\/vc_column][\/vc_row][vc_row][vc_column][vc_empty_space][\/vc_column][\/vc_row][vc_row][vc_column][vc_column_text]<strong>Rz\u0105dowy Program Wsparcia Rozwoju Organizacji Harcerskich i Skautowych na lata 2018-2030:<\/strong>[\/vc_column_text][vc_row_inner][vc_column_inner]<div class=\"row\">\n\t\t\t\t<div class=\"col-lg-12 col-md-12 col-sm-12 media_text\">\n\t\t\t\t\t\n\t\t\t\t\t\n\t\t\t\t\t<div class=\"programs_links\"><a href=\"https:\/\/niw.gov.pl\/bip\/wp-content\/uploads\/2021\/07\/Uchwala-138.pdf\" download><button class=\"link_btn\" type=\"button\"> <img decoding=\"async\" src=\"https:\/\/niw.gov.pl\/bip\/wp-content\/themes\/niw\/images\/ic_link.png\" alt=\"ic_link.png\"> <\/button> Uchwa\u0142a nr 138\/2018 Rady Ministr\u00f3w z dn. 2 pa\u017adziernika 2018 r. w sprawie przyj\u0119cia programu wspierania rozwoju spo\u0142ecze\u0144stwa obywatelskiego pod nazw\u0105 \"Rz\u0105dowy Program Wsparcia Rozwoju Organizacji Harcerskich i Skautowych na lata 2018-2030\" <\/a>\n<\/div>\n\n\n\t\t\t\t\t\n\t\t\t\t\t\n\t\t\t\t\t\n\t\t\t\t\t<div class=\"programs_links\"><a href=\"https:\/\/niw.gov.pl\/bip\/wp-content\/uploads\/2021\/07\/zalacznik-do-138.pdf\" download><button class=\"link_btn\" type=\"button\"> <img decoding=\"async\" src=\"https:\/\/niw.gov.pl\/bip\/wp-content\/themes\/niw\/images\/ic_link.png\" alt=\"ic_link.png\"> <\/button> Za\u0142\u0105cznik do uchwa\u0142y: Rz\u0105dowy Program Wsparcia Rozwoju Organizacji Harcerskich i Skautowych na lata 2018-2030\"<\/a>\n<\/div>\n\n\n\t\t\t\t\t<\/div><\/div>[\/vc_column_inner][\/vc_row_inner][\/vc_column][\/vc_row][vc_row][vc_column][vc_empty_space][\/vc_column][\/vc_row][vc_row][vc_column][vc_column_text]<strong>\u00a0Program Wspierania Rozwoju Uniwersytet\u00f3w Ludowych na lata 2018-2030:<\/strong>[\/vc_column_text][vc_row_inner][vc_column_inner]<div class=\"row\">\n\t\t\t\t<div class=\"col-lg-12 col-md-12 col-sm-12 media_text\">\n\t\t\t\t\t\n\t\t\t\t\t\n\t\t\t\t\t<div class=\"programs_links\"><a href=\"https:\/\/niw.gov.pl\/bip\/wp-content\/uploads\/2021\/07\/Uchwala-77.pdf\" download><button class=\"link_btn\" type=\"button\"> <img decoding=\"async\" src=\"https:\/\/niw.gov.pl\/bip\/wp-content\/themes\/niw\/images\/ic_link.png\" alt=\"ic_link.png\"> <\/button> Uchwa\u0142a nr 77\/2020 Rady Ministr\u00f3w z dn. 18 czerwca 2020 r. w sprawie przyj\u0119cia programu wspierania rozwoju spo\u0142ecze\u0144stwa obywatelskiego pod nazw\u0105 \"Program Wspierania Rozwoju Uniwersytet\u00f3w Ludowych na lata 2018-2030\"<\/a>\n<\/div>\n\n\n\t\t\t\t\t\n\t\t\t\t\t\n\t\t\t\t\t\n\t\t\t\t\t<div class=\"programs_links\"><a href=\"https:\/\/niw.gov.pl\/bip\/wp-content\/uploads\/2021\/07\/uchwala-128.pdf\" download><button class=\"link_btn\" type=\"button\"> <img decoding=\"async\" src=\"https:\/\/niw.gov.pl\/bip\/wp-content\/themes\/niw\/images\/ic_link.png\" alt=\"ic_link.png\"> <\/button> Uchwa\u0142a nr 128\/2020 Rady Ministr\u00f3w z dn. 15 wrze\u015bnia 2020 r. zmieniaj\u0105ca uchwa\u0142\u0119 w sprawie przyj\u0119cia programu wspierania rozwoju spo\u0142ecze\u0144stwa obywatelskiego pod nazw\u0105 \"Program Wspierania Rozwoju Uniwersytet\u00f3w Ludowych na lata 2018-2030\"<\/a>\n<\/div>\n\n\n\t\t\t\t\t\n\t\t\t\t\t\n\t\t\t\t\t\n\t\t\t\t\t<div class=\"programs_links\"><a href=\"https:\/\/niw.gov.pl\/bip\/wp-content\/uploads\/2021\/07\/zalacznik-do-77.pdf\" download><button class=\"link_btn\" type=\"button\"> <img decoding=\"async\" src=\"https:\/\/niw.gov.pl\/bip\/wp-content\/themes\/niw\/images\/ic_link.png\" alt=\"ic_link.png\"> <\/button> Za\u0142\u0105cznik do uchwa\u0142y:\u00a0Program Wspierania Rozwoju Uniwersytet\u00f3w Ludowych na lata 2018-2030<\/a>\n<\/div>\n\n\n\t\t\t\t\t<\/div><\/div>[\/vc_column_inner][\/vc_row_inner][\/vc_column][\/vc_row][vc_row][vc_column][vc_empty_space][\/vc_column][\/vc_row][vc_row][vc_column][vc_column_text]<strong>\u00a0Program Wsparcia Dora\u017anego Organizacji Pozarz\u0105dowych w zakresie przeciwdzia\u0142ania skutkom COVID-19:<\/strong>[\/vc_column_text][vc_row_inner][vc_column_inner]<div class=\"row\">\n\t\t\t\t<div class=\"col-lg-12 col-md-12 col-sm-12 media_text\">\n\t\t\t\t\t\n\t\t\t\t\t\n\t\t\t\t\t<div class=\"programs_links\"><a href=\"https:\/\/niw.gov.pl\/bip\/wp-content\/uploads\/2021\/07\/uchwala-48.pdf\" download><button class=\"link_btn\" type=\"button\"> <img decoding=\"async\" src=\"https:\/\/niw.gov.pl\/bip\/wp-content\/themes\/niw\/images\/ic_link.png\" alt=\"ic_link.png\"> <\/button> Uchwa\u0142a nr 48\/2020 Rady Ministr\u00f3w z dn. 27 kwietnia 2020 r. w sprawie przyj\u0119cia programu wspierania rozwoju spo\u0142ecze\u0144stwa obywatelskiego pod nazw\u0105 \"Program Wsparcia Dora\u017anego Organizacji Pozarz\u0105dowych w zakresie przeciwdzia\u0142ania skutkom COVID-19\"<\/a>\n<\/div>\n\n\n\t\t\t\t\t\n\t\t\t\t\t\n\t\t\t\t\t\n\t\t\t\t\t<div class=\"programs_links\"><a href=\"https:\/\/niw.gov.pl\/bip\/wp-content\/uploads\/2021\/07\/zalacznik-do-48.pdf\" download><button class=\"link_btn\" type=\"button\"> <img decoding=\"async\" src=\"https:\/\/niw.gov.pl\/bip\/wp-content\/themes\/niw\/images\/ic_link.png\" alt=\"ic_link.png\"> <\/button> Za\u0142\u0105cznik do uchwa\u0142y:\u00a0Program Wsparcia Dora\u017anego Organizacji Pozarz\u0105dowych w zakresie przeciwdzia\u0142ania skutkom COVID-19<\/a>\n<\/div>\n\n\n\t\t\t\t\t<\/div><\/div>[\/vc_column_inner][\/vc_row_inner][\/vc_column][\/vc_row][vc_row][vc_column][vc_empty_space][\/vc_column][\/vc_row][vc_row][vc_column][vc_column_text]<strong>Program Wspierania Rozwoju Mi\u0119dzynarodowych Dom\u00f3w Spotka\u0144 na lata 2021\u20132030:<\/strong>[\/vc_column_text][vc_row_inner][vc_column_inner]<div class=\"row\">\n\t\t\t\t<div class=\"col-lg-12 col-md-12 col-sm-12 media_text\">\n\t\t\t\t\t\n\t\t\t\t\t\n\t\t\t\t\t<div class=\"programs_links\"><a href=\"https:\/\/niw.gov.pl\/bip\/wp-content\/uploads\/2021\/07\/Uchwala-nr-163.pdf\" download><button class=\"link_btn\" type=\"button\"> <img decoding=\"async\" src=\"https:\/\/niw.gov.pl\/bip\/wp-content\/themes\/niw\/images\/ic_link.png\" alt=\"ic_link.png\"> <\/button> Uchwa\u0142a nr 163\/2020 Rady Ministr\u00f3w z dnia 13 listopada 2020 r. w sprawie przyj\u0119cia programu wspierania rozwoju spo\u0142ecze\u0144stwa obywatelskiego pod nazw\u0105 \u201eProgram Wspierania Rozwoju Mi\u0119dzynarodowych Dom\u00f3w Spotka\u0144 na lata 2021\u20132030\u201d<\/a>\n<\/div>\n\n\n\t\t\t\t\t\n\t\t\t\t\t\n\t\t\t\t\t\n\t\t\t\t\t<div class=\"programs_links\"><a href=\"https:\/\/niw.gov.pl\/bip\/wp-content\/uploads\/2021\/07\/zalacznik-do-163-mds.pdf\" download><button class=\"link_btn\" type=\"button\"> <img decoding=\"async\" src=\"https:\/\/niw.gov.pl\/bip\/wp-content\/themes\/niw\/images\/ic_link.png\" alt=\"ic_link.png\"> <\/button> Za\u0142\u0105cznik do uchwa\u0142y:\u00a0Program Wspierania Rozwoju Mi\u0119dzynarodowych Dom\u00f3w Spotka\u0144 na lata 2021\u20132030<\/a>\n<\/div>\n\n\n\t\t\t\t\t<\/div><\/div>[\/vc_column_inner][\/vc_row_inner][\/vc_column][\/vc_row][vc_row][vc_column][vc_empty_space][\/vc_column][\/vc_row][vc_row][vc_column][vc_column_text]<strong>Rz\u0105dowy Program Polski Inkubator Rzemios\u0142a na lata 2021\u20132030:<\/strong>[\/vc_column_text][vc_row_inner][vc_column_inner]<div class=\"row\">\n\t\t\t\t<div class=\"col-lg-12 col-md-12 col-sm-12 media_text\">\n\t\t\t\t\t\n\t\t\t\t\t\n\t\t\t\t\t<div class=\"programs_links\"><a href=\"https:\/\/niw.gov.pl\/bip\/wp-content\/uploads\/2021\/08\/uchwala-73.pdf\" download><button class=\"link_btn\" type=\"button\"> <img decoding=\"async\" src=\"https:\/\/niw.gov.pl\/bip\/wp-content\/themes\/niw\/images\/ic_link.png\" alt=\"ic_link.png\"> <\/button> Uchwa\u0142a nr 73\/2021 Rady Ministr\u00f3w z dnia 19 maja 2021 r. w sprawie programu \"Polski Inkubator Rzemios\u0142a\"<\/a>\n<\/div>\n\n\n\t\t\t\t\t\n\t\t\t\t\t\n\t\t\t\t\t\n\t\t\t\t\t<div class=\"programs_links\"><a href=\"https:\/\/niw.gov.pl\/bip\/wp-content\/uploads\/2021\/08\/Program-PIR.pdf\" download><button class=\"link_btn\" type=\"button\"> <img decoding=\"async\" src=\"https:\/\/niw.gov.pl\/bip\/wp-content\/themes\/niw\/images\/ic_link.png\" alt=\"ic_link.png\"> <\/button> Za\u0142\u0105cznik do uchwa\u0142y:\u00a0Program \"Polski Inkubator Rzemios\u0142a\"<\/a>\n<\/div>\n\n\n\t\t\t\t\t<\/div><\/div>[\/vc_column_inner][\/vc_row_inner][\/vc_column][\/vc_row][vc_row][vc_column][vc_empty_space][\/vc_column][\/vc_row]<\/p>\n","protected":false},"excerpt":{"rendered":"<p>[vc_row][vc_column][vc_column_text]Program Fundusz Inicjatyw Obywatelskich NOWEFIO na lata 2021-2030:[\/vc_column_text][vc_row_inner][vc_column_inner][\/vc_column_inner][\/vc_row_inner][\/vc_column][\/vc_row][vc_row][vc_column][vc_empty_space][\/vc_column][\/vc_row][vc_row][vc_column][vc_column_text]Program Fundusz Inicjatyw Obywatelskich na lata 2014-2020:[\/vc_column_text][vc_row_inner][vc_column_inner][\/vc_column_inner][\/vc_row_inner][\/vc_column][\/vc_row][vc_row][vc_column][vc_empty_space][\/vc_column][\/vc_row][vc_row][vc_column][vc_column_text] Program Rozwoju Organizacji Obywatelskich na lata 2018-2030: [\/vc_column_text][vc_row_inner][vc_column_inner][\/vc_column_inner][\/vc_row_inner][\/vc_column][\/vc_row][vc_row][vc_column][vc_empty_space][\/vc_column][\/vc_row][vc_row][vc_column][vc_column_text] \u201eKorpus Solidarno\u015bci \u2013 Program Wspierania i Rozwoju Wolontariatu D\u0142ugoterminowego na lata 2018-2030\u201d: [\/vc_column_text][vc_row_inner][vc_column_inner][\/vc_column_inner][\/vc_row_inner][\/vc_column][\/vc_row][vc_row][vc_column][vc_empty_space][\/vc_column][\/vc_row][vc_row][vc_column][vc_column_text]Rz\u0105dowy Program Wsparcia Rozwoju Organizacji Harcerskich i Skautowych na lata 2018-2030:[\/vc_column_text][vc_row_inner][vc_column_inner][\/vc_column_inner][\/vc_row_inner][\/vc_column][\/vc_row][vc_row][vc_column][vc_empty_space][\/vc_column][\/vc_row][vc_row][vc_column][vc_column_text]\u00a0Program Wspierania Rozwoju Uniwersytet\u00f3w Ludowych na lata 2018-2030:[\/vc_column_text][vc_row_inner][vc_column_inner][\/vc_column_inner][\/vc_row_inner][\/vc_column][\/vc_row][vc_row][vc_column][vc_empty_space][\/vc_column][\/vc_row][vc_row][vc_column][vc_column_text]\u00a0Program Wsparcia Dora\u017anego Organizacji<\/p>\n","protected":false},"author":1,"featured_media":0,"parent":2133,"menu_order":3,"comment_status":"closed","ping_status":"closed","template":"page-templates\/about_niw_sub_pages.php","meta":{"_acf_changed":false,"inline_featured_image":false,"footnotes":""},"class_list":["post-2253","page","type-page","status-publish","hentry"],"acf":[],"_links":{"self":[{"href":"https:\/\/niw.gov.pl\/bip\/wp-json\/wp\/v2\/pages\/2253","targetHints":{"allow":["GET"]}}],"collection":[{"href":"https:\/\/niw.gov.pl\/bip\/wp-json\/wp\/v2\/pages"}],"about":[{"href":"https:\/\/niw.gov.pl\/bip\/wp-json\/wp\/v2\/types\/page"}],"author":[{"embeddable":true,"href":"https:\/\/niw.gov.pl\/bip\/wp-json\/wp\/v2\/users\/1"}],"replies":[{"embeddable":true,"href":"https:\/\/niw.gov.pl\/bip\/wp-json\/wp\/v2\/comments?post=2253"}],"version-history":[{"count":14,"href":"https:\/\/niw.gov.pl\/bip\/wp-json\/wp\/v2\/pages\/2253\/revisions"}],"predecessor-version":[{"id":3981,"href":"https:\/\/niw.gov.pl\/bip\/wp-json\/wp\/v2\/pages\/2253\/revisions\/3981"}],"up":[{"embeddable":true,"href":"https:\/\/niw.gov.pl\/bip\/wp-json\/wp\/v2\/pages\/2133"}],"wp:attachment":[{"href":"https:\/\/niw.gov.pl\/bip\/wp-json\/wp\/v2\/media?parent=2253"}],"curies":[{"name":"wp","href":"https:\/\/api.w.org\/{rel}","templated":true}]}}