{"id":4354,"date":"2022-11-15T10:19:29","date_gmt":"2022-11-15T09:19:29","guid":{"rendered":"https:\/\/niw.gov.pl\/bip\/?page_id=4354"},"modified":"2025-04-01T10:35:27","modified_gmt":"2025-04-01T08:35:27","slug":"redakcja-bip","status":"publish","type":"page","link":"https:\/\/niw.gov.pl\/bip\/biuletyn-informacji-publicznej\/redakcja-bip\/","title":{"rendered":"Redakcja BIP"},"content":{"rendered":"<p>[vc_row][vc_column][vc_custom_heading text=&#8221;Redakcja BIP&#8221; font_container=&#8221;tag:h3|text_align:left&#8221; use_theme_fonts=&#8221;yes&#8221;][vc_empty_space][vc_column_text]Za redakcj\u0119 strony podmiotowej BIP odpowiada Biuro Komunikacji i Analiz.[\/vc_column_text][\/vc_column][\/vc_row][vc_row el_class=&#8221;oniw_text&#8221;][vc_column]\t\r\n\t\t\t\r\n\t\t\t\r\n\t\t\t<div class=\"news_page_contact_info\">\r\n<div class=\"news_page_contact_left\"><i class=\"fas fa-user-circle\"><\/i><\/div>\r\n<div class=\"news_page_contact_right\"><strong>Ma\u0142gorzata Kazubska <\/strong><br>\r\n\r\nKierownik Biura Komunikacji i Analiz<\/div>\r\n<div class=\"clr\"><\/div><\/div>\r\n\r\n<div class=\"news_page_contact_info\">\r\n<div class=\"news_page_contact_left\"><i class=\"fas fa-phone\"><\/i><\/div>\r\n<div class=\"news_page_contact_right\">n\/a<\/div>\r\n<div class=\"clr\"><\/div><\/div>\r\n\r\n<div class=\"news_page_contact_info\">\r\n<div class=\"news_page_contact_left\"><i class=\"fas fa-envelope\"><\/i><\/div>\r\n<div class=\"news_page_contact_right\">media@niw.gov.pl<\/div>\r\n<div class=\"clr\"><\/div><\/div>[vc_empty_space][vc_column_text]<a href=\"mailto:media@niw.gov.pl\"><button class=\"red_btn\" type=\"button\">wy\u015blij wiadomo\u015b\u0107<\/button><\/a>[\/vc_column_text][\/vc_column][\/vc_row][vc_row][vc_column][vc_column_text]<strong>Redaktorzy BIP:<\/strong>[\/vc_column_text][vc_column_text el_class=&#8221;subpage&#8221;]<\/p>\n<ul>\n<li>Ma\u0142gorzata Kazubska<\/li>\n<li>Maciej Jankowski<\/li>\n<\/ul>\n<p>[\/vc_column_text][vc_column_text][\/vc_column_text][\/vc_column][\/vc_row]<\/p>\n","protected":false},"excerpt":{"rendered":"<p>[vc_row][vc_column][vc_custom_heading text=&#8221;Redakcja BIP&#8221; font_container=&#8221;tag:h3|text_align:left&#8221; use_theme_fonts=&#8221;yes&#8221;][vc_empty_space][vc_column_text]Za redakcj\u0119 strony podmiotowej BIP odpowiada Biuro Komunikacji i Analiz.[\/vc_column_text][\/vc_column][\/vc_row][vc_row el_class=&#8221;oniw_text&#8221;][vc_column][vc_empty_space][vc_column_text]wy\u015blij wiadomo\u015b\u0107[\/vc_column_text][\/vc_column][\/vc_row][vc_row][vc_column][vc_column_text]Redaktorzy BIP:[\/vc_column_text][vc_column_text el_class=&#8221;subpage&#8221;] Ma\u0142gorzata Kazubska Maciej Jankowski [\/vc_column_text][vc_column_text][\/vc_column_text][\/vc_column][\/vc_row]<\/p>\n","protected":false},"author":1,"featured_media":0,"parent":1962,"menu_order":1,"comment_status":"closed","ping_status":"closed","template":"page-templates\/about_niw_sub_pages.php","meta":{"_acf_changed":false,"inline_featured_image":false,"footnotes":""},"class_list":["post-4354","page","type-page","status-publish","hentry"],"acf":[],"_links":{"self":[{"href":"https:\/\/niw.gov.pl\/bip\/wp-json\/wp\/v2\/pages\/4354","targetHints":{"allow":["GET"]}}],"collection":[{"href":"https:\/\/niw.gov.pl\/bip\/wp-json\/wp\/v2\/pages"}],"about":[{"href":"https:\/\/niw.gov.pl\/bip\/wp-json\/wp\/v2\/types\/page"}],"author":[{"embeddable":true,"href":"https:\/\/niw.gov.pl\/bip\/wp-json\/wp\/v2\/users\/1"}],"replies":[{"embeddable":true,"href":"https:\/\/niw.gov.pl\/bip\/wp-json\/wp\/v2\/comments?post=4354"}],"version-history":[{"count":8,"href":"https:\/\/niw.gov.pl\/bip\/wp-json\/wp\/v2\/pages\/4354\/revisions"}],"predecessor-version":[{"id":4996,"href":"https:\/\/niw.gov.pl\/bip\/wp-json\/wp\/v2\/pages\/4354\/revisions\/4996"}],"up":[{"embeddable":true,"href":"https:\/\/niw.gov.pl\/bip\/wp-json\/wp\/v2\/pages\/1962"}],"wp:attachment":[{"href":"https:\/\/niw.gov.pl\/bip\/wp-json\/wp\/v2\/media?parent=4354"}],"curies":[{"name":"wp","href":"https:\/\/api.w.org\/{rel}","templated":true}]}}