{"id":4989,"date":"2025-03-31T13:36:43","date_gmt":"2025-03-31T11:36:43","guid":{"rendered":"https:\/\/niw.gov.pl\/bip\/?page_id=4989"},"modified":"2025-04-01T11:24:51","modified_gmt":"2025-04-01T09:24:51","slug":"raport-o-stanie-zapewniania-dostepnosci-niw-crso","status":"publish","type":"page","link":"https:\/\/niw.gov.pl\/bip\/biuletyn-informacji-publicznej\/raport-o-stanie-zapewniania-dostepnosci-niw-crso\/","title":{"rendered":"Raport o stanie zapewniania dost\u0119pno\u015bci NIW-CRSO"},"content":{"rendered":"<p>[vc_row][vc_column][vc_column_text]<\/p>\n<p class=\"intro\">Obowi\u0105zek przekazania danych wynika z art. 30 ust. 1 pkt 3 ustawy z dnia 29 czerwca 1995 r. o statystyce publicznej (Dz. U. 2023 r. poz. 773) oraz z art. 11 ust. 1 ustawy z dnia 19 lipca 2019 r. o zapewnianiu dost\u0119pno\u015bci osobom ze szczeg\u00f3lnymi potrzebami (Dz. U. 2022 poz. 2240, z p\u00f3\u017an. zm.).<\/p>\n<p>[\/vc_column_text][vc_empty_space][\/vc_column][\/vc_row][vc_row][vc_column width=&#8221;1\/2&#8243;]<div class=\"row\">\n\t\t\t\t<div class=\"col-lg-12 col-md-12 col-sm-12 media_text\">\n\t\t\t\t\t<div class=\"download_box\">\n\t\t\t\t<div class=\"download_text\">\n\t\t\t\t\n\t\t\t\t<a href=\"https:\/\/niw.gov.pl\/bip\/wp-content\/uploads\/2025\/04\/Raport-o-stanie-zapewniania-dostepnosci-NIW-CRSO-stan-na-dzien-01.01.2025.pdf\" download>Raport o stanie zapewniania dost\u0119pno\u015bci NIW-CRSO<\/a><span>stan na dzie\u0144 01.01.2025<\/span> <\/div><br><br><br><span><img decoding=\"async\" src=\"https:\/\/niw.gov.pl\/bip\/wp-content\/themes\/niw\/images\/PDF.png\" alt=\"PDF.png\"><\/button> 0.14MB<\/span><a href=\"https:\/\/niw.gov.pl\/bip\/wp-content\/uploads\/2025\/04\/Raport-o-stanie-zapewniania-dostepnosci-NIW-CRSO-stan-na-dzien-01.01.2025.pdf\" download><button class=\"download_btn\" type=\"button\"> <img decoding=\"async\" src=\"https:\/\/niw.gov.pl\/bip\/wp-content\/themes\/niw\/images\/arrow7.png\" alt=\"arrow7.png\"><\/button><\/a> <div class=\"clr\">\n\n<\/div><\/div><\/div><\/div>[\/vc_column][vc_column width=&#8221;1\/2&#8243;][\/vc_column][\/vc_row][vc_row][vc_column][vc_empty_space][\/vc_column][\/vc_row]<\/p>\n","protected":false},"excerpt":{"rendered":"<p>[vc_row][vc_column][vc_column_text] Obowi\u0105zek przekazania danych wynika z art. 30 ust. 1 pkt 3 ustawy z dnia 29 czerwca 1995 r. o statystyce publicznej (Dz. U. 2023 r. poz. 773) oraz z art. 11 ust. 1 ustawy z dnia 19 lipca 2019 r. o zapewnianiu dost\u0119pno\u015bci osobom ze szczeg\u00f3lnymi potrzebami (Dz. U. 2022 poz. 2240, z p\u00f3\u017an.<\/p>\n","protected":false},"author":21,"featured_media":0,"parent":1962,"menu_order":9,"comment_status":"closed","ping_status":"closed","template":"page-templates\/about_niw_sub_pages.php","meta":{"_acf_changed":false,"inline_featured_image":false,"footnotes":""},"class_list":["post-4989","page","type-page","status-publish","hentry"],"acf":[],"_links":{"self":[{"href":"https:\/\/niw.gov.pl\/bip\/wp-json\/wp\/v2\/pages\/4989","targetHints":{"allow":["GET"]}}],"collection":[{"href":"https:\/\/niw.gov.pl\/bip\/wp-json\/wp\/v2\/pages"}],"about":[{"href":"https:\/\/niw.gov.pl\/bip\/wp-json\/wp\/v2\/types\/page"}],"author":[{"embeddable":true,"href":"https:\/\/niw.gov.pl\/bip\/wp-json\/wp\/v2\/users\/21"}],"replies":[{"embeddable":true,"href":"https:\/\/niw.gov.pl\/bip\/wp-json\/wp\/v2\/comments?post=4989"}],"version-history":[{"count":4,"href":"https:\/\/niw.gov.pl\/bip\/wp-json\/wp\/v2\/pages\/4989\/revisions"}],"predecessor-version":[{"id":5011,"href":"https:\/\/niw.gov.pl\/bip\/wp-json\/wp\/v2\/pages\/4989\/revisions\/5011"}],"up":[{"embeddable":true,"href":"https:\/\/niw.gov.pl\/bip\/wp-json\/wp\/v2\/pages\/1962"}],"wp:attachment":[{"href":"https:\/\/niw.gov.pl\/bip\/wp-json\/wp\/v2\/media?parent=4989"}],"curies":[{"name":"wp","href":"https:\/\/api.w.org\/{rel}","templated":true}]}}