{"id":521,"date":"2021-04-09T06:23:11","date_gmt":"2021-04-09T06:23:11","guid":{"rendered":"https:\/\/niw.gov.pl\/bip\/?page_id=521"},"modified":"2021-07-19T21:32:55","modified_gmt":"2021-07-19T21:32:55","slug":"rekrutacja","status":"publish","type":"page","link":"https:\/\/niw.gov.pl\/bip\/biuletyn-informacji-publicznej\/rekrutacja\/","title":{"rendered":"Rekrutacja"},"content":{"rendered":"<p>[vc_row][vc_column][vc_column_text]Zapraszamy do zapoznania si\u0119 z naszymi aktualnymi <a class=\"red\" href=\"https:\/\/niw.gov.pl\/bip\/biuletyn-informacji-publicznej\/rekrutacja\/oferty-pracy-i-wyniki-rekrutacji\/\" target=\"_blank\" rel=\"noopener\">ofertami pracy<\/a>.<\/p>\n<p>Poszukujemy kandydatek\/kandydat\u00f3w na r\u00f3\u017cne stanowiska![\/vc_column_text][vc_separator][\/vc_column][\/vc_row][vc_row][vc_column] <div class=\"row baza\"> <\/div>[\/vc_column][\/vc_row]<\/p>\n","protected":false},"excerpt":{"rendered":"<p>[vc_row][vc_column][vc_column_text]Zapraszamy do zapoznania si\u0119 z naszymi aktualnymi ofertami pracy. Poszukujemy kandydatek\/kandydat\u00f3w na r\u00f3\u017cne stanowiska![\/vc_column_text][vc_separator][\/vc_column][\/vc_row][vc_row][vc_column][\/vc_column][\/vc_row]<\/p>\n","protected":false},"author":1,"featured_media":0,"parent":1962,"menu_order":4,"comment_status":"closed","ping_status":"closed","template":"page-templates\/about_niw_sub_pages.php","meta":{"_acf_changed":false,"inline_featured_image":false,"footnotes":""},"class_list":["post-521","page","type-page","status-publish","hentry"],"acf":[],"_links":{"self":[{"href":"https:\/\/niw.gov.pl\/bip\/wp-json\/wp\/v2\/pages\/521","targetHints":{"allow":["GET"]}}],"collection":[{"href":"https:\/\/niw.gov.pl\/bip\/wp-json\/wp\/v2\/pages"}],"about":[{"href":"https:\/\/niw.gov.pl\/bip\/wp-json\/wp\/v2\/types\/page"}],"author":[{"embeddable":true,"href":"https:\/\/niw.gov.pl\/bip\/wp-json\/wp\/v2\/users\/1"}],"replies":[{"embeddable":true,"href":"https:\/\/niw.gov.pl\/bip\/wp-json\/wp\/v2\/comments?post=521"}],"version-history":[{"count":3,"href":"https:\/\/niw.gov.pl\/bip\/wp-json\/wp\/v2\/pages\/521\/revisions"}],"predecessor-version":[{"id":3327,"href":"https:\/\/niw.gov.pl\/bip\/wp-json\/wp\/v2\/pages\/521\/revisions\/3327"}],"up":[{"embeddable":true,"href":"https:\/\/niw.gov.pl\/bip\/wp-json\/wp\/v2\/pages\/1962"}],"wp:attachment":[{"href":"https:\/\/niw.gov.pl\/bip\/wp-json\/wp\/v2\/media?parent=521"}],"curies":[{"name":"wp","href":"https:\/\/api.w.org\/{rel}","templated":true}]}}