{"id":5225,"date":"2026-03-04T13:22:38","date_gmt":"2026-03-04T12:22:38","guid":{"rendered":"https:\/\/niw.gov.pl\/bip\/?page_id=5225"},"modified":"2026-03-04T13:29:50","modified_gmt":"2026-03-04T12:29:50","slug":"zamowienia-do-170-000-zl","status":"publish","type":"page","link":"https:\/\/niw.gov.pl\/bip\/biuletyn-informacji-publicznej\/zamowienia-publiczne\/zamowienia-do-170-000-zl\/","title":{"rendered":"Zam\u00f3wienia do 170\u00a0000 z\u0142"},"content":{"rendered":"<p>[vc_row][vc_column][vc_column_text]Na tej stronie publikujemy wszystkie aktualne zam\u00f3wienia i zapytania ofertowe:[\/vc_column_text][\/vc_column][\/vc_row][vc_row][vc_column]<div class=\"sort_options sort\">\n<div id=\"custom-search-input\">\n<div class=\"input-group search_result_search\">\n<input type=\"text\" id=\"keynews\" class=\"  search-query form-control\" placeholder=\"Wpisz wyszukiwan&#261; fraz&#281;\" \/>\n<span class=\"input-group-btn\">\n<button id=\"newsListKeyby\" class=\"btn\" type=\"button\">\n<i class=\"fas fa-search\"><\/i><\/button>\n<\/span>\n<\/div>\n<\/div>\n\n<div class=\"dropdown sort_options_all\">\n    <button id=\"newsListSortby\" type=\"button\" class=\"sort_btn dropdown-toggle1 search_result_sort\" data-toggle=\"dropdown\">\n      Wszystkie\n    <\/button>\n    <div class=\"dropdown-menu sort_drop\">\n      <a class=\"dropdown-item newssort\" href=\"javascript:void(0);\" data-sort=\"All\">Wszystkie<\/a>\n      <a class=\"dropdown-item newssort\" href=\"javascript:void(0);\" data-sort=\"Current\">Aktualne<\/a>\n      <a class=\"dropdown-item newssort\" href=\"javascript:void(0);\" data-sort=\"Archival\">Archiwalne<\/a> \n    <\/div>\n  <\/div>\n<\/div>\n\n<div class=\"space_20\"><\/div>\n\n\n\n\t\n\t\t<div class=\"news_page_news_box\">\n<div class=\"row\">\n<div class=\"col-12 news_page_news_box_left\"><br><a href=\"https:\/\/niw.gov.pl\/bip\/zamowienia\/zapytanie-ofertowe-usluga-organizacji-szkolenia-szkola-dobrego-wolontariatu-2026\/\"><div class=\"job_active\">\n<div class=\"job_img\"><img decoding=\"async\" src=\"https:\/\/niw.gov.pl\/bip\/wp-content\/themes\/niw\/images\/red.png\" alt=\"red.png\"><\/div> <span class=\"red\">Termin  sk&#322;adania ofert: do 31 marca 2026 r<\/span><\/div> \n<div class=\"text\">Zapytanie ofertowe \u2013 us\u0142uga organizacji szkolenia -\u201eSzko\u0142a Dobrego Wolontariatu 2026\u201d<\/div><\/br>\n\nPrzedmiot zam\u00f3wienia: organizacja szkolenia<\/a>\n\n<div class=\"event_page_news_box_left_date\"> \n\n<div><strong>19 marca 2026 <\/strong><a href=\"https:\/\/niw.gov.pl\/bip\/zamowienia\/zapytanie-ofertowe-usluga-organizacji-szkolenia-szkola-dobrego-wolontariatu-2026\/\"><button class=\"news_page_news_box_left_btn\" type=\"button\"> <img decoding=\"async\" src=\"https:\/\/niw.gov.pl\/bip\/wp-content\/themes\/niw\/images\/arrow6.png\" alt=\"arrow6.png\"><\/button><\/a> <\/div>\n\n\n\n<\/div>\n\n<\/div>\n\n\n<\/div>\n<\/div>\n\n\n\t\n\t\t<div class=\"news_page_news_box\">\n<div class=\"row\">\n<div class=\"col-12 news_page_news_box_left\"><br><a href=\"https:\/\/niw.gov.pl\/bip\/zamowienia\/zapytanie-ofertowe-dostawa-sprzetu-komputerowego-2\/\"><div class=\"job_active\">\n<div class=\"job_img\"><img decoding=\"async\" src=\"https:\/\/niw.gov.pl\/bip\/wp-content\/themes\/niw\/images\/red.png\" alt=\"red.png\"><\/div> <span class=\"red\">Termin  sk&#322;adania ofert: do 12 marca 2026 r<\/span><\/div> \n<div class=\"text\">Zapytanie ofertowe \u2013 dostawa sprz\u0119tu komputerowego<\/div><\/br>\n\nPrzedmiot zam\u00f3wienia: zakup sprz\u0119tu komputerowego<\/a>\n\n<div class=\"event_page_news_box_left_date\"> \n\n<div><strong>09 marca 2026 <\/strong><a href=\"https:\/\/niw.gov.pl\/bip\/zamowienia\/zapytanie-ofertowe-dostawa-sprzetu-komputerowego-2\/\"><button class=\"news_page_news_box_left_btn\" type=\"button\"> <img decoding=\"async\" src=\"https:\/\/niw.gov.pl\/bip\/wp-content\/themes\/niw\/images\/arrow6.png\" alt=\"arrow6.png\"><\/button><\/a> <\/div>\n\n\n\n<\/div>\n\n<\/div>\n\n\n<\/div>\n<\/div>\n\n\n\t\n\t\t<div class=\"news_page_news_box\">\n<div class=\"row\">\n<div class=\"col-12 news_page_news_box_left\"><br><a href=\"https:\/\/niw.gov.pl\/bip\/zamowienia\/zapytanie-ofertowe-zakup-artykulow-sponsorowanych\/\"><div class=\"job_active\">\n<div class=\"job_img\"><img decoding=\"async\" src=\"https:\/\/niw.gov.pl\/bip\/wp-content\/themes\/niw\/images\/red.png\" alt=\"red.png\"><\/div> <span class=\"red\">Termin  sk&#322;adania ofert: do 18 marca 2026 r<\/span><\/div> \n<div class=\"text\">Zapytanie ofertowe \u2013 zakup artyku\u0142\u00f3w sponsorowanych<\/div><\/br>\n\nPrzedmiot zam\u00f3wienia: zakup artyku\u0142\u00f3w sponsorowanych<\/a>\n\n<div class=\"event_page_news_box_left_date\"> \n\n<div><strong>05 marca 2026 <\/strong><a href=\"https:\/\/niw.gov.pl\/bip\/zamowienia\/zapytanie-ofertowe-zakup-artykulow-sponsorowanych\/\"><button class=\"news_page_news_box_left_btn\" type=\"button\"> <img decoding=\"async\" src=\"https:\/\/niw.gov.pl\/bip\/wp-content\/themes\/niw\/images\/arrow6.png\" alt=\"arrow6.png\"><\/button><\/a> <\/div>\n\n\n\n<\/div>\n\n<\/div>\n\n\n<\/div>\n<\/div>\n\n\n  \n   <div class=\"space_60\"><\/div>\n   \n<button class=\"red_btn history_btn1\"  onClick=\"javascript:history.go(-1)\" type=\"button\">wr&oacute;&#263;<\/button>\n[\/vc_column][\/vc_row]<\/p>\n","protected":false},"excerpt":{"rendered":"<p>[vc_row][vc_column][vc_column_text]Na tej stronie publikujemy wszystkie aktualne zam\u00f3wienia i zapytania ofertowe:[\/vc_column_text][\/vc_column][\/vc_row][vc_row][vc_column][\/vc_column][\/vc_row]<\/p>\n","protected":false},"author":21,"featured_media":0,"parent":2001,"menu_order":4,"comment_status":"closed","ping_status":"closed","template":"page-templates\/about_niw_sub_pages.php","meta":{"_acf_changed":false,"inline_featured_image":false,"footnotes":""},"class_list":["post-5225","page","type-page","status-publish","hentry"],"acf":[],"_links":{"self":[{"href":"https:\/\/niw.gov.pl\/bip\/wp-json\/wp\/v2\/pages\/5225","targetHints":{"allow":["GET"]}}],"collection":[{"href":"https:\/\/niw.gov.pl\/bip\/wp-json\/wp\/v2\/pages"}],"about":[{"href":"https:\/\/niw.gov.pl\/bip\/wp-json\/wp\/v2\/types\/page"}],"author":[{"embeddable":true,"href":"https:\/\/niw.gov.pl\/bip\/wp-json\/wp\/v2\/users\/21"}],"replies":[{"embeddable":true,"href":"https:\/\/niw.gov.pl\/bip\/wp-json\/wp\/v2\/comments?post=5225"}],"version-history":[{"count":1,"href":"https:\/\/niw.gov.pl\/bip\/wp-json\/wp\/v2\/pages\/5225\/revisions"}],"predecessor-version":[{"id":5228,"href":"https:\/\/niw.gov.pl\/bip\/wp-json\/wp\/v2\/pages\/5225\/revisions\/5228"}],"up":[{"embeddable":true,"href":"https:\/\/niw.gov.pl\/bip\/wp-json\/wp\/v2\/pages\/2001"}],"wp:attachment":[{"href":"https:\/\/niw.gov.pl\/bip\/wp-json\/wp\/v2\/media?parent=5225"}],"curies":[{"name":"wp","href":"https:\/\/api.w.org\/{rel}","templated":true}]}}