{"id":582,"date":"2021-04-09T08:59:41","date_gmt":"2021-04-09T08:59:41","guid":{"rendered":"https:\/\/niw.gov.pl\/bip\/?page_id=582"},"modified":"2021-07-27T13:34:52","modified_gmt":"2021-07-27T13:34:52","slug":"oferty-pracy-i-wyniki-rekrutacji","status":"publish","type":"page","link":"https:\/\/niw.gov.pl\/bip\/biuletyn-informacji-publicznej\/rekrutacja\/oferty-pracy-i-wyniki-rekrutacji\/","title":{"rendered":"Oferty pracy i wyniki rekrutacji"},"content":{"rendered":"<p>[vc_row][vc_column]<div class=\"sort_options sort\">\n<div id=\"custom-search-input\">\n<div class=\"input-group search_result_search\">\n<input type=\"text\" id=\"keynews\" class=\"  search-query form-control\" placeholder=\"Wpisz szukan&#261; fraz&#281;\" \/>\n<span class=\"input-group-btn\">\n<button id=\"newsListKeyby\" class=\"btn\" type=\"button\">\n<i class=\"fas fa-search\"><\/i><\/button>\n<\/span>\n<\/div>\n<\/div>\n\n<div class=\"dropdown sort_options_all\">\n    <button id=\"newsListSortby\" type=\"button\" class=\"sort_btn dropdown-toggle1 search_result_sort\" data-toggle=\"dropdown\">\n      Sortuj wg\n    <\/button>\n    <div class=\"dropdown-menu sort_drop\">\n      <a class=\"dropdown-item newssort\" href=\"javascript:void(0);\" data-sort=\"All\">Wszystkie<\/a>\n      <a class=\"dropdown-item newssort\" href=\"javascript:void(0);\" data-sort=\"Current\">Aktualne<\/a>\n      <a class=\"dropdown-item newssort\" href=\"javascript:void(0);\" data-sort=\"Archival\">Archiwalne<\/a> \n       <\/div>\n  <\/div>\n<\/div>\n\n\n\n\n\t\n\t<div class=\"job_box1\"><a href=\"https:\/\/niw.gov.pl\/bip\/oferty_pracy\/glowna-specjalistka-glowny-specjalista-starsza-specjalistka-starszy-specjalista-specjalistka-specjalista-w-biurze-ksiegowosci-i-finansow-nr-r2606\/\">\n<div class=\"job_box_title\">G\u0142\u00f3wna specjalistka\/g\u0142\u00f3wny specjalista\/starsza specjalistka\/starszy specjalista\/specjalistka\/specjalista w Biurze Ksi\u0119gowo\u015bci i Finans\u00f3w (nr R2606)\n<div class=\"job_box_title_date\">26.02.2026<\/div>\n<\/div><\/a>\n<div class=\"row\">\n<div class=\"col-lg-5 col-md-5 col-sm-12\"><div class=\"job_active\">\n<div class=\"job_img\"><img decoding=\"async\" src=\"https:\/\/niw.gov.pl\/bip\/wp-content\/themes\/niw\/images\/ic_job.png\" alt=\"ic_job.png\"><\/div> W toku<\/div> <div class=\"space_20\"><\/div>\n\nAplikacje przyjmowane do <span class=\"job_active\">18.03.2026<\/span>\n<\/div>\n<div class=\"col-lg-7 col-md-7 col-sm-12\">\n<a href=\"https:\/\/niw.gov.pl\/bip\/wp-content\/uploads\/2026\/02\/R2606_BKiF_2.pdf\"><div class=\"media_links1\"><button class=\"link_btn media_links_btn\" type=\"button\"> <img decoding=\"async\" src=\"https:\/\/niw.gov.pl\/bip\/wp-content\/themes\/niw\/images\/ic_link.png\" alt=\"ic_link.png\"> <\/button>\nG\u0142\u00f3wna specjalistka\/g\u0142\u00f3wny specjalista\/starsza specjalistka\/starszy specjalista\/specjalistka\/specjalista w Biurze Ksi\u0119gowo\u015bci i Finans\u00f3w (nr R2606)\n<\/div><\/a>\n\n<a href=\"https:\/\/niw.gov.pl\/bip\/wp-content\/uploads\/2021\/09\/1.-Oswiadczenia-i-zgoda-w-naborze-do-pracy-w-NIW-CRSO-2.pdf\"><div class=\"media_links1\"><button class=\"link_btn media_links_btn\" type=\"button\"> <img decoding=\"async\" src=\"https:\/\/niw.gov.pl\/bip\/wp-content\/themes\/niw\/images\/ic_link.png\" alt=\"ic_link.png\"> <\/button>\nO&#347;wiadczenie niezb&#281;dne w naborze\n<\/div><\/a>\n<\/div>\n<\/div>\n\n<div class=\"space_20\"><\/div><\/div>\n\t\n\t<div class=\"job_box1\"><a href=\"https:\/\/niw.gov.pl\/bip\/oferty_pracy\/glowna-specjalistka-glowny-specjalista-starsza-specjalistka-starszy-specjalista-w-krajowym-punkcie-kontaktowym-programu-obywatele-rownosc-prawa-i-wartosci-cerv-w-polsce-nr-r2605\/\">\n<div class=\"job_box_title\">G\u0142\u00f3wna specjalistka\/g\u0142\u00f3wny specjalista\/starsza specjalistka\/starszy specjalista w Krajowym Punkcie Kontaktowym Programu \u201cObywatele, R\u00f3wno\u015b\u0107, Prawa i Warto\u015bci\u201d (CERV) w Polsce (nr R2605)\n<div class=\"job_box_title_date\">26.02.2026<\/div>\n<\/div><\/a>\n<div class=\"row\">\n<div class=\"col-lg-5 col-md-5 col-sm-12\"><div class=\"job_active\">\n<div class=\"job_img\"><img decoding=\"async\" src=\"https:\/\/niw.gov.pl\/bip\/wp-content\/themes\/niw\/images\/ic_job.png\" alt=\"ic_job.png\"><\/div> W toku<\/div> <div class=\"space_20\"><\/div>\n\nAplikacje przyjmowane do <span class=\"job_active\">22.03.2026<\/span>\n<\/div>\n<div class=\"col-lg-7 col-md-7 col-sm-12\">\n<a href=\"https:\/\/niw.gov.pl\/bip\/wp-content\/uploads\/2026\/02\/R2605_ogloszenie-CERV.pdf\"><div class=\"media_links1\"><button class=\"link_btn media_links_btn\" type=\"button\"> <img decoding=\"async\" src=\"https:\/\/niw.gov.pl\/bip\/wp-content\/themes\/niw\/images\/ic_link.png\" alt=\"ic_link.png\"> <\/button>\nG\u0142\u00f3wna specjalistka\/g\u0142\u00f3wny specjalista\/starsza specjalistka\/starszy specjalista w Krajowym Punkcie Kontaktowym Programu \u201cObywatele, R\u00f3wno\u015b\u0107, Prawa i Warto\u015bci\u201d (CERV) w Polsce (nr R2605)\n<\/div><\/a>\n\n<a href=\"https:\/\/niw.gov.pl\/bip\/wp-content\/uploads\/2021\/09\/1.-Oswiadczenia-i-zgoda-w-naborze-do-pracy-w-NIW-CRSO-2.pdf\"><div class=\"media_links1\"><button class=\"link_btn media_links_btn\" type=\"button\"> <img decoding=\"async\" src=\"https:\/\/niw.gov.pl\/bip\/wp-content\/themes\/niw\/images\/ic_link.png\" alt=\"ic_link.png\"> <\/button>\nO&#347;wiadczenie niezb&#281;dne w naborze\n<\/div><\/a>\n<\/div>\n<\/div>\n\n<div class=\"space_20\"><\/div><\/div>\n\t\n\t<div class=\"job_box1\"><a href=\"https:\/\/niw.gov.pl\/bip\/oferty_pracy\/starsza-specjalistka-starszy-specjalista-specjalistka-specjalista-do-obslugi-programow-dotacyjnych-nr-r2604\/\">\n<div class=\"job_box_title\">Starsza specjalistka\/starszy specjalista\/specjalistka\/specjalista do obs\u0142ugi program\u00f3w dotacyjnych (nr R2604)\n<div class=\"job_box_title_date\">02.02.2026<\/div>\n<\/div><\/a>\n<div class=\"row\">\n<div class=\"col-lg-5 col-md-5 col-sm-12\"><div class=\"job_active\">\n<div class=\"job_img\"><img decoding=\"async\" src=\"https:\/\/niw.gov.pl\/bip\/wp-content\/themes\/niw\/images\/ic_job.png\" alt=\"ic_job.png\"><\/div> W toku<\/div> <div class=\"space_20\"><\/div>\n\nAplikacje przyjmowane do <span class=\"job_active\">23.02.2026<\/span>\n<\/div>\n<div class=\"col-lg-7 col-md-7 col-sm-12\">\n<a href=\"https:\/\/niw.gov.pl\/bip\/wp-content\/uploads\/2026\/02\/R2604_dotacje.pdf\"><div class=\"media_links1\"><button class=\"link_btn media_links_btn\" type=\"button\"> <img decoding=\"async\" src=\"https:\/\/niw.gov.pl\/bip\/wp-content\/themes\/niw\/images\/ic_link.png\" alt=\"ic_link.png\"> <\/button>\nStarsza specjalistka\/starszy specjalista\/specjalistka\/specjalista do obs\u0142ugi program\u00f3w dotacyjnych (nr R2604)\n<\/div><\/a>\n\n<a href=\"https:\/\/niw.gov.pl\/bip\/wp-content\/uploads\/2021\/09\/1.-Oswiadczenia-i-zgoda-w-naborze-do-pracy-w-NIW-CRSO-2.pdf\"><div class=\"media_links1\"><button class=\"link_btn media_links_btn\" type=\"button\"> <img decoding=\"async\" src=\"https:\/\/niw.gov.pl\/bip\/wp-content\/themes\/niw\/images\/ic_link.png\" alt=\"ic_link.png\"> <\/button>\nO&#347;wiadczenie niezb&#281;dne w naborze\n<\/div><\/a>\n<\/div>\n<\/div>\n\n<div class=\"space_20\"><\/div><\/div>\n\t\n\t<div class=\"job_box1\"><a href=\"https:\/\/niw.gov.pl\/bip\/oferty_pracy\/glowna-specjalistka-glowny-specjalista-w-biurze-komunikacji-i-analiz-nr-r2601\/\">\n<div class=\"job_box_title\">G\u0142\u00f3wna specjalistka\/g\u0142\u00f3wny specjalista w Biurze Komunikacji i Analiz (nr R2601)\n<div class=\"job_box_title_date\">23.01.2026<\/div>\n<\/div><\/a>\n<div class=\"row\">\n<div class=\"col-lg-5 col-md-5 col-sm-12\"><div class=\"job_active\">\n<div class=\"job_img\"><img decoding=\"async\" src=\"https:\/\/niw.gov.pl\/bip\/wp-content\/themes\/niw\/images\/ic_job.png\" alt=\"ic_job.png\"><\/div> W toku<\/div> <div class=\"space_20\"><\/div>\n\nAplikacje przyjmowane do <span class=\"job_active\">02.03.2026<\/span>\n<\/div>\n<div class=\"col-lg-7 col-md-7 col-sm-12\">\n<a href=\"https:\/\/niw.gov.pl\/bip\/wp-content\/uploads\/2026\/01\/R2601_BKiA_przedluzenie-terminu.pdf\"><div class=\"media_links1\"><button class=\"link_btn media_links_btn\" type=\"button\"> <img decoding=\"async\" src=\"https:\/\/niw.gov.pl\/bip\/wp-content\/themes\/niw\/images\/ic_link.png\" alt=\"ic_link.png\"> <\/button>\nG\u0142\u00f3wna specjalistka\/g\u0142\u00f3wny specjalista w Biurze Komunikacji i Analiz (nr R2601) - przed\u0142u\u017cenie terminu na sk\u0142adanie ofert\n<\/div><\/a>\n\n<a href=\"https:\/\/niw.gov.pl\/bip\/wp-content\/uploads\/2021\/09\/1.-Oswiadczenia-i-zgoda-w-naborze-do-pracy-w-NIW-CRSO-2.pdf\"><div class=\"media_links1\"><button class=\"link_btn media_links_btn\" type=\"button\"> <img decoding=\"async\" src=\"https:\/\/niw.gov.pl\/bip\/wp-content\/themes\/niw\/images\/ic_link.png\" alt=\"ic_link.png\"> <\/button>\nO&#347;wiadczenie niezb&#281;dne w naborze\n<\/div><\/a>\n<\/div>\n<\/div>\n\n<div class=\"space_20\"><\/div><\/div>\n  <nav aria-label=\"Page navigation\">\r\n\t\t\t<h2 id=\"posts-nav-label\" class=\"sr-only\">Nawigacja post\u00f3w <\/h2>\r\n\t\t\t<ul class=\"pagination right \"><li class=\"page-item\"><span class=\"page-link previous empty\"><i class=\"fas fa-chevron-left\"><\/i><\/span><\/li><li class=\"page-item\"><span aria-current=\"page\" class=\"page-link  current\">1<\/span><\/li><li class=\"page-item\"><a class=\"page-link\" href=\"https:\/\/niw.gov.pl\/bip\/wp-json\/wp\/v2\/pages\/582\/page\/2\/\">2<\/a><\/li><li class=\"page-item\"><span class=\"page-link dots\">&hellip;<\/span><\/li><li class=\"page-item\"><a class=\"page-link\" href=\"https:\/\/niw.gov.pl\/bip\/wp-json\/wp\/v2\/pages\/582\/page\/30\/\">30<\/a><\/li><li class=\"page-item\"><a class=\"next page-link \" href=\"https:\/\/niw.gov.pl\/bip\/wp-json\/wp\/v2\/pages\/582\/page\/2\/\"><i class=\"fas fa-arrow-right\"><\/i><\/a><\/li><\/ul>\r\n\r\n\t\t<\/nav>\n   <div class=\"space_60\"><\/div>\n<div class=\"row\">\n\n  <div class=\"col-lg-8 col-md-8 col-sm-12\">\n  \n<button class=\"red_btn history_btn1\"  onClick=\"javascript:history.go(-1)\" type=\"button\">wr&oacute;&#263;<\/button>\n<\/div>\n <div class=\"col-lg-4 col-md-4 col-sm-12\">\n<span class=\"a2a_kit a2a_kit_size_32\" data-a2a-url=\"#\" data-a2a-title=\"Homing :: NIW\">\n<a class=\"addtoany\" href=\"#\"><button class=\"system_btn print_btn\" type=\"button\"> &nbsp; POWIADOM ZNAJOMEGO <\/button><\/a>\n\n<\/span><\/div><\/div>[\/vc_column][\/vc_row]<\/p>\n","protected":false},"excerpt":{"rendered":"<p>[vc_row][vc_column][\/vc_column][\/vc_row]<\/p>\n","protected":false},"author":1,"featured_media":0,"parent":521,"menu_order":1,"comment_status":"closed","ping_status":"closed","template":"page-templates\/about_niw_sub_pages.php","meta":{"_acf_changed":false,"inline_featured_image":false,"footnotes":""},"class_list":["post-582","page","type-page","status-publish","hentry"],"acf":[],"_links":{"self":[{"href":"https:\/\/niw.gov.pl\/bip\/wp-json\/wp\/v2\/pages\/582","targetHints":{"allow":["GET"]}}],"collection":[{"href":"https:\/\/niw.gov.pl\/bip\/wp-json\/wp\/v2\/pages"}],"about":[{"href":"https:\/\/niw.gov.pl\/bip\/wp-json\/wp\/v2\/types\/page"}],"author":[{"embeddable":true,"href":"https:\/\/niw.gov.pl\/bip\/wp-json\/wp\/v2\/users\/1"}],"replies":[{"embeddable":true,"href":"https:\/\/niw.gov.pl\/bip\/wp-json\/wp\/v2\/comments?post=582"}],"version-history":[{"count":1,"href":"https:\/\/niw.gov.pl\/bip\/wp-json\/wp\/v2\/pages\/582\/revisions"}],"predecessor-version":[{"id":3910,"href":"https:\/\/niw.gov.pl\/bip\/wp-json\/wp\/v2\/pages\/582\/revisions\/3910"}],"up":[{"embeddable":true,"href":"https:\/\/niw.gov.pl\/bip\/wp-json\/wp\/v2\/pages\/521"}],"wp:attachment":[{"href":"https:\/\/niw.gov.pl\/bip\/wp-json\/wp\/v2\/media?parent=582"}],"curies":[{"name":"wp","href":"https:\/\/api.w.org\/{rel}","templated":true}]}}