{"id":16091,"date":"2021-03-26T13:08:57","date_gmt":"2021-03-26T13:08:57","guid":{"rendered":"http:\/\/niw.gov.pl\/nasze-programy\/"},"modified":"2021-07-19T07:06:13","modified_gmt":"2021-07-19T07:06:13","slug":"our-programmes","status":"publish","type":"page","link":"https:\/\/niw.gov.pl\/en\/our-programmes\/","title":{"rendered":"Our Programmes"},"content":{"rendered":"<p>[vc_row][vc_column][vc_column_text]Narodowy Instytut Wolno\u015bci \u2013 Centrum Rozwoju Spo\u0142ecze\u0144stwa Obywatelskiego jest rz\u0105dow\u0105 agencj\u0105 wykonawcz\u0105 operuj\u0105c\u0105 programami, umo\u017cliwiaj\u0105cymi pozyskanie dotacji. Obecnie zarz\u0105dzamy, b\u0105d\u017a planujemy uruchomienie wkr\u00f3tce \u2013 6 program\u00f3w maj\u0105cych za zadanie wspiera\u0107 tworzenie si\u0119 silnego spo\u0142ecze\u0144stwa obywatelskiego:[\/vc_column_text][vc_separator][\/vc_column][\/vc_row][vc_row][vc_column]<a href=\"http:\/\/niw.gov.pl\/en\/our-programs\/csodp\/\">\n\t<div class=\"oniw_box\">\n<div class=\"oniw_box_img\"><img decoding=\"async\" src=\"https:\/\/niw.gov.pl\/wp-content\/uploads\/2021\/07\/CSO_logoENfull_CMYK-01-e1626617887448.png\" alt=\"https:\/\/niw.gov.pl\/wp-content\/uploads\/2021\/07\/CSO_logoENfull_CMYK-01-e1626617887448.png\"><\/div>\n<div class=\"oniw_box_text\">\n<h5>Civil Society Organisations Development Programme<\/h5>\nThe Civil Society Organisations Development Programme for 2018-2030 (CSODP) is the first ever direct support programme for the development of Polish civil organisations. Subsidies under the programme are allocated to the institutional development of the organisation and the implementation of their statutory objectives.\n<div class=\"space_20\"><\/div>\n<a href=\"http:\/\/niw.gov.pl\/en\/our-programs\/csodp\/\">\n<button class=\"download_btn\" type=\"button\"> <img decoding=\"async\" src=\"https:\/\/niw.gov.pl\/wp-content\/themes\/niw\/images\/arrow6.png\" alt=\"arrow6.png\"><\/button><\/a>\n<\/div>\n<\/div><\/a>\n\t<a href=\"http:\/\/niw.gov.pl\/en\/our-programs\/newcif\/\">\n\t<div class=\"oniw_box\">\n<div class=\"oniw_box_img\"><img decoding=\"async\" src=\"https:\/\/niw.gov.pl\/wp-content\/uploads\/2021\/05\/NEW-CIF_logoENfull_CMYK-01-e1626438008393.png\" alt=\"https:\/\/niw.gov.pl\/wp-content\/uploads\/2021\/05\/NEW-CIF_logoENfull_CMYK-01-e1626438008393.png\"><\/div>\n<div class=\"oniw_box_text\">\n<h5>The Civil Initiatives Fund NEWCIF<\/h5>\nThe Civil Initiatives Fund NEWCIF for 2021-2030 constitutes a continuation of a well-known governmental programme addressed to non-governmental sector.\u00a0The main goal of the program is the promotion of social activity, activation and formation of civic conduct in society.\n<div class=\"space_20\"><\/div>\n<a href=\"http:\/\/niw.gov.pl\/en\/our-programs\/newcif\/\">\n<button class=\"download_btn\" type=\"button\"> <img decoding=\"async\" src=\"https:\/\/niw.gov.pl\/wp-content\/themes\/niw\/images\/arrow6.png\" alt=\"arrow6.png\"><\/button><\/a>\n<\/div>\n<\/div><\/a>\n\t<a href=\"http:\/\/niw.gov.pl\/en\/our-programs\/solidarity-corps\/\">\n\t<div class=\"oniw_box\">\n<div class=\"oniw_box_img\"><img decoding=\"async\" src=\"https:\/\/niw.gov.pl\/wp-content\/uploads\/2021\/07\/SolidarityCorps_logoENfull_CMYK-e1626670491816.png\" alt=\"https:\/\/niw.gov.pl\/wp-content\/uploads\/2021\/07\/SolidarityCorps_logoENfull_CMYK-e1626670491816.png\"><\/div>\n<div class=\"oniw_box_text\">\n<h5>Solidarity Corps<\/h5>\nThe Long-term Volunteering\u2019s Support and Development Programme for 2018-2030 (The Solidarity Corps) is a long-term volunteering programme which aims to provide comprehensive support for the development of a long-term relationship between volunteers and institutions using their services.\n<div class=\"space_20\"><\/div>\n<a href=\"http:\/\/niw.gov.pl\/en\/our-programs\/solidarity-corps\/\">\n<button class=\"download_btn\" type=\"button\"> <img decoding=\"async\" src=\"https:\/\/niw.gov.pl\/wp-content\/themes\/niw\/images\/arrow6.png\" alt=\"arrow6.png\"><\/button><\/a>\n<\/div>\n<\/div><\/a>\n\t<a href=\"http:\/\/niw.gov.pl\/en\/our-programs\/smdp\/\">\n\t<div class=\"oniw_box\">\n<div class=\"oniw_box_img\"><img decoding=\"async\" src=\"https:\/\/niw.gov.pl\/wp-content\/uploads\/2021\/07\/SMD_logoENfull_CMYK-01-e1626670848253.png\" alt=\"https:\/\/niw.gov.pl\/wp-content\/uploads\/2021\/07\/SMD_logoENfull_CMYK-01-e1626670848253.png\"><\/div>\n<div class=\"oniw_box_text\">\n<h5>Scout Movement Development<\/h5>\nThe Scout Movement Development Governmental Programme for 2018-2030 is a new form of support for scouting organisations, which are an important partner of the state in activities for the development and upbringing of young people. \n<div class=\"space_20\"><\/div>\n<a href=\"http:\/\/niw.gov.pl\/en\/our-programs\/smdp\/\">\n<button class=\"download_btn\" type=\"button\"> <img decoding=\"async\" src=\"https:\/\/niw.gov.pl\/wp-content\/themes\/niw\/images\/arrow6.png\" alt=\"arrow6.png\"><\/button><\/a>\n<\/div>\n<\/div><\/a>\n\t<a href=\"http:\/\/niw.gov.pl\/en\/our-programs\/folk-universities\/\">\n\t<div class=\"oniw_box\">\n<div class=\"oniw_box_img\"><img decoding=\"async\" src=\"https:\/\/niw.gov.pl\/wp-content\/uploads\/2021\/07\/FolkUniversities_logoENfull_CMYK-01-e1626671333456.png\" alt=\"https:\/\/niw.gov.pl\/wp-content\/uploads\/2021\/07\/FolkUniversities_logoENfull_CMYK-01-e1626671333456.png\"><\/div>\n<div class=\"oniw_box_text\">\n<h5>Folk Universities<\/h5>\nThe Folk Universities Development Programme for 2020-2030 is the first programme in Poland with the main goal to develop adult education in the form of Grundtvigian folk universities.\n<div class=\"space_20\"><\/div>\n<a href=\"http:\/\/niw.gov.pl\/en\/our-programs\/folk-universities\/\">\n<button class=\"download_btn\" type=\"button\"> <img decoding=\"async\" src=\"https:\/\/niw.gov.pl\/wp-content\/themes\/niw\/images\/arrow6.png\" alt=\"arrow6.png\"><\/button><\/a>\n<\/div>\n<\/div><\/a>\n\t<a href=\"http:\/\/niw.gov.pl\/en\/our-programs\/imc\/\">\n\t<div class=\"oniw_box\">\n<div class=\"oniw_box_img\"><img decoding=\"async\" src=\"https:\/\/niw.gov.pl\/wp-content\/uploads\/2021\/07\/MDS2.3._Obszar-roboczy-1-e1626437212754.png\" alt=\"https:\/\/niw.gov.pl\/wp-content\/uploads\/2021\/07\/MDS2.3._Obszar-roboczy-1-e1626437212754.png\"><\/div>\n<div class=\"oniw_box_text\">\n<h5>International Meeting Centres<\/h5>\nThe main objective of the programme is to promote networking between societies in the EU and beyond, to promote solidarity and intercultural understanding, and to promote the national heritage of Poles and the history of Poland.\n<div class=\"space_20\"><\/div>\n<a href=\"http:\/\/niw.gov.pl\/en\/our-programs\/imc\/\">\n<button class=\"download_btn\" type=\"button\"> <img decoding=\"async\" src=\"https:\/\/niw.gov.pl\/wp-content\/themes\/niw\/images\/arrow6.png\" alt=\"arrow6.png\"><\/button><\/a>\n<\/div>\n<\/div><\/a>\n\t<a href=\"http:\/\/niw.gov.pl\/en\/our-programs\/covid-19-programme\/\">\n\t<div class=\"oniw_box\">\n<div class=\"oniw_box_img\"><img decoding=\"async\" src=\"https:\/\/niw.gov.pl\/wp-content\/uploads\/2021\/07\/COVID_LOGO_ENG_OTWARTY-e1626707664251.png\" alt=\"https:\/\/niw.gov.pl\/wp-content\/uploads\/2021\/07\/COVID_LOGO_ENG_OTWARTY-e1626707664251.png\"><\/div>\n<div class=\"oniw_box_text\">\n<h5>COVID-19 Programme<\/h5>\nTemporary Programme for Support of NGOs and Preventing the Impact of Covid-19\n<div class=\"space_20\"><\/div>\n<a href=\"http:\/\/niw.gov.pl\/en\/our-programs\/covid-19-programme\/\">\n<button class=\"download_btn\" type=\"button\"> <img decoding=\"async\" src=\"https:\/\/niw.gov.pl\/wp-content\/themes\/niw\/images\/arrow6.png\" alt=\"arrow6.png\"><\/button><\/a>\n<\/div>\n<\/div><\/a>\n\t<a href=\"http:\/\/niw.gov.pl\/en\/pbo\/\">\n\t<div class=\"oniw_box\">\n<div class=\"oniw_box_img\"><img decoding=\"async\" src=\"https:\/\/niw.gov.pl\/wp-content\/uploads\/2021\/04\/logo_opp_kolor-e1626348651684.png\" alt=\"https:\/\/niw.gov.pl\/wp-content\/uploads\/2021\/04\/logo_opp_kolor-e1626348651684.png\"><\/div>\n<div class=\"oniw_box_text\">\n<h5>Public Benefit Organisations<\/h5>\nNFI deals with public benefit organizations within the scope specified in the Act on Public Benefit and Volunteer Work. The National Freedom Institute is an executive agency within the meaning of the Act of August 27, 2009. on public finance (Journal of Laws of 2016, item 1870, as amended2) appointed to carry out tasks in\n<div class=\"space_20\"><\/div>\n<a href=\"http:\/\/niw.gov.pl\/en\/pbo\/\">\n<button class=\"download_btn\" type=\"button\"> <img decoding=\"async\" src=\"https:\/\/niw.gov.pl\/wp-content\/themes\/niw\/images\/arrow6.png\" alt=\"arrow6.png\"><\/button><\/a>\n<\/div>\n<\/div><\/a>\n\t[\/vc_column][\/vc_row][vc_row][vc_column][vc_empty_space height=&#8221;80px&#8221;][vc_column_text]<iframe loading=\"lazy\" title=\"YouTube video player\" src=\"https:\/\/www.youtube.com\/embed\/L2mT4S5L6YA\" width=\"100%\" height=\"360\" frameborder=\"0\" allowfullscreen=\"allowfullscreen\"><\/iframe>[\/vc_column_text][vc_empty_space height=&#8221;40px&#8221;][\/vc_column][\/vc_row][vc_row][vc_column][vc_column_text]<iframe loading=\"lazy\" title=\"YouTube video player\" src=\"https:\/\/www.youtube.com\/embed\/RJXIgEf_85U\" width=\"100%\" height=\"360\" frameborder=\"0\" allowfullscreen=\"allowfullscreen\"><\/iframe>[\/vc_column_text][\/vc_column][\/vc_row][vc_row][vc_column][vc_raw_html]JTNDZGl2JTIwY2xhc3MlM0QlMjJzcGFjZV82MCUyMiUzRSUzQyUyRmRpdiUzRSUwQSUzQ2J1dHRvbiUyMGNsYXNzJTNEJTIycmVkX2J0biUyMGhpc3RvcnlfYnRuMSUyMiUyMCUyMG9uQ2xpY2slM0QlMjJqYXZhc2NyaXB0JTNBaGlzdG9yeS5nbyUyOC0xJTI5JTIyJTIwdHlwZSUzRCUyMmJ1dHRvbiUyMiUzRWJhY2slM0MlMkZidXR0b24lM0U=[\/vc_raw_html][\/vc_column][\/vc_row]<\/p>\n","protected":false},"excerpt":{"rendered":"<p>[vc_row][vc_column][vc_column_text]Narodowy Instytut Wolno\u015bci \u2013 Centrum Rozwoju Spo\u0142ecze\u0144stwa Obywatelskiego jest rz\u0105dow\u0105 agencj\u0105 wykonawcz\u0105 operuj\u0105c\u0105 programami, umo\u017cliwiaj\u0105cymi pozyskanie dotacji. Obecnie zarz\u0105dzamy, b\u0105d\u017a planujemy uruchomienie wkr\u00f3tce \u2013 6 program\u00f3w maj\u0105cych za zadanie wspiera\u0107 tworzenie si\u0119 silnego spo\u0142ecze\u0144stwa obywatelskiego:[\/vc_column_text][vc_separator][\/vc_column][\/vc_row][vc_row][vc_column][\/vc_column][\/vc_row][vc_row][vc_column][vc_empty_space height=&#8221;80px&#8221;][vc_column_text][\/vc_column_text][vc_empty_space height=&#8221;40px&#8221;][\/vc_column][\/vc_row][vc_row][vc_column][vc_column_text][\/vc_column_text][\/vc_column][\/vc_row][vc_row][vc_column][vc_raw_html]JTNDZGl2JTIwY2xhc3MlM0QlMjJzcGFjZV82MCUyMiUzRSUzQyUyRmRpdiUzRSUwQSUzQ2J1dHRvbiUyMGNsYXNzJTNEJTIycmVkX2J0biUyMGhpc3RvcnlfYnRuMSUyMiUyMCUyMG9uQ2xpY2slM0QlMjJqYXZhc2NyaXB0JTNBaGlzdG9yeS5nbyUyOC0xJTI5JTIyJTIwdHlwZSUzRCUyMmJ1dHRvbiUyMiUzRWJhY2slM0MlMkZidXR0b24lM0U=[\/vc_raw_html][\/vc_column][\/vc_row]<\/p>\n","protected":false},"author":46,"featured_media":0,"parent":0,"menu_order":1,"comment_status":"closed","ping_status":"closed","template":"page-templates\/nasze_programy_page.php","meta":{"_acf_changed":false,"inline_featured_image":false,"footnotes":""},"class_list":["post-16091","page","type-page","status-publish","hentry"],"acf":[],"_links":{"self":[{"href":"https:\/\/niw.gov.pl\/en\/wp-json\/wp\/v2\/pages\/16091","targetHints":{"allow":["GET"]}}],"collection":[{"href":"https:\/\/niw.gov.pl\/en\/wp-json\/wp\/v2\/pages"}],"about":[{"href":"https:\/\/niw.gov.pl\/en\/wp-json\/wp\/v2\/types\/page"}],"author":[{"embeddable":true,"href":"https:\/\/niw.gov.pl\/en\/wp-json\/wp\/v2\/users\/46"}],"replies":[{"embeddable":true,"href":"https:\/\/niw.gov.pl\/en\/wp-json\/wp\/v2\/comments?post=16091"}],"version-history":[{"count":11,"href":"https:\/\/niw.gov.pl\/en\/wp-json\/wp\/v2\/pages\/16091\/revisions"}],"predecessor-version":[{"id":19323,"href":"https:\/\/niw.gov.pl\/en\/wp-json\/wp\/v2\/pages\/16091\/revisions\/19323"}],"wp:attachment":[{"href":"https:\/\/niw.gov.pl\/en\/wp-json\/wp\/v2\/media?parent=16091"}],"curies":[{"name":"wp","href":"https:\/\/api.w.org\/{rel}","templated":true}]}}