{"id":16100,"date":"2021-04-22T08:51:24","date_gmt":"2021-04-22T08:51:24","guid":{"rendered":"http:\/\/niw.gov.pl\/nasze-programy\/proo\/edycja-2021\/priorytet-1b\/"},"modified":"2021-07-13T06:45:36","modified_gmt":"2021-07-13T06:45:36","slug":"priority-1b","status":"publish","type":"page","link":"https:\/\/niw.gov.pl\/en\/our-programmes\/csodp\/edition-2021\/priority-1b\/","title":{"rendered":"Priority 1b"},"content":{"rendered":"<p>[vc_row][vc_column][vc_custom_heading text=&#8221;Dotacje na wk\u0142ad w\u0142asny w projektach mi\u0119dzynarodowych&#8221; font_container=&#8221;tag:h3|text_align:left&#8221; use_theme_fonts=&#8221;yes&#8221;][vc_empty_space][\/vc_column][\/vc_row][vc_row][vc_column][vc_column_text el_class=&#8221;subpage&#8221;]Uwaga konkurs PROO 1b!!!<\/p>\n<h4>Uruchamiamy nab\u00f3r wniosk\u00f3w w ramach Programu Rozwoju Organizacji Obywatelskich na lata 2018\u20132030 PROO \u2013 Priorytet 1b. Dotacje na wk\u0142ad w\u0142asny w projektach mi\u0119dzynarodowych. Edycja 2021<\/h4>\n<p>[\/vc_column_text][vc_column_text el_class=&#8221;subpage&#8221;]W ramach otwartego konkursu organizacje mog\u0105 uzyska\u0107 wsparcie na pokrycie wymaganego wk\u0142adu w\u0142asnego, kt\u00f3ry pozwoli na:<\/p>\n<p>&nbsp;<\/p>\n<ul>\n<li>udzia\u0142 organizacji obywatelskich w projektach mi\u0119dzynarodowych,<\/li>\n<li>realizacj\u0119 projekt\u00f3w w ramach program\u00f3w wdra\u017canych przez instytucje zagraniczne,<\/li>\n<li>realizacj\u0119 projekt\u00f3w w ramach program\u00f3w ponadnarodowych.<\/li>\n<\/ul>\n<p>Warto\u015b\u0107 \u015brodk\u00f3w przeznaczonych na dotacje dla organizacji w ramach konkursu w 2021 r. wynosi 500 000 z\u0142. Szacunkowe alokacje na kolejne lata wynosz\u0105 odpowiednio 500 000 z\u0142 w 2022 r. i 500\u00a0000 z\u0142 w 2023 r.[\/vc_column_text][vc_column_text]Wnioski mo\u017cna sk\u0142ada\u0107\u00a0<strong>od dnia 12.04.2021 r. od godz. 14:00 do 11.05.2021 r. do godz. 14:00 poprzez\u00a0<a class=\"red\" href=\"https:\/\/generator.niw.gov.pl\/login\">generator.niw.gov.pl.<\/a><\/strong>[\/vc_column_text][vc_column_text]Warto\u015b\u0107 dotacji, o kt\u00f3r\u0105 mo\u017cna aplikowa\u0107 wynosi maksymalnie 500 tys. z\u0142 (nie wi\u0119cej ni\u017c minimalny wymagany przez instytucj\u0119 organizuj\u0105c\u0105 konkurs, wk\u0142ad w\u0142asny). Dotacja mo\u017ce by\u0107 udzielona na okres 36 miesi\u0119cy.[\/vc_column_text][vc_column_text]Pytania dotycz\u0105ce konkursu mo\u017cna zadawa\u0107 poprzez formularz kontaktowy PROO, poczt\u0105 elektroniczn\u0105 na adres\u00a0<a class=\"red\" href=\"mailto:proo@niw.gov.pl\">proo@niw.gov.pl<\/a>\u00a0lub pod nr tel. 885\u00a0221\u00a0531 w godz. 10:00 \u2013 14:00. Zach\u0119camy do zapoznania si\u0119 z\u00a0<a class=\"red\" href=\"http:\/\/niw.gov.pl\/wp-content\/uploads\/2021\/04\/PROO_1b_Regulamin_2021.pdf\" target=\"_blank\" rel=\"noopener\"><i class=\"fas fa-link\"><\/i> Regulaminem Konkursu<\/a>.[\/vc_column_text][vc_column_text]Wszystkie dokumenty znajduj\u0105 si\u0119 r\u00f3wnie\u017c pod adresem\u00a0<a class=\"red\" href=\"https:\/\/generator.niw.gov.pl\/login\" target=\"_blank\" rel=\"noopener\">generator.niw.gov.p<\/a>l.[\/vc_column_text][\/vc_column][\/vc_row][vc_row][vc_column][vc_custom_heading text=&#8221;Wi\u0119cej informacji do pobrania&#8221; font_container=&#8221;tag:h4|text_align:left&#8221; use_theme_fonts=&#8221;yes&#8221;][vc_empty_space][vc_row_inner][vc_column_inner width=&#8221;1\/2&#8243;]<div class=\"row\">\n\t\t\t\t<div class=\"col-lg-12 col-md-12 col-sm-12 media_text\">\n\t\t\t\t\t<div class=\"download_box\">\n\t\t\t\t<div class=\"download_text\">\n\t\t\t\t\t<a href=\"https:\/\/niw.gov.pl\/wp-content\/uploads\/2021\/04\/PROO_1b_Regulamin_2021.pdf\" download>Regulamin<\/a><\/div><br><br><span><img decoding=\"async\" src=\"https:\/\/niw.gov.pl\/wp-content\/themes\/niw\/images\/PDF.png\" alt=\"PDF.png\"><\/button> 1.43MB<\/span><a href=\"https:\/\/niw.gov.pl\/wp-content\/uploads\/2021\/04\/PROO_1b_Regulamin_2021.pdf\" download><button class=\"download_btn\" type=\"button\"> <img decoding=\"async\" src=\"https:\/\/niw.gov.pl\/wp-content\/themes\/niw\/images\/arrow7.png\" alt=\"arrow7.png\"><\/button><\/a> <div class=\"clr\">\n\n<\/div><\/div><\/div><\/div><div class=\"row\">\n\t\t\t\t<div class=\"col-lg-12 col-md-12 col-sm-12 media_text\">\n\t\t\t\t\t<div class=\"download_box\">\n\t\t\t\t<div class=\"download_text\">\n\t\t\t\t\t<a href=\"https:\/\/niw.gov.pl\/wp-content\/uploads\/2021\/04\/FAQ-PROO1-B-2021.pdf\" download>FAQ<\/a><\/div><br><br><span><img decoding=\"async\" src=\"https:\/\/niw.gov.pl\/wp-content\/themes\/niw\/images\/PDF.png\" alt=\"PDF.png\"><\/button> 1.30MB<\/span><a href=\"https:\/\/niw.gov.pl\/wp-content\/uploads\/2021\/04\/FAQ-PROO1-B-2021.pdf\" download><button class=\"download_btn\" type=\"button\"> <img decoding=\"async\" src=\"https:\/\/niw.gov.pl\/wp-content\/themes\/niw\/images\/arrow7.png\" alt=\"arrow7.png\"><\/button><\/a> <div class=\"clr\">\n\n<\/div><\/div><\/div><\/div>[\/vc_column_inner][vc_column_inner width=&#8221;1\/2&#8243;]<div class=\"row\">\n\t\t\t\t<div class=\"col-lg-12 col-md-12 col-sm-12 media_text\">\n\t\t\t\t\t<div class=\"download_box\">\n\t\t\t\t<div class=\"download_text\">\n\t\t\t\t\t<a href=\"https:\/\/niw.gov.pl\/wp-content\/uploads\/2021\/04\/Podrecznik-dla-Wnioskodawcow-PROO-1B-2021.pdf\" download>Podr\u0119cznik dla Wnioskodawc\u00f3w<\/a><\/div><br><br><span><img decoding=\"async\" src=\"https:\/\/niw.gov.pl\/wp-content\/themes\/niw\/images\/PDF.png\" alt=\"PDF.png\"><\/button> 0.02GB<\/span><a href=\"https:\/\/niw.gov.pl\/wp-content\/uploads\/2021\/04\/Podrecznik-dla-Wnioskodawcow-PROO-1B-2021.pdf\" download><button class=\"download_btn\" type=\"button\"> <img decoding=\"async\" src=\"https:\/\/niw.gov.pl\/wp-content\/themes\/niw\/images\/arrow7.png\" alt=\"arrow7.png\"><\/button><\/a> <div class=\"clr\">\n\n<\/div><\/div><\/div><\/div><div class=\"row\">\n\t\t\t\t<div class=\"col-lg-12 col-md-12 col-sm-12 media_text\">\n\t\t\t\t\t<div class=\"download_box\">\n\t\t\t\t<div class=\"download_text\">\n\t\t\t\t\t<a href=\"https:\/\/niw.gov.pl\/wp-content\/uploads\/2021\/04\/Niezbednik-eksperta-PROO-1B-2021.pdf\" download>Niezb\u0119dnik eksperta<\/a><\/div><br><br><span><img decoding=\"async\" src=\"https:\/\/niw.gov.pl\/wp-content\/themes\/niw\/images\/PDF.png\" alt=\"PDF.png\"><\/button> 1.93MB<\/span><a href=\"https:\/\/niw.gov.pl\/wp-content\/uploads\/2021\/04\/Niezbednik-eksperta-PROO-1B-2021.pdf\" download><button class=\"download_btn\" type=\"button\"> <img decoding=\"async\" src=\"https:\/\/niw.gov.pl\/wp-content\/themes\/niw\/images\/arrow7.png\" alt=\"arrow7.png\"><\/button><\/a> <div class=\"clr\">\n\n<\/div><\/div><\/div><\/div>[\/vc_column_inner][\/vc_row_inner][\/vc_column][\/vc_row]<\/p>\n","protected":false},"excerpt":{"rendered":"<p>[vc_row][vc_column][vc_custom_heading text=&#8221;Dotacje na wk\u0142ad w\u0142asny w projektach mi\u0119dzynarodowych&#8221; font_container=&#8221;tag:h3|text_align:left&#8221; use_theme_fonts=&#8221;yes&#8221;][vc_empty_space][\/vc_column][\/vc_row][vc_row][vc_column][vc_column_text el_class=&#8221;subpage&#8221;]Uwaga konkurs PROO 1b!!! Uruchamiamy nab\u00f3r wniosk\u00f3w w ramach Programu Rozwoju Organizacji Obywatelskich na lata 2018\u20132030 PROO \u2013 Priorytet 1b. Dotacje na wk\u0142ad w\u0142asny w projektach mi\u0119dzynarodowych. Edycja 2021 [\/vc_column_text][vc_column_text el_class=&#8221;subpage&#8221;]W ramach otwartego konkursu organizacje mog\u0105 uzyska\u0107 wsparcie na pokrycie wymaganego wk\u0142adu w\u0142asnego, kt\u00f3ry pozwoli<\/p>\n","protected":false},"author":46,"featured_media":0,"parent":16096,"menu_order":36,"comment_status":"closed","ping_status":"closed","template":"page-templates\/nasze_programy_sub_pages.php","meta":{"_acf_changed":false,"inline_featured_image":false,"footnotes":""},"class_list":["post-16100","page","type-page","status-publish","hentry"],"acf":[],"_links":{"self":[{"href":"https:\/\/niw.gov.pl\/en\/wp-json\/wp\/v2\/pages\/16100","targetHints":{"allow":["GET"]}}],"collection":[{"href":"https:\/\/niw.gov.pl\/en\/wp-json\/wp\/v2\/pages"}],"about":[{"href":"https:\/\/niw.gov.pl\/en\/wp-json\/wp\/v2\/types\/page"}],"author":[{"embeddable":true,"href":"https:\/\/niw.gov.pl\/en\/wp-json\/wp\/v2\/users\/46"}],"replies":[{"embeddable":true,"href":"https:\/\/niw.gov.pl\/en\/wp-json\/wp\/v2\/comments?post=16100"}],"version-history":[{"count":2,"href":"https:\/\/niw.gov.pl\/en\/wp-json\/wp\/v2\/pages\/16100\/revisions"}],"predecessor-version":[{"id":18356,"href":"https:\/\/niw.gov.pl\/en\/wp-json\/wp\/v2\/pages\/16100\/revisions\/18356"}],"up":[{"embeddable":true,"href":"https:\/\/niw.gov.pl\/en\/wp-json\/wp\/v2\/pages\/16096"}],"wp:attachment":[{"href":"https:\/\/niw.gov.pl\/en\/wp-json\/wp\/v2\/media?parent=16100"}],"curies":[{"name":"wp","href":"https:\/\/api.w.org\/{rel}","templated":true}]}}