{"id":16102,"date":"2021-04-22T08:53:44","date_gmt":"2021-04-22T08:53:44","guid":{"rendered":"http:\/\/niw.gov.pl\/nasze-programy\/proo\/edycja-2021\/priorytet-2a\/"},"modified":"2021-07-20T11:09:31","modified_gmt":"2021-07-20T11:09:31","slug":"priority-2a","status":"publish","type":"page","link":"https:\/\/niw.gov.pl\/en\/our-programmes\/csodp\/edition-2021\/priority-2a\/","title":{"rendered":"Priority 2a"},"content":{"rendered":"<p>[vc_row][vc_column][vc_custom_heading text=&#8221;Kapita\u0142y \u017celazne &#8211; dotacje operacyjne na wsparcie budowania pocz\u0105tkowych kapita\u0142\u00f3w \u017celaznych&#8221; font_container=&#8221;tag:h3|text_align:left&#8221; use_theme_fonts=&#8221;yes&#8221;][vc_empty_space][\/vc_column][\/vc_row][vc_row][vc_column][vc_custom_heading text=&#8221;Informacja o oddaleniu odwo\u0142ania ws. oceny formalnej&#8221; font_container=&#8221;tag:h4|text_align:left&#8221; use_theme_fonts=&#8221;yes&#8221;][vc_empty_space][vc_column_text]Poni\u017csze zestawienie dotyczy rozstrzygni\u0119cia przez Przewodnicz\u0105cego Komitetu do spraw Po\u017cytku Publicznego odwo\u0142ania z\u0142o\u017conego przez jednego z wnioskodawc\u00f3w. Od tego rozstrzygni\u0119cia nie przys\u0142uguje odwo\u0142anie.[\/vc_column_text][vc_row_inner][vc_column_inner width=&#8221;1\/2&#8243;]<div class=\"row\">\n\t\t\t\t<div class=\"col-lg-12 col-md-12 col-sm-12 media_text\">\n\t\t\t\t\t<div class=\"download_box\">\n\t\t\t\t<div class=\"download_text\">\n\t\t\t\t\t<a href=\"https:\/\/niw.gov.pl\/wp-content\/uploads\/2021\/04\/uzasadnienie-Przewodniczacego-Komitetu-do-spraw-Pozytku-Publicznego.pdf\" download>Uzasadnienie Przewodnicz\u0105cego Komitetu do spraw Po\u017cytku Publicznego<\/a><\/div><br><br><span><img decoding=\"async\" src=\"https:\/\/niw.gov.pl\/wp-content\/themes\/niw\/images\/PDF.png\" alt=\"PDF.png\"><\/button> 0.74MB<\/span><a href=\"https:\/\/niw.gov.pl\/wp-content\/uploads\/2021\/04\/uzasadnienie-Przewodniczacego-Komitetu-do-spraw-Pozytku-Publicznego.pdf\" download><button class=\"download_btn\" type=\"button\"> <img decoding=\"async\" src=\"https:\/\/niw.gov.pl\/wp-content\/themes\/niw\/images\/arrow7.png\" alt=\"arrow7.png\"><\/button><\/a> <div class=\"clr\">\n\n<\/div><\/div><\/div><\/div>[\/vc_column_inner][vc_column_inner width=&#8221;1\/2&#8243;]<div class=\"row\">\n\t\t\t\t<div class=\"col-lg-12 col-md-12 col-sm-12 media_text\">\n\t\t\t\t\t<div class=\"download_box\">\n\t\t\t\t<div class=\"download_text\">\n\t\t\t\t\t<a href=\"https:\/\/niw.gov.pl\/wp-content\/uploads\/2021\/04\/zestawienie-odwolan-od-oceny-formalnej-PROO-2a-edycja-2021-1.pdf\" download>Zestawienie odwo\u0142a\u0144 od oceny formalnej PROO 2a edycja 2021<\/a><\/div><br><br><span><img decoding=\"async\" src=\"https:\/\/niw.gov.pl\/wp-content\/themes\/niw\/images\/PDF.png\" alt=\"PDF.png\"><\/button> 0.42MB<\/span><a href=\"https:\/\/niw.gov.pl\/wp-content\/uploads\/2021\/04\/zestawienie-odwolan-od-oceny-formalnej-PROO-2a-edycja-2021-1.pdf\" download><button class=\"download_btn\" type=\"button\"> <img decoding=\"async\" src=\"https:\/\/niw.gov.pl\/wp-content\/themes\/niw\/images\/arrow7.png\" alt=\"arrow7.png\"><\/button><\/a> <div class=\"clr\">\n\n<\/div><\/div><\/div><\/div>[\/vc_column_inner][\/vc_row_inner][\/vc_column][\/vc_row][vc_row][vc_column][vc_separator][vc_empty_space height=&#8221;20px&#8221;][vc_custom_heading text=&#8221;Poni\u017cej przedstawiamy wyniki oceny formalnej&#8221; font_container=&#8221;tag:h4|text_align:left&#8221; use_theme_fonts=&#8221;yes&#8221;][vc_empty_space height=&#8221;20px&#8221;][vc_row_inner][vc_column_inner width=&#8221;1\/2&#8243;]<div class=\"row\">\n\t\t\t\t<div class=\"col-lg-12 col-md-12 col-sm-12 media_text\">\n\t\t\t\t\t<div class=\"download_box\">\n\t\t\t\t<div class=\"download_text\">\n\t\t\t\t\t<a href=\"https:\/\/niw.gov.pl\/wp-content\/uploads\/2021\/04\/Lista-Wnioskow-zakwalifikowanych-do-oceny-merytorycznej-\u2013-do-pobrania.pdf\" download>Lista wniosk\u00f3w wst\u0119pnych zaakceptowanych formalnie<\/a><\/div><br><br><span><img decoding=\"async\" src=\"https:\/\/niw.gov.pl\/wp-content\/themes\/niw\/images\/PDF.png\" alt=\"PDF.png\"><\/button> 0.70MB<\/span><a href=\"https:\/\/niw.gov.pl\/wp-content\/uploads\/2021\/04\/Lista-Wnioskow-zakwalifikowanych-do-oceny-merytorycznej-\u2013-do-pobrania.pdf\" download><button class=\"download_btn\" type=\"button\"> <img decoding=\"async\" src=\"https:\/\/niw.gov.pl\/wp-content\/themes\/niw\/images\/arrow7.png\" alt=\"arrow7.png\"><\/button><\/a> <div class=\"clr\">\n\n<\/div><\/div><\/div><\/div>[\/vc_column_inner][vc_column_inner width=&#8221;1\/2&#8243;]<div class=\"row\">\n\t\t\t\t<div class=\"col-lg-12 col-md-12 col-sm-12 media_text\">\n\t\t\t\t\t<div class=\"download_box\">\n\t\t\t\t<div class=\"download_text\">\n\t\t\t\t\t<a href=\"https:\/\/niw.gov.pl\/wp-content\/uploads\/2021\/04\/Lista-wnioskow-wstepnych-odrzuconych-w-wyniku-oceny-formalnej-do-pobrania.pdf\" download>Lista wniosk\u00f3w wst\u0119pnych odrzuconych formalnie<\/a><\/div><br><br><span><img decoding=\"async\" src=\"https:\/\/niw.gov.pl\/wp-content\/themes\/niw\/images\/PDF.png\" alt=\"PDF.png\"><\/button> 0.58MB<\/span><a href=\"https:\/\/niw.gov.pl\/wp-content\/uploads\/2021\/04\/Lista-wnioskow-wstepnych-odrzuconych-w-wyniku-oceny-formalnej-do-pobrania.pdf\" download><button class=\"download_btn\" type=\"button\"> <img decoding=\"async\" src=\"https:\/\/niw.gov.pl\/wp-content\/themes\/niw\/images\/arrow7.png\" alt=\"arrow7.png\"><\/button><\/a> <div class=\"clr\">\n\n<\/div><\/div><\/div><\/div>[\/vc_column_inner][\/vc_row_inner][vc_column_text]Zgodnie z Regulaminem konkursu Wnioskodawcom, kt\u00f3rych wnioski po ocenie formalnej zosta\u0142y odrzucone, przys\u0142uguje\u00a0<strong>odwo\u0142anie od wyniku oceny formalnej<\/strong>\u00a0do Przewodnicz\u0105cego Komitetu za po\u015brednictwem NIW-CRSO w terminie 3 dni roboczych od dnia publikacji wynik\u00f3w oceny formalnej (do dnia<strong>\u00a015 marca 2021 roku<\/strong>). Odwo\u0142anie z\u0142o\u017cone po terminie podlega odrzuceniu przez NIW-CRSO bez badania jego zasadno\u015bci. Odwo\u0142anie wnosi si\u0119 przy u\u017cyciu Systemu Obs\u0142ugi Dotacji.[\/vc_column_text][\/vc_column][\/vc_row][vc_row][vc_column][vc_separator][vc_column_text]<strong>Uruchamiamy nab\u00f3r wniosk\u00f3w w ramach Programu Rozwoju Organizacji Obywatelskich na lata 2018\u20132030 PROO\u00a0<\/strong><strong>\u2013 Priorytet 2a\u00a0<\/strong><strong>Dotacje operacyjne na wsparcie budowy pocz\u0105tkowych kapita\u0142\u00f3w \u017celaznych Edycja 2021.<\/strong>[\/vc_column_text][vc_column_text]W ramach otwartego konkursu organizacje mog\u0105 uzyska\u0107 wsparcie na realizacj\u0119 dzia\u0142a\u0144 obejmuj\u0105cych kompleksowe przygotowanie Wnioskodawcy do utworzenia kapita\u0142u \u017celaznego.[\/vc_column_text][vc_column_text]Wnioski mo\u017cna sk\u0142ada\u0107\u00a0<strong>od dnia 8 lutego 2021 r. od godz. 14.00 do 8 marca 2021 r. do godz. 14.00<\/strong>\u00a0wy\u0142\u0105cznie za pomoc\u0105 Generatora Wniosk\u00f3w, dost\u0119pnego pod adresem:\u00a0<a class=\"red\" href=\"https:\/\/generator.niw.gov.pl\/\" target=\"_blank\" rel=\"noopener\">generator.niw.gov.pl<\/a>.[\/vc_column_text][vc_column_text]Dotacja mo\u017ce zosta\u0107 przyznana na okres od 24 do 36 miesi\u0119cy. Maksymalna warto\u015b\u0107 wnioskowanej dotacji wynosi 500 tys. z\u0142.\u00a0 Warto\u015b\u0107 \u015brodk\u00f3w przeznaczonych na dotacje dla organizacji w ramach konkursu w 2021 r. wynosi 1 000 000 z\u0142. Szacunkowe alokacje na kolejne lata wynosz\u0105 odpowiednio 1 000 000 z\u0142 w 2022 r. i 1 000 000 z\u0142 w 2023 r.[\/vc_column_text][vc_column_text]Pytania dotycz\u0105ce konkursu mo\u017cna zadawa\u0107 poprzez formularz kontaktowy PROO, poczt\u0105 elektroniczn\u0105 na adres\u00a0<a class=\"red\" href=\"mailto:proo@niw.gov.pl\">proo@niw.gov.pl<\/a>.[\/vc_column_text][\/vc_column][\/vc_row][vc_row][vc_column][vc_custom_heading text=&#8221;Wi\u0119cej informacji do pobrania&#8221; font_container=&#8221;tag:h4|text_align:left&#8221; use_theme_fonts=&#8221;yes&#8221;][vc_empty_space][vc_row_inner][vc_column_inner width=&#8221;1\/2&#8243;]<div class=\"row\">\n\t\t\t\t<div class=\"col-lg-12 col-md-12 col-sm-12 media_text\">\n\t\t\t\t\t<div class=\"download_box\">\n\t\t\t\t<div class=\"download_text\">\n\t\t\t\t\t<a href=\"https:\/\/niw.gov.pl\/wp-content\/uploads\/2021\/04\/PROO_2a_Regulamin-2021.pdf\" download>Regulamin Konkursu<\/a><\/div><br><br><span><img decoding=\"async\" src=\"https:\/\/niw.gov.pl\/wp-content\/themes\/niw\/images\/PDF.png\" alt=\"PDF.png\"><\/button> 1.20MB<\/span><a href=\"https:\/\/niw.gov.pl\/wp-content\/uploads\/2021\/04\/PROO_2a_Regulamin-2021.pdf\" download><button class=\"download_btn\" type=\"button\"> <img decoding=\"async\" src=\"https:\/\/niw.gov.pl\/wp-content\/themes\/niw\/images\/arrow7.png\" alt=\"arrow7.png\"><\/button><\/a> <div class=\"clr\">\n\n<\/div><\/div>\n\t\t\t\t\t<div class=\"download_box\">\n\t\t\t\t<div class=\"download_text\">\n\t\t\t\t\t<a href=\"https:\/\/niw.gov.pl\/wp-content\/uploads\/2021\/04\/Podrecznik-dla-Wnioskodawcow-PROO-2a-edycja-2021.pdf\" download>Podr\u0119cznik dla Wnioskodawc\u00f3w<\/a><\/div><br><br><span><img decoding=\"async\" src=\"https:\/\/niw.gov.pl\/wp-content\/themes\/niw\/images\/PDF.png\" alt=\"PDF.png\"><\/button> 2.11MB<\/span><a href=\"https:\/\/niw.gov.pl\/wp-content\/uploads\/2021\/04\/Podrecznik-dla-Wnioskodawcow-PROO-2a-edycja-2021.pdf\" download><button class=\"download_btn\" type=\"button\"> <img decoding=\"async\" src=\"https:\/\/niw.gov.pl\/wp-content\/themes\/niw\/images\/arrow7.png\" alt=\"arrow7.png\"><\/button><\/a> <div class=\"clr\">\n\n<\/div><\/div>\n\t\t\t\t\t<div class=\"download_box\">\n\t\t\t\t<div class=\"download_text\">\n\t\t\t\t\t<a href=\"https:\/\/niw.gov.pl\/wp-content\/uploads\/2021\/04\/FAQ_PROO_2a-edycja-2021.pdf\" download>Najcz\u0119\u015bciej zadawane pytania<\/a><\/div><br><br><span><img decoding=\"async\" src=\"https:\/\/niw.gov.pl\/wp-content\/themes\/niw\/images\/PDF.png\" alt=\"PDF.png\"><\/button> 0.99MB<\/span><a href=\"https:\/\/niw.gov.pl\/wp-content\/uploads\/2021\/04\/FAQ_PROO_2a-edycja-2021.pdf\" download><button class=\"download_btn\" type=\"button\"> <img decoding=\"async\" src=\"https:\/\/niw.gov.pl\/wp-content\/themes\/niw\/images\/arrow7.png\" alt=\"arrow7.png\"><\/button><\/a> <div class=\"clr\">\n\n<\/div><\/div><\/div><\/div>[\/vc_column_inner][vc_column_inner width=&#8221;1\/2&#8243;][\/vc_column_inner][\/vc_row_inner][vc_column_text]Wszystkie dokumenty znajduj\u0105 si\u0119 r\u00f3wnie\u017c pod adresem\u00a0<a class=\"red\" href=\"https:\/\/generator.niw.gov.pl\/login\" target=\"_blank\" rel=\"noopener\">generator.niw.gov.p<\/a>l.[\/vc_column_text][\/vc_column][\/vc_row]<\/p>\n","protected":false},"excerpt":{"rendered":"<p>[vc_row][vc_column][vc_custom_heading text=&#8221;Kapita\u0142y \u017celazne &#8211; dotacje operacyjne na wsparcie budowania pocz\u0105tkowych kapita\u0142\u00f3w \u017celaznych&#8221; font_container=&#8221;tag:h3|text_align:left&#8221; use_theme_fonts=&#8221;yes&#8221;][vc_empty_space][\/vc_column][\/vc_row][vc_row][vc_column][vc_custom_heading text=&#8221;Informacja o oddaleniu odwo\u0142ania ws. oceny formalnej&#8221; font_container=&#8221;tag:h4|text_align:left&#8221; use_theme_fonts=&#8221;yes&#8221;][vc_empty_space][vc_column_text]Poni\u017csze zestawienie dotyczy rozstrzygni\u0119cia przez Przewodnicz\u0105cego Komitetu do spraw Po\u017cytku Publicznego odwo\u0142ania z\u0142o\u017conego przez jednego z wnioskodawc\u00f3w. Od tego rozstrzygni\u0119cia nie przys\u0142uguje odwo\u0142anie.[\/vc_column_text][vc_row_inner][vc_column_inner width=&#8221;1\/2&#8243;][\/vc_column_inner][vc_column_inner width=&#8221;1\/2&#8243;][\/vc_column_inner][\/vc_row_inner][\/vc_column][\/vc_row][vc_row][vc_column][vc_separator][vc_empty_space height=&#8221;20px&#8221;][vc_custom_heading text=&#8221;Poni\u017cej przedstawiamy wyniki oceny formalnej&#8221; font_container=&#8221;tag:h4|text_align:left&#8221; use_theme_fonts=&#8221;yes&#8221;][vc_empty_space<\/p>\n","protected":false},"author":46,"featured_media":0,"parent":16096,"menu_order":40,"comment_status":"closed","ping_status":"closed","template":"page-templates\/nasze_programy_sub_pages.php","meta":{"_acf_changed":false,"inline_featured_image":false,"footnotes":""},"class_list":["post-16102","page","type-page","status-publish","hentry"],"acf":[],"_links":{"self":[{"href":"https:\/\/niw.gov.pl\/en\/wp-json\/wp\/v2\/pages\/16102","targetHints":{"allow":["GET"]}}],"collection":[{"href":"https:\/\/niw.gov.pl\/en\/wp-json\/wp\/v2\/pages"}],"about":[{"href":"https:\/\/niw.gov.pl\/en\/wp-json\/wp\/v2\/types\/page"}],"author":[{"embeddable":true,"href":"https:\/\/niw.gov.pl\/en\/wp-json\/wp\/v2\/users\/46"}],"replies":[{"embeddable":true,"href":"https:\/\/niw.gov.pl\/en\/wp-json\/wp\/v2\/comments?post=16102"}],"version-history":[{"count":4,"href":"https:\/\/niw.gov.pl\/en\/wp-json\/wp\/v2\/pages\/16102\/revisions"}],"predecessor-version":[{"id":19604,"href":"https:\/\/niw.gov.pl\/en\/wp-json\/wp\/v2\/pages\/16102\/revisions\/19604"}],"up":[{"embeddable":true,"href":"https:\/\/niw.gov.pl\/en\/wp-json\/wp\/v2\/pages\/16096"}],"wp:attachment":[{"href":"https:\/\/niw.gov.pl\/en\/wp-json\/wp\/v2\/media?parent=16102"}],"curies":[{"name":"wp","href":"https:\/\/api.w.org\/{rel}","templated":true}]}}