{"id":16107,"date":"2021-04-22T08:54:19","date_gmt":"2021-04-22T08:54:19","guid":{"rendered":"http:\/\/niw.gov.pl\/nasze-programy\/proo\/edycja-2021\/priorytet-4\/"},"modified":"2021-07-20T14:36:16","modified_gmt":"2021-07-20T14:36:16","slug":"priority-4","status":"publish","type":"page","link":"https:\/\/niw.gov.pl\/en\/our-programmes\/csodp\/edition-2021\/priority-4\/","title":{"rendered":"Priority 4"},"content":{"rendered":"<p>[vc_row][vc_column][vc_custom_heading text=&#8221;Rozw\u00f3j instytucjonalny think tank\u00f3w obywatelskich&#8221; font_container=&#8221;tag:h3|text_align:left&#8221; use_theme_fonts=&#8221;yes&#8221;][vc_empty_space][\/vc_column][\/vc_row][vc_row][vc_column][vc_custom_heading text=&#8221;Uruchamiamy nab\u00f3r wniosk\u00f3w w ramach tegorocznej edycji Programu Rozwoju Organizacji Obywatelskich na lata 2018\u20132030 PROO, Priorytet 4 Rozw\u00f3j instytucjonalny Think Tank\u00f3w Obywatelskich.&#8221; font_container=&#8221;tag:h4|text_align:left&#8221; use_theme_fonts=&#8221;yes&#8221;][vc_empty_space][vc_column_text]Wnioski mo\u017cna sk\u0142ada\u0107\u00a0<strong>od dnia 1 lutego 2021 r. od godz. 14.00 do dnia 1 marca 2021 r. do godz. 14.00<\/strong> poprzez <a class=\"red\" href=\"https:\/\/generator.niw.gov.pl\/\" target=\"_blank\" rel=\"noopener\">System Obs\u0142ugi Dotacji<\/a>.[\/vc_column_text][vc_column_text]W ramach konkursu PROO Priorytet 4 mo\u017cna otrzyma\u0107 wsparcie inicjatyw s\u0142u\u017c\u0105cych rozwojowi instytucjonalnemu think-tank\u00f3w \u2013 organizacji obywatelskich o profilu analityczno-badawczym niedzia\u0142aj\u0105cych dla zysku (non-profit) i funkcjonuj\u0105cych na marginesie formalnych proces\u00f3w politycznych. Dotacja mo\u017ce zosta\u0107 przyznana na okres do 24 miesi\u0119cy.[\/vc_column_text][vc_column_text]Warto\u015b\u0107 dotacji wynosi od 20 do 300 tys. z\u0142. W 2021 r. alokacja \u015brodk\u00f3w przeznaczonych na realizacj\u0119 Priorytetu 4 wynosi 2 000 000 z\u0142,\u00a0 szacunkowa alokacja na 2022 rok wynosi 2 000 000 z\u0142.[\/vc_column_text][vc_column_text]Pytania dotycz\u0105ce konkursu mo\u017cna zadawa\u0107 poprzez formularz kontaktowy PROO, poczt\u0105 elektroniczn\u0105 na adres\u00a0<a class=\"red\" href=\"mailto:proo@niw.gov.pl\">proo@niw.gov.pl<\/a>[\/vc_column_text][\/vc_column][\/vc_row][vc_row][vc_column][vc_custom_heading text=&#8221;Wi\u0119cej informacji do pobrania&#8221; font_container=&#8221;tag:h4|text_align:left&#8221; use_theme_fonts=&#8221;yes&#8221;][vc_empty_space][vc_row_inner][vc_column_inner width=&#8221;1\/2&#8243;]<div class=\"row\">\n\t\t\t\t<div class=\"col-lg-12 col-md-12 col-sm-12 media_text\">\n\t\t\t\t\t<div class=\"download_box\">\n\t\t\t\t<div class=\"download_text\">\n\t\t\t\t\t<a href=\"https:\/\/niw.gov.pl\/wp-content\/uploads\/2021\/04\/PROO_4_Regulamin_2021-1.pdf\" download>Regulamin Konkursu<\/a><\/div><br><br><span><img decoding=\"async\" src=\"https:\/\/niw.gov.pl\/wp-content\/themes\/niw\/images\/PDF.png\" alt=\"PDF.png\"><\/button> 1.68MB<\/span><a href=\"https:\/\/niw.gov.pl\/wp-content\/uploads\/2021\/04\/PROO_4_Regulamin_2021-1.pdf\" download><button class=\"download_btn\" type=\"button\"> <img decoding=\"async\" src=\"https:\/\/niw.gov.pl\/wp-content\/themes\/niw\/images\/arrow7.png\" alt=\"arrow7.png\"><\/button><\/a> <div class=\"clr\">\n\n<\/div><\/div>\n\t\t\t\t\t<div class=\"download_box\">\n\t\t\t\t<div class=\"download_text\">\n\t\t\t\t\t<a href=\"https:\/\/niw.gov.pl\/wp-content\/uploads\/2021\/04\/PROO-4_FAQ_2021.pdf\" download>FAQ \u2013 najcz\u0119\u015bciej zadawane pytania<\/a><\/div><br><br><span><img decoding=\"async\" src=\"https:\/\/niw.gov.pl\/wp-content\/themes\/niw\/images\/PDF.png\" alt=\"PDF.png\"><\/button> 0.78MB<\/span><a href=\"https:\/\/niw.gov.pl\/wp-content\/uploads\/2021\/04\/PROO-4_FAQ_2021.pdf\" download><button class=\"download_btn\" type=\"button\"> <img decoding=\"async\" src=\"https:\/\/niw.gov.pl\/wp-content\/themes\/niw\/images\/arrow7.png\" alt=\"arrow7.png\"><\/button><\/a> <div class=\"clr\">\n\n<\/div><\/div>\n\t\t\t\t\t<div class=\"download_box\">\n\t\t\t\t<div class=\"download_text\">\n\t\t\t\t\t<a href=\"https:\/\/niw.gov.pl\/wp-content\/uploads\/2021\/04\/Podrecznik-dla-Wnioskodawcow-PROO4_2021.pdf\" download>Podr\u0119cznik dla Wnioskodawc\u00f3w<\/a><\/div><br><br><span><img decoding=\"async\" src=\"https:\/\/niw.gov.pl\/wp-content\/themes\/niw\/images\/PDF.png\" alt=\"PDF.png\"><\/button> 1.75MB<\/span><a href=\"https:\/\/niw.gov.pl\/wp-content\/uploads\/2021\/04\/Podrecznik-dla-Wnioskodawcow-PROO4_2021.pdf\" download><button class=\"download_btn\" type=\"button\"> <img decoding=\"async\" src=\"https:\/\/niw.gov.pl\/wp-content\/themes\/niw\/images\/arrow7.png\" alt=\"arrow7.png\"><\/button><\/a> <div class=\"clr\">\n\n<\/div><\/div><\/div><\/div>[\/vc_column_inner][vc_column_inner width=&#8221;1\/2&#8243;][\/vc_column_inner][\/vc_row_inner][vc_column_text]Wszystkie dokumenty znajduj\u0105 si\u0119 r\u00f3wnie\u017c pod adresem\u00a0<a class=\"red\" href=\"https:\/\/generator.niw.gov.pl\/login\" target=\"_blank\" rel=\"noopener\">generator.niw.gov.pl<\/a>[\/vc_column_text][\/vc_column][\/vc_row]<\/p>\n","protected":false},"excerpt":{"rendered":"<p>[vc_row][vc_column][vc_custom_heading text=&#8221;Rozw\u00f3j instytucjonalny think tank\u00f3w obywatelskich&#8221; font_container=&#8221;tag:h3|text_align:left&#8221; use_theme_fonts=&#8221;yes&#8221;][vc_empty_space][\/vc_column][\/vc_row][vc_row][vc_column][vc_custom_heading text=&#8221;Uruchamiamy nab\u00f3r wniosk\u00f3w w ramach tegorocznej edycji Programu Rozwoju Organizacji Obywatelskich na lata 2018\u20132030 PROO, Priorytet 4 Rozw\u00f3j instytucjonalny Think Tank\u00f3w Obywatelskich.&#8221; font_container=&#8221;tag:h4|text_align:left&#8221; use_theme_fonts=&#8221;yes&#8221;][vc_empty_space][vc_column_text]Wnioski mo\u017cna sk\u0142ada\u0107\u00a0od dnia 1 lutego 2021 r. od godz. 14.00 do dnia 1 marca 2021 r. do godz. 14.00 poprzez System Obs\u0142ugi Dotacji.[\/vc_column_text][vc_column_text]W<\/p>\n","protected":false},"author":46,"featured_media":0,"parent":16096,"menu_order":46,"comment_status":"closed","ping_status":"closed","template":"page-templates\/nasze_programy_sub_pages.php","meta":{"_acf_changed":false,"inline_featured_image":false,"footnotes":""},"class_list":["post-16107","page","type-page","status-publish","hentry"],"acf":[],"_links":{"self":[{"href":"https:\/\/niw.gov.pl\/en\/wp-json\/wp\/v2\/pages\/16107","targetHints":{"allow":["GET"]}}],"collection":[{"href":"https:\/\/niw.gov.pl\/en\/wp-json\/wp\/v2\/pages"}],"about":[{"href":"https:\/\/niw.gov.pl\/en\/wp-json\/wp\/v2\/types\/page"}],"author":[{"embeddable":true,"href":"https:\/\/niw.gov.pl\/en\/wp-json\/wp\/v2\/users\/46"}],"replies":[{"embeddable":true,"href":"https:\/\/niw.gov.pl\/en\/wp-json\/wp\/v2\/comments?post=16107"}],"version-history":[{"count":4,"href":"https:\/\/niw.gov.pl\/en\/wp-json\/wp\/v2\/pages\/16107\/revisions"}],"predecessor-version":[{"id":19684,"href":"https:\/\/niw.gov.pl\/en\/wp-json\/wp\/v2\/pages\/16107\/revisions\/19684"}],"up":[{"embeddable":true,"href":"https:\/\/niw.gov.pl\/en\/wp-json\/wp\/v2\/pages\/16096"}],"wp:attachment":[{"href":"https:\/\/niw.gov.pl\/en\/wp-json\/wp\/v2\/media?parent=16107"}],"curies":[{"name":"wp","href":"https:\/\/api.w.org\/{rel}","templated":true}]}}