{"id":16109,"date":"2021-04-22T09:18:47","date_gmt":"2021-04-22T09:18:47","guid":{"rendered":"http:\/\/niw.gov.pl\/nasze-programy\/proo\/edycja-2021\/priorytet-5\/"},"modified":"2021-07-20T14:35:30","modified_gmt":"2021-07-20T14:35:30","slug":"priority-5","status":"publish","type":"page","link":"https:\/\/niw.gov.pl\/en\/our-programmes\/csodp\/edition-2021\/priority-5\/","title":{"rendered":"Priority 5"},"content":{"rendered":"<p>[vc_row][vc_column][vc_custom_heading text=&#8221;Wsparcie dora\u017ane&#8221; font_container=&#8221;tag:h3|text_align:left&#8221; use_theme_fonts=&#8221;yes&#8221;][vc_empty_space][\/vc_column][\/vc_row][vc_row][vc_column][vc_custom_heading text=&#8221;Uruchamiamy nab\u00f3r wniosk\u00f3w w ramach Programu Rozwoju Organizacji Obywatelskich na lata 2018\u20132030 PROO, Priorytet 5. Wsparcie dora\u017ane, edycja 2021.&#8221; font_container=&#8221;tag:h4|text_align:left&#8221; use_theme_fonts=&#8221;yes&#8221;][vc_empty_space][vc_column_text]Nab\u00f3r wniosk\u00f3w w ramach Konkursu ma charakter ci\u0105g\u0142y, tzn. wnioski mo\u017cna sk\u0142ada\u0107\u00a0<strong>od 8 kwietnia 2021 r. od godziny 14:00 do 30 listopada 2021 r. do godziny 14:00<\/strong>\u00a0<strong>lub do wyczerpania \u015brodk\u00f3w<\/strong>\u00a0przewidzianych na realizacj\u0119 Konkursu.[\/vc_column_text][vc_column_text]<strong>Dotacja przyznana w\u00a0ramach Konkursu musi zosta\u0107 wykorzystana najp\u00f3\u017aniej do 31 grudnia 2021 r.<\/strong>[\/vc_column_text][vc_column_text]\u015arodki przeznaczone na realizacj\u0119 zada\u0144 dofinansowanych w ramach Priorytetu 5. wynosz\u0105 2 560 000 z\u0142. Wnioskodawcy mog\u0105 ubiega\u0107 si\u0119 o dotacj\u0119 w wysoko\u015bci do 10 000 z\u0142.<\/p>\n<p>W ramach otwartego konkursu organizacje mog\u0105 uzyska\u0107 wsparcie na:[\/vc_column_text][vc_column_text el_class=&#8221;subpage&#8221;]<\/p>\n<ul>\n<li>pokrycie wydatk\u00f3w wynikaj\u0105cych z nag\u0142ych potrzeb organizacji powsta\u0142ych w wyniku wyst\u0105pienia nieprzewidzianych sytuacji i zdarze\u0144 mog\u0105cych mie\u0107 istotny wp\u0142yw na skuteczno\u015b\u0107 dzia\u0142ania organizacji i realizacji jej cel\u00f3w statutowych \u2013 POMOC DORA\u0179NA,<\/li>\n<li>pokrycie koszt\u00f3w uczestnictwa przedstawicieli organizacji w wydarzeniach z \u017cycia publicznego o charakterze og\u00f3lnopolskim, ponadregionalnym, a tak\u017ce mi\u0119dzynarodowym, istotnych zar\u00f3wno z punktu widzenia sektora pozarz\u0105dowego lub zwi\u0105zanych z bran\u017c\u0105, w kt\u00f3rej dzia\u0142a dana organizacja \u2013 \u017bYCIE PUBLICZNE,<\/li>\n<li>pokrycie koszt\u00f3w zwi\u0105zanych z cz\u0142onkostwem w podmiotach zrzeszaj\u0105cych organizacje pozarz\u0105dowe o charakterze mi\u0119dzynarodowym (mi\u0119dzy innym koszt\u00f3w sk\u0142adek cz\u0142onkowskich, koszt\u00f3w uczestnictwa w gremiach, posiedzeniach i innych wydarzeniach wynikaj\u0105cych z cz\u0142onkostwa w organizacji) istotnych zar\u00f3wno z punktu widzenia sektora pozarz\u0105dowego lub zwi\u0105zanych z bran\u017c\u0105, w kt\u00f3rej dzia\u0142a dana organizacja \u2013 CZ\u0141ONKOSTWO.<\/li>\n<\/ul>\n<p>[\/vc_column_text][vc_column_text]Wniosek mo\u017cna z\u0142o\u017cy\u0107 wy\u0142\u0105cznie za pomoc\u0105\u00a0<a class=\"red\" href=\"https:\/\/generator.niw.gov.pl\/\" target=\"_blank\" rel=\"noopener\">Systemu Obs\u0142ugi Dotacji<\/a>[\/vc_column_text][vc_column_text]Pytania dotycz\u0105ce konkursu mo\u017cna zadawa\u0107 poprzez formularz kontaktowy PROO, poczt\u0105 elektroniczn\u0105 na adres\u00a0<a class=\"red\" href=\"mailto:proo@niw.gov.pl\">proo@niw.gov.pl<\/a> oraz pod numerem telefonu <a class=\"red\" href=\"tel:885 221 531\">885 221 531<\/a> w dni robocze, w godzinach 10:00 &#8211; 15:00.[\/vc_column_text][\/vc_column][\/vc_row][vc_row][vc_column][vc_custom_heading text=&#8221;Wi\u0119cej informacji do pobrania&#8221; font_container=&#8221;tag:h4|text_align:left&#8221; use_theme_fonts=&#8221;yes&#8221;][vc_empty_space][vc_row_inner][vc_column_inner width=&#8221;1\/2&#8243;]<div class=\"row\">\n\t\t\t\t<div class=\"col-lg-12 col-md-12 col-sm-12 media_text\">\n\t\t\t\t\t<div class=\"download_box\">\n\t\t\t\t<div class=\"download_text\">\n\t\t\t\t\t<a href=\"https:\/\/niw.gov.pl\/wp-content\/uploads\/2021\/04\/Regulamin-konkursu-PROO-5.pdf\" download>Regulamin Konkursu<\/a><\/div><br><br><span><img decoding=\"async\" src=\"https:\/\/niw.gov.pl\/wp-content\/themes\/niw\/images\/PDF.png\" alt=\"PDF.png\"><\/button> 1.62MB<\/span><a href=\"https:\/\/niw.gov.pl\/wp-content\/uploads\/2021\/04\/Regulamin-konkursu-PROO-5.pdf\" download><button class=\"download_btn\" type=\"button\"> <img decoding=\"async\" src=\"https:\/\/niw.gov.pl\/wp-content\/themes\/niw\/images\/arrow7.png\" alt=\"arrow7.png\"><\/button><\/a> <div class=\"clr\">\n\n<\/div><\/div>\n\t\t\t\t\t<div class=\"download_box\">\n\t\t\t\t<div class=\"download_text\">\n\t\t\t\t\t<a href=\"https:\/\/niw.gov.pl\/wp-content\/uploads\/2021\/04\/PROO-5-FAQ-2021.pdf\" download>FAQ \u2013 najcz\u0119\u015bciej zadawane pytania<\/a><\/div><br><br><span><img decoding=\"async\" src=\"https:\/\/niw.gov.pl\/wp-content\/themes\/niw\/images\/PDF.png\" alt=\"PDF.png\"><\/button> 1.19MB<\/span><a href=\"https:\/\/niw.gov.pl\/wp-content\/uploads\/2021\/04\/PROO-5-FAQ-2021.pdf\" download><button class=\"download_btn\" type=\"button\"> <img decoding=\"async\" src=\"https:\/\/niw.gov.pl\/wp-content\/themes\/niw\/images\/arrow7.png\" alt=\"arrow7.png\"><\/button><\/a> <div class=\"clr\">\n\n<\/div><\/div>\n\t\t\t\t\t<div class=\"download_box\">\n\t\t\t\t<div class=\"download_text\">\n\t\t\t\t\t<a href=\"https:\/\/niw.gov.pl\/wp-content\/uploads\/2021\/04\/Informator-PROO-5-2021.pdf\" download>Informator PROO 5<\/a><\/div><br><br><span><img decoding=\"async\" src=\"https:\/\/niw.gov.pl\/wp-content\/themes\/niw\/images\/PDF.png\" alt=\"PDF.png\"><\/button> 3.65MB<\/span><a href=\"https:\/\/niw.gov.pl\/wp-content\/uploads\/2021\/04\/Informator-PROO-5-2021.pdf\" download><button class=\"download_btn\" type=\"button\"> <img decoding=\"async\" src=\"https:\/\/niw.gov.pl\/wp-content\/themes\/niw\/images\/arrow7.png\" alt=\"arrow7.png\"><\/button><\/a> <div class=\"clr\">\n\n<\/div><\/div><\/div><\/div>[\/vc_column_inner][vc_column_inner width=&#8221;1\/2&#8243;][\/vc_column_inner][\/vc_row_inner][vc_column_text]Wszystkie dokumenty znajduj\u0105 si\u0119 r\u00f3wnie\u017c pod adresem\u00a0<a class=\"red\" href=\"https:\/\/generator.niw.gov.pl\/login\" target=\"_blank\" rel=\"noopener\">generator.niw.gov.pl<\/a>[\/vc_column_text][\/vc_column][\/vc_row]<\/p>\n","protected":false},"excerpt":{"rendered":"<p>[vc_row][vc_column][vc_custom_heading text=&#8221;Wsparcie dora\u017ane&#8221; font_container=&#8221;tag:h3|text_align:left&#8221; use_theme_fonts=&#8221;yes&#8221;][vc_empty_space][\/vc_column][\/vc_row][vc_row][vc_column][vc_custom_heading text=&#8221;Uruchamiamy nab\u00f3r wniosk\u00f3w w ramach Programu Rozwoju Organizacji Obywatelskich na lata 2018\u20132030 PROO, Priorytet 5. Wsparcie dora\u017ane, edycja 2021.&#8221; font_container=&#8221;tag:h4|text_align:left&#8221; use_theme_fonts=&#8221;yes&#8221;][vc_empty_space][vc_column_text]Nab\u00f3r wniosk\u00f3w w ramach Konkursu ma charakter ci\u0105g\u0142y, tzn. wnioski mo\u017cna sk\u0142ada\u0107\u00a0od 8 kwietnia 2021 r. od godziny 14:00 do 30 listopada 2021 r. do godziny 14:00\u00a0lub do wyczerpania \u015brodk\u00f3w\u00a0przewidzianych<\/p>\n","protected":false},"author":46,"featured_media":0,"parent":16096,"menu_order":47,"comment_status":"closed","ping_status":"closed","template":"page-templates\/nasze_programy_sub_pages.php","meta":{"_acf_changed":false,"inline_featured_image":false,"footnotes":""},"class_list":["post-16109","page","type-page","status-publish","hentry"],"acf":[],"_links":{"self":[{"href":"https:\/\/niw.gov.pl\/en\/wp-json\/wp\/v2\/pages\/16109","targetHints":{"allow":["GET"]}}],"collection":[{"href":"https:\/\/niw.gov.pl\/en\/wp-json\/wp\/v2\/pages"}],"about":[{"href":"https:\/\/niw.gov.pl\/en\/wp-json\/wp\/v2\/types\/page"}],"author":[{"embeddable":true,"href":"https:\/\/niw.gov.pl\/en\/wp-json\/wp\/v2\/users\/46"}],"replies":[{"embeddable":true,"href":"https:\/\/niw.gov.pl\/en\/wp-json\/wp\/v2\/comments?post=16109"}],"version-history":[{"count":4,"href":"https:\/\/niw.gov.pl\/en\/wp-json\/wp\/v2\/pages\/16109\/revisions"}],"predecessor-version":[{"id":19682,"href":"https:\/\/niw.gov.pl\/en\/wp-json\/wp\/v2\/pages\/16109\/revisions\/19682"}],"up":[{"embeddable":true,"href":"https:\/\/niw.gov.pl\/en\/wp-json\/wp\/v2\/pages\/16096"}],"wp:attachment":[{"href":"https:\/\/niw.gov.pl\/en\/wp-json\/wp\/v2\/media?parent=16109"}],"curies":[{"name":"wp","href":"https:\/\/api.w.org\/{rel}","templated":true}]}}