{"id":16113,"date":"2021-04-22T11:37:35","date_gmt":"2021-04-22T11:37:35","guid":{"rendered":"http:\/\/niw.gov.pl\/nasze-programy\/proo\/edycja-2020\/priorytet-1a\/"},"modified":"2021-07-13T06:47:33","modified_gmt":"2021-07-13T06:47:33","slug":"priority-1a","status":"publish","type":"page","link":"https:\/\/niw.gov.pl\/en\/our-programmes\/csodp\/edition-2020\/priority-1a\/","title":{"rendered":"Priority 1a"},"content":{"rendered":"<p>[vc_row][vc_column][vc_custom_heading text=&#8221;Zr\u00f3wnowa\u017cony rozw\u00f3j organizacyjny &#8211; wsparcie dzia\u0142a\u0144 misyjnych i rozwoju instytucjonalnego&#8221; font_container=&#8221;tag:h3|text_align:left&#8221; use_theme_fonts=&#8221;yes&#8221;][vc_empty_space][\/vc_column][\/vc_row][vc_row][vc_column][vc_custom_heading text=&#8221;Wyniki wniosk\u00f3w pe\u0142nych&#8221; font_container=&#8221;tag:h4|text_align:left&#8221; use_theme_fonts=&#8221;yes&#8221;][vc_empty_space][vc_column_text]W ramach tegorocznego naboru\u00a0 PROO 1a dofinansowania rekomendowanych zosta\u0142y\u00a0<strong>83 wnioski<\/strong>\u00a0spo\u015br\u00f3d 174, kt\u00f3re bra\u0142y udzia\u0142 w etapie wniosk\u00f3w pe\u0142nych konkursu. Pr\u00f3g punktowy pozwalaj\u0105cy na otrzymanie dofinansowania wyni\u00f3s\u0142\u00a0<strong>94,5 pkt.<\/strong><\/p>\n<p>Warto\u015b\u0107 \u015brodk\u00f3w przeznaczonych na dotacje dla organizacji w ramach konkursu w poszczeg\u00f3lnych latach roz\u0142o\u017cy\u0142a si\u0119 nast\u0119puj\u0105co:[\/vc_column_text][vc_column_text el_class=&#8221;subpage&#8221;]<\/p>\n<ul>\n<li>2020- 17\u00a0800\u00a0000,00 z\u0142,<\/li>\n<li>2021- 3\u00a0686\u00a0508,26 z\u0142,<\/li>\n<li>2022- 28\u00a0392\u00a0464,89 z\u0142.<\/li>\n<\/ul>\n<p>[\/vc_column_text]<div class=\"row\">\n\t\t\t\t<div class=\"col-lg-12 col-md-12 col-sm-12 media_text\">\n\t\t\t\t\t\n\t\t\t\t\t\n\t\t\t\t\t<div class=\"programs_links\"><a href=\"https:\/\/niw.gov.pl\/wp-content\/uploads\/2021\/04\/Lista-wnioskow-zakwalifikowanych-do-dofinansowania_final.pdf\" download><button class=\"link_btn\" type=\"button\"> <img decoding=\"async\" src=\"https:\/\/niw.gov.pl\/wp-content\/themes\/niw\/images\/ic_link.png\" alt=\"ic_link.png\"> <\/button> Lista wniosk\u00f3w zakwalifikowanych do realizacji<\/a>\n<\/div>\n\n\n\t\t\t\t\t<\/div><\/div><div class=\"row\">\n\t\t\t\t<div class=\"col-lg-12 col-md-12 col-sm-12 media_text\">\n\t\t\t\t\t\n\t\t\t\t\t\n\t\t\t\t\t<div class=\"programs_links\"><a href=\"https:\/\/niw.gov.pl\/wp-content\/uploads\/2021\/04\/Lista-wnioskow-rezerwowych-niezakwalifikowanych-do-dofinansowania-ze-wzgledu-na-brak-srodkow_final.pdf\" download><button class=\"link_btn\" type=\"button\"> <img decoding=\"async\" src=\"https:\/\/niw.gov.pl\/wp-content\/themes\/niw\/images\/ic_link.png\" alt=\"ic_link.png\"> <\/button> Lista wniosk\u00f3w rezerwowych \u2013 niezakwalifikowanych do realizacji ze wzgl\u0119du na brak \u015brodk\u00f3w<\/a>\n<\/div>\n\n\n\t\t\t\t\t<\/div><\/div><div class=\"row\">\n\t\t\t\t<div class=\"col-lg-12 col-md-12 col-sm-12 media_text\">\n\t\t\t\t\t\n\t\t\t\t\t\n\t\t\t\t\t<div class=\"programs_links\"><a href=\"https:\/\/niw.gov.pl\/wp-content\/uploads\/2021\/04\/Zarzadzenie_eksperci_PROO1a_2020.pdf\" download><button class=\"link_btn\" type=\"button\"> <img decoding=\"async\" src=\"https:\/\/niw.gov.pl\/wp-content\/themes\/niw\/images\/ic_link.png\" alt=\"ic_link.png\"> <\/button> Zarz\u0105dzenie w sprawie powo\u0142ania panelu ekspert\u00f3w w celu dyskusji nad wynikami oceny merytorycznej wniosk\u00f3w z\u0142o\u017conych w konkursie organizowanym w ramach PROO Priorytet 1a<\/a>\n<\/div>\n\n\n\t\t\t\t\t<\/div><\/div>[vc_column_text]Z organizacjami, kt\u00f3rych wnioski zosta\u0142y przeznaczone do dofinansowania, skontaktuj\u0105 si\u0119 przedstawiciele NIW-CRSO w celu przekazania informacji o przyznanej dotacji oraz pro\u015bby o weryfikacj\u0119 harmonogram\u00f3w i kosztorys\u00f3w.[\/vc_column_text][vc_column_text]Karty ocen z\u0142o\u017conych wniosk\u00f3w pe\u0142nych zostan\u0105 udost\u0119pnione w ci\u0105gu 30 dni poprzez System Obs\u0142ugi Dotacji.[\/vc_column_text][vc_column_text]<strong>W przypadku wniosk\u00f3w przeznaczonych do dofinansowania, niezale\u017cnie od daty zawarcia umowy, ponoszone wydatki b\u0119d\u0105 kwalifikowane od 1 stycznia 2020 r. (o ile harmonogram zak\u0142ada\u0142 rozpocz\u0119cie realizacji dzia\u0142a\u0144 od tego terminu).<\/strong>[\/vc_column_text][\/vc_column][\/vc_row][vc_row][vc_column][vc_separator][vc_custom_heading text=&#8221;Wyniki oceny wniosk\u00f3w wst\u0119pnych&#8221; font_container=&#8221;tag:h4|text_align:left&#8221; use_theme_fonts=&#8221;yes&#8221;][vc_empty_space][vc_column_text]W ramach tegorocznego naboru wniosk\u00f3w wst\u0119pnych PROO 1a 2020 podmioty uprawnione do udzia\u0142u w konkursie z\u0142o\u017cy\u0142y\u00a0<strong>2102<\/strong>\u00a0wnioski. Organizacje mog\u0142y ubiega\u0107 si\u0119 o wsparcie na realizacj\u0119 dzia\u0142a\u0144 misyjnych (statutowych) oraz wzmocnienie instytucjonalne.[\/vc_column_text][vc_column_text]W 2020 r. warto\u015b\u0107 \u015brodk\u00f3w przeznaczonych na dotacje dla organizacji w ramach konkursu wynosi 17 800\u00a0000,00 z\u0142. Szacunkowe alokacje na kolejne lata, w kt\u00f3rych realizowane b\u0119d\u0105 dzia\u0142ania finansowane z dotacji przyznanych w ramach konkursu rozstrzygni\u0119tego w 2020 r. wynosz\u0105 odpowiednio 3 686 508,26 z\u0142 w 2021 r. i 30 576\u00a0510,00 z\u0142 w 2022 r.[\/vc_column_text][vc_column_text]Do drugiego etapu konkursu zakwalifikowa\u0142o si\u0119\u00a0<strong>177\u00a0<\/strong>najwy\u017cej ocenionych wniosk\u00f3w wst\u0119pnych<strong>.<\/strong>[\/vc_column_text][vc_column_text]Pr\u00f3g punktowy pozwalaj\u0105cy na udzia\u0142 w naborze wniosk\u00f3w pe\u0142nych wyni\u00f3s\u0142\u00a0<strong>48,5<\/strong>\u00a0punkt\u00f3w.[\/vc_column_text][vc_column_text]Wszyscy Wnioskodawcy automatycznie otrzymaj\u0105 karty ocen z\u0142o\u017conego wniosku w ci\u0105gu 30 dni poprzez System Obs\u0142ugi Dotacji.[\/vc_column_text][vc_column_text]Wszelkie pytania dotycz\u0105ce konkursu mo\u017cna zadawa\u0107 poprzez formularz kontaktowy PROO lub poczt\u0105 elektroniczn\u0105 na adres\u00a0<a class=\"red\" href=\"mailto:proo@niw.gov.pl\">proo@niw.gov.pl<\/a>.[\/vc_column_text][vc_column_text]Gratulujemy i dzi\u0119kujemy za zainteresowanie konkursem![\/vc_column_text][\/vc_column][\/vc_row][vc_row][vc_column][vc_custom_heading text=&#8221;Nab\u00f3r wniosk\u00f3w pe\u0142nych&#8221; font_container=&#8221;tag:h4|text_align:left&#8221; use_theme_fonts=&#8221;yes&#8221;][vc_empty_space][vc_column_text]Nab\u00f3r wniosk\u00f3w pe\u0142nych rozpocznie si\u0119\u00a0<strong>4 maja o godzinie 12.00<\/strong>\u00a0i b\u0119dzie trwa\u0142 dwa tygodnie \u2013\u00a0<strong>do dnia 18 maja, do godziny 12.00<\/strong>.[\/vc_column_text][vc_column_text]W pierwszym tygodniu naboru zorganizowane zostanie webinarium dla organizacji, kt\u00f3rych wnioski zosta\u0142y zakwalifikowane do drugiego etapu konkursu.[\/vc_column_text][vc_row_inner][vc_column_inner width=&#8221;1\/2&#8243;]<div class=\"row\">\n\t\t\t\t<div class=\"col-lg-12 col-md-12 col-sm-12 media_text\">\n\t\t\t\t\t<div class=\"download_box\">\n\t\t\t\t<div class=\"download_text\">\n\t\t\t\t\t<a href=\"https:\/\/niw.gov.pl\/wp-content\/uploads\/2021\/04\/Lista-wnioskow-zakwalifikowanych-do-etapu-wnioskow-pelnych-PROO-1a-2020.xlsx\" download>Lista wniosk\u00f3w wst\u0119pnych zakwalifikowanych do drugiego etapu Konkursu PROO 1a 2020<\/a><\/div><br><br><span><img decoding=\"async\" src=\"https:\/\/niw.gov.pl\/wp-content\/themes\/niw\/images\/XLS.png\" alt=\"XLS.png\"><\/button> 0.03MB<\/span><a href=\"https:\/\/niw.gov.pl\/wp-content\/uploads\/2021\/04\/Lista-wnioskow-zakwalifikowanych-do-etapu-wnioskow-pelnych-PROO-1a-2020.xlsx\" download><button class=\"download_btn\" type=\"button\"> <img decoding=\"async\" src=\"https:\/\/niw.gov.pl\/wp-content\/themes\/niw\/images\/arrow7.png\" alt=\"arrow7.png\"><\/button><\/a> <div class=\"clr\">\n\n<\/div><\/div>\n\t\t\t\t\t<div class=\"download_box\">\n\t\t\t\t<div class=\"download_text\">\n\t\t\t\t\t<a href=\"https:\/\/niw.gov.pl\/wp-content\/uploads\/2021\/04\/Lista-wnioskow-zakwalifikowanych-do-etapu-wnioskow-pelnych-PROO-1a-2020.pdf\" download>Lista wniosk\u00f3w wst\u0119pnych zakwalifikowanych do drugiego etapu Konkursu PROO 1a 2020<\/a><\/div><br><br><span><img decoding=\"async\" src=\"https:\/\/niw.gov.pl\/wp-content\/themes\/niw\/images\/PDF.png\" alt=\"PDF.png\"><\/button> 0.57MB<\/span><a href=\"https:\/\/niw.gov.pl\/wp-content\/uploads\/2021\/04\/Lista-wnioskow-zakwalifikowanych-do-etapu-wnioskow-pelnych-PROO-1a-2020.pdf\" download><button class=\"download_btn\" type=\"button\"> <img decoding=\"async\" src=\"https:\/\/niw.gov.pl\/wp-content\/themes\/niw\/images\/arrow7.png\" alt=\"arrow7.png\"><\/button><\/a> <div class=\"clr\">\n\n<\/div><\/div><\/div><\/div>[\/vc_column_inner][vc_column_inner width=&#8221;1\/2&#8243;]<div class=\"row\">\n\t\t\t\t<div class=\"col-lg-12 col-md-12 col-sm-12 media_text\">\n\t\t\t\t\t<div class=\"download_box\">\n\t\t\t\t<div class=\"download_text\">\n\t\t\t\t\t<a href=\"https:\/\/niw.gov.pl\/wp-content\/uploads\/2021\/04\/Lista-wnioskow-wstepnych-niezakwalifikowanych-do-drugiego-etapu-Konkursu-PROO-1a-2020.xlsx\" download>Lista wniosk\u00f3w wst\u0119pnych niezakwalifikowanych do drugiego etapu Konkursu PROO 1a 2020<\/a><\/div><br><br><span><img decoding=\"async\" src=\"https:\/\/niw.gov.pl\/wp-content\/themes\/niw\/images\/XLS.png\" alt=\"XLS.png\"><\/button> 0.20MB<\/span><a href=\"https:\/\/niw.gov.pl\/wp-content\/uploads\/2021\/04\/Lista-wnioskow-wstepnych-niezakwalifikowanych-do-drugiego-etapu-Konkursu-PROO-1a-2020.xlsx\" download><button class=\"download_btn\" type=\"button\"> <img decoding=\"async\" src=\"https:\/\/niw.gov.pl\/wp-content\/themes\/niw\/images\/arrow7.png\" alt=\"arrow7.png\"><\/button><\/a> <div class=\"clr\">\n\n<\/div><\/div>\n\t\t\t\t\t<div class=\"download_box\">\n\t\t\t\t<div class=\"download_text\">\n\t\t\t\t\t<a href=\"https:\/\/niw.gov.pl\/wp-content\/uploads\/2021\/04\/Lista-wnioskow-wstepnych-niezakwalifikowanych-do-drugiego-etapu-Konkursu-PROO-1a-2020.pdf\" download>Lista wniosk\u00f3w wst\u0119pnych niezakwalifikowanych do drugiego etapu Konkursu PROO 1a 2020<\/a><\/div><br><br><span><img decoding=\"async\" src=\"https:\/\/niw.gov.pl\/wp-content\/themes\/niw\/images\/PDF.png\" alt=\"PDF.png\"><\/button> 2.06MB<\/span><a href=\"https:\/\/niw.gov.pl\/wp-content\/uploads\/2021\/04\/Lista-wnioskow-wstepnych-niezakwalifikowanych-do-drugiego-etapu-Konkursu-PROO-1a-2020.pdf\" download><button class=\"download_btn\" type=\"button\"> <img decoding=\"async\" src=\"https:\/\/niw.gov.pl\/wp-content\/themes\/niw\/images\/arrow7.png\" alt=\"arrow7.png\"><\/button><\/a> <div class=\"clr\">\n\n<\/div><\/div><\/div><\/div>[\/vc_column_inner][\/vc_row_inner][\/vc_column][\/vc_row][vc_row][vc_column][vc_separator][vc_custom_heading text=&#8221;Ocena formalna ofert z\u0142o\u017conych w konkursie PROO 1a 2020 zako\u0144czona&#8221; font_container=&#8221;tag:h4|text_align:left&#8221; use_theme_fonts=&#8221;yes&#8221;][vc_empty_space][vc_column_text]Dyrektor Narodowego Instytutu Wolno\u015bci \u2013 Centrum Rozwoju Spo\u0142ecze\u0144stwa Obywatelskiego informuje, \u017ce zako\u0144czono ocen\u0119 formaln\u0105 ofert z\u0142o\u017conych w konkursie PROO 1a 2020.<\/p>\n<p>&nbsp;<\/p>\n<p>Wszystkie Wnioski zosta\u0142y poddane ocenie formalnej. Na 2102 wniosk\u00f3w z\u0142o\u017conych w Systemie Obs\u0142ugi Dotacji, 12 nie spe\u0142ni\u0142o kryteri\u00f3w formalnych. Pozosta\u0142e Wnioski zakwalifikowa\u0142y si\u0119 do oceny merytorycznej. Informacja o wyniku oceny formalnej zostanie przes\u0142ana wszystkim Wnioskodawcom na adres poczty elektronicznej podany we Wniosku.<\/p>\n<p>&nbsp;<\/p>\n<p>Poni\u017cej zamieszczona zosta\u0142a lista wniosk\u00f3w zakwalifikowanych do oceny merytorycznej w wyniku oceny formalnej a tak\u017ce lista wniosk\u00f3w odrzuconych w wyniku oceny formalnej. Zgodnie z Regulaminem konkursu PROO 1a 2020 Wnioskodawcom, kt\u00f3rych Wnioski zosta\u0142y odrzucone przys\u0142uguje mo\u017cliwo\u015b\u0107 z\u0142o\u017cenia odwo\u0142ania do Przewodnicz\u0105cego Komitetu do spraw Po\u017cytku Publicznego, w terminie 3 dni roboczych od daty otrzymania wynik\u00f3w oceny formalnej, za po\u015brednictwem NIW-CRSO.<\/p>\n<p>Odwo\u0142anie nale\u017cy wnie\u015b\u0107 przy u\u017cyciu Generatora Wniosk\u00f3w.<\/p>\n<p>Odwo\u0142ania z\u0142o\u017cone po terminie nie zostanie rozpatrzone.[\/vc_column_text][vc_row_inner][vc_column_inner width=&#8221;1\/2&#8243;]<div class=\"row\">\n\t\t\t\t<div class=\"col-lg-12 col-md-12 col-sm-12 media_text\">\n\t\t\t\t\t<div class=\"download_box\">\n\t\t\t\t<div class=\"download_text\">\n\t\t\t\t\t<a href=\"https:\/\/niw.gov.pl\/wp-content\/uploads\/2021\/04\/PROO-1a-2020-LISTA-FORMALNA.pdf\" download>Lista Wniosk\u00f3w wst\u0119pnych zakwalifikowanych do oceny merytorycznej<\/a><\/div><br><br><span><img decoding=\"async\" src=\"https:\/\/niw.gov.pl\/wp-content\/themes\/niw\/images\/PDF.png\" alt=\"PDF.png\"><\/button> 2.47MB<\/span><a href=\"https:\/\/niw.gov.pl\/wp-content\/uploads\/2021\/04\/PROO-1a-2020-LISTA-FORMALNA.pdf\" download><button class=\"download_btn\" type=\"button\"> <img decoding=\"async\" src=\"https:\/\/niw.gov.pl\/wp-content\/themes\/niw\/images\/arrow7.png\" alt=\"arrow7.png\"><\/button><\/a> <div class=\"clr\">\n\n<\/div><\/div><\/div><\/div>[\/vc_column_inner][vc_column_inner width=&#8221;1\/2&#8243;]<div class=\"row\">\n\t\t\t\t<div class=\"col-lg-12 col-md-12 col-sm-12 media_text\">\n\t\t\t\t\t<div class=\"download_box\">\n\t\t\t\t<div class=\"download_text\">\n\t\t\t\t\t<a href=\"https:\/\/niw.gov.pl\/wp-content\/uploads\/2021\/04\/PROO-1a-2020-NEGATYWNE-FORMALNIE.pdf\" download>Lista Wniosk\u00f3w wst\u0119pnych odrzuconych w wyniku oceny formalnej<\/a><\/div><br><br><span><img decoding=\"async\" src=\"https:\/\/niw.gov.pl\/wp-content\/themes\/niw\/images\/PDF.png\" alt=\"PDF.png\"><\/button> 0.43MB<\/span><a href=\"https:\/\/niw.gov.pl\/wp-content\/uploads\/2021\/04\/PROO-1a-2020-NEGATYWNE-FORMALNIE.pdf\" download><button class=\"download_btn\" type=\"button\"> <img decoding=\"async\" src=\"https:\/\/niw.gov.pl\/wp-content\/themes\/niw\/images\/arrow7.png\" alt=\"arrow7.png\"><\/button><\/a> <div class=\"clr\">\n\n<\/div><\/div><\/div><\/div>[\/vc_column_inner][\/vc_row_inner][\/vc_column][\/vc_row][vc_row][vc_column][vc_separator][vc_column_text]<strong>Zako\u0144czyli\u015bmy nab\u00f3r wniosk\u00f3w wst\u0119pnych<\/strong>\u00a0w ramach edycji 2020 Priorytetu 1a Programu Rozwoju Organizacji Obywatelskich na lata 2014 \u2013 2020 PROO. Organizacje pozarz\u0105dowe i podmioty z nimi zr\u00f3wnane mog\u0142y z\u0142o\u017cy\u0107 wniosek wst\u0119pny w konkursie, podczas trwaj\u0105cego cztery tygodnie naboru: od 4 lutego do 4 marca 2020 (do godz. 12.00).[\/vc_column_text][vc_column_text]W trakcie naboru wp\u0142yn\u0119\u0142o\u00a0<strong>2102<\/strong>\u00a0wnioski.[\/vc_column_text][vc_column_text]\u0141\u0105czna kwota wnioskowanych dotacji to prawie\u00a0<strong>1 mld 100 tys. z\u0142<\/strong>.[\/vc_column_text][vc_column_text]Dzi\u0119kujemy wszystkim zainteresowanym za udzia\u0142 w konkursie. W najbli\u017cszych dniach oferty zostan\u0105 ocenione pod wzgl\u0119dem formalnym, a nast\u0119pnie pod wzgl\u0119dem merytorycznym.[\/vc_column_text][vc_column_text]Og\u0142oszenie wynik\u00f3w planowane jest w drugiej po\u0142owie kwietnia 2020 roku.[\/vc_column_text][\/vc_column][\/vc_row][vc_row][vc_column][vc_separator][vc_custom_heading text=&#8221;Startuje Priorytet 1a PROO, Edycja 2020!&#8221; font_container=&#8221;tag:h4|text_align:left&#8221; use_theme_fonts=&#8221;yes&#8221;][vc_empty_space][vc_column_text]<strong>Uruchamiamy nab\u00f3r wniosk\u00f3w w ramach Programu Rozwoju Organizacji Obywatelskich na lata 2018\u20132030 PROO \u2013 Priorytet 1a. Wsparcie dzia\u0142a\u0144 misyjnych i rozwoju instytucjonalnego Edycja 2020.<\/strong>[\/vc_column_text][vc_column_text]W ramach otwartego konkursu organizacje mog\u0105 uzyska\u0107 wsparcie na realizacj\u0119 dzia\u0142a\u0144 misyjnych (statutowych) oraz wzmocnienie instytucjonalne.\u00a0\u0141\u0105czna kwota przeznaczona na dotacje na okres 3 lat w tej edycji konkursu to ponad 52 mln z\u0142.[\/vc_column_text][vc_column_text]W 2020 r. warto\u015b\u0107 \u015brodk\u00f3w przeznaczonych na dotacje dla organizacji w ramach konkursu wynosi 17.800.000 z\u0142. Szacunkowe alokacje na kolejne lata, w kt\u00f3rych realizowane b\u0119d\u0105 dzia\u0142ania finansowane z dotacji przyznanych w ramach konkursu rozstrzygni\u0119tego w tym roku, wynosz\u0105 odpowiednio 3.686.508 z\u0142 w 2021 r. i 30.576.510 z\u0142 w 2022 r.[\/vc_column_text][vc_column_text]Wnioski mo\u017cna sk\u0142ada\u0107 od 4 lutego 2020 r. od godz. 15.00\u00a0<strong>do 4 marca 2020 r. do godz. 12.00<\/strong>\u00a0poprzez\u00a0<a class=\"red\" href=\"https:\/\/generator.niw.gov.pl\/\">System Obs\u0142ugi Dotacji<\/a>.[\/vc_column_text][vc_column_text]W ramach konkursu mo\u017cna otrzyma\u0107 wsparcie na rozw\u00f3j instytucjonalny organizacji pozarz\u0105dowych. Dotacja mo\u017ce zosta\u0107 przyznana na okres od 24 do 36 miesi\u0119cy. Warto\u015b\u0107 dotacji wynosi od 100 do 700 tys. z\u0142.[\/vc_column_text][vc_column_text]Pytania dotycz\u0105ce konkursu mo\u017cna zadawa\u0107 poprzez formularz kontaktowy PROO na stronie\u00a0<a class=\"red\" href=\"http:\/\/www.niw.gov.pl\/\">www.niw.gov.pl<\/a>, poczt\u0105 elektroniczn\u0105 na adres\u00a0<a class=\"red\" href=\"mailto:proo@niw.gov.pl\">proo@niw.gov.pl<\/a>\u00a0oraz pod numerem telefonu <a class=\"red\" href=\"tel:885-221-531\">885-221-531<\/a>.[\/vc_column_text][vc_column_text]Zach\u0119camy do zapoznania si\u0119 z\u00a0<a class=\"red\" href=\"http:\/\/niw.gov.pl\/wp-content\/uploads\/2021\/04\/PROO_1a_Regulamin-2020-2020.02.03.pdf\"><i class=\"far fa-file-pdf\"><\/i> Regulaminem Konkursu<\/a>,\u00a0<a class=\"red\" href=\"http:\/\/niw.gov.pl\/wp-content\/uploads\/2021\/04\/FAQ_PROO_1a_2020.pdf\"><i class=\"far fa-file-pdf\"><\/i> najcz\u0119\u015bciej zadawanymi pytaniami<\/a>\u00a0i do sk\u0142adania wniosk\u00f3w![\/vc_column_text][vc_column_text]Wszystkie dokumenty znajduj\u0105 si\u0119 r\u00f3wnie\u017c pod adresem\u00a0<a class=\"red\" href=\"https:\/\/generator.niw.gov.pl\/login\">generator.niw.gov.pl<\/a>[\/vc_column_text][\/vc_column][\/vc_row]<\/p>\n","protected":false},"excerpt":{"rendered":"<p>[vc_row][vc_column][vc_custom_heading text=&#8221;Zr\u00f3wnowa\u017cony rozw\u00f3j organizacyjny &#8211; wsparcie dzia\u0142a\u0144 misyjnych i rozwoju instytucjonalnego&#8221; font_container=&#8221;tag:h3|text_align:left&#8221; use_theme_fonts=&#8221;yes&#8221;][vc_empty_space][\/vc_column][\/vc_row][vc_row][vc_column][vc_custom_heading text=&#8221;Wyniki wniosk\u00f3w pe\u0142nych&#8221; font_container=&#8221;tag:h4|text_align:left&#8221; use_theme_fonts=&#8221;yes&#8221;][vc_empty_space][vc_column_text]W ramach tegorocznego naboru\u00a0 PROO 1a dofinansowania rekomendowanych zosta\u0142y\u00a083 wnioski\u00a0spo\u015br\u00f3d 174, kt\u00f3re bra\u0142y udzia\u0142 w etapie wniosk\u00f3w pe\u0142nych konkursu. Pr\u00f3g punktowy pozwalaj\u0105cy na otrzymanie dofinansowania wyni\u00f3s\u0142\u00a094,5 pkt. Warto\u015b\u0107 \u015brodk\u00f3w przeznaczonych na dotacje dla organizacji w ramach konkursu w<\/p>\n","protected":false},"author":46,"featured_media":0,"parent":16111,"menu_order":122,"comment_status":"closed","ping_status":"closed","template":"page-templates\/nasze_programy_sub_pages.php","meta":{"_acf_changed":false,"inline_featured_image":false,"footnotes":""},"class_list":["post-16113","page","type-page","status-publish","hentry"],"acf":[],"_links":{"self":[{"href":"https:\/\/niw.gov.pl\/en\/wp-json\/wp\/v2\/pages\/16113","targetHints":{"allow":["GET"]}}],"collection":[{"href":"https:\/\/niw.gov.pl\/en\/wp-json\/wp\/v2\/pages"}],"about":[{"href":"https:\/\/niw.gov.pl\/en\/wp-json\/wp\/v2\/types\/page"}],"author":[{"embeddable":true,"href":"https:\/\/niw.gov.pl\/en\/wp-json\/wp\/v2\/users\/46"}],"replies":[{"embeddable":true,"href":"https:\/\/niw.gov.pl\/en\/wp-json\/wp\/v2\/comments?post=16113"}],"version-history":[{"count":2,"href":"https:\/\/niw.gov.pl\/en\/wp-json\/wp\/v2\/pages\/16113\/revisions"}],"predecessor-version":[{"id":18362,"href":"https:\/\/niw.gov.pl\/en\/wp-json\/wp\/v2\/pages\/16113\/revisions\/18362"}],"up":[{"embeddable":true,"href":"https:\/\/niw.gov.pl\/en\/wp-json\/wp\/v2\/pages\/16111"}],"wp:attachment":[{"href":"https:\/\/niw.gov.pl\/en\/wp-json\/wp\/v2\/media?parent=16113"}],"curies":[{"name":"wp","href":"https:\/\/api.w.org\/{rel}","templated":true}]}}