{"id":16115,"date":"2021-04-22T11:38:12","date_gmt":"2021-04-22T11:38:12","guid":{"rendered":"http:\/\/niw.gov.pl\/nasze-programy\/proo\/edycja-2020\/priorytet-1b\/"},"modified":"2021-07-20T14:40:45","modified_gmt":"2021-07-20T14:40:45","slug":"priority-1b","status":"publish","type":"page","link":"https:\/\/niw.gov.pl\/en\/our-programmes\/csodp\/edition-2020\/priority-1b\/","title":{"rendered":"Priority 1b"},"content":{"rendered":"<p>[vc_row][vc_column][vc_custom_heading text=&#8221;Dotacje na wk\u0142ad w\u0142asny w projektach mi\u0119dzynarodowych&#8221; font_container=&#8221;tag:h3|text_align:left&#8221; use_theme_fonts=&#8221;yes&#8221;][vc_empty_space][\/vc_column][\/vc_row][vc_row][vc_column][vc_custom_heading text=&#8221;Ocena merytoryczna ofert z\u0142o\u017conych w konkursie PROO 1b 2020&#8243; font_container=&#8221;tag:h4|text_align:left&#8221; use_theme_fonts=&#8221;yes&#8221;][vc_empty_space][vc_column_text]W ramach PROO 1b\u00a0edycja 2020 zosta\u0142y z\u0142o\u017cone 32 wniosk\u00f3w. Organizacje ubiega\u0142y si\u0119 o otrzymanie dotacji na wk\u0142ad w\u0142asny w projektach mi\u0119dzynarodowych. Do oceny merytorycznej zakwalifikowa\u0142o si\u0119 15 wniosk\u00f3w.[\/vc_column_text][vc_column_text]Do dofinansowania wybranych zosta\u0142o\u00a0<strong>14<\/strong>\u00a0<strong>wniosk\u00f3w<\/strong>. Dofinansowane zosta\u0142y wszystkie wnioski ocenione pozytywnie merytorycznie.[\/vc_column_text][vc_column_text]Warto\u015b\u0107 \u015brodk\u00f3w przeznaczonych na dotacje dla organizacji w ramach konkursu w poszczeg\u00f3lnych latach roz\u0142o\u017cy\u0142a si\u0119 nast\u0119puj\u0105co. W roku:[\/vc_column_text][vc_column_text el_class=&#8221;subpage&#8221;]<\/p>\n<ul>\n<li>2020 \u0142\u0105cznie 1 417 190,29 z\u0142;<\/li>\n<li>2021 \u0142\u0105cznie 727 034,00 z\u0142;<\/li>\n<li>2022 \u0142\u0105cznie 233 247,50 z\u0142.<\/li>\n<\/ul>\n<p>[\/vc_column_text][vc_column_text]Z organizacjami, kt\u00f3rych wnioski zosta\u0142y przeznaczone do dofinansowania, skontaktuj\u0105 si\u0119 przedstawiciele NIW-CRSO w celu przekazania informacji o\u00a0przyznanej dotacji oraz pro\u015bby o weryfikacj\u0119 harmonogram\u00f3w i kosztorys\u00f3w.<strong>\u00a0<\/strong>[\/vc_column_text][vc_column_text]Gratulujemy i dzi\u0119kujemy za zainteresowanie konkursem![\/vc_column_text]<div class=\"row\">\n\t\t\t\t<div class=\"col-lg-12 col-md-12 col-sm-12 media_text\">\n\t\t\t\t\t\n\t\t\t\t\t\n\t\t\t\t\t<div class=\"programs_links\"><a href=\"https:\/\/niw.gov.pl\/wp-content\/uploads\/2021\/04\/Lista-wnioskow-dofinansowanych-w-ramach-PROO-1b-edycja-2020.pdf\" download><button class=\"link_btn\" type=\"button\"> <img decoding=\"async\" src=\"https:\/\/niw.gov.pl\/wp-content\/themes\/niw\/images\/ic_link.png\" alt=\"ic_link.png\"> <\/button> Lista zakwalifikowanych do realizacji<\/a>\n<\/div>\n\n\n\t\t\t\t\t<\/div><\/div><div class=\"row\">\n\t\t\t\t<div class=\"col-lg-12 col-md-12 col-sm-12 media_text\">\n\t\t\t\t\t\n\t\t\t\t\t\n\t\t\t\t\t<div class=\"programs_links\"><a href=\"https:\/\/niw.gov.pl\/wp-content\/uploads\/2021\/04\/Lista-wnioskow-ocenionych-negatywnie-merytorycznie-w-ramach-PROO-1b-edycja-2020.pdf\" download><button class=\"link_btn\" type=\"button\"> <img decoding=\"async\" src=\"https:\/\/niw.gov.pl\/wp-content\/themes\/niw\/images\/ic_link.png\" alt=\"ic_link.png\"> <\/button> Lista odrzuconych \u2013 niezakwalifikowanych do realizacji ze wzgl\u0119du na negatywn\u0105 ocen\u0119 merytoryczn\u0105<\/a>\n<\/div>\n\n\n\t\t\t\t\t<\/div><\/div><div class=\"row\">\n\t\t\t\t<div class=\"col-lg-12 col-md-12 col-sm-12 media_text\">\n\t\t\t\t\t\n\t\t\t\t\t\n\t\t\t\t\t<div class=\"programs_links\"><a href=\"https:\/\/niw.gov.pl\/wp-content\/uploads\/2021\/04\/Zarzadzenie-nr-03-07-2020-o-powolaniu-panelu-ekspertow-PROO-1b-2020.pdf\" download><button class=\"link_btn\" type=\"button\"> <img decoding=\"async\" src=\"https:\/\/niw.gov.pl\/wp-content\/themes\/niw\/images\/ic_link.png\" alt=\"ic_link.png\"> <\/button> Zarz\u0105dzenie w sprawie powo\u0142ania panelu ekspert\u00f3w w celu dyskusji nad wynikami oceny merytorycznej wniosk\u00f3w z\u0142o\u017conych w konkursie organizowanym w ramach PROO Priorytet 1b<\/a>\n<\/div>\n\n\n\t\t\t\t\t<\/div><\/div>[\/vc_column][\/vc_row][vc_row][vc_column][vc_separator][vc_custom_heading text=&#8221;Ocena formalna ofert z\u0142o\u017conych w konkursie PROO 1b 2020 zako\u0144czona&#8221; font_container=&#8221;tag:h4|text_align:left&#8221; use_theme_fonts=&#8221;yes&#8221;][vc_empty_space][vc_column_text]Dyrektor Narodowego Instytutu Wolno\u015bci \u2013 Centrum Rozwoju Spo\u0142ecze\u0144stwa Obywatelskiego informuje, \u017ce zako\u0144czono ocen\u0119 formaln\u0105 ofert z\u0142o\u017conych w konkursie PROO 1b 2020.[\/vc_column_text][vc_column_text]Wszystkie Wnioski zosta\u0142y poddane ocenie formalnej. Na 32 wnioski z\u0142o\u017cone w Systemie Obs\u0142ugi Dotacji, 17 nie spe\u0142ni\u0142o kryteri\u00f3w formalnych. Pozosta\u0142e Wnioski zakwalifikowa\u0142y si\u0119 do oceny merytorycznej. Informacja o wyniku oceny formalnej zostanie przes\u0142ana wszystkim Wnioskodawcom na adres poczty elektronicznej podany we Wniosku.[\/vc_column_text][vc_column_text]Poni\u017cej zamieszczona zosta\u0142a lista wniosk\u00f3w zakwalifikowanych do oceny merytorycznej w wyniku oceny formalnej a tak\u017ce lista wniosk\u00f3w odrzuconych w wyniku oceny formalnej. Zgodnie z Regulaminem konkursu PROO 1b 2020 Wnioskodawcom, kt\u00f3rych Wnioski zosta\u0142y odrzucone przys\u0142uguje mo\u017cliwo\u015b\u0107 z\u0142o\u017cenia odwo\u0142ania do Przewodnicz\u0105cego Komitetu do spraw Po\u017cytku Publicznego, w terminie 3 dni roboczych od daty otrzymania wynik\u00f3w oceny formalnej, za po\u015brednictwem NIW-CRSO. Odwo\u0142anie nale\u017cy wnie\u015b\u0107 przy u\u017cyciu Generatora Wniosk\u00f3w.[\/vc_column_text][vc_column_text]Odwo\u0142ania z\u0142o\u017cone po terminie nie zostanie rozpatrzone.[\/vc_column_text]<div class=\"row\">\n\t\t\t\t<div class=\"col-lg-12 col-md-12 col-sm-12 media_text\">\n\t\t\t\t\t\n\t\t\t\t\t\n\t\t\t\t\t<div class=\"programs_links\"><a href=\"https:\/\/niw.gov.pl\/wp-content\/uploads\/2021\/04\/Lista-wnioskow-zakwalifikowanych-do-oceny-merytorycznej-PROO-1b-2020.pdf\" download><button class=\"link_btn\" type=\"button\"> <img decoding=\"async\" src=\"https:\/\/niw.gov.pl\/wp-content\/themes\/niw\/images\/ic_link.png\" alt=\"ic_link.png\"> <\/button> Lista Wniosk\u00f3w wst\u0119pnych zakwalifikowanych do oceny merytorycznej<\/a>\n<\/div>\n\n\n\t\t\t\t\t<\/div><\/div><div class=\"row\">\n\t\t\t\t<div class=\"col-lg-12 col-md-12 col-sm-12 media_text\">\n\t\t\t\t\t\n\t\t\t\t\t\n\t\t\t\t\t<div class=\"programs_links\"><a href=\"https:\/\/niw.gov.pl\/wp-content\/uploads\/2021\/04\/Lista-wnioskow-odrzuconych-formalnie-PROO-1b-2020.pdf\" download><button class=\"link_btn\" type=\"button\"> <img decoding=\"async\" src=\"https:\/\/niw.gov.pl\/wp-content\/themes\/niw\/images\/ic_link.png\" alt=\"ic_link.png\"> <\/button> Lista Wniosk\u00f3w wst\u0119pnych odrzuconych w wyniku oceny formalnej<\/a>\n<\/div>\n\n\n\t\t\t\t\t<\/div><\/div><div class=\"row\">\n\t\t\t\t<div class=\"col-lg-12 col-md-12 col-sm-12 media_text\">\n\t\t\t\t\t\n\t\t\t\t\t\n\t\t\t\t\t<div class=\"programs_links\"><a href=\"https:\/\/niw.gov.pl\/wp-content\/uploads\/2021\/04\/Rozstrzygniecie-Przewodniczacego-Komitetu-ds.-Pozytku-Publicznego-odwolan-od-oceny-formalnej-PROO-1b_.pdf\" download><button class=\"link_btn\" type=\"button\"> <img decoding=\"async\" src=\"https:\/\/niw.gov.pl\/wp-content\/themes\/niw\/images\/ic_link.png\" alt=\"ic_link.png\"> <\/button> Rozstrzygni\u0119cie Przewodnicz\u0105cego Komitetu ds. Po\u017cytku Publicznego odwo\u0142a\u0144 od oceny formalnej PROO 1b<\/a>\n<\/div>\n\n\n\t\t\t\t\t<\/div><\/div>[\/vc_column][\/vc_row][vc_row][vc_column][vc_separator][vc_custom_heading text=&#8221;Uruchamiamy nab\u00f3r wniosk\u00f3w w ramach Programu Rozwoju Organizacji Obywatelskich na lata 2018\u20132030 PROO \u2013 Priorytet 1b. Dotacje na wk\u0142ad w\u0142asny w projektach mi\u0119dzynarodowych. Edycja 2020&#8243; font_container=&#8221;tag:h4|text_align:left&#8221; use_theme_fonts=&#8221;yes&#8221;][vc_empty_space][vc_column_text]W ramach otwartego konkursu organizacje mog\u0105 uzyska\u0107 wsparcie na pokrycie wymaganego wk\u0142adu w\u0142asnego, kt\u00f3ry pozwoli na:[\/vc_column_text][vc_column_text el_class=&#8221;subpage&#8221;]<\/p>\n<ul>\n<li>udzia\u0142 organizacji obywatelskich w projektach mi\u0119dzynarodowych,<\/li>\n<li>realizacj\u0119 projekt\u00f3w w ramach program\u00f3w wdra\u017canych przez instytucje zagraniczne,<\/li>\n<li>realizacj\u0119 projekt\u00f3w w ramach program\u00f3w ponadnarodowych.<\/li>\n<\/ul>\n<p>[\/vc_column_text][vc_column_text]W ramach konkursu wyznaczono strategiczne obszary tematyczne w zakresie projekt\u00f3w, kt\u00f3re b\u0119d\u0105 realizowane przez Wnioskodawc\u00f3w przy wykorzystaniu dotacji z PROO na pokrycie wk\u0142adu w\u0142asnego. Strategiczne obszary tematyczne obejmuj\u0105:[\/vc_column_text][vc_column_text el_class=&#8221;subpage&#8221;]<\/p>\n<ul>\n<li>Edukacj\u0119;<\/li>\n<li>W\u0142\u0105czenie spo\u0142eczne i dzia\u0142alno\u015b\u0107 prorodzinn\u0105;<\/li>\n<li>Rozw\u00f3j wsp\u00f3lnot lokalnych i spo\u0142ecze\u0144stwa obywatelskiego, wolontariat;<\/li>\n<li>Pomoc humanitarn\u0105 i rozwojow\u0105;<\/li>\n<li>Dziedzictwo kultury, historii oraz pami\u0119\u0107 historyczn\u0105;<\/li>\n<li>Ochron\u0119 \u015brodowiska naturalnego.<\/li>\n<\/ul>\n<p>[\/vc_column_text][vc_column_text]Warto\u015b\u0107 \u015brodk\u00f3w przeznaczonych na dotacje dla organizacji w ramach konkursu w 2020 r. wynosi 1 960 000 z\u0142. Szacunkowe alokacje na kolejne lata wynosz\u0105 odpowiednio 1 000 000 z\u0142 w 2021 r. i 1 000 000 z\u0142 w 2022 r.[\/vc_column_text][vc_column_text]Wnioski mo\u017cna sk\u0142ada\u0107 od dnia 08.04.2020 r. od godz. 15:00 do 11.05.2020 r. do godz. 12:00 poprzez\u00a0<a class=\"red\" href=\"https:\/\/generator.niw.gov.pl\/\">System Obs\u0142ugi Dotacji<\/a>.[\/vc_column_text][vc_column_text]Warto\u015b\u0107 dotacji, o kt\u00f3r\u0105 mo\u017cna aplikowa\u0107 wynosi maksymalnie 500 tys. z\u0142 (nie wi\u0119cej ni\u017c minimalny wymagany przez instytucj\u0119 organizuj\u0105c\u0105 konkurs, wk\u0142ad w\u0142asny). Dotacja mo\u017ce by\u0107 udzielona na okres 36 miesi\u0119cy.[\/vc_column_text][vc_column_text]Pytania dotycz\u0105ce konkursu mo\u017cna zadawa\u0107 poprzez formularz kontaktowy PROO na stronie\u00a0<a class=\"red\" href=\"http:\/\/www.niw.gov.pl\/\">www.niw.gov.pl<\/a>[\/vc_column_text][\/vc_column][\/vc_row][vc_row][vc_column][vc_custom_heading text=&#8221;Wi\u0119cej informacji do pobrania&#8221; font_container=&#8221;tag:h4|text_align:left&#8221; use_theme_fonts=&#8221;yes&#8221;][vc_empty_space][vc_row_inner][vc_column_inner width=&#8221;1\/2&#8243;]<div class=\"row\">\n\t\t\t\t<div class=\"col-lg-12 col-md-12 col-sm-12 media_text\">\n\t\t\t\t\t<div class=\"download_box\">\n\t\t\t\t<div class=\"download_text\">\n\t\t\t\t\t<a href=\"https:\/\/niw.gov.pl\/wp-content\/uploads\/2021\/04\/PROO_1b_Regulamin_2020.pdf\" download>Regulamin Konkursu<\/a><\/div><br><br><span><img decoding=\"async\" src=\"https:\/\/niw.gov.pl\/wp-content\/themes\/niw\/images\/PDF.png\" alt=\"PDF.png\"><\/button> 1.49MB<\/span><a href=\"https:\/\/niw.gov.pl\/wp-content\/uploads\/2021\/04\/PROO_1b_Regulamin_2020.pdf\" download><button class=\"download_btn\" type=\"button\"> <img decoding=\"async\" src=\"https:\/\/niw.gov.pl\/wp-content\/themes\/niw\/images\/arrow7.png\" alt=\"arrow7.png\"><\/button><\/a> <div class=\"clr\">\n\n<\/div><\/div>\n\t\t\t\t\t<div class=\"download_box\">\n\t\t\t\t<div class=\"download_text\">\n\t\t\t\t\t<a href=\"https:\/\/niw.gov.pl\/wp-content\/uploads\/2021\/04\/Podrecznik-dla-Wnioskodawcy-1b-2020.pdf\" download>Podr\u0119cznik dla Wnioskodawc\u00f3w<\/a><\/div><br><br><span><img decoding=\"async\" src=\"https:\/\/niw.gov.pl\/wp-content\/themes\/niw\/images\/PDF.png\" alt=\"PDF.png\"><\/button> 1.41MB<\/span><a href=\"https:\/\/niw.gov.pl\/wp-content\/uploads\/2021\/04\/Podrecznik-dla-Wnioskodawcy-1b-2020.pdf\" download><button class=\"download_btn\" type=\"button\"> <img decoding=\"async\" src=\"https:\/\/niw.gov.pl\/wp-content\/themes\/niw\/images\/arrow7.png\" alt=\"arrow7.png\"><\/button><\/a> <div class=\"clr\">\n\n<\/div><\/div><\/div><\/div>[\/vc_column_inner][vc_column_inner width=&#8221;1\/2&#8243;]<div class=\"row\">\n\t\t\t\t<div class=\"col-lg-12 col-md-12 col-sm-12 media_text\">\n\t\t\t\t\t<div class=\"download_box\">\n\t\t\t\t<div class=\"download_text\">\n\t\t\t\t\t<a href=\"https:\/\/niw.gov.pl\/wp-content\/uploads\/2021\/04\/FAQ_PROO_1b.pdf\" download>Najcz\u0119\u015bciej zadawane pytania<\/a><\/div><br><br><span><img decoding=\"async\" src=\"https:\/\/niw.gov.pl\/wp-content\/themes\/niw\/images\/PDF.png\" alt=\"PDF.png\"><\/button> 1.08MB<\/span><a href=\"https:\/\/niw.gov.pl\/wp-content\/uploads\/2021\/04\/FAQ_PROO_1b.pdf\" download><button class=\"download_btn\" type=\"button\"> <img decoding=\"async\" src=\"https:\/\/niw.gov.pl\/wp-content\/themes\/niw\/images\/arrow7.png\" alt=\"arrow7.png\"><\/button><\/a> <div class=\"clr\">\n\n<\/div><\/div>\n\t\t\t\t\t<div class=\"download_box\">\n\t\t\t\t<div class=\"download_text\">\n\t\t\t\t\t<a href=\"https:\/\/niw.gov.pl\/wp-content\/uploads\/2021\/04\/Niezbednik-eksperta-PROO-1b-2020.pdf\" download>Niezb\u0119dnik eksperta<\/a><\/div><br><br><span><img decoding=\"async\" src=\"https:\/\/niw.gov.pl\/wp-content\/themes\/niw\/images\/PDF.png\" alt=\"PDF.png\"><\/button> 1.31MB<\/span><a href=\"https:\/\/niw.gov.pl\/wp-content\/uploads\/2021\/04\/Niezbednik-eksperta-PROO-1b-2020.pdf\" download><button class=\"download_btn\" type=\"button\"> <img decoding=\"async\" src=\"https:\/\/niw.gov.pl\/wp-content\/themes\/niw\/images\/arrow7.png\" alt=\"arrow7.png\"><\/button><\/a> <div class=\"clr\">\n\n<\/div><\/div><\/div><\/div>[\/vc_column_inner][\/vc_row_inner][vc_column_text]Wszystkie dokumenty znajduj\u0105 si\u0119 r\u00f3wnie\u017c pod adresem\u00a0<a class=\"red\" href=\"https:\/\/generator.niw.gov.pl\/login\" target=\"_blank\" rel=\"noopener\">generator.niw.gov.pl<\/a>[\/vc_column_text][\/vc_column][\/vc_row]<\/p>\n","protected":false},"excerpt":{"rendered":"<p>[vc_row][vc_column][vc_custom_heading text=&#8221;Dotacje na wk\u0142ad w\u0142asny w projektach mi\u0119dzynarodowych&#8221; font_container=&#8221;tag:h3|text_align:left&#8221; use_theme_fonts=&#8221;yes&#8221;][vc_empty_space][\/vc_column][\/vc_row][vc_row][vc_column][vc_custom_heading text=&#8221;Ocena merytoryczna ofert z\u0142o\u017conych w konkursie PROO 1b 2020&#8243; font_container=&#8221;tag:h4|text_align:left&#8221; use_theme_fonts=&#8221;yes&#8221;][vc_empty_space][vc_column_text]W ramach PROO 1b\u00a0edycja 2020 zosta\u0142y z\u0142o\u017cone 32 wniosk\u00f3w. Organizacje ubiega\u0142y si\u0119 o otrzymanie dotacji na wk\u0142ad w\u0142asny w projektach mi\u0119dzynarodowych. Do oceny merytorycznej zakwalifikowa\u0142o si\u0119 15 wniosk\u00f3w.[\/vc_column_text][vc_column_text]Do dofinansowania wybranych zosta\u0142o\u00a014\u00a0wniosk\u00f3w. Dofinansowane zosta\u0142y wszystkie wnioski<\/p>\n","protected":false},"author":46,"featured_media":0,"parent":16111,"menu_order":127,"comment_status":"closed","ping_status":"closed","template":"page-templates\/nasze_programy_sub_pages.php","meta":{"_acf_changed":false,"inline_featured_image":false,"footnotes":""},"class_list":["post-16115","page","type-page","status-publish","hentry"],"acf":[],"_links":{"self":[{"href":"https:\/\/niw.gov.pl\/en\/wp-json\/wp\/v2\/pages\/16115","targetHints":{"allow":["GET"]}}],"collection":[{"href":"https:\/\/niw.gov.pl\/en\/wp-json\/wp\/v2\/pages"}],"about":[{"href":"https:\/\/niw.gov.pl\/en\/wp-json\/wp\/v2\/types\/page"}],"author":[{"embeddable":true,"href":"https:\/\/niw.gov.pl\/en\/wp-json\/wp\/v2\/users\/46"}],"replies":[{"embeddable":true,"href":"https:\/\/niw.gov.pl\/en\/wp-json\/wp\/v2\/comments?post=16115"}],"version-history":[{"count":4,"href":"https:\/\/niw.gov.pl\/en\/wp-json\/wp\/v2\/pages\/16115\/revisions"}],"predecessor-version":[{"id":19689,"href":"https:\/\/niw.gov.pl\/en\/wp-json\/wp\/v2\/pages\/16115\/revisions\/19689"}],"up":[{"embeddable":true,"href":"https:\/\/niw.gov.pl\/en\/wp-json\/wp\/v2\/pages\/16111"}],"wp:attachment":[{"href":"https:\/\/niw.gov.pl\/en\/wp-json\/wp\/v2\/media?parent=16115"}],"curies":[{"name":"wp","href":"https:\/\/api.w.org\/{rel}","templated":true}]}}