{"id":16118,"date":"2021-04-22T11:39:12","date_gmt":"2021-04-22T11:39:12","guid":{"rendered":"http:\/\/niw.gov.pl\/nasze-programy\/proo\/edycja-2020\/priorytet-2a\/"},"modified":"2021-07-20T14:42:17","modified_gmt":"2021-07-20T14:42:17","slug":"priority-2a","status":"publish","type":"page","link":"https:\/\/niw.gov.pl\/en\/our-programmes\/csodp\/edition-2020\/priority-2a\/","title":{"rendered":"Priority 2a"},"content":{"rendered":"<p>[vc_row][vc_column][vc_custom_heading text=&#8221;Kapita\u0142y \u017celazne &#8211; dotacje operacyjne na wsparcie budowania pocz\u0105tkowych kapita\u0142\u00f3w \u017celaznych&#8221; font_container=&#8221;tag:h3|text_align:left&#8221; use_theme_fonts=&#8221;yes&#8221;][vc_empty_space][\/vc_column][\/vc_row][vc_row][vc_column][vc_custom_heading text=&#8221;Przedstawiamy wyniki konkursu PROO 2a, edycja 2019-2020&#8243; font_container=&#8221;tag:h4|text_align:left&#8221; use_theme_fonts=&#8221;yes&#8221;][vc_empty_space][vc_column_text]W ramach PROO 2a\u00a0edycja 2019-2020 zosta\u0142o z\u0142o\u017conych 175 wniosk\u00f3w. Organizacje ubiega\u0142y si\u0119 o otrzymanie\u00a0<strong>dotacji operacyjnej na wsparcie budowy pocz\u0105tkowych kapita\u0142\u00f3w \u017celaznych.\u00a0<\/strong>Wszystkie wnioski przesz\u0142y pozytywnie proces oceny formalnej. Nast\u0119pnie na podstawie oceny merytorycznej zosta\u0142y przygotowane listy rankingowe.[\/vc_column_text][vc_column_text]Do dofinansowania wybranych zosta\u0142o\u00a0<strong>24<\/strong>\u00a0wniosk\u00f3w. W przypadku niniejszego konkursu granica punktowa powy\u017cej kt\u00f3rej organizacje zakwalifikowa\u0142y si\u0119 do dofinansowania wynios\u0142a 93 pkt.[\/vc_column_text][vc_column_text]Warto\u015b\u0107 \u015brodk\u00f3w przeznaczonych na dotacje dla organizacji w ramach konkursu w poszczeg\u00f3lnych latach roz\u0142o\u017cy\u0142a si\u0119 nast\u0119puj\u0105co:[\/vc_column_text][vc_column_text el_class=&#8221;subpage&#8221;]<\/p>\n<ul>\n<li>W roku 2020 i 2021 \u0142\u0105cznie 7.532.899,21 z\u0142 \u2013 nie wi\u0119cej ni\u017c 8.000.000 z\u0142 w 2020 roku, oraz nie wi\u0119cej ni\u017c 4.500.000 z\u0142 w 2021 roku.<\/li>\n<li>W roku 2022 \u0142\u0105cznie 2.000.000,00 z\u0142.<\/li>\n<\/ul>\n<p>[\/vc_column_text][vc_column_text]Z organizacjami, kt\u00f3rych wnioski zosta\u0142y przeznaczone do dofinansowania, skontaktuj\u0105 si\u0119 przedstawiciele NIW-CRSO w celu przekazania informacji o\u00a0przyznanej dotacji oraz pro\u015bby o weryfikacj\u0119 harmonogram\u00f3w i kosztorys\u00f3w.<strong>\u00a0<\/strong>[\/vc_column_text][vc_column_text]W przypadku projekt\u00f3w przeznaczonych do dofinansowania, niezale\u017cnie od daty zawarcia umowy, ponoszone wydatki b\u0119d\u0105 kwalifikowane\u00a0<strong>od\u00a01 stycznia 2020 r.<\/strong>\u00a0(o ile harmonogram zak\u0142ada\u0142 rozpocz\u0119cie projektu od tego terminu).[\/vc_column_text][vc_column_text]Gratulujemy i dzi\u0119kujemy za zainteresowanie konkursem![\/vc_column_text]<div class=\"row\">\n\t\t\t\t<div class=\"col-lg-12 col-md-12 col-sm-12 media_text\">\n\t\t\t\t\t\n\t\t\t\t\t\n\t\t\t\t\t<div class=\"programs_links\"><a href=\"https:\/\/niw.gov.pl\/wp-content\/uploads\/2021\/04\/PROO-2a-Lista-rankingowa.pdf\" download><button class=\"link_btn\" type=\"button\"> <img decoding=\"async\" src=\"https:\/\/niw.gov.pl\/wp-content\/themes\/niw\/images\/ic_link.png\" alt=\"ic_link.png\"> <\/button> Lista zakwalifikowanych do realizacji<\/a>\n<\/div>\n\n\n\t\t\t\t\t<\/div><\/div><div class=\"row\">\n\t\t\t\t<div class=\"col-lg-12 col-md-12 col-sm-12 media_text\">\n\t\t\t\t\t\n\t\t\t\t\t\n\t\t\t\t\t<div class=\"programs_links\"><a href=\"https:\/\/niw.gov.pl\/wp-content\/uploads\/2021\/04\/PROO-2a-Lista-rezerowowa.pdf\" download><button class=\"link_btn\" type=\"button\"> <img decoding=\"async\" src=\"https:\/\/niw.gov.pl\/wp-content\/themes\/niw\/images\/ic_link.png\" alt=\"ic_link.png\"> <\/button> Lista rezerwowych \u2013 niezakwalifikowanych do realizacji ze wzgl\u0119du na brak \u015brodk\u00f3w<\/a>\n<\/div>\n\n\n\t\t\t\t\t<\/div><\/div><div class=\"row\">\n\t\t\t\t<div class=\"col-lg-12 col-md-12 col-sm-12 media_text\">\n\t\t\t\t\t\n\t\t\t\t\t\n\t\t\t\t\t<div class=\"programs_links\"><a href=\"https:\/\/niw.gov.pl\/wp-content\/uploads\/2021\/04\/PROO-2a-Negatywne-merytorycznie.pdf\" download><button class=\"link_btn\" type=\"button\"> <img decoding=\"async\" src=\"https:\/\/niw.gov.pl\/wp-content\/themes\/niw\/images\/ic_link.png\" alt=\"ic_link.png\"> <\/button> Lista odrzuconych \u2013 niezakwalifikowanych do realizacji ze wzgl\u0119du na negatywn\u0105 ocen\u0119 merytoryczn\u0105<\/a>\n<\/div>\n\n\n\t\t\t\t\t<\/div><\/div>[\/vc_column][\/vc_row][vc_row][vc_column][vc_separator][vc_column_text]<strong>Zako\u0144czyli\u015bmy ocen\u0119 formaln\u0105<\/strong>\u00a0wniosk\u00f3w z\u0142o\u017conych w konkursie PROO 2a 2019-2020.[\/vc_column_text][vc_column_text]Wszystkie wnioski zosta\u0142y poddane ocenie formalnej. Na 175 wniosk\u00f3w z\u0142o\u017conych w Systemie Obs\u0142ugi Dotacji, wszystkie spe\u0142ni\u0142y kryteria formalne.[\/vc_column_text][vc_column_text]Dzi\u0119kujemy organizacjom zainteresowanym za udzia\u0142 w konkursie. W najbli\u017cszych dniach wnioski zostan\u0105 ocenione pod wzgl\u0119dem merytorycznym. Wyniki planujemy og\u0142osi\u0107 do ko\u0144ca maja br.[\/vc_column_text][vc_row_inner][vc_column_inner width=&#8221;1\/2&#8243;]<div class=\"row\">\n\t\t\t\t<div class=\"col-lg-12 col-md-12 col-sm-12 media_text\">\n\t\t\t\t\t<div class=\"download_box\">\n\t\t\t\t<div class=\"download_text\">\n\t\t\t\t\t<a href=\"https:\/\/niw.gov.pl\/wp-content\/uploads\/2021\/04\/Lista-ocen-formalnych-PROO-2a-2019-2020.pdf\" download>Lista Ofert zakwalifikowanych do oceny merytorycznej<\/a><\/div><br><br><span><img decoding=\"async\" src=\"https:\/\/niw.gov.pl\/wp-content\/themes\/niw\/images\/PDF.png\" alt=\"PDF.png\"><\/button> 0.56MB<\/span><a href=\"https:\/\/niw.gov.pl\/wp-content\/uploads\/2021\/04\/Lista-ocen-formalnych-PROO-2a-2019-2020.pdf\" download><button class=\"download_btn\" type=\"button\"> <img decoding=\"async\" src=\"https:\/\/niw.gov.pl\/wp-content\/themes\/niw\/images\/arrow7.png\" alt=\"arrow7.png\"><\/button><\/a> <div class=\"clr\">\n\n<\/div><\/div><\/div><\/div>[\/vc_column_inner][vc_column_inner width=&#8221;1\/2&#8243;][\/vc_column_inner][\/vc_row_inner][\/vc_column][\/vc_row][vc_row][vc_column][vc_separator][vc_column_text]<strong>Zako\u0144czyli\u015bmy nab\u00f3r wniosk\u00f3w w ramach Priorytetu 2a<\/strong> Dotacje operacyjne na wsparcie budowy pocz\u0105tkowych kapita\u0142\u00f3w \u017celaznych, edycji 2019-2020 Programu Rozwoju Organizacji Obywatelskich na lata 2014 \u2013 2020 PROO. Organizacje pozarz\u0105dowe i podmioty z nimi zr\u00f3wnane mog\u0142y z\u0142o\u017cy\u0107 wniosek wst\u0119pny w konkursie, podczas trwaj\u0105cego sze\u015b\u0107 tygodni naboru: od dnia 4 marca 2020 r. od godz. 15.00 do 14 kwietnia 2020 r. W trakcie naboru wp\u0142yn\u0119\u0142o 175 wniosk\u00f3w.[\/vc_column_text][vc_column_text]Dzi\u0119kujemy wszystkim zainteresowanym za udzia\u0142 w konkursie. W najbli\u017cszych dniach oferty zostan\u0105 ocenione pod wzgl\u0119dem formalnym, a nast\u0119pnie pod wzgl\u0119dem merytorycznym.[\/vc_column_text][vc_column_text]Og\u0142oszenie wynik\u00f3w planowane jest do ko\u0144ca maja 2020 roku.[\/vc_column_text][\/vc_column][\/vc_row][vc_row][vc_column][vc_separator][vc_column_text]<strong>Uruchamiamy nab\u00f3r wniosk\u00f3w w ramach Programu Rozwoju Organizacji Obywatelskich na lata 2018\u20132030 PROO\u00a0<\/strong><strong>\u2013 Priorytet 2a\u00a0<\/strong><strong>Dotacje operacyjne na wsparcie budowy pocz\u0105tkowych kapita\u0142\u00f3w \u017celaznych Edycja 2019-2020.<\/strong>[\/vc_column_text][vc_column_text]W ramach otwartego konkursu organizacje mog\u0105 uzyska\u0107 wsparcie na realizacj\u0119 dzia\u0142a\u0144 obejmuj\u0105cych kompleksowe przygotowanie Wnioskodawcy do utworzenia kapita\u0142u \u017celaznego.[\/vc_column_text][vc_column_text]Wnioski mo\u017cna sk\u0142ada\u0107\u00a0<strong>od dnia 4 marca 2020 r. od godz. 15.00 do 14 kwietnia 2020 r. do godz. 12.00<\/strong>\u00a0wy\u0142\u0105cznie za pomoc\u0105 Generatora Wniosk\u00f3w, dost\u0119pnego pod adresem:\u00a0<a class=\"red\" href=\"https:\/\/generator.niw.gov.pl\/\">https:\/\/generator.niw.gov.pl\/<\/a>.[\/vc_column_text][vc_column_text]Dotacja mo\u017ce zosta\u0107 przyznana na okres od 24 do 36 miesi\u0119cy. Warto\u015b\u0107 dotacji wynosi od 100 do 500 tys. z\u0142.\u00a0 Warto\u015b\u0107 \u015brodk\u00f3w przeznaczonych na dotacje dla organizacji w ramach konkursu w 2020 r. wynosi 8 000 000 z\u0142. Szacunkowe alokacje na kolejne lata wynosz\u0105 odpowiednio 4 500 000 z\u0142 w 2021 r. i 2 000 000 z\u0142 w 2022 r.[\/vc_column_text][vc_column_text]Pytania dotycz\u0105ce konkursu mo\u017cna zadawa\u0107 poprzez formularz kontaktowy PROO, poczt\u0105 elektroniczn\u0105 na adres\u00a0<a class=\"red\" href=\"mailto:proo@niw.gov.pl\">proo@niw.gov.pl<\/a>\u00a0oraz pod numerem telefonu 885 221 531 w dni robocze, w godzinach 10.00 \u2013 16.00.[\/vc_column_text][\/vc_column][\/vc_row][vc_row][vc_column][vc_custom_heading text=&#8221;Wi\u0119cej informacji do pobrania&#8221; font_container=&#8221;tag:h4|text_align:left&#8221; use_theme_fonts=&#8221;yes&#8221;][vc_empty_space][vc_row_inner][vc_column_inner width=&#8221;1\/2&#8243;]<div class=\"row\">\n\t\t\t\t<div class=\"col-lg-12 col-md-12 col-sm-12 media_text\">\n\t\t\t\t\t<div class=\"download_box\">\n\t\t\t\t<div class=\"download_text\">\n\t\t\t\t\t<a href=\"https:\/\/niw.gov.pl\/wp-content\/uploads\/2021\/04\/PROO_2a_Regulamin.pdf\" download>Regulamin Konkursu<\/a><\/div><br><br><span><img decoding=\"async\" src=\"https:\/\/niw.gov.pl\/wp-content\/themes\/niw\/images\/PDF.png\" alt=\"PDF.png\"><\/button> 1.08MB<\/span><a href=\"https:\/\/niw.gov.pl\/wp-content\/uploads\/2021\/04\/PROO_2a_Regulamin.pdf\" download><button class=\"download_btn\" type=\"button\"> <img decoding=\"async\" src=\"https:\/\/niw.gov.pl\/wp-content\/themes\/niw\/images\/arrow7.png\" alt=\"arrow7.png\"><\/button><\/a> <div class=\"clr\">\n\n<\/div><\/div>\n\t\t\t\t\t<div class=\"download_box\">\n\t\t\t\t<div class=\"download_text\">\n\t\t\t\t\t<a href=\"https:\/\/niw.gov.pl\/wp-content\/uploads\/2021\/04\/Podrecznik-dla-Wnioskodawcow-PROO-2a.pdf\" download>Podr\u0119cznik dla Wnioskodawc\u00f3w<\/a><\/div><br><br><span><img decoding=\"async\" src=\"https:\/\/niw.gov.pl\/wp-content\/themes\/niw\/images\/PDF.png\" alt=\"PDF.png\"><\/button> 1.90MB<\/span><a href=\"https:\/\/niw.gov.pl\/wp-content\/uploads\/2021\/04\/Podrecznik-dla-Wnioskodawcow-PROO-2a.pdf\" download><button class=\"download_btn\" type=\"button\"> <img decoding=\"async\" src=\"https:\/\/niw.gov.pl\/wp-content\/themes\/niw\/images\/arrow7.png\" alt=\"arrow7.png\"><\/button><\/a> <div class=\"clr\">\n\n<\/div><\/div>\n\t\t\t\t\t<div class=\"download_box\">\n\t\t\t\t<div class=\"download_text\">\n\t\t\t\t\t<a href=\"https:\/\/niw.gov.pl\/wp-content\/uploads\/2021\/04\/FAQ_PROO_2a.pdf\" download>Najcz\u0119\u015bciej zadawane pytania<\/a><\/div><br><br><span><img decoding=\"async\" src=\"https:\/\/niw.gov.pl\/wp-content\/themes\/niw\/images\/PDF.png\" alt=\"PDF.png\"><\/button> 1.11MB<\/span><a href=\"https:\/\/niw.gov.pl\/wp-content\/uploads\/2021\/04\/FAQ_PROO_2a.pdf\" download><button class=\"download_btn\" type=\"button\"> <img decoding=\"async\" src=\"https:\/\/niw.gov.pl\/wp-content\/themes\/niw\/images\/arrow7.png\" alt=\"arrow7.png\"><\/button><\/a> <div class=\"clr\">\n\n<\/div><\/div><\/div><\/div>[\/vc_column_inner][vc_column_inner width=&#8221;1\/2&#8243;][\/vc_column_inner][\/vc_row_inner][vc_column_text]Wszystkie dokumenty znajduj\u0105 si\u0119 r\u00f3wnie\u017c pod adresem\u00a0<a class=\"red\" href=\"https:\/\/generator.niw.gov.pl\/login\" target=\"_blank\" rel=\"noopener\">generator.niw.gov.pl<\/a>[\/vc_column_text][\/vc_column][\/vc_row]<\/p>\n","protected":false},"excerpt":{"rendered":"<p>[vc_row][vc_column][vc_custom_heading text=&#8221;Kapita\u0142y \u017celazne &#8211; dotacje operacyjne na wsparcie budowania pocz\u0105tkowych kapita\u0142\u00f3w \u017celaznych&#8221; font_container=&#8221;tag:h3|text_align:left&#8221; use_theme_fonts=&#8221;yes&#8221;][vc_empty_space][\/vc_column][\/vc_row][vc_row][vc_column][vc_custom_heading text=&#8221;Przedstawiamy wyniki konkursu PROO 2a, edycja 2019-2020&#8243; font_container=&#8221;tag:h4|text_align:left&#8221; use_theme_fonts=&#8221;yes&#8221;][vc_empty_space][vc_column_text]W ramach PROO 2a\u00a0edycja 2019-2020 zosta\u0142o z\u0142o\u017conych 175 wniosk\u00f3w. Organizacje ubiega\u0142y si\u0119 o otrzymanie\u00a0dotacji operacyjnej na wsparcie budowy pocz\u0105tkowych kapita\u0142\u00f3w \u017celaznych.\u00a0Wszystkie wnioski przesz\u0142y pozytywnie proces oceny formalnej. Nast\u0119pnie na podstawie oceny merytorycznej zosta\u0142y<\/p>\n","protected":false},"author":46,"featured_media":0,"parent":16111,"menu_order":133,"comment_status":"closed","ping_status":"closed","template":"page-templates\/nasze_programy_sub_pages.php","meta":{"_acf_changed":false,"inline_featured_image":false,"footnotes":""},"class_list":["post-16118","page","type-page","status-publish","hentry"],"acf":[],"_links":{"self":[{"href":"https:\/\/niw.gov.pl\/en\/wp-json\/wp\/v2\/pages\/16118","targetHints":{"allow":["GET"]}}],"collection":[{"href":"https:\/\/niw.gov.pl\/en\/wp-json\/wp\/v2\/pages"}],"about":[{"href":"https:\/\/niw.gov.pl\/en\/wp-json\/wp\/v2\/types\/page"}],"author":[{"embeddable":true,"href":"https:\/\/niw.gov.pl\/en\/wp-json\/wp\/v2\/users\/46"}],"replies":[{"embeddable":true,"href":"https:\/\/niw.gov.pl\/en\/wp-json\/wp\/v2\/comments?post=16118"}],"version-history":[{"count":4,"href":"https:\/\/niw.gov.pl\/en\/wp-json\/wp\/v2\/pages\/16118\/revisions"}],"predecessor-version":[{"id":19691,"href":"https:\/\/niw.gov.pl\/en\/wp-json\/wp\/v2\/pages\/16118\/revisions\/19691"}],"up":[{"embeddable":true,"href":"https:\/\/niw.gov.pl\/en\/wp-json\/wp\/v2\/pages\/16111"}],"wp:attachment":[{"href":"https:\/\/niw.gov.pl\/en\/wp-json\/wp\/v2\/media?parent=16118"}],"curies":[{"name":"wp","href":"https:\/\/api.w.org\/{rel}","templated":true}]}}