{"id":16120,"date":"2021-04-22T11:39:31","date_gmt":"2021-04-22T11:39:31","guid":{"rendered":"http:\/\/niw.gov.pl\/nasze-programy\/proo\/edycja-2020\/priorytet-3\/"},"modified":"2021-07-20T14:43:04","modified_gmt":"2021-07-20T14:43:04","slug":"priority-3","status":"publish","type":"page","link":"https:\/\/niw.gov.pl\/en\/our-programmes\/csodp\/edition-2020\/priority-3\/","title":{"rendered":"Priority 3"},"content":{"rendered":"<p>[vc_row][vc_column][vc_custom_heading text=&#8221;Rozw\u00f3j instytucjonalny lokalnych organizacji stra\u017cniczych i medi\u00f3w obywatelskich&#8221; font_container=&#8221;tag:h3|text_align:left&#8221; use_theme_fonts=&#8221;yes&#8221;][vc_empty_space][\/vc_column][\/vc_row][vc_row][vc_column][vc_custom_heading text=&#8221;Wyniki oceny merytorycznej wniosk\u00f3w&#8221; font_container=&#8221;tag:h4|text_align:left&#8221; use_theme_fonts=&#8221;yes&#8221;][vc_empty_space][vc_column_text]Prezentujemy wyniki oceny merytorycznej wniosk\u00f3w w priorytecie 3 PROO. Wszystkim serdecznie dzi\u0119kujemy za udzia\u0142 w konkursie i zaanga\u017cowanie! Organizacjom, kt\u00f3rych wnioski zosta\u0142y zakwalifikowane do realizacji serdecznie gratulujemy.[\/vc_column_text]<div class=\"row\">\n\t\t\t\t<div class=\"col-lg-12 col-md-12 col-sm-12 media_text\">\n\t\t\t\t\t\n\t\t\t\t\t\n\t\t\t\t\t<div class=\"programs_links\"><a href=\"https:\/\/niw.gov.pl\/wp-content\/uploads\/2021\/04\/lista-rankingowa-PROO-3_wnioski-do-realizacji.pdf\" download><button class=\"link_btn\" type=\"button\"> <img decoding=\"async\" src=\"https:\/\/niw.gov.pl\/wp-content\/themes\/niw\/images\/ic_link.png\" alt=\"ic_link.png\"> <\/button> Lista wniosk\u00f3w zakwalifikowanych do realizacji<\/a>\n<\/div>\n\n\n\t\t\t\t\t<\/div><\/div><div class=\"row\">\n\t\t\t\t<div class=\"col-lg-12 col-md-12 col-sm-12 media_text\">\n\t\t\t\t\t\n\t\t\t\t\t\n\t\t\t\t\t<div class=\"programs_links\"><a href=\"https:\/\/niw.gov.pl\/wp-content\/uploads\/2021\/04\/lista-rankingowa-PROO-3_wnioski-rezerwowe.pdf\" download><button class=\"link_btn\" type=\"button\"> <img decoding=\"async\" src=\"https:\/\/niw.gov.pl\/wp-content\/themes\/niw\/images\/ic_link.png\" alt=\"ic_link.png\"> <\/button> Lista wniosk\u00f3w rezerwowych \u2013 niezakwalifikowanych do realizacji ze wzgl\u0119du na brak \u015brodk\u00f3w<\/a>\n<\/div>\n\n\n\t\t\t\t\t<\/div><\/div><div class=\"row\">\n\t\t\t\t<div class=\"col-lg-12 col-md-12 col-sm-12 media_text\">\n\t\t\t\t\t\n\t\t\t\t\t\n\t\t\t\t\t<div class=\"programs_links\"><a href=\"https:\/\/niw.gov.pl\/wp-content\/uploads\/2021\/04\/lista-rankingowa-PROO-3_wnioski-odrzucone.pdf\" download><button class=\"link_btn\" type=\"button\"> <img decoding=\"async\" src=\"https:\/\/niw.gov.pl\/wp-content\/themes\/niw\/images\/ic_link.png\" alt=\"ic_link.png\"> <\/button> Lista wniosk\u00f3w odrzuconych \u2013 niezakwalifikowanych do realizacji ze wzgl\u0119du na negatywn\u0105 ocen\u0119 merytoryczn\u0105<\/a>\n<\/div>\n\n\n\t\t\t\t\t<\/div><\/div>[\/vc_column][\/vc_row][vc_row][vc_column][vc_separator][vc_custom_heading text=&#8221;Ocena formalna wniosk\u00f3w zako\u0144czona&#8221; font_container=&#8221;tag:h4|text_align:left&#8221; use_theme_fonts=&#8221;yes&#8221;][vc_empty_space][vc_column_text]Dyrektor Narodowego Instytutu Wolno\u015bci \u2013 Centrum Rozwoju Spo\u0142ecze\u0144stwa Obywatelskiego informuje, \u017ce zako\u0144czono ocen\u0119 formaln\u0105 wniosk\u00f3w z\u0142o\u017conych w konkursie PROO priorytet 3, Rozw\u00f3j instytucjonalny lokalnych organizacji stra\u017cniczych i medi\u00f3w obywatelskich edycja 2020.[\/vc_column_text][vc_column_text]Wszystkie z\u0142o\u017cone w Systemie Obs\u0142ugi Dotacji wnioski zosta\u0142y poddane ocenie formalnej. Na 185 z\u0142o\u017conych wniosk\u00f3w, 3 nie spe\u0142ni\u0142y kryteri\u00f3w formalnych. Pozosta\u0142e wnioski zakwalifikowa\u0142y si\u0119 do oceny merytorycznej. Informacja o wyniku oceny formalnej zostanie przes\u0142ana wszystkim Wnioskodawcom na adres poczty elektronicznej podany we wniosku.[\/vc_column_text][vc_column_text]Poni\u017cej zamieszczona zosta\u0142a lista wniosk\u00f3w zakwalifikowanych do oceny merytorycznej w wyniku oceny formalnej, a tak\u017ce lista wniosk\u00f3w odrzuconych w wyniku oceny formalnej. Zgodnie z Regulaminem konkursu PROO 3 2020 Wnioskodawcom, kt\u00f3rych Wnioski zosta\u0142y odrzucone przys\u0142uguje mo\u017cliwo\u015b\u0107 z\u0142o\u017cenia odwo\u0142ania do Przewodnicz\u0105cego Komitetu do spraw Po\u017cytku Publicznego, w terminie 3 dni roboczych od daty otrzymania wynik\u00f3w oceny formalnej, za po\u015brednictwem NIW-CRSO. Odwo\u0142anie nale\u017cy wnie\u015b\u0107 przy u\u017cyciu Systemie Obs\u0142ugi Dotacji.[\/vc_column_text][vc_column_text]Odwo\u0142ania z\u0142o\u017cone po terminie nie zostanie rozpatrzone.[\/vc_column_text]<div class=\"row\">\n\t\t\t\t<div class=\"col-lg-12 col-md-12 col-sm-12 media_text\">\n\t\t\t\t\t\n\t\t\t\t\t\n\t\t\t\t\t<div class=\"programs_links\"><a href=\"https:\/\/niw.gov.pl\/wp-content\/uploads\/2021\/04\/PROO_3_-2020_Lista_wnioskow_ocenionych_pozytywnie.pdf\" download><button class=\"link_btn\" type=\"button\"> <img decoding=\"async\" src=\"https:\/\/niw.gov.pl\/wp-content\/themes\/niw\/images\/ic_link.png\" alt=\"ic_link.png\"> <\/button> Lista Wniosk\u00f3w zakwalifikowanych do oceny merytorycznej<\/a>\n<\/div>\n\n\n\t\t\t\t\t<\/div><\/div><div class=\"row\">\n\t\t\t\t<div class=\"col-lg-12 col-md-12 col-sm-12 media_text\">\n\t\t\t\t\t\n\t\t\t\t\t\n\t\t\t\t\t<div class=\"programs_links\"><a href=\"https:\/\/niw.gov.pl\/wp-content\/uploads\/2021\/04\/PROO_3_-2020_-Lista_wnioskow_ocenionych_negatywnie.pdf\" download><button class=\"link_btn\" type=\"button\"> <img decoding=\"async\" src=\"https:\/\/niw.gov.pl\/wp-content\/themes\/niw\/images\/ic_link.png\" alt=\"ic_link.png\"> <\/button> Lista Wniosk\u00f3w odrzuconych w wyniku oceny formalnej<\/a>\n<\/div>\n\n\n\t\t\t\t\t<\/div><\/div>[\/vc_column][\/vc_row][vc_row][vc_column][vc_separator][vc_custom_heading text=&#8221;Uruchamiamy nab\u00f3r wniosk\u00f3w w ramach tegorocznej edycji Programu Rozwoju Organizacji Obywatelskich na lata 2018\u20132030 PROO \u2013 Priorytet 3 Rozw\u00f3j instytucjonalny lokalnych organizacji stra\u017cniczych i medi\u00f3w obywatelskich.&#8221; font_container=&#8221;tag:h4|text_align:left&#8221; use_theme_fonts=&#8221;yes&#8221;][vc_empty_space][vc_column_text]Wnioski mo\u017cna sk\u0142ada\u0107\u00a0<strong>od dnia 12 marca 2020 r. od godz. 12.00 do dnia 15 kwietnia 2020 r. do godz. 12.00<\/strong>\u00a0poprzez\u00a0<a class=\"red\" href=\"https:\/\/generator.niw.gov.pl\/\">System Obs\u0142ugi Dotacji<\/a>.[\/vc_column_text][vc_column_text]W ramach konkursu PROO Priorytet 3 mo\u017cna uzyska\u0107 wsparcie inicjatyw s\u0142u\u017c\u0105cych rozwojowi instytucjonalnemu oraz realizacji dzia\u0142a\u0144 statutowych przez lokalne organizacje stra\u017cnicze i\u00a0media obywatelskie, dzia\u0142aj\u0105ce na rzecz tworzenia pluralistycznej debaty wok\u00f3\u0142 istotnych spraw publicznych, monitorowania dzia\u0142a\u0144 instytucji publicznych i prywatnych w duchu troski o dobro wsp\u00f3lne, w szczeg\u00f3lno\u015bci tam, gdzie podejmowane s\u0105 decyzje lub stanowione jest prawo. Dotacja mo\u017ce zosta\u0107 przyznana na okres do 24 miesi\u0119cy.[\/vc_column_text][vc_column_text]Warto\u015b\u0107 dotacji wynosi od 20 do 200 tys. z\u0142. W 2020 r. alokacja \u015brodk\u00f3w przeznaczonych na realizacj\u0119 Priorytetu 3 wynosi 6\u00a0400\u00a0000 z\u0142 z czego na konkurs zostanie wydatkowane 4\u00a0400 000 z\u0142. Szacunkowa alokacja na 2021 rok wynosi 4\u00a0788\u00a0000 z\u0142.[\/vc_column_text][vc_column_text]Pytania dotycz\u0105ce konkursu mo\u017cna zadawa\u0107 poprzez formularz kontaktowy PROO, poczt\u0105 elektroniczn\u0105 na adres\u00a0<a class=\"red\" href=\"mailto:proo@niw.gov.pl\">proo@niw.gov.pl<\/a>\u00a0oraz pod numerem telefonu <a class=\"red\" href=\"tel:601 901 327\">601 901 327<\/a>.[\/vc_column_text][\/vc_column][\/vc_row][vc_row][vc_column][vc_custom_heading text=&#8221;Wi\u0119cej informacji do pobrania&#8221; font_container=&#8221;tag:h4|text_align:left&#8221; use_theme_fonts=&#8221;yes&#8221;][vc_empty_space][vc_row_inner][vc_column_inner width=&#8221;1\/2&#8243;]<div class=\"row\">\n\t\t\t\t<div class=\"col-lg-12 col-md-12 col-sm-12 media_text\">\n\t\t\t\t\t<div class=\"download_box\">\n\t\t\t\t<div class=\"download_text\">\n\t\t\t\t\t<a href=\"https:\/\/niw.gov.pl\/wp-content\/uploads\/2021\/04\/Regulamin-PROO-3-2020.pdf\" download>Regulamin Konkursu<\/a><\/div><br><br><span><img decoding=\"async\" src=\"https:\/\/niw.gov.pl\/wp-content\/themes\/niw\/images\/PDF.png\" alt=\"PDF.png\"><\/button> 1.53MB<\/span><a href=\"https:\/\/niw.gov.pl\/wp-content\/uploads\/2021\/04\/Regulamin-PROO-3-2020.pdf\" download><button class=\"download_btn\" type=\"button\"> <img decoding=\"async\" src=\"https:\/\/niw.gov.pl\/wp-content\/themes\/niw\/images\/arrow7.png\" alt=\"arrow7.png\"><\/button><\/a> <div class=\"clr\">\n\n<\/div><\/div>\n\t\t\t\t\t<div class=\"download_box\">\n\t\t\t\t<div class=\"download_text\">\n\t\t\t\t\t<a href=\"https:\/\/niw.gov.pl\/wp-content\/uploads\/2021\/04\/Podrecznik-dla-Wnioskodawcow-PROO-3.pdf\" download>Podr\u0119cznik dla Wnioskodawc\u00f3w<\/a><\/div><br><br><span><img decoding=\"async\" src=\"https:\/\/niw.gov.pl\/wp-content\/themes\/niw\/images\/PDF.png\" alt=\"PDF.png\"><\/button> 1.80MB<\/span><a href=\"https:\/\/niw.gov.pl\/wp-content\/uploads\/2021\/04\/Podrecznik-dla-Wnioskodawcow-PROO-3.pdf\" download><button class=\"download_btn\" type=\"button\"> <img decoding=\"async\" src=\"https:\/\/niw.gov.pl\/wp-content\/themes\/niw\/images\/arrow7.png\" alt=\"arrow7.png\"><\/button><\/a> <div class=\"clr\">\n\n<\/div><\/div>\n\t\t\t\t\t<div class=\"download_box\">\n\t\t\t\t<div class=\"download_text\">\n\t\t\t\t\t<a href=\"https:\/\/niw.gov.pl\/wp-content\/uploads\/2021\/04\/PROO-3_FAQ.pdf\" download>FAQ \u2013 najcz\u0119\u015bciej zadawane pytania<\/a><\/div><br><br><span><img decoding=\"async\" src=\"https:\/\/niw.gov.pl\/wp-content\/themes\/niw\/images\/PDF.png\" alt=\"PDF.png\"><\/button> 0.98MB<\/span><a href=\"https:\/\/niw.gov.pl\/wp-content\/uploads\/2021\/04\/PROO-3_FAQ.pdf\" download><button class=\"download_btn\" type=\"button\"> <img decoding=\"async\" src=\"https:\/\/niw.gov.pl\/wp-content\/themes\/niw\/images\/arrow7.png\" alt=\"arrow7.png\"><\/button><\/a> <div class=\"clr\">\n\n<\/div><\/div><\/div><\/div>[\/vc_column_inner][vc_column_inner width=&#8221;1\/2&#8243;][\/vc_column_inner][\/vc_row_inner][vc_column_text]Wszystkie dokumenty znajduj\u0105 si\u0119 r\u00f3wnie\u017c pod adresem\u00a0<a class=\"red\" href=\"https:\/\/generator.niw.gov.pl\/login\" target=\"_blank\" rel=\"noopener\">generator.niw.gov.pl<\/a>[\/vc_column_text][\/vc_column][\/vc_row]<\/p>\n","protected":false},"excerpt":{"rendered":"<p>[vc_row][vc_column][vc_custom_heading text=&#8221;Rozw\u00f3j instytucjonalny lokalnych organizacji stra\u017cniczych i medi\u00f3w obywatelskich&#8221; font_container=&#8221;tag:h3|text_align:left&#8221; use_theme_fonts=&#8221;yes&#8221;][vc_empty_space][\/vc_column][\/vc_row][vc_row][vc_column][vc_custom_heading text=&#8221;Wyniki oceny merytorycznej wniosk\u00f3w&#8221; font_container=&#8221;tag:h4|text_align:left&#8221; use_theme_fonts=&#8221;yes&#8221;][vc_empty_space][vc_column_text]Prezentujemy wyniki oceny merytorycznej wniosk\u00f3w w priorytecie 3 PROO. Wszystkim serdecznie dzi\u0119kujemy za udzia\u0142 w konkursie i zaanga\u017cowanie! Organizacjom, kt\u00f3rych wnioski zosta\u0142y zakwalifikowane do realizacji serdecznie gratulujemy.[\/vc_column_text][\/vc_column][\/vc_row][vc_row][vc_column][vc_separator][vc_custom_heading text=&#8221;Ocena formalna wniosk\u00f3w zako\u0144czona&#8221; font_container=&#8221;tag:h4|text_align:left&#8221; use_theme_fonts=&#8221;yes&#8221;][vc_empty_space][vc_column_text]Dyrektor Narodowego Instytutu Wolno\u015bci \u2013 Centrum Rozwoju<\/p>\n","protected":false},"author":46,"featured_media":0,"parent":16111,"menu_order":139,"comment_status":"closed","ping_status":"closed","template":"page-templates\/nasze_programy_sub_pages.php","meta":{"_acf_changed":false,"inline_featured_image":false,"footnotes":""},"class_list":["post-16120","page","type-page","status-publish","hentry"],"acf":[],"_links":{"self":[{"href":"https:\/\/niw.gov.pl\/en\/wp-json\/wp\/v2\/pages\/16120","targetHints":{"allow":["GET"]}}],"collection":[{"href":"https:\/\/niw.gov.pl\/en\/wp-json\/wp\/v2\/pages"}],"about":[{"href":"https:\/\/niw.gov.pl\/en\/wp-json\/wp\/v2\/types\/page"}],"author":[{"embeddable":true,"href":"https:\/\/niw.gov.pl\/en\/wp-json\/wp\/v2\/users\/46"}],"replies":[{"embeddable":true,"href":"https:\/\/niw.gov.pl\/en\/wp-json\/wp\/v2\/comments?post=16120"}],"version-history":[{"count":4,"href":"https:\/\/niw.gov.pl\/en\/wp-json\/wp\/v2\/pages\/16120\/revisions"}],"predecessor-version":[{"id":19693,"href":"https:\/\/niw.gov.pl\/en\/wp-json\/wp\/v2\/pages\/16120\/revisions\/19693"}],"up":[{"embeddable":true,"href":"https:\/\/niw.gov.pl\/en\/wp-json\/wp\/v2\/pages\/16111"}],"wp:attachment":[{"href":"https:\/\/niw.gov.pl\/en\/wp-json\/wp\/v2\/media?parent=16120"}],"curies":[{"name":"wp","href":"https:\/\/api.w.org\/{rel}","templated":true}]}}