{"id":16128,"date":"2021-04-22T11:40:24","date_gmt":"2021-04-22T11:40:24","guid":{"rendered":"http:\/\/niw.gov.pl\/nasze-programy\/proo\/edycja-2019\/priorytet-1a\/"},"modified":"2021-07-20T14:45:53","modified_gmt":"2021-07-20T14:45:53","slug":"priority-1a","status":"publish","type":"page","link":"https:\/\/niw.gov.pl\/en\/our-programmes\/csodp\/edition-2019\/priority-1a\/","title":{"rendered":"Priority 1a"},"content":{"rendered":"<p>[vc_row][vc_column][vc_custom_heading text=&#8221;Priorytet 1a. Zr\u00f3wnowa\u017cony rozw\u00f3j organizacyjny &#8211; wsparcie dzia\u0142a\u0144 misyjnych i rozwoju instytucjonalnego&#8221; font_container=&#8221;tag:h3|text_align:left&#8221; use_theme_fonts=&#8221;yes&#8221;][vc_empty_space][\/vc_column][\/vc_row][vc_row][vc_column][vc_custom_heading text=&#8221;WYNIKI OCENY WNIOSK\u00d3W PE\u0141NYCH W PROO 1A&#8221; font_container=&#8221;tag:h4|text_align:left&#8221; use_theme_fonts=&#8221;yes&#8221;][vc_empty_space][vc_column_text]Prezentujemy wyniki oceny merytorycznej wniosk\u00f3w w priorytecie 1a PROO. Wszystkim serdecznie dzi\u0119kujemy za udzia\u0142 w konkursie i zaanga\u017cowanie![\/vc_column_text][vc_column_text]Organizacjom, kt\u00f3rych wnioski pe\u0142ne zosta\u0142y zakwalifikowane do realizacji serdecznie gratulujemy.[\/vc_column_text]<div class=\"row\">\n\t\t\t\t<div class=\"col-lg-12 col-md-12 col-sm-12 media_text\">\n\t\t\t\t\t\n\t\t\t\t\t\n\t\t\t\t\t<div class=\"programs_links\"><a href=\"https:\/\/niw.gov.pl\/wp-content\/uploads\/2021\/04\/PROO-1a-Lista-wnioskow-zatwierdzonych-do-realizacji.pdf\" download><button class=\"link_btn\" type=\"button\"> <img decoding=\"async\" src=\"https:\/\/niw.gov.pl\/wp-content\/themes\/niw\/images\/ic_link.png\" alt=\"ic_link.png\"> <\/button> Lista wniosk\u00f3w zakwalifikowanych do realizacji<\/a>\n<\/div>\n\n\n\t\t\t\t\t\n\t\t\t\t\t\n\t\t\t\t\t\n\t\t\t\t\t<div class=\"programs_links\"><a href=\"https:\/\/niw.gov.pl\/wp-content\/uploads\/2021\/04\/PROO-1a-Lista-wnioskow-rezerwowych.pdf\" download><button class=\"link_btn\" type=\"button\"> <img decoding=\"async\" src=\"https:\/\/niw.gov.pl\/wp-content\/themes\/niw\/images\/ic_link.png\" alt=\"ic_link.png\"> <\/button> Lista wniosk\u00f3w odrzuconych \u2013 niezakwalifikowanych do realizacji ze wzgl\u0119du na negatywn\u0105 ocen\u0119 merytoryczn\u0105<\/a>\n<\/div>\n\n\n\t\t\t\t\t\n\t\t\t\t\t\n\t\t\t\t\t\n\t\t\t\t\t<div class=\"programs_links\"><a href=\"https:\/\/niw.gov.pl\/wp-content\/uploads\/2021\/04\/PROO-1a-Lista-wnioskow-ocenionych-negatywnie.pdf\" download><button class=\"link_btn\" type=\"button\"> <img decoding=\"async\" src=\"https:\/\/niw.gov.pl\/wp-content\/themes\/niw\/images\/ic_link.png\" alt=\"ic_link.png\"> <\/button> Lista wniosk\u00f3w odrzuconych \u2013 niezakwalifikowanych do realizacji ze wzgl\u0119du na negatywn\u0105 ocen\u0119 merytoryczn\u0105<\/a>\n<\/div>\n\n\n\t\t\t\t\t\n\t\t\t\t\t\n\t\t\t\t\t\n\t\t\t\t\t<div class=\"programs_links\"><a href=\"https:\/\/niw.gov.pl\/wp-content\/uploads\/2021\/04\/Zarzadzenie-o-powolaniu-PE-1a-PROO.pdf\" download><button class=\"link_btn\" type=\"button\"> <img decoding=\"async\" src=\"https:\/\/niw.gov.pl\/wp-content\/themes\/niw\/images\/ic_link.png\" alt=\"ic_link.png\"> <\/button> Zarz\u0105dzenie w sprawie powo\u0142ania panelu ekspert\u00f3w w celu dyskusji nad wynikami oceny merytorycznej wniosk\u00f3w z\u0142o\u017conych w konkursie organizowanym w ramach PROO Priorytet 1a<\/a>\n<\/div>\n\n\n\t\t\t\t\t<\/div><\/div>[\/vc_column][\/vc_row][vc_row][vc_column][vc_separator][vc_custom_heading text=&#8221;WYNIKI OCENY WNIOSK\u00d3W WST\u0118PNYCH W PROO 1A&#8221; font_container=&#8221;tag:h4|text_align:left&#8221; use_theme_fonts=&#8221;yes&#8221;][vc_empty_space][vc_column_text]Prezentujemy wyniki wniosk\u00f3w wst\u0119pnych w priorytecie 1A PROO.<br \/>\nWszystkim serdecznie dzi\u0119kujemy za udzia\u0142 i zaanga\u017cowanie![\/vc_column_text][vc_column_text]Organizacjom, kt\u00f3re zakwalifikowa\u0142y si\u0119 do drugiego etapu serdecznie gratulujemy. Wnioski pe\u0142ne mo\u017cecie sk\u0142ada\u0107 w generatorze\u00a0<a class=\"red\" href=\"http:\/\/www.generator.niw.gov.pl\/\">www.generator.niw.gov.pl<\/a>\u00a0w terminie\u00a0<strong>od \u015brody 5 czerwca 2019 r. od godz. 12.00 do \u015brody 19 czerwca 2019 r. do godz. 12.00.<\/strong>[\/vc_column_text][vc_column_text]Infolinia PROO w okresie naboru wniosk\u00f3w pe\u0142nych b\u0119dzie\u00a0dzia\u0142a\u0107 od poniedzia\u0142ku do pi\u0105tku w godz. 10.00 \u2013 15.00 (numery telefon\u00f3w 885-221-531, 601-901-327), mail:\u00a0<a class=\"red\" href=\"mailto:proo@niw.gov.pl\">proo@niw.gov.pl<\/a>.[\/vc_column_text]<div class=\"row\">\n\t\t\t\t<div class=\"col-lg-12 col-md-12 col-sm-12 media_text\">\n\t\t\t\t\t\n\t\t\t\t\t\n\t\t\t\t\t<div class=\"programs_links\"><a href=\"https:\/\/niw.gov.pl\/wp-content\/uploads\/2021\/04\/PROO_1a_wnioski_zakwalifikowane_do_2_etapu.pdf\" download><button class=\"link_btn\" type=\"button\"> <img decoding=\"async\" src=\"https:\/\/niw.gov.pl\/wp-content\/themes\/niw\/images\/ic_link.png\" alt=\"ic_link.png\"> <\/button> Lista wniosk\u00f3w, kt\u00f3re uzyska\u0142y pozytywn\u0105 ocen\u0119 merytoryczn\u0105 i zosta\u0142y zakwalifikowane do drugiego etapu konkursu<\/a>\n<\/div>\n\n\n\t\t\t\t\t\n\t\t\t\t\t\n\t\t\t\t\t\n\t\t\t\t\t<div class=\"programs_links\"><a href=\"https:\/\/niw.gov.pl\/wp-content\/uploads\/2021\/04\/PROO_1a_wnioski_niezakwalifikowane_do_2_etapu.pdf\" download><button class=\"link_btn\" type=\"button\"> <img decoding=\"async\" src=\"https:\/\/niw.gov.pl\/wp-content\/themes\/niw\/images\/ic_link.png\" alt=\"ic_link.png\"> <\/button> Lista wniosk\u00f3w, kt\u00f3re uzyska\u0142y pozytywn\u0105 ocen\u0119 merytoryczn\u0105 i nie zosta\u0142y zakwalifikowane do drugiego etapu konkursu<\/a>\n<\/div>\n\n\n\t\t\t\t\t\n\t\t\t\t\t\n\t\t\t\t\t\n\t\t\t\t\t<div class=\"programs_links\"><a href=\"https:\/\/niw.gov.pl\/wp-content\/uploads\/2021\/04\/PROO_1a_wnioski_z_negatywna_ocena_merytoryczna.pdf\" download><button class=\"link_btn\" type=\"button\"> <img decoding=\"async\" src=\"https:\/\/niw.gov.pl\/wp-content\/themes\/niw\/images\/ic_link.png\" alt=\"ic_link.png\"> <\/button> Lista wniosk\u00f3w, kt\u00f3re uzyska\u0142y negatywn\u0105 ocen\u0119 merytoryczn\u0105 (wnioski, kt\u00f3re nie uzyska\u0142y 50% pkt. w kryterium nr 1)<\/a>\n<\/div>\n\n\n\t\t\t\t\t<\/div><\/div>[\/vc_column][\/vc_row][vc_row][vc_column][vc_separator][vc_custom_heading text=&#8221;Zako\u0144czyli\u015bmy ocen\u0119 formaln\u0105 wniosk\u00f3w z\u0142o\u017conych w konkursie PROO Priorytet 1a. Wsparcie dzia\u0142a\u0144 misyjnych i rozwoju instytucjonalnego Edycja 2019.&#8221; font_container=&#8221;tag:h4|text_align:left&#8221; use_theme_fonts=&#8221;yes&#8221;][vc_empty_space][vc_column_text]Wszystkie wnioski z\u0142o\u017cone w Konkursie zosta\u0142y poddane ocenie formalnej. W konkursie z\u0142o\u017cono\u00a0<strong>3868<\/strong> wniosk\u00f3w. Do oceny merytorycznej zakwalifikowanych zosta\u0142o <strong>3859<\/strong>\u00a0wniosk\u00f3w, kt\u00f3re uzyska\u0142y pozytywn\u0105 ocen\u0119 formaln\u0105. Informacja o wyniku oceny formalnej zostanie udost\u0119pniona wszystkim wnioskodawcom w Systemie Obs\u0142ugi Dotacji oraz przes\u0142ana na adres poczty elektronicznej podany w SOD.[\/vc_column_text]<div class=\"row\">\n\t\t\t\t<div class=\"col-lg-12 col-md-12 col-sm-12 media_text\">\n\t\t\t\t\t\n\t\t\t\t\t\n\t\t\t\t\t<div class=\"programs_links\"><a href=\"https:\/\/niw.gov.pl\/wp-content\/uploads\/2021\/04\/Lista_wnioskow_zakwalifikowanych_do_oceny_merytorycznej_w_wyniku_oceny_formalnej_PROO_Priorytet1a_2019.pdf\" download><button class=\"link_btn\" type=\"button\"> <img decoding=\"async\" src=\"https:\/\/niw.gov.pl\/wp-content\/themes\/niw\/images\/ic_link.png\" alt=\"ic_link.png\"> <\/button> Lista wniosk\u00f3w zakwalifikowanych do oceny merytorycznej w wyniku oceny formalnej PROO Priorytet 1a 2019<\/a>\n<\/div>\n\n\n\t\t\t\t\t\n\t\t\t\t\t\n\t\t\t\t\t\n\t\t\t\t\t<div class=\"programs_links\"><a href=\"https:\/\/niw.gov.pl\/wp-content\/uploads\/2021\/04\/Kopia-PROO_1a_ocena_formalna_listy_po_odwolaniach.pdf\" download><button class=\"link_btn\" type=\"button\"> <img decoding=\"async\" src=\"https:\/\/niw.gov.pl\/wp-content\/themes\/niw\/images\/ic_link.png\" alt=\"ic_link.png\"> <\/button> Lista wniosk\u00f3w odrzuconych w wyniku oceny formalnej PROO Priorytet 1a 2019<\/a>\n<\/div>\n\n\n\t\t\t\t\t<\/div><\/div>[vc_column_text]Zgodnie z Regulaminem Konkursu Wnioskodawcom, kt\u00f3rych wnioski nie uzyska\u0142y pozytywnej oceny formalnej przys\u0142uguje odwo\u0142anie od wyniku oceny formalnej do Przewodnicz\u0105cego Komitetu za po\u015brednictwem NIW-CRSO w terminie 3 dni roboczych od dnia publikacji informacji o wynikach oceny. Odwo\u0142anie od wyniku oceny formalnej mo\u017ce zosta\u0107 z\u0142o\u017cone wy\u0142\u0105cznie za pomoc\u0105 Systemu Obs\u0142ugi Dotacji (w zak\u0142adce Oceny). Odwo\u0142anie z\u0142o\u017cone po terminie nie zostanie rozpatrzone.[\/vc_column_text]<div class=\"row\">\n\t\t\t\t<div class=\"col-lg-12 col-md-12 col-sm-12 media_text\">\n\t\t\t\t\t\n\t\t\t\t\t\n\t\t\t\t\t<div class=\"programs_links\"><a href=\"https:\/\/niw.gov.pl\/wp-content\/uploads\/2021\/04\/PROO-1a-Zestawienie-odwolan-od-oceny-formalnej.pdf\" download><button class=\"link_btn\" type=\"button\"> <img decoding=\"async\" src=\"https:\/\/niw.gov.pl\/wp-content\/themes\/niw\/images\/ic_link.png\" alt=\"ic_link.png\"> <\/button> Zestawienie odwo\u0142a\u0144 od oceny formalnej PROO Priorytet 1a 2019<\/a>\n<\/div>\n\n\n\t\t\t\t\t<\/div><\/div>[\/vc_column][\/vc_row][vc_row][vc_column][vc_separator][vc_custom_heading text=&#8221;Rozpoczynamy nab\u00f3r wniosk\u00f3w w ramach Programu Rozwoju Organizacji Obywatelskich na lata 2018\u20132030 PROO \u2013 Priorytet 1a. Wsparcie dzia\u0142a\u0144 misyjnych i rozwoju instytucjonalnego Edycja 2019.&#8221; font_container=&#8221;tag:h4|text_align:left&#8221; use_theme_fonts=&#8221;yes&#8221;][vc_empty_space][vc_column_text]W ramach otwartego konkursu organizacje mog\u0105 uzyska\u0107 wsparcie na realizacj\u0119 dzia\u0142a\u0144 misyjnych (statutowych) oraz wzmocnienie instytucjonalne.\u00a0W 2019 r. warto\u015b\u0107 \u015brodk\u00f3w przeznaczonych na dotacje dla organizacji w ramach konkursu wynosi 27\u00a0900\u00a0000 z\u0142. Szacunkowe alokacje na kolejne lata, w kt\u00f3rych realizowane b\u0119d\u0105 dzia\u0142ania finansowane z dotacji przyznanych w ramach konkursu rozstrzygni\u0119tego w 2019 r. wynosz\u0105 odpowiednio 31 800\u00a0000 z\u0142 w 2020 r. i 31 800\u00a0000 z\u0142 w 2021 r.[\/vc_column_text][vc_column_text]Wnioski mo\u017cna sk\u0142ada\u0107 od dnia 11 lutego 2019 r. od godz. 12.00 do 12 marca 2019 r. do godz. 12.00 poprzez\u00a0<a class=\"red\" href=\"https:\/\/generator.niw.gov.pl\/\">System Obs\u0142ugi Dotacji<\/a>.[\/vc_column_text][vc_column_text]Pytania dotycz\u0105ce konkursu mo\u017cna zadawa\u0107 poprzez formularz kontaktowy PROO na stronie\u00a0<a class=\"red\" href=\"http:\/\/www.niw.gov.pl\/\">www.niw.gov.pl<\/a>, poczt\u0105 elektroniczn\u0105 na adres\u00a0<a class=\"red\" href=\"mailto:proo@niw.gov.pl\">proo@niw.gov.pl<\/a>\u00a0oraz pod numerem telefonu <a class=\"red\" href=\"tel:885-221-531\">885-221-531<\/a>.[\/vc_column_text][vc_column_text]Wszystkie dokumenty znajduj\u0105 si\u0119 r\u00f3wnie\u017c pod adresem <a class=\"red\" href=\"https:\/\/generator.niw.gov.pl\">generator.niw.gov.pl<\/a>[\/vc_column_text][\/vc_column][\/vc_row]<\/p>\n","protected":false},"excerpt":{"rendered":"<p>[vc_row][vc_column][vc_custom_heading text=&#8221;Priorytet 1a. Zr\u00f3wnowa\u017cony rozw\u00f3j organizacyjny &#8211; wsparcie dzia\u0142a\u0144 misyjnych i rozwoju instytucjonalnego&#8221; font_container=&#8221;tag:h3|text_align:left&#8221; use_theme_fonts=&#8221;yes&#8221;][vc_empty_space][\/vc_column][\/vc_row][vc_row][vc_column][vc_custom_heading text=&#8221;WYNIKI OCENY WNIOSK\u00d3W PE\u0141NYCH W PROO 1A&#8221; font_container=&#8221;tag:h4|text_align:left&#8221; use_theme_fonts=&#8221;yes&#8221;][vc_empty_space][vc_column_text]Prezentujemy wyniki oceny merytorycznej wniosk\u00f3w w priorytecie 1a PROO. Wszystkim serdecznie dzi\u0119kujemy za udzia\u0142 w konkursie i zaanga\u017cowanie![\/vc_column_text][vc_column_text]Organizacjom, kt\u00f3rych wnioski pe\u0142ne zosta\u0142y zakwalifikowane do realizacji serdecznie gratulujemy.[\/vc_column_text][\/vc_column][\/vc_row][vc_row][vc_column][vc_separator][vc_custom_heading text=&#8221;WYNIKI OCENY WNIOSK\u00d3W WST\u0118PNYCH W<\/p>\n","protected":false},"author":46,"featured_media":0,"parent":16126,"menu_order":123,"comment_status":"closed","ping_status":"closed","template":"page-templates\/nasze_programy_sub_pages.php","meta":{"_acf_changed":false,"inline_featured_image":false,"footnotes":""},"class_list":["post-16128","page","type-page","status-publish","hentry"],"acf":[],"_links":{"self":[{"href":"https:\/\/niw.gov.pl\/en\/wp-json\/wp\/v2\/pages\/16128","targetHints":{"allow":["GET"]}}],"collection":[{"href":"https:\/\/niw.gov.pl\/en\/wp-json\/wp\/v2\/pages"}],"about":[{"href":"https:\/\/niw.gov.pl\/en\/wp-json\/wp\/v2\/types\/page"}],"author":[{"embeddable":true,"href":"https:\/\/niw.gov.pl\/en\/wp-json\/wp\/v2\/users\/46"}],"replies":[{"embeddable":true,"href":"https:\/\/niw.gov.pl\/en\/wp-json\/wp\/v2\/comments?post=16128"}],"version-history":[{"count":4,"href":"https:\/\/niw.gov.pl\/en\/wp-json\/wp\/v2\/pages\/16128\/revisions"}],"predecessor-version":[{"id":19699,"href":"https:\/\/niw.gov.pl\/en\/wp-json\/wp\/v2\/pages\/16128\/revisions\/19699"}],"up":[{"embeddable":true,"href":"https:\/\/niw.gov.pl\/en\/wp-json\/wp\/v2\/pages\/16126"}],"wp:attachment":[{"href":"https:\/\/niw.gov.pl\/en\/wp-json\/wp\/v2\/media?parent=16128"}],"curies":[{"name":"wp","href":"https:\/\/api.w.org\/{rel}","templated":true}]}}