{"id":16130,"date":"2021-04-22T11:40:41","date_gmt":"2021-04-22T11:40:41","guid":{"rendered":"http:\/\/niw.gov.pl\/nasze-programy\/proo\/edycja-2019\/priorytet-1b\/"},"modified":"2021-07-13T06:49:40","modified_gmt":"2021-07-13T06:49:40","slug":"priority-1b","status":"publish","type":"page","link":"https:\/\/niw.gov.pl\/en\/our-programmes\/csodp\/edition-2019\/priority-1b\/","title":{"rendered":"Priority 1b"},"content":{"rendered":"<p>[vc_row][vc_column][vc_custom_heading text=&#8221;Priorytet 1b. Zr\u00f3wnowa\u017cony rozw\u00f3j organizacyjny &#8211; dotacje na wk\u0142ad w\u0142asny&#8221; font_container=&#8221;tag:h3|text_align:left&#8221; use_theme_fonts=&#8221;yes&#8221;][vc_empty_space][\/vc_column][\/vc_row][vc_row][vc_column][vc_custom_heading text=&#8221;WYNIKI OCENY WNIOSK\u00d3W W PROO 1B&#8221; font_container=&#8221;tag:h4|text_align:left&#8221; use_theme_fonts=&#8221;yes&#8221;][vc_empty_space][vc_column_text]Prezentujemy wyniki oceny merytorycznej wniosk\u00f3w w priorytecie 1B PROO. Wszystkim serdecznie dzi\u0119kujemy za udzia\u0142 w konkursie i zaanga\u017cowanie![\/vc_column_text][vc_column_text]Organizacjom, kt\u00f3rych wnioski pe\u0142ne zosta\u0142y zakwalifikowane do realizacji serdecznie gratulujemy.[\/vc_column_text][vc_column_text]Z organizacjami, kt\u00f3rych wnioski zosta\u0142y przeznaczone do dofinansowania\u00a0<strong>skontaktuj\u0105 si\u0119 indywidualnie przedstawiciele Biura Program\u00f3w Horyzontalnych<\/strong>\u00a0w celu przekazania informacji o przyznanej dotacji oraz pro\u015bby o weryfikacj\u0119 harmonogram\u00f3w i kosztorys\u00f3w.[\/vc_column_text][vc_column_text]<strong>Karty ocen z\u0142o\u017conych ofert zostan\u0105 udost\u0119pnione w ci\u0105gu 30 dni poprzez\u00a0<\/strong><a class=\"red\" href=\"https:\/\/generator.niw.gov.pl\/\">System Obs\u0142ugi Dotacji<\/a>[\/vc_column_text]<div class=\"row\">\n\t\t\t\t<div class=\"col-lg-12 col-md-12 col-sm-12 media_text\">\n\t\t\t\t\t\n\t\t\t\t\t\n\t\t\t\t\t<div class=\"programs_links\"><a href=\"https:\/\/niw.gov.pl\/wp-content\/uploads\/2021\/04\/Lista-rankingowa-PROO-1b-2019.pdf\" download><button class=\"link_btn\" type=\"button\"> <img decoding=\"async\" src=\"https:\/\/niw.gov.pl\/wp-content\/themes\/niw\/images\/ic_link.png\" alt=\"ic_link.png\"> <\/button> Lista wniosk\u00f3w zakwalifikowanych do realizacji<\/a>\n<\/div>\n\n\n\t\t\t\t\t\n\t\t\t\t\t\n\t\t\t\t\t\n\t\t\t\t\t<div class=\"programs_links\"><a href=\"https:\/\/niw.gov.pl\/wp-content\/uploads\/2021\/04\/Lista-rezerowowa-PROO-1b-2019.pdf\" download><button class=\"link_btn\" type=\"button\"> <img decoding=\"async\" src=\"https:\/\/niw.gov.pl\/wp-content\/themes\/niw\/images\/ic_link.png\" alt=\"ic_link.png\"> <\/button> Lista wniosk\u00f3w rezerwowych \u2013 niezakwalifikowanych do realizacji ze wzgl\u0119du na brak \u015brodk\u00f3w<\/a>\n<\/div>\n\n\n\t\t\t\t\t\n\t\t\t\t\t\n\t\t\t\t\t\n\t\t\t\t\t<div class=\"programs_links\"><a href=\"https:\/\/niw.gov.pl\/wp-content\/uploads\/2021\/04\/Lista-ofert-ocenionych-negatywnie-PROO-1b-2019.pdf\" download><button class=\"link_btn\" type=\"button\"> <img decoding=\"async\" src=\"https:\/\/niw.gov.pl\/wp-content\/themes\/niw\/images\/ic_link.png\" alt=\"ic_link.png\"> <\/button> Lista wniosk\u00f3w odrzuconych \u2013 niezakwalifikowanych do realizacji ze wzgl\u0119du na negatywn\u0105 ocen\u0119 merytoryczn\u0105<\/a>\n<\/div>\n\n\n\t\t\t\t\t<\/div><\/div>[\/vc_column][\/vc_row][vc_row][vc_column][vc_separator][vc_custom_heading text=&#8221;Wyniki odwo\u0142a\u0144 od oceny formalnej PROO 1B, edycja 2019 ju\u017c s\u0105 dost\u0119pne&#8221; font_container=&#8221;tag:h4|text_align:left&#8221; use_theme_fonts=&#8221;yes&#8221;][vc_empty_space][vc_column_text]W \u015brod\u0119 16 pa\u017adziernika br. opublikowali\u015bmy wyniki oceny formalnej ofert z\u0142o\u017conych w konkursie Programu Rozwoju Organizacji Obywatelskich, Priorytet 1b Dotacje na wk\u0142ad w\u0142asny, edycja 2019. Zgodnie z regulaminem konkursu wnioskodawcom, kt\u00f3rych wnioski nie uzyska\u0142y pozytywnej oceny formalnej, przys\u0142ugiwa\u0142a mo\u017cliwo\u015b\u0107 odwo\u0142ania do Przewodnicz\u0105cego Komitetu Do Spraw Po\u017cytku Publicznego w terminie 3 dni roboczych od daty otrzymania wynik\u00f3w oceny formalnej.[\/vc_column_text][vc_column_text]We wskazanym terminie do naszego Instytutu wp\u0142yn\u0119\u0142y 3 odwo\u0142ania. Zgodnie z decyzj\u0105 Przewodnicz\u0105cego Komitetu ds. Po\u017cytku Publicznego, prof. Piotra Gli\u0144skiego:[\/vc_column_text][vc_column_text el_class=&#8221;subpage&#8221;]<\/p>\n<ul>\n<li>jedno odwo\u0142ania pozostawiono bez rozpatrzenia<\/li>\n<li>w przypadku dw\u00f3ch ofert podtrzymana zosta\u0142a decyzja o odrzuceniu formalnym.<\/li>\n<\/ul>\n<p>[\/vc_column_text][vc_column_text]Poni\u017cej szczeg\u00f3\u0142owe zestawienie odwo\u0142a\u0144 wraz z rozstrzygni\u0119ciami:[\/vc_column_text]<div class=\"row\">\n\t\t\t\t<div class=\"col-lg-12 col-md-12 col-sm-12 media_text\">\n\t\t\t\t\t\n\t\t\t\t\t\n\t\t\t\t\t<div class=\"programs_links\"><a href=\"https:\/\/niw.gov.pl\/wp-content\/uploads\/2021\/04\/Zestawienie-odwolan-od-oceny-formalnej-PROO-Priorytet-1b-2019.pdf\" download><button class=\"link_btn\" type=\"button\"> <img decoding=\"async\" src=\"https:\/\/niw.gov.pl\/wp-content\/themes\/niw\/images\/ic_link.png\" alt=\"ic_link.png\"> <\/button> Zestawienie odwo\u0142a\u0144 od oceny formalnej PROO Priorytet 1b 2019<\/a>\n<\/div>\n\n\n\t\t\t\t\t<\/div><\/div>[\/vc_column][\/vc_row][vc_row][vc_column][vc_separator][vc_custom_heading text=&#8221;Zako\u0144czyli\u015bmy ocen\u0119 formaln\u0105 wniosk\u00f3w z\u0142o\u017conych w konkursie PROO Priorytet 1b. Dotacje na wk\u0142ad w\u0142asny Edycja 2019.&#8221; font_container=&#8221;tag:h4|text_align:left&#8221; use_theme_fonts=&#8221;yes&#8221;][vc_empty_space][vc_column_text]Wszystkie wnioski z\u0142o\u017cone w Konkursie zosta\u0142y poddane ocenie formalnej. W konkursie z\u0142o\u017cono\u00a0<strong>26<\/strong>\u00a0wniosk\u00f3w. Do oceny merytorycznej zakwalifikowanych zosta\u0142o\u00a0<strong>14<\/strong>\u00a0wniosk\u00f3w, kt\u00f3re uzyska\u0142y pozytywn\u0105 ocen\u0119 formaln\u0105. Informacja o wyniku oceny formalnej zostanie udost\u0119pniona wszystkim wnioskodawcom w Systemie Obs\u0142ugi Dotacji oraz przes\u0142ana na adres poczty elektronicznej podany w SOD.[\/vc_column_text]<div class=\"row\">\n\t\t\t\t<div class=\"col-lg-12 col-md-12 col-sm-12 media_text\">\n\t\t\t\t\t\n\t\t\t\t\t\n\t\t\t\t\t<div class=\"programs_links\"><a href=\"https:\/\/niw.gov.pl\/wp-content\/uploads\/2021\/04\/ocena-pozytywna.pdf\" download><button class=\"link_btn\" type=\"button\"> <img decoding=\"async\" src=\"https:\/\/niw.gov.pl\/wp-content\/themes\/niw\/images\/ic_link.png\" alt=\"ic_link.png\"> <\/button> Lista wniosk\u00f3w zakwalifikowanych do oceny merytorycznej w wyniku oceny formalnej PROO Priorytet 1b 2019<\/a>\n<\/div>\n\n\n\t\t\t\t\t\n\t\t\t\t\t\n\t\t\t\t\t\n\t\t\t\t\t<div class=\"programs_links\"><a href=\"https:\/\/niw.gov.pl\/wp-content\/uploads\/2021\/04\/ocena-negatywna_1.pdf\" download><button class=\"link_btn\" type=\"button\"> <img decoding=\"async\" src=\"https:\/\/niw.gov.pl\/wp-content\/themes\/niw\/images\/ic_link.png\" alt=\"ic_link.png\"> <\/button> Lista wniosk\u00f3w odrzuconych w wyniku oceny formalnej PROO Priorytet 1b 2019<\/a>\n<\/div>\n\n\n\t\t\t\t\t<\/div><\/div>[vc_column_text]Zgodnie z Regulaminem Konkursu Wnioskodawcom, kt\u00f3rych wnioski nie uzyska\u0142y pozytywnej oceny formalnej przys\u0142uguje odwo\u0142anie do Przewodnicz\u0105cego Komitetu do spraw Po\u017cytku Publicznego. Odwo\u0142anie od wyniku oceny formalnej mo\u017ce zosta\u0107 z\u0142o\u017cone w terminie 3 dni roboczych od dnia publikacji informacji o wynikach oceny, wy\u0142\u0105cznie za pomoc\u0105 Systemu Obs\u0142ugi Dotacji (w zak\u0142adce Oceny). Odwo\u0142anie z\u0142o\u017cone po terminie nie zostanie rozpatrzone.[\/vc_column_text][\/vc_column][\/vc_row][vc_row][vc_column][vc_separator][vc_custom_heading text=&#8221;Rozpoczynamy nab\u00f3r wniosk\u00f3w w ramach Programu Rozwoju Organizacji Obywatelskich na lata 2018\u20132030 PROO \u2013 Priorytet 1b. Dotacje na wk\u0142ad w\u0142asny Edycja 2019.&#8221; font_container=&#8221;tag:h4|text_align:left&#8221; use_theme_fonts=&#8221;yes&#8221;][vc_empty_space][vc_column_text]W ramach otwartego konkursu organizacje mog\u0105 uzyska\u0107 wsparcie na pokrycie wymaganego wk\u0142adu w\u0142asnego, kt\u00f3ry pozwoli na:[\/vc_column_text][vc_column_text el_class=&#8221;subpage&#8221;]<\/p>\n<ul>\n<li>udzia\u0142 organizacji obywatelskich w projektach mi\u0119dzynarodowych,<\/li>\n<li>realizacj\u0119 projekt\u00f3w w ramach program\u00f3w wdra\u017canych przez instytucje zagraniczne,<\/li>\n<li>realizacj\u0119 projekt\u00f3w w ramach program\u00f3w ponadnarodowych.<\/li>\n<\/ul>\n<p>[\/vc_column_text][vc_column_text]W 2019 r. warto\u015b\u0107 \u015brodk\u00f3w przeznaczonych na dotacje dla organizacji w ramach konkursu wynosi 1 800 000 z\u0142.[\/vc_column_text][vc_column_text]Wnioski mo\u017cna sk\u0142ada\u0107 od dnia 17 wrze\u015bnia 2019 r. od godz. 12.00 do 8 pa\u017adziernika 2019 r. do godz. 12.00 poprzez\u00a0<a class=\"red\" href=\"https:\/\/generator.niw.gov.pl\/\">System Obs\u0142ugi Dotacji<\/a>.[\/vc_column_text][vc_column_text]Pytania dotycz\u0105ce konkursu mo\u017cna zadawa\u0107 poprzez formularz kontaktowy PROO, poczt\u0105 elektroniczn\u0105 na adres\u00a0<a class=\"red\" href=\"mailto:proo@niw.gov.pl\">proo@niw.gov.pl<\/a>\u00a0oraz pod numerami telefon\u00f3w <a class=\"red\" href=\"tel:885-221-531\">885-221-531<\/a>, <a class=\"red\" href=\"tel:601-901-327\">601-901-327<\/a> (w godzinach 10.00 \u2013 12.00 od poniedzia\u0142ku do pi\u0105tku).[\/vc_column_text][vc_column_text]Zach\u0119camy do zapoznania si\u0119 z\u00a0<a class=\"red\" href=\"http:\/\/niw.gov.pl\/wp-content\/uploads\/2021\/04\/PROO-1b-Regulamin.pdf\"><i class=\"far fa-file-pdf\"><\/i> Regulaminem Konkursu<\/a>.[\/vc_column_text][vc_column_text]Wszystkie dokumenty znajduj\u0105 si\u0119 r\u00f3wnie\u017c pod adresem <a class=\"red\" href=\"https:\/\/generator.niw.gov.pl\">generator.niw.gov.pl<\/a>.[\/vc_column_text][\/vc_column][\/vc_row]<\/p>\n","protected":false},"excerpt":{"rendered":"<p>[vc_row][vc_column][vc_custom_heading text=&#8221;Priorytet 1b. Zr\u00f3wnowa\u017cony rozw\u00f3j organizacyjny &#8211; dotacje na wk\u0142ad w\u0142asny&#8221; font_container=&#8221;tag:h3|text_align:left&#8221; use_theme_fonts=&#8221;yes&#8221;][vc_empty_space][\/vc_column][\/vc_row][vc_row][vc_column][vc_custom_heading text=&#8221;WYNIKI OCENY WNIOSK\u00d3W W PROO 1B&#8221; font_container=&#8221;tag:h4|text_align:left&#8221; use_theme_fonts=&#8221;yes&#8221;][vc_empty_space][vc_column_text]Prezentujemy wyniki oceny merytorycznej wniosk\u00f3w w priorytecie 1B PROO. Wszystkim serdecznie dzi\u0119kujemy za udzia\u0142 w konkursie i zaanga\u017cowanie![\/vc_column_text][vc_column_text]Organizacjom, kt\u00f3rych wnioski pe\u0142ne zosta\u0142y zakwalifikowane do realizacji serdecznie gratulujemy.[\/vc_column_text][vc_column_text]Z organizacjami, kt\u00f3rych wnioski zosta\u0142y przeznaczone do dofinansowania\u00a0skontaktuj\u0105 si\u0119<\/p>\n","protected":false},"author":46,"featured_media":0,"parent":16126,"menu_order":128,"comment_status":"closed","ping_status":"closed","template":"page-templates\/nasze_programy_sub_pages.php","meta":{"_acf_changed":false,"inline_featured_image":false,"footnotes":""},"class_list":["post-16130","page","type-page","status-publish","hentry"],"acf":[],"_links":{"self":[{"href":"https:\/\/niw.gov.pl\/en\/wp-json\/wp\/v2\/pages\/16130","targetHints":{"allow":["GET"]}}],"collection":[{"href":"https:\/\/niw.gov.pl\/en\/wp-json\/wp\/v2\/pages"}],"about":[{"href":"https:\/\/niw.gov.pl\/en\/wp-json\/wp\/v2\/types\/page"}],"author":[{"embeddable":true,"href":"https:\/\/niw.gov.pl\/en\/wp-json\/wp\/v2\/users\/46"}],"replies":[{"embeddable":true,"href":"https:\/\/niw.gov.pl\/en\/wp-json\/wp\/v2\/comments?post=16130"}],"version-history":[{"count":2,"href":"https:\/\/niw.gov.pl\/en\/wp-json\/wp\/v2\/pages\/16130\/revisions"}],"predecessor-version":[{"id":18370,"href":"https:\/\/niw.gov.pl\/en\/wp-json\/wp\/v2\/pages\/16130\/revisions\/18370"}],"up":[{"embeddable":true,"href":"https:\/\/niw.gov.pl\/en\/wp-json\/wp\/v2\/pages\/16126"}],"wp:attachment":[{"href":"https:\/\/niw.gov.pl\/en\/wp-json\/wp\/v2\/media?parent=16130"}],"curies":[{"name":"wp","href":"https:\/\/api.w.org\/{rel}","templated":true}]}}