{"id":16133,"date":"2021-04-22T11:41:58","date_gmt":"2021-04-22T11:41:58","guid":{"rendered":"http:\/\/niw.gov.pl\/nasze-programy\/proo\/edycja-2019\/priorytet-2a\/"},"modified":"2021-07-13T06:49:48","modified_gmt":"2021-07-13T06:49:48","slug":"priority-2a","status":"publish","type":"page","link":"https:\/\/niw.gov.pl\/en\/our-programmes\/csodp\/edition-2019\/priority-2a\/","title":{"rendered":"Priority 2a"},"content":{"rendered":"<p>[vc_row][vc_column][vc_custom_heading text=&#8221;Kapita\u0142y \u017celazne &#8211; dotacje operacyjne na wsparcie budowania pocz\u0105tkowych kapita\u0142\u00f3w \u017celaznych&#8221; font_container=&#8221;tag:h3|text_align:left&#8221; use_theme_fonts=&#8221;yes&#8221;][vc_empty_space][\/vc_column][\/vc_row][vc_row][vc_column][vc_custom_heading text=&#8221;Uruchamiamy nab\u00f3r wniosk\u00f3w w ramach Programu Rozwoju Organizacji Obywatelskich na lata 2018\u20132030 PROO \u2013 Priorytet 2a Dotacje operacyjne na wsparcie budowy pocz\u0105tkowych kapita\u0142\u00f3w \u017celaznych Edycja 2019-2020.&#8221; font_container=&#8221;tag:h4|text_align:left&#8221; use_theme_fonts=&#8221;yes&#8221;][vc_empty_space][vc_column_text]W ramach otwartego konkursu organizacje mog\u0105 uzyska\u0107 wsparcie na realizacj\u0119 dzia\u0142a\u0144 obejmuj\u0105cych kompleksowe przygotowanie Wnioskodawcy do utworzenia kapita\u0142u \u017celaznego.[\/vc_column_text][vc_column_text]Wnioski mo\u017cna sk\u0142ada\u0107\u00a0<strong>od dnia 4 marca 2020 r. od godz. 15.00 do 14 kwietnia 2020 r. do godz. 12.00<\/strong>\u00a0wy\u0142\u0105cznie za pomoc\u0105 Generatora Wniosk\u00f3w, dost\u0119pnego pod adresem:\u00a0<a class=\"red\" href=\"https:\/\/generator.niw.gov.pl\/\">https:\/\/generator.niw.gov.pl\/<\/a>.[\/vc_column_text][vc_column_text]Dotacja mo\u017ce zosta\u0107 przyznana na okres od 24 do 36 miesi\u0119cy. Warto\u015b\u0107 dotacji wynosi od 100 do 500 tys. z\u0142.\u00a0 Warto\u015b\u0107 \u015brodk\u00f3w przeznaczonych na dotacje dla organizacji w ramach konkursu w 2020 r. wynosi 8 000 000 z\u0142. Szacunkowe alokacje na kolejne lata wynosz\u0105 odpowiednio 4 500 000 z\u0142 w 2021 r. i 2 000 000 z\u0142 w 2022 r.[\/vc_column_text][vc_column_text]Pytania dotycz\u0105ce konkursu mo\u017cna zadawa\u0107 poprzez formularz kontaktowy PROO, poczt\u0105 elektroniczn\u0105 na adres\u00a0<a href=\"mailto:proo@niw.gov.pl\">proo@niw.gov.pl<\/a> oraz pod numerem telefonu 885 221\u00a0531 w dni robocze, w godzinach 10.00 \u2013 16.00.[\/vc_column_text][\/vc_column][\/vc_row][vc_row][vc_column][vc_custom_heading text=&#8221;Wi\u0119cej informacji do pobrania&#8221; font_container=&#8221;tag:h4|text_align:left&#8221; use_theme_fonts=&#8221;yes&#8221;][vc_empty_space][vc_row_inner][vc_column_inner width=&#8221;1\/2&#8243;]<div class=\"row\">\n\t\t\t\t<div class=\"col-lg-12 col-md-12 col-sm-12 media_text\">\n\t\t\t\t\t<div class=\"download_box\">\n\t\t\t\t<div class=\"download_text\">\n\t\t\t\t\t<a href=\"https:\/\/niw.gov.pl\/wp-content\/uploads\/2021\/04\/PROO_2a_Regulamin-1.pdf\" download>Regulamin Konkursu<\/a><\/div><br><br><span><img decoding=\"async\" src=\"https:\/\/niw.gov.pl\/wp-content\/themes\/niw\/images\/PDF.png\" alt=\"PDF.png\"><\/button> 1.08MB<\/span><a href=\"https:\/\/niw.gov.pl\/wp-content\/uploads\/2021\/04\/PROO_2a_Regulamin-1.pdf\" download><button class=\"download_btn\" type=\"button\"> <img decoding=\"async\" src=\"https:\/\/niw.gov.pl\/wp-content\/themes\/niw\/images\/arrow7.png\" alt=\"arrow7.png\"><\/button><\/a> <div class=\"clr\">\n\n<\/div><\/div>\n\t\t\t\t\t<div class=\"download_box\">\n\t\t\t\t<div class=\"download_text\">\n\t\t\t\t\t<a href=\"https:\/\/niw.gov.pl\/wp-content\/uploads\/2021\/04\/FAQ_PROO_2a-1.pdf\" download>FAQ \u2013 najcz\u0119\u015bciej zadawane pytania<\/a><\/div><br><br><span><img decoding=\"async\" src=\"https:\/\/niw.gov.pl\/wp-content\/themes\/niw\/images\/PDF.png\" alt=\"PDF.png\"><\/button> 1.11MB<\/span><a href=\"https:\/\/niw.gov.pl\/wp-content\/uploads\/2021\/04\/FAQ_PROO_2a-1.pdf\" download><button class=\"download_btn\" type=\"button\"> <img decoding=\"async\" src=\"https:\/\/niw.gov.pl\/wp-content\/themes\/niw\/images\/arrow7.png\" alt=\"arrow7.png\"><\/button><\/a> <div class=\"clr\">\n\n<\/div><\/div><\/div><\/div>[\/vc_column_inner][vc_column_inner width=&#8221;1\/2&#8243;][\/vc_column_inner][\/vc_row_inner][vc_column_text]Wszystkie dokumenty znajduj\u0105 si\u0119 r\u00f3wnie\u017c pod adresem\u00a0<a class=\"red\" href=\"https:\/\/generator.niw.gov.pl\/login\" target=\"_blank\" rel=\"noopener\">generator.niw.gov.pl<\/a>[\/vc_column_text][\/vc_column][\/vc_row]<\/p>\n","protected":false},"excerpt":{"rendered":"<p>[vc_row][vc_column][vc_custom_heading text=&#8221;Kapita\u0142y \u017celazne &#8211; dotacje operacyjne na wsparcie budowania pocz\u0105tkowych kapita\u0142\u00f3w \u017celaznych&#8221; font_container=&#8221;tag:h3|text_align:left&#8221; use_theme_fonts=&#8221;yes&#8221;][vc_empty_space][\/vc_column][\/vc_row][vc_row][vc_column][vc_custom_heading text=&#8221;Uruchamiamy nab\u00f3r wniosk\u00f3w w ramach Programu Rozwoju Organizacji Obywatelskich na lata 2018\u20132030 PROO \u2013 Priorytet 2a Dotacje operacyjne na wsparcie budowy pocz\u0105tkowych kapita\u0142\u00f3w \u017celaznych Edycja 2019-2020.&#8221; font_container=&#8221;tag:h4|text_align:left&#8221; use_theme_fonts=&#8221;yes&#8221;][vc_empty_space][vc_column_text]W ramach otwartego konkursu organizacje mog\u0105 uzyska\u0107 wsparcie na realizacj\u0119 dzia\u0142a\u0144 obejmuj\u0105cych kompleksowe przygotowanie<\/p>\n","protected":false},"author":46,"featured_media":0,"parent":16126,"menu_order":134,"comment_status":"closed","ping_status":"closed","template":"page-templates\/nasze_programy_sub_pages.php","meta":{"_acf_changed":false,"inline_featured_image":false,"footnotes":""},"class_list":["post-16133","page","type-page","status-publish","hentry"],"acf":[],"_links":{"self":[{"href":"https:\/\/niw.gov.pl\/en\/wp-json\/wp\/v2\/pages\/16133","targetHints":{"allow":["GET"]}}],"collection":[{"href":"https:\/\/niw.gov.pl\/en\/wp-json\/wp\/v2\/pages"}],"about":[{"href":"https:\/\/niw.gov.pl\/en\/wp-json\/wp\/v2\/types\/page"}],"author":[{"embeddable":true,"href":"https:\/\/niw.gov.pl\/en\/wp-json\/wp\/v2\/users\/46"}],"replies":[{"embeddable":true,"href":"https:\/\/niw.gov.pl\/en\/wp-json\/wp\/v2\/comments?post=16133"}],"version-history":[{"count":2,"href":"https:\/\/niw.gov.pl\/en\/wp-json\/wp\/v2\/pages\/16133\/revisions"}],"predecessor-version":[{"id":18371,"href":"https:\/\/niw.gov.pl\/en\/wp-json\/wp\/v2\/pages\/16133\/revisions\/18371"}],"up":[{"embeddable":true,"href":"https:\/\/niw.gov.pl\/en\/wp-json\/wp\/v2\/pages\/16126"}],"wp:attachment":[{"href":"https:\/\/niw.gov.pl\/en\/wp-json\/wp\/v2\/media?parent=16133"}],"curies":[{"name":"wp","href":"https:\/\/api.w.org\/{rel}","templated":true}]}}