{"id":16135,"date":"2021-04-22T11:51:31","date_gmt":"2021-04-22T11:51:31","guid":{"rendered":"http:\/\/niw.gov.pl\/nasze-programy\/proo\/edycja-2019\/priorytet-2b\/"},"modified":"2021-07-20T14:48:07","modified_gmt":"2021-07-20T14:48:07","slug":"priority-2b","status":"publish","type":"page","link":"https:\/\/niw.gov.pl\/en\/our-programmes\/csodp\/edition-2019\/priority-2b\/","title":{"rendered":"Priority 2b"},"content":{"rendered":"<p>[vc_row][vc_column][vc_custom_heading text=&#8221;Kapita\u0142y \u017celazne &#8211; dofinansowanie pocz\u0105tkowych kapita\u0142\u00f3w \u017celaznych&#8221; font_container=&#8221;tag:h3|text_align:left&#8221; use_theme_fonts=&#8221;yes&#8221;][vc_empty_space][vc_column_text]Nab\u00f3r wniosk\u00f3w rozpocznie si\u0119 w 2021 r.<\/p>\n<p>Pracujemy nad regulaminem konkursu.[\/vc_column_text][\/vc_column][\/vc_row]<\/p>\n","protected":false},"excerpt":{"rendered":"<p>[vc_row][vc_column][vc_custom_heading text=&#8221;Kapita\u0142y \u017celazne &#8211; dofinansowanie pocz\u0105tkowych kapita\u0142\u00f3w \u017celaznych&#8221; font_container=&#8221;tag:h3|text_align:left&#8221; use_theme_fonts=&#8221;yes&#8221;][vc_empty_space][vc_column_text]Nab\u00f3r wniosk\u00f3w rozpocznie si\u0119 w 2021 r. Pracujemy nad regulaminem konkursu.[\/vc_column_text][\/vc_column][\/vc_row]<\/p>\n","protected":false},"author":46,"featured_media":0,"parent":16126,"menu_order":136,"comment_status":"closed","ping_status":"closed","template":"page-templates\/nasze_programy_sub_pages.php","meta":{"_acf_changed":false,"inline_featured_image":false,"footnotes":""},"class_list":["post-16135","page","type-page","status-publish","hentry"],"acf":[],"_links":{"self":[{"href":"https:\/\/niw.gov.pl\/en\/wp-json\/wp\/v2\/pages\/16135","targetHints":{"allow":["GET"]}}],"collection":[{"href":"https:\/\/niw.gov.pl\/en\/wp-json\/wp\/v2\/pages"}],"about":[{"href":"https:\/\/niw.gov.pl\/en\/wp-json\/wp\/v2\/types\/page"}],"author":[{"embeddable":true,"href":"https:\/\/niw.gov.pl\/en\/wp-json\/wp\/v2\/users\/46"}],"replies":[{"embeddable":true,"href":"https:\/\/niw.gov.pl\/en\/wp-json\/wp\/v2\/comments?post=16135"}],"version-history":[{"count":4,"href":"https:\/\/niw.gov.pl\/en\/wp-json\/wp\/v2\/pages\/16135\/revisions"}],"predecessor-version":[{"id":19701,"href":"https:\/\/niw.gov.pl\/en\/wp-json\/wp\/v2\/pages\/16135\/revisions\/19701"}],"up":[{"embeddable":true,"href":"https:\/\/niw.gov.pl\/en\/wp-json\/wp\/v2\/pages\/16126"}],"wp:attachment":[{"href":"https:\/\/niw.gov.pl\/en\/wp-json\/wp\/v2\/media?parent=16135"}],"curies":[{"name":"wp","href":"https:\/\/api.w.org\/{rel}","templated":true}]}}