{"id":16139,"date":"2021-04-22T11:51:58","date_gmt":"2021-04-22T11:51:58","guid":{"rendered":"http:\/\/niw.gov.pl\/nasze-programy\/proo\/edycja-2019\/priorytet-3\/"},"modified":"2021-07-20T14:49:35","modified_gmt":"2021-07-20T14:49:35","slug":"priority-3","status":"publish","type":"page","link":"https:\/\/niw.gov.pl\/en\/our-programmes\/csodp\/edition-2019\/priority-3\/","title":{"rendered":"Priority 3"},"content":{"rendered":"<p>[vc_row][vc_column][vc_custom_heading text=&#8221;Rozw\u00f3j instytucjonalny lokalnych organizacji stra\u017cniczych i medi\u00f3w obywatelskich&#8221; font_container=&#8221;tag:h3|text_align:left&#8221; use_theme_fonts=&#8221;yes&#8221;][vc_empty_space][\/vc_column][\/vc_row][vc_row][vc_column][vc_custom_heading text=&#8221;WYNIKI OCENY WNIOSK\u00d3W W PROO 3&#8243; font_container=&#8221;tag:h4|text_align:left&#8221; use_theme_fonts=&#8221;yes&#8221;][vc_empty_space][vc_column_text]Prezentujemy wyniki oceny merytorycznej wniosk\u00f3w w priorytecie 3 PROO. Wszystkim serdecznie dzi\u0119kujemy za udzia\u0142 w konkursie i zaanga\u017cowanie![\/vc_column_text][vc_column_text]Organizacjom, kt\u00f3rych wnioski zosta\u0142y zakwalifikowane do realizacji serdecznie gratulujemy.[\/vc_column_text]<div class=\"row\">\n\t\t\t\t<div class=\"col-lg-12 col-md-12 col-sm-12 media_text\">\n\t\t\t\t\t\n\t\t\t\t\t\n\t\t\t\t\t<div class=\"programs_links\"><a href=\"https:\/\/niw.gov.pl\/wp-content\/uploads\/2021\/04\/PROO_3_Lista_rankingowa.pdf\" download><button class=\"link_btn\" type=\"button\"> <img decoding=\"async\" src=\"https:\/\/niw.gov.pl\/wp-content\/themes\/niw\/images\/ic_link.png\" alt=\"ic_link.png\"> <\/button> Lista wniosk\u00f3w zakwalifikowanych do realizacji<\/a>\n<\/div>\n\n\n\t\t\t\t\t\n\t\t\t\t\t\n\t\t\t\t\t\n\t\t\t\t\t<div class=\"programs_links\"><a href=\"https:\/\/niw.gov.pl\/wp-content\/uploads\/2021\/04\/PROO_3_Lista_rezerwowa.pdf\" download><button class=\"link_btn\" type=\"button\"> <img decoding=\"async\" src=\"https:\/\/niw.gov.pl\/wp-content\/themes\/niw\/images\/ic_link.png\" alt=\"ic_link.png\"> <\/button> Lista wniosk\u00f3w rezerwowych \u2013 niezakwalifikowanych do realizacji ze wzgl\u0119du na brak \u015brodk\u00f3w<\/a>\n<\/div>\n\n\n\t\t\t\t\t\n\t\t\t\t\t\n\t\t\t\t\t\n\t\t\t\t\t<div class=\"programs_links\"><a href=\"https:\/\/niw.gov.pl\/wp-content\/uploads\/2021\/04\/PROO_3_Lista_wnioskow_negatywnych.pdf\" download><button class=\"link_btn\" type=\"button\"> <img decoding=\"async\" src=\"https:\/\/niw.gov.pl\/wp-content\/themes\/niw\/images\/ic_link.png\" alt=\"ic_link.png\"> <\/button> Lista wniosk\u00f3w odrzuconych \u2013 niezakwalifikowanych do realizacji ze wzgl\u0119du na negatywn\u0105 ocen\u0119 merytoryczn\u0105<\/a>\n<\/div>\n\n\n\t\t\t\t\t\n\t\t\t\t\t\n\t\t\t\t\t\n\t\t\t\t\t<div class=\"programs_links\"><a href=\"https:\/\/niw.gov.pl\/wp-content\/uploads\/2021\/04\/zarzadzenie-o-powolaniu-panelu-ekspertow-PROO3.pdf\" download><button class=\"link_btn\" type=\"button\"> <img decoding=\"async\" src=\"https:\/\/niw.gov.pl\/wp-content\/themes\/niw\/images\/ic_link.png\" alt=\"ic_link.png\"> <\/button> Zarz\u0105dzenie w sprawie powo\u0142ania panelu ekspert\u00f3w w celu dyskusji nad wynikami oceny merytorycznej wniosk\u00f3w z\u0142o\u017conych w konkursie organizowanym w ramach PROO Priorytet 3<\/a>\n<\/div>\n\n\n\t\t\t\t\t<\/div><\/div>[\/vc_column][\/vc_row][vc_row][vc_column][vc_separator][vc_custom_heading text=&#8221;Zako\u0144czyli\u015bmy ocen\u0119 formaln\u0105 wniosk\u00f3w z\u0142o\u017conych w ramach Priorytetu 3 Programu Rozwoju Organizacji Obywatelskich!&#8221; font_container=&#8221;tag:h4|text_align:left&#8221; use_theme_fonts=&#8221;yes&#8221;][vc_empty_space][vc_column_text]W konkursie z\u0142o\u017cono\u00a0<strong>223<\/strong>\u00a0wnioski. Wszystkie uzyska\u0142y\u00a0pozytywn\u0105 ocen\u0119 formaln\u0105 i zosta\u0142y skierowane do oceny merytorycznej.[\/vc_column_text]<div class=\"row\">\n\t\t\t\t<div class=\"col-lg-12 col-md-12 col-sm-12 media_text\">\n\t\t\t\t\t\n\t\t\t\t\t\n\t\t\t\t\t<div class=\"programs_links\"><a href=\"https:\/\/niw.gov.pl\/wp-content\/uploads\/2021\/04\/Lista_ocen_pozytywnych_formalnie_P3.pdf\" download><button class=\"link_btn\" type=\"button\"> <img decoding=\"async\" src=\"https:\/\/niw.gov.pl\/wp-content\/themes\/niw\/images\/ic_link.png\" alt=\"ic_link.png\"> <\/button> Lista wniosk\u00f3w zakwalifikowanych do oceny merytorycznej w wyniku oceny formalnej PROO Priorytet 3 2019<\/a>\n<\/div>\n\n\n\t\t\t\t\t<\/div><\/div>[vc_column_text]Informacja o wyniku oceny formalnej zostanie udost\u0119pniona wszystkim wnioskodawcom w Systemie Obs\u0142ugi Dotacji oraz przes\u0142ana na adres poczty elektronicznej podany w SOD.[\/vc_column_text][vc_column_text]Zgodnie z Regulaminem Konkursu wnioskodawcom, kt\u00f3rych wnioski nie uzyska\u0142y pozytywnej oceny formalnej, przys\u0142uguje odwo\u0142anie od wyniku oceny formalnej do Przewodnicz\u0105cego Komitetu ds. Po\u017cytku Publicznego za po\u015brednictwem NIW-CRSO w terminie 3 dni roboczych od dnia publikacji informacji o wynikach oceny. Odwo\u0142anie od wyniku oceny formalnej mo\u017ce zosta\u0107 z\u0142o\u017cone wy\u0142\u0105cznie za pomoc\u0105 Systemu Obs\u0142ugi Dotacji (w zak\u0142adce Oceny). Odwo\u0142anie z\u0142o\u017cone po terminie nie zostanie rozpatrzone.[\/vc_column_text][\/vc_column][\/vc_row][vc_row][vc_column][vc_separator][vc_column_text]22 lutego 2019 r. o godzinie 12:00 rozpocz\u0119li\u015bmy nab\u00f3r wniosk\u00f3w w ramach Programu Rozwoju Organizacji Obywatelskich na lata 2018\u20132030 PROO \u2013 Priorytet 3. Rozw\u00f3j instytucjonalny lokalnych organizacji stra\u017cniczych i medi\u00f3w obywatelskich.[\/vc_column_text][vc_column_text]Przedmiotem otwartych konkurs\u00f3w jest wsparcie realizacji dzia\u0142a\u0144 misyjnych (statutowych) oraz wzmocnienie instytucjonalne ww. organizacji.[\/vc_column_text][vc_column_text]Warto\u015b\u0107 \u015brodk\u00f3w przeznaczonych na dotacje dla organizacji wynosi 5 600 000 z\u0142.[\/vc_column_text][vc_column_text]Wnioski mo\u017cna sk\u0142ada\u0107 od dnia 22 lutego 2019 r. od godz. 12.00 do 26 marca 2019 r. do godz. 12.00 poprzez\u00a0<a class=\"red\" href=\"https:\/\/generator.niw.gov.pl\/\">System Obs\u0142ugi Dotacji<\/a>.[\/vc_column_text][vc_column_text]Pytania dotycz\u0105ce konkursu mo\u017cna zadawa\u0107 poprzez formularz kontaktowy PROO, poczt\u0105 elektroniczn\u0105 na adres\u00a0<a class=\"red\" href=\"mailto:proo@niw.gov.pl\">proo@niw.gov.pl<\/a>\u00a0oraz pod numerem telefonu <a class=\"red\" href=\"tel:885-221-531\">885-221-531<\/a> (w godzinach 10.00 \u2013 12.00).[\/vc_column_text][vc_column_text]Wszystkie dokumenty znajduj\u0105 si\u0119 pod adresem <a class=\"red\" href=\"https:\/\/generator.niw.gov.pl\/login\" target=\"_blank\" rel=\"noopener\">generator.niw.gov.pl<\/a>[\/vc_column_text][\/vc_column][\/vc_row]<\/p>\n","protected":false},"excerpt":{"rendered":"<p>[vc_row][vc_column][vc_custom_heading text=&#8221;Rozw\u00f3j instytucjonalny lokalnych organizacji stra\u017cniczych i medi\u00f3w obywatelskich&#8221; font_container=&#8221;tag:h3|text_align:left&#8221; use_theme_fonts=&#8221;yes&#8221;][vc_empty_space][\/vc_column][\/vc_row][vc_row][vc_column][vc_custom_heading text=&#8221;WYNIKI OCENY WNIOSK\u00d3W W PROO 3&#8243; font_container=&#8221;tag:h4|text_align:left&#8221; use_theme_fonts=&#8221;yes&#8221;][vc_empty_space][vc_column_text]Prezentujemy wyniki oceny merytorycznej wniosk\u00f3w w priorytecie 3 PROO. Wszystkim serdecznie dzi\u0119kujemy za udzia\u0142 w konkursie i zaanga\u017cowanie![\/vc_column_text][vc_column_text]Organizacjom, kt\u00f3rych wnioski zosta\u0142y zakwalifikowane do realizacji serdecznie gratulujemy.[\/vc_column_text][\/vc_column][\/vc_row][vc_row][vc_column][vc_separator][vc_custom_heading text=&#8221;Zako\u0144czyli\u015bmy ocen\u0119 formaln\u0105 wniosk\u00f3w z\u0142o\u017conych w ramach Priorytetu 3 Programu Rozwoju<\/p>\n","protected":false},"author":46,"featured_media":0,"parent":16126,"menu_order":140,"comment_status":"closed","ping_status":"closed","template":"page-templates\/nasze_programy_sub_pages.php","meta":{"_acf_changed":false,"inline_featured_image":false,"footnotes":""},"class_list":["post-16139","page","type-page","status-publish","hentry"],"acf":[],"_links":{"self":[{"href":"https:\/\/niw.gov.pl\/en\/wp-json\/wp\/v2\/pages\/16139","targetHints":{"allow":["GET"]}}],"collection":[{"href":"https:\/\/niw.gov.pl\/en\/wp-json\/wp\/v2\/pages"}],"about":[{"href":"https:\/\/niw.gov.pl\/en\/wp-json\/wp\/v2\/types\/page"}],"author":[{"embeddable":true,"href":"https:\/\/niw.gov.pl\/en\/wp-json\/wp\/v2\/users\/46"}],"replies":[{"embeddable":true,"href":"https:\/\/niw.gov.pl\/en\/wp-json\/wp\/v2\/comments?post=16139"}],"version-history":[{"count":4,"href":"https:\/\/niw.gov.pl\/en\/wp-json\/wp\/v2\/pages\/16139\/revisions"}],"predecessor-version":[{"id":19705,"href":"https:\/\/niw.gov.pl\/en\/wp-json\/wp\/v2\/pages\/16139\/revisions\/19705"}],"up":[{"embeddable":true,"href":"https:\/\/niw.gov.pl\/en\/wp-json\/wp\/v2\/pages\/16126"}],"wp:attachment":[{"href":"https:\/\/niw.gov.pl\/en\/wp-json\/wp\/v2\/media?parent=16139"}],"curies":[{"name":"wp","href":"https:\/\/api.w.org\/{rel}","templated":true}]}}