{"id":16143,"date":"2021-04-22T11:52:40","date_gmt":"2021-04-22T11:52:40","guid":{"rendered":"http:\/\/niw.gov.pl\/nasze-programy\/proo\/edycja-2019\/priorytet-5\/"},"modified":"2021-07-20T14:51:42","modified_gmt":"2021-07-20T14:51:42","slug":"priority-5","status":"publish","type":"page","link":"https:\/\/niw.gov.pl\/en\/our-programmes\/csodp\/edition-2019\/priority-5\/","title":{"rendered":"Priority 5"},"content":{"rendered":"<p>[vc_row][vc_column][vc_custom_heading text=&#8221;Wsparcie dora\u017ane&#8221; font_container=&#8221;tag:h3|text_align:left&#8221; use_theme_fonts=&#8221;yes&#8221;][vc_empty_space][\/vc_column][\/vc_row][vc_row][vc_column][vc_custom_heading text=&#8221;Informacja o zako\u0144czeniu naboru wniosk\u00f3w w ramach Programu Rozwoju Organizacji Obywatelskich na lata 2018-2030 PROO, Priorytet 5. Wsparcie dora\u017ane Edycja 2019&#8243; font_container=&#8221;tag:h4|text_align:left&#8221; use_theme_fonts=&#8221;yes&#8221;][vc_empty_space][vc_column_text]Ze wzgl\u0119du na du\u017ce zainteresowanie i konieczno\u015b\u0107 procedowania um\u00f3w w spos\u00f3b umo\u017cliwiaj\u0105cy Beneficjentom wydatkowanie \u015brodk\u00f3w do 31 grudnia 2019 r. Dyrektor Narodowego Instytutu Wolno\u015bci \u2013 Centrum Rozwoju Spo\u0142ecze\u0144stwa Obywatelskiego podj\u0105\u0142 decyzj\u0119 o zako\u0144czeniu naboru wniosk\u00f3w w ramach Programu Rozwoju Organizacji Obywatelskich na lata 2018-2030 PROO, Priorytet 5 Wsparcie dora\u017ane Edycja 2019. Przedmiotowe wnioski mo\u017cna b\u0119dzie sk\u0142ada\u0107 do dnia\u00a0<u>16 grudnia 2019\u00a0r. do godziny 12:00<\/u>. Wszystkie organizacje, kt\u00f3re nie zd\u0105\u017c\u0105 wzi\u0105\u0107 udzia\u0142u w\u00a0tegorocznej edycji konkursu zapraszamy do wzi\u0119cia udzia\u0142u w przysz\u0142orocznej edycji, kt\u00f3ra wystartuje w I kwartale 2020\u00a0r.[\/vc_column_text][\/vc_column][\/vc_row][vc_row][vc_column][vc_separator][vc_custom_heading text=&#8221;Poni\u017cej prezentujemy listy wniosk\u00f3w zatwierdzonych do dofinansowania w ramach konkursu PROO Priorytet 5 Wsparcie dora\u017ane:&#8221; font_container=&#8221;tag:h4|text_align:left&#8221; use_theme_fonts=&#8221;yes&#8221;][vc_empty_space]<div class=\"row\">\n\t\t\t\t<div class=\"col-lg-12 col-md-12 col-sm-12 media_text\">\n\t\t\t\t\t\n\t\t\t\t\t\n\t\t\t\t\t<div class=\"programs_links\"><a href=\"https:\/\/niw.gov.pl\/wp-content\/uploads\/2021\/04\/Wnioski-rekomendowane-do-dofinansowania-w-ramach-PROO-Priorytet-5-lista-nr-1.pdf\" download><button class=\"link_btn\" type=\"button\"> <img decoding=\"async\" src=\"https:\/\/niw.gov.pl\/wp-content\/themes\/niw\/images\/ic_link.png\" alt=\"ic_link.png\"> <\/button> Wnioski rekomendowane do dofinansowania w ramach PROO Priorytet 5 \u2013 lista nr 1<\/a>\n<\/div>\n\n\n\t\t\t\t\t\n\t\t\t\t\t\n\t\t\t\t\t\n\t\t\t\t\t<div class=\"programs_links\"><a href=\"https:\/\/niw.gov.pl\/wp-content\/uploads\/2021\/04\/Wnioski-rekomendowane-do-dofinansowania-w-ramach-PROO-Priorytet-5-lista-nr-2.pdf\" download><button class=\"link_btn\" type=\"button\"> <img decoding=\"async\" src=\"https:\/\/niw.gov.pl\/wp-content\/themes\/niw\/images\/ic_link.png\" alt=\"ic_link.png\"> <\/button> Wnioski rekomendowane do dofinansowania w ramach PROO Priorytet 5 \u2013 lista nr 2<\/a>\n<\/div>\n\n\n\t\t\t\t\t\n\t\t\t\t\t\n\t\t\t\t\t\n\t\t\t\t\t<div class=\"programs_links\"><a href=\"https:\/\/niw.gov.pl\/wp-content\/uploads\/2021\/04\/Wnioski-rekomendowane-do-dofinansowania-w-ramach-PROO-Priorytet-5-\u2013-lista-nr-3.pdf\" download><button class=\"link_btn\" type=\"button\"> <img decoding=\"async\" src=\"https:\/\/niw.gov.pl\/wp-content\/themes\/niw\/images\/ic_link.png\" alt=\"ic_link.png\"> <\/button> Wnioski rekomendowane do dofinansowania w ramach PROO Priorytet 5 \u2013 lista nr 3<\/a>\n<\/div>\n\n\n\t\t\t\t\t\n\t\t\t\t\t\n\t\t\t\t\t\n\t\t\t\t\t<div class=\"programs_links\"><a href=\"https:\/\/niw.gov.pl\/wp-content\/uploads\/2021\/04\/Wnioski-rekomendowane-do-dofinansowania-w-ramach-PROO-Priorytet-5-lista-nr-4.pdf\" download><button class=\"link_btn\" type=\"button\"> <img decoding=\"async\" src=\"https:\/\/niw.gov.pl\/wp-content\/themes\/niw\/images\/ic_link.png\" alt=\"ic_link.png\"> <\/button> Wnioski rekomendowane do dofinansowania w ramach PROO Priorytet 5 \u2013 lista nr 4<\/a>\n<\/div>\n\n\n\t\t\t\t\t\n\t\t\t\t\t\n\t\t\t\t\t\n\t\t\t\t\t<div class=\"programs_links\"><a href=\"https:\/\/niw.gov.pl\/wp-content\/uploads\/2021\/04\/Wnioski-rekomendowane-do-dofinansowania-w-ramach-PROO-Priorytet-5-lista-nr-5.pdf\" download><button class=\"link_btn\" type=\"button\"> <img decoding=\"async\" src=\"https:\/\/niw.gov.pl\/wp-content\/themes\/niw\/images\/ic_link.png\" alt=\"ic_link.png\"> <\/button> Wnioski rekomendowane do dofinansowania w ramach PROO Priorytet-5 \u2013 lista nr 5<\/a>\n<\/div>\n\n\n\t\t\t\t\t\n\t\t\t\t\t\n\t\t\t\t\t\n\t\t\t\t\t<div class=\"programs_links\"><a href=\"https:\/\/niw.gov.pl\/wp-content\/uploads\/2021\/04\/Wnioski-rekomendowane-do-dofinansowania-w-ramach-PROO-Priorytet-5-lista-nr-6.pdf\" download><button class=\"link_btn\" type=\"button\"> <img decoding=\"async\" src=\"https:\/\/niw.gov.pl\/wp-content\/themes\/niw\/images\/ic_link.png\" alt=\"ic_link.png\"> <\/button> Wnioski rekomendowane do dofinansowania w ramach PROO Priorytet 5 \u2013 lista nr 6<\/a>\n<\/div>\n\n\n\t\t\t\t\t\n\t\t\t\t\t\n\t\t\t\t\t\n\t\t\t\t\t<div class=\"programs_links\"><a href=\"https:\/\/niw.gov.pl\/wp-content\/uploads\/2021\/04\/Wnioski-rekomendowane-do-dofinansowania-w-ramach-PROO-Priorytet-5-lista-nr-7.pdf\" download><button class=\"link_btn\" type=\"button\"> <img decoding=\"async\" src=\"https:\/\/niw.gov.pl\/wp-content\/themes\/niw\/images\/ic_link.png\" alt=\"ic_link.png\"> <\/button> Wnioski rekomendowane do dofinansowania w ramach PROO Priorytet-5 \u2013 lista nr 7<\/a>\n<\/div>\n\n\n\t\t\t\t\t\n\t\t\t\t\t\n\t\t\t\t\t\n\t\t\t\t\t<div class=\"programs_links\"><a href=\"https:\/\/niw.gov.pl\/wp-content\/uploads\/2021\/04\/Wnioski-rekomendowane-do-dofinansowania-w-ramach-PROO-Priorytet-5-lista-nr-8.pdf\" download><button class=\"link_btn\" type=\"button\"> <img decoding=\"async\" src=\"https:\/\/niw.gov.pl\/wp-content\/themes\/niw\/images\/ic_link.png\" alt=\"ic_link.png\"> <\/button> Wnioski rekomendowane do dofinansowania w ramach PROO Priorytet-5 \u2013 lista nr 8<\/a>\n<\/div>\n\n\n\t\t\t\t\t\n\t\t\t\t\t\n\t\t\t\t\t\n\t\t\t\t\t<div class=\"programs_links\"><a href=\"https:\/\/niw.gov.pl\/wp-content\/uploads\/2021\/04\/Wnioski-rekomendowane-do-dofinansowania-w-ramach-PROO-Priorytet-5-lista-nr-9.pdf\" download><button class=\"link_btn\" type=\"button\"> <img decoding=\"async\" src=\"https:\/\/niw.gov.pl\/wp-content\/themes\/niw\/images\/ic_link.png\" alt=\"ic_link.png\"> <\/button> Wnioski rekomendowane do dofinansowania w ramach PROO Priorytet-5 \u2013 lista nr 9<\/a>\n<\/div>\n\n\n\t\t\t\t\t\n\t\t\t\t\t\n\t\t\t\t\t\n\t\t\t\t\t<div class=\"programs_links\"><a href=\"https:\/\/niw.gov.pl\/wp-content\/uploads\/2021\/04\/Wnioski-rekomendowane-do-dofinansowania-w-ramach-PROO-Priorytet-5-lista-nr-10.pdf\" download><button class=\"link_btn\" type=\"button\"> <img decoding=\"async\" src=\"https:\/\/niw.gov.pl\/wp-content\/themes\/niw\/images\/ic_link.png\" alt=\"ic_link.png\"> <\/button> Wnioski rekomendowane do dofinansowania w ramach PROO Priorytet-5 \u2013 lista nr 10<\/a>\n<\/div>\n\n\n\t\t\t\t\t\n\t\t\t\t\t\n\t\t\t\t\t\n\t\t\t\t\t<div class=\"programs_links\"><a href=\"https:\/\/niw.gov.pl\/wp-content\/uploads\/2021\/04\/Wnioski-rekomendowane-do-dofinansowania-w-ramach-PROO-Priorytet-5-lista-nr-11.pdf\" download><button class=\"link_btn\" type=\"button\"> <img decoding=\"async\" src=\"https:\/\/niw.gov.pl\/wp-content\/themes\/niw\/images\/ic_link.png\" alt=\"ic_link.png\"> <\/button> Wnioski rekomendowane do dofinansowania w ramach PROO Priorytet-5 \u2013 lista nr 11<\/a>\n<\/div>\n\n\n\t\t\t\t\t\n\t\t\t\t\t\n\t\t\t\t\t\n\t\t\t\t\t<div class=\"programs_links\"><a href=\"https:\/\/niw.gov.pl\/wp-content\/uploads\/2021\/04\/Wnioski-rekomendowane-do-dofinansowania-w-ramach-PROO-Priorytet-5-lista-nr-12.pdf\" download><button class=\"link_btn\" type=\"button\"> <img decoding=\"async\" src=\"https:\/\/niw.gov.pl\/wp-content\/themes\/niw\/images\/ic_link.png\" alt=\"ic_link.png\"> <\/button> Wnioski rekomendowane do dofinansowania w ramach PROO Priorytet-5 \u2013 lista nr 12<\/a>\n<\/div>\n\n\n\t\t\t\t\t\n\t\t\t\t\t\n\t\t\t\t\t\n\t\t\t\t\t<div class=\"programs_links\"><a href=\"https:\/\/niw.gov.pl\/wp-content\/uploads\/2021\/04\/Wnioski-rekomendowane-do-dofinansowania-w-ramach-PROO-Priorytet-5-lista-nr-13.pdf\" download><button class=\"link_btn\" type=\"button\"> <img decoding=\"async\" src=\"https:\/\/niw.gov.pl\/wp-content\/themes\/niw\/images\/ic_link.png\" alt=\"ic_link.png\"> <\/button> Wnioski rekomendowane do dofinansowania w ramach PROO Priorytet-5 \u2013 lista nr 13<\/a>\n<\/div>\n\n\n\t\t\t\t\t\n\t\t\t\t\t\n\t\t\t\t\t\n\t\t\t\t\t<div class=\"programs_links\"><a href=\"https:\/\/niw.gov.pl\/wp-content\/uploads\/2021\/04\/Wnioski-rekomendowane-do-dofinansowania-w-ramach-PROO-Priorytet-5-lista-nr-14.pdf\" download><button class=\"link_btn\" type=\"button\"> <img decoding=\"async\" src=\"https:\/\/niw.gov.pl\/wp-content\/themes\/niw\/images\/ic_link.png\" alt=\"ic_link.png\"> <\/button> Wnioski rekomendowane do dofinansowania w ramach PROO Priorytet-5 \u2013 lista nr 14<\/a>\n<\/div>\n\n\n\t\t\t\t\t\n\t\t\t\t\t\n\t\t\t\t\t\n\t\t\t\t\t<div class=\"programs_links\"><a href=\"https:\/\/niw.gov.pl\/wp-content\/uploads\/2021\/04\/Wnioski-rekomendowane-do-dofinansowania-w-ramach-PROO-Priorytet-5-lista-nr-15.pdf\" download><button class=\"link_btn\" type=\"button\"> <img decoding=\"async\" src=\"https:\/\/niw.gov.pl\/wp-content\/themes\/niw\/images\/ic_link.png\" alt=\"ic_link.png\"> <\/button> Wnioski rekomendowane do dofinansowania w ramach PROO Priorytet-5 \u2013 lista nr 15<\/a>\n<\/div>\n\n\n\t\t\t\t\t\n\t\t\t\t\t\n\t\t\t\t\t\n\t\t\t\t\t<div class=\"programs_links\"><a href=\"https:\/\/niw.gov.pl\/wp-content\/uploads\/2021\/04\/Wnioski-rekomendowane-do-dofinansowania-w-ramach-PROO-Priorytet-5-lista-nr-16.pdf\" download><button class=\"link_btn\" type=\"button\"> <img decoding=\"async\" src=\"https:\/\/niw.gov.pl\/wp-content\/themes\/niw\/images\/ic_link.png\" alt=\"ic_link.png\"> <\/button> Wnioski rekomendowane do dofinansowania w ramach PROO Priorytet-5 \u2013 lista nr 16<\/a>\n<\/div>\n\n\n\t\t\t\t\t\n\t\t\t\t\t\n\t\t\t\t\t\n\t\t\t\t\t<div class=\"programs_links\"><a href=\"https:\/\/niw.gov.pl\/wp-content\/uploads\/2021\/04\/Wnioski-rekomendowane-do-dofinansowania-w-ramach-PROO-Priorytet-5-lista-nr-17.pdf\" download><button class=\"link_btn\" type=\"button\"> <img decoding=\"async\" src=\"https:\/\/niw.gov.pl\/wp-content\/themes\/niw\/images\/ic_link.png\" alt=\"ic_link.png\"> <\/button> Wnioski rekomendowane do dofinansowania w ramach PROO Priorytet-5 \u2013 lista nr 17<\/a>\n<\/div>\n\n\n\t\t\t\t\t\n\t\t\t\t\t\n\t\t\t\t\t\n\t\t\t\t\t<div class=\"programs_links\"><a href=\"https:\/\/niw.gov.pl\/wp-content\/uploads\/2021\/04\/Wnioski-rekomendowane-do-dofinansowania-w-ramach-PROO-Priorytet-5-lista-nr-18.pdf\" download><button class=\"link_btn\" type=\"button\"> <img decoding=\"async\" src=\"https:\/\/niw.gov.pl\/wp-content\/themes\/niw\/images\/ic_link.png\" alt=\"ic_link.png\"> <\/button> Wnioski rekomendowane do dofinansowania w ramach PROO Priorytet-5 \u2013 lista nr 18<\/a>\n<\/div>\n\n\n\t\t\t\t\t\n\t\t\t\t\t\n\t\t\t\t\t\n\t\t\t\t\t<div class=\"programs_links\"><a href=\"https:\/\/niw.gov.pl\/wp-content\/uploads\/2021\/04\/lista-nr-19-PROO5.pdf\" download><button class=\"link_btn\" type=\"button\"> <img decoding=\"async\" src=\"https:\/\/niw.gov.pl\/wp-content\/themes\/niw\/images\/ic_link.png\" alt=\"ic_link.png\"> <\/button> Wnioski rekomendowane do dofinansowania w ramach PROO Priorytet-5 \u2013 lista nr 19<\/a>\n<\/div>\n\n\n\t\t\t\t\t\n\t\t\t\t\t\n\t\t\t\t\t\n\t\t\t\t\t<div class=\"programs_links\"><a href=\"https:\/\/niw.gov.pl\/wp-content\/uploads\/2021\/04\/Wnioski-rekomendowane-do-dofinansowania-w-ramach-PROO-Priorytet-5-lista-nr-20.pdf\" download><button class=\"link_btn\" type=\"button\"> <img decoding=\"async\" src=\"https:\/\/niw.gov.pl\/wp-content\/themes\/niw\/images\/ic_link.png\" alt=\"ic_link.png\"> <\/button> Wnioski rekomendowane do dofinansowania w ramach PROO Priorytet 5 \u2013 lista nr 20<\/a>\n<\/div>\n\n\n\t\t\t\t\t\n\t\t\t\t\t\n\t\t\t\t\t\n\t\t\t\t\t<div class=\"programs_links\"><a href=\"https:\/\/niw.gov.pl\/wp-content\/uploads\/2021\/04\/Wnioski-rekomendowane-do-dofinansowania-w-ramach-PROO-Priorytet-5-lista-nr-21.pdf\" download><button class=\"link_btn\" type=\"button\"> <img decoding=\"async\" src=\"https:\/\/niw.gov.pl\/wp-content\/themes\/niw\/images\/ic_link.png\" alt=\"ic_link.png\"> <\/button> Wnioski rekomendowane do dofinansowania w ramach PROO Priorytet 5 \u2013 lista nr 21<\/a>\n<\/div>\n\n\n\t\t\t\t\t\n\t\t\t\t\t\n\t\t\t\t\t\n\t\t\t\t\t<div class=\"programs_links\"><a href=\"https:\/\/niw.gov.pl\/wp-content\/uploads\/2021\/04\/Wnioski-rekomendowane-do-dofinansowania-w-ramach-PROO-Priorytet-5-lista-nr-22.pdf\" download><button class=\"link_btn\" type=\"button\"> <img decoding=\"async\" src=\"https:\/\/niw.gov.pl\/wp-content\/themes\/niw\/images\/ic_link.png\" alt=\"ic_link.png\"> <\/button> Wnioski rekomendowane do dofinansowania w ramach PROO Priorytet 5 \u2013 lista nr 22<\/a>\n<\/div>\n\n\n\t\t\t\t\t\n\t\t\t\t\t\n\t\t\t\t\t\n\t\t\t\t\t<div class=\"programs_links\"><a href=\"https:\/\/niw.gov.pl\/wp-content\/uploads\/2021\/04\/Wnioski-rekomendowane-do-dofinansowania-w-ramach-PROO-Priorytet-5-lista-nr-23.pdf\" download><button class=\"link_btn\" type=\"button\"> <img decoding=\"async\" src=\"https:\/\/niw.gov.pl\/wp-content\/themes\/niw\/images\/ic_link.png\" alt=\"ic_link.png\"> <\/button> Wnioski rekomendowane do dofinansowania w ramach PROO Priorytet 5 \u2013 lista nr 23<\/a>\n<\/div>\n\n\n\t\t\t\t\t\n\t\t\t\t\t\n\t\t\t\t\t\n\t\t\t\t\t<div class=\"programs_links\"><a href=\"https:\/\/niw.gov.pl\/wp-content\/uploads\/2021\/04\/Wnioski-rekomendowane-do-dofinansowania-w-ramach-PROO-Priorytet-5-lista-nr-24.pdf\" download><button class=\"link_btn\" type=\"button\"> <img decoding=\"async\" src=\"https:\/\/niw.gov.pl\/wp-content\/themes\/niw\/images\/ic_link.png\" alt=\"ic_link.png\"> <\/button> Wnioski rekomendowane do dofinansowania w ramach PROO Priorytet 5 \u2013 lista nr 24<\/a>\n<\/div>\n\n\n\t\t\t\t\t\n\t\t\t\t\t\n\t\t\t\t\t\n\t\t\t\t\t<div class=\"programs_links\"><a href=\"https:\/\/niw.gov.pl\/wp-content\/uploads\/2021\/04\/Wnioski-rekomendowane-do-dofinansowania-w-ramach-PROO-Priorytet-5-lista-nr-25.pdf\" download><button class=\"link_btn\" type=\"button\"> <img decoding=\"async\" src=\"https:\/\/niw.gov.pl\/wp-content\/themes\/niw\/images\/ic_link.png\" alt=\"ic_link.png\"> <\/button> Wnioski rekomendowane do dofinansowania w ramach PROO Priorytet 5 \u2013 lista nr 25<\/a>\n<\/div>\n\n\n\t\t\t\t\t<\/div><\/div>[vc_empty_space][vc_column_text]W przypadku pozosta\u0142ych wniosk\u00f3w trwa pozyskiwanie dodatkowych informacji zgodnie z Regulaminem (Rozdz. 10.2 ust. 6) lub s\u0105 przygotowywane karty ocen dla beneficjent\u00f3w.[\/vc_column_text][\/vc_column][\/vc_row][vc_row][vc_column][vc_separator][vc_column_text]Przedmiotem Konkursu jest udzielenie dotacji celowej na realizacj\u0119 zadania polegaj\u0105cego na wsparciu organizacji spo\u0142ecze\u0144stwa obywatelskiego, kt\u00f3re znalaz\u0142y si\u0119 w sytuacji mog\u0105cej istotnie ogranicza\u0107 realizacj\u0119 ich cel\u00f3w statutowych i dzia\u0142alno\u015bci programowej.[\/vc_column_text][vc_column_text]Konkurs przewiduje r\u00f3wnie\u017c wsparcie dla organizacji, kt\u00f3re z powodu braku \u015brodk\u00f3w finansowych nie mog\u0105 uczestniczy\u0107 w wa\u017cnych wydarzeniach \u017cycia publicznego o charakterze ponadlokalnym.[\/vc_column_text][vc_column_text]Warto\u015b\u0107 \u015brodk\u00f3w przeznaczonych na dotacje dla organizacji wynosi 1 800 000 z\u0142.[\/vc_column_text][vc_column_text]Wnioski s\u0105 sk\u0142adane i rozpatrywane poprzez\u00a0<a class=\"red\" href=\"https:\/\/generator.niw.gov.pl\/\">System Obs\u0142ugi Dotacji<\/a>. w trybie ci\u0105g\u0142ym, do wyczerpania \u015brodk\u00f3w przeznaczonych na konkurs.[\/vc_column_text][vc_column_text]Pytania dotycz\u0105ce konkursu mo\u017cna zadawa\u0107 poprzez formularz kontaktowy PROO, poczt\u0105 elektroniczn\u0105 na adres\u00a0<a class=\"red\" href=\"mailto:proo@niw.gov.pl\">proo@niw.gov.pl<\/a>\u00a0oraz pod numerem telefonu <a class=\"red\" href=\"tel:885 221 531\">885 221 531<\/a> w dni robocze, w godzinach 10.00 \u2013 16.00.[\/vc_column_text][\/vc_column][\/vc_row]<\/p>\n","protected":false},"excerpt":{"rendered":"<p>[vc_row][vc_column][vc_custom_heading text=&#8221;Wsparcie dora\u017ane&#8221; font_container=&#8221;tag:h3|text_align:left&#8221; use_theme_fonts=&#8221;yes&#8221;][vc_empty_space][\/vc_column][\/vc_row][vc_row][vc_column][vc_custom_heading text=&#8221;Informacja o zako\u0144czeniu naboru wniosk\u00f3w w ramach Programu Rozwoju Organizacji Obywatelskich na lata 2018-2030 PROO, Priorytet 5. Wsparcie dora\u017ane Edycja 2019&#8243; font_container=&#8221;tag:h4|text_align:left&#8221; use_theme_fonts=&#8221;yes&#8221;][vc_empty_space][vc_column_text]Ze wzgl\u0119du na du\u017ce zainteresowanie i konieczno\u015b\u0107 procedowania um\u00f3w w spos\u00f3b umo\u017cliwiaj\u0105cy Beneficjentom wydatkowanie \u015brodk\u00f3w do 31 grudnia 2019 r. Dyrektor Narodowego Instytutu Wolno\u015bci \u2013 Centrum Rozwoju Spo\u0142ecze\u0144stwa<\/p>\n","protected":false},"author":46,"featured_media":0,"parent":16126,"menu_order":152,"comment_status":"closed","ping_status":"closed","template":"page-templates\/nasze_programy_sub_pages.php","meta":{"_acf_changed":false,"inline_featured_image":false,"footnotes":""},"class_list":["post-16143","page","type-page","status-publish","hentry"],"acf":[],"_links":{"self":[{"href":"https:\/\/niw.gov.pl\/en\/wp-json\/wp\/v2\/pages\/16143","targetHints":{"allow":["GET"]}}],"collection":[{"href":"https:\/\/niw.gov.pl\/en\/wp-json\/wp\/v2\/pages"}],"about":[{"href":"https:\/\/niw.gov.pl\/en\/wp-json\/wp\/v2\/types\/page"}],"author":[{"embeddable":true,"href":"https:\/\/niw.gov.pl\/en\/wp-json\/wp\/v2\/users\/46"}],"replies":[{"embeddable":true,"href":"https:\/\/niw.gov.pl\/en\/wp-json\/wp\/v2\/comments?post=16143"}],"version-history":[{"count":4,"href":"https:\/\/niw.gov.pl\/en\/wp-json\/wp\/v2\/pages\/16143\/revisions"}],"predecessor-version":[{"id":19709,"href":"https:\/\/niw.gov.pl\/en\/wp-json\/wp\/v2\/pages\/16143\/revisions\/19709"}],"up":[{"embeddable":true,"href":"https:\/\/niw.gov.pl\/en\/wp-json\/wp\/v2\/pages\/16126"}],"wp:attachment":[{"href":"https:\/\/niw.gov.pl\/en\/wp-json\/wp\/v2\/media?parent=16143"}],"curies":[{"name":"wp","href":"https:\/\/api.w.org\/{rel}","templated":true}]}}