{"id":16145,"date":"2021-04-22T11:54:16","date_gmt":"2021-04-22T11:54:16","guid":{"rendered":"http:\/\/niw.gov.pl\/nasze-programy\/proo\/dokumenty\/"},"modified":"2021-07-13T06:54:12","modified_gmt":"2021-07-13T06:54:12","slug":"documents","status":"publish","type":"page","link":"https:\/\/niw.gov.pl\/en\/our-programmes\/csodp\/documents\/","title":{"rendered":"Documents"},"content":{"rendered":"<p>[vc_row][vc_column][vc_column_text]This page contains current documents related to the PROO program.<\/p>\n<p>The regulations of the competitions can be found in the drop-down tabs below.[\/vc_column_text][vc_row_inner][vc_column_inner width=&#8221;1\/2&#8243;]<div class=\"row\">\n\t\t\t\t<div class=\"col-lg-12 col-md-12 col-sm-12 media_text\">\n\t\t\t\t\t<div class=\"download_box\">\n\t\t\t\t<div class=\"download_text\">\n\t\t\t\t\t<a href=\"https:\/\/niw.gov.pl\/wp-content\/uploads\/2021\/04\/Uchwala_PROO-2.pdf\" download>Uchwa\u0142a nr 104\/2018 Rady Ministr\u00f3w dotycz\u0105ca Programu Rozwoju Organizacji Obywatelskich [PL]<\/a><\/div><br><br><span><img decoding=\"async\" src=\"https:\/\/niw.gov.pl\/wp-content\/themes\/niw\/images\/PDF.png\" alt=\"PDF.png\"><\/button> 0.35MB<\/span><a href=\"https:\/\/niw.gov.pl\/wp-content\/uploads\/2021\/04\/Uchwala_PROO-2.pdf\" download><button class=\"download_btn\" type=\"button\"> <img decoding=\"async\" src=\"https:\/\/niw.gov.pl\/wp-content\/themes\/niw\/images\/arrow7.png\" alt=\"arrow7.png\"><\/button><\/a> <div class=\"clr\">\n\n<\/div><\/div>\n\t\t\t\t\t<div class=\"download_box\">\n\t\t\t\t<div class=\"download_text\">\n\t\t\t\t\t<a href=\"https:\/\/niw.gov.pl\/wp-content\/uploads\/2021\/04\/PROO_2018_2030-2.pdf\" download>Program Rozwoju Organizacji Obywatelskich na lata 2018-2030 PROO \u2013 za\u0142\u0105cznik do uchwa\u0142y [PL]<\/a><\/div><br><br><span><img decoding=\"async\" src=\"https:\/\/niw.gov.pl\/wp-content\/themes\/niw\/images\/PDF.png\" alt=\"PDF.png\"><\/button> 1.20MB<\/span><a href=\"https:\/\/niw.gov.pl\/wp-content\/uploads\/2021\/04\/PROO_2018_2030-2.pdf\" download><button class=\"download_btn\" type=\"button\"> <img decoding=\"async\" src=\"https:\/\/niw.gov.pl\/wp-content\/themes\/niw\/images\/arrow7.png\" alt=\"arrow7.png\"><\/button><\/a> <div class=\"clr\">\n\n<\/div><\/div><\/div><\/div>[\/vc_column_inner][vc_column_inner width=&#8221;1\/2&#8243;][\/vc_column_inner][\/vc_row_inner][\/vc_column][\/vc_row][vc_row][vc_column][vc_empty_space][vc_separator][vc_empty_space][vc_custom_heading text=&#8221;See documents for priorities&#8221; font_container=&#8221;tag:h3|text_align:left&#8221; use_theme_fonts=&#8221;yes&#8221;][vc_empty_space] <div class=\"row baza\"><div class=\"col-lg-6 col-md-6 col-sm-12\">\r\n  <a href=\"https:\/\/niw.gov.pl\/en\/?post_type=page&p=16396\"><div class=\"documents_box\">\r\n        <div class=\"documents_box_img\"> <img decoding=\"async\" src=\"https:\/\/niw.gov.pl\/wp-content\/uploads\/2021\/04\/img8.jpg\" alt=\"News\" class=\"img-hover-zoom\"><\/div>\r\n        <div class=\"documents_box_text\">News<\/div>\r\n        <div class=\"clr\"><\/div>\r\n      <\/div><\/a><\/div><div class=\"col-lg-6 col-md-6 col-sm-12\">\r\n  <a href=\"https:\/\/niw.gov.pl\/en\/?post_type=page&p=16455\"><div class=\"documents_box\">\r\n        <div class=\"documents_box_img\"> <img decoding=\"async\" src=\"https:\/\/niw.gov.pl\/wp-content\/uploads\/2024\/04\/O-NIW.jpg\" alt=\"About NFI\" class=\"img-hover-zoom\"><\/div>\r\n        <div class=\"documents_box_text\">About NFI<\/div>\r\n        <div class=\"clr\"><\/div>\r\n      <\/div><\/a><\/div><div class=\"col-lg-6 col-md-6 col-sm-12\">\r\n  <a href=\"https:\/\/niw.gov.pl\/en\/?post_type=page&p=16091\"><div class=\"documents_box\">\r\n        <div class=\"documents_box_img\"> <img decoding=\"async\" src=\"https:\/\/niw.gov.pl\/wp-content\/uploads\/2021\/04\/img29.jpg\" alt=\"Our Programmes\" class=\"img-hover-zoom\"><\/div>\r\n        <div class=\"documents_box_text\">Our Programmes<\/div>\r\n        <div class=\"clr\"><\/div>\r\n      <\/div><\/a><\/div><div class=\"col-lg-6 col-md-6 col-sm-12\">\r\n  <a href=\"https:\/\/niw.gov.pl\/en\/?post_type=page&p=16519\"><div class=\"documents_box\">\r\n        <div class=\"documents_box_img\"> <img decoding=\"async\" src=\"https:\/\/niw.gov.pl\/wp-content\/uploads\/2021\/04\/OPP-header.png\" alt=\"PBO\" class=\"img-hover-zoom\"><\/div>\r\n        <div class=\"documents_box_text\">PBO<\/div>\r\n        <div class=\"clr\"><\/div>\r\n      <\/div><\/a><\/div><div class=\"col-lg-6 col-md-6 col-sm-12\">\r\n  <a href=\"https:\/\/niw.gov.pl\/en\/?post_type=page&p=16385\"><div class=\"documents_box\">\r\n        <div class=\"documents_box_img\"> <img decoding=\"async\" src=\"https:\/\/niw.gov.pl\/wp-content\/uploads\/2021\/04\/img33.jpg\" alt=\"NFI Academy\" class=\"img-hover-zoom\"><\/div>\r\n        <div class=\"documents_box_text\">NFI Academy<\/div>\r\n        <div class=\"clr\"><\/div>\r\n      <\/div><\/a><\/div><div class=\"col-lg-6 col-md-6 col-sm-12\">\r\n  <a href=\"https:\/\/niw.gov.pl\/en\/?post_type=page&p=16451\"><div class=\"documents_box\">\r\n        <div class=\"documents_box_img\"> <img decoding=\"async\" src=\"https:\/\/niw.gov.pl\/wp-content\/uploads\/2021\/07\/kontakt230.png\" alt=\"Contact\" class=\"img-hover-zoom\"><\/div>\r\n        <div class=\"documents_box_text\">Contact<\/div>\r\n        <div class=\"clr\"><\/div>\r\n      <\/div><\/a><\/div><div class=\"col-lg-6 col-md-6 col-sm-12\">\r\n  <a href=\"https:\/\/niw.gov.pl\/en\/?post_type=page&p=16399\"><div class=\"documents_box\">\r\n        <div class=\"documents_box_img\"> <img decoding=\"async\" src=\"https:\/\/niw.gov.pl\/wp-content\/uploads\/2021\/07\/bazawiedzy230-ksiazki.png\" alt=\"Knowledge Base\" class=\"img-hover-zoom\"><\/div>\r\n        <div class=\"documents_box_text\">Knowledge Base<\/div>\r\n        <div class=\"clr\"><\/div>\r\n      <\/div><\/a><\/div><div class=\"col-lg-6 col-md-6 col-sm-12\">\r\n  <a href=\"https:\/\/niw.gov.pl\/en\/?post_type=page&p=16569\"><div class=\"documents_box\">\r\n        <div class=\"documents_box_img\"> <img decoding=\"async\" src=\"https:\/\/niw.gov.pl\/wp-content\/uploads\/2021\/04\/event_banner.jpg\" alt=\"Events\" class=\"img-hover-zoom\"><\/div>\r\n        <div class=\"documents_box_text\">Events<\/div>\r\n        <div class=\"clr\"><\/div>\r\n      <\/div><\/a><\/div> <\/div>[\/vc_column][\/vc_row]<\/p>\n","protected":false},"excerpt":{"rendered":"<p>[vc_row][vc_column][vc_column_text]This page contains current documents related to the PROO program. The regulations of the competitions can be found in the drop-down tabs below.[\/vc_column_text][vc_row_inner][vc_column_inner width=&#8221;1\/2&#8243;][\/vc_column_inner][vc_column_inner width=&#8221;1\/2&#8243;][\/vc_column_inner][\/vc_row_inner][\/vc_column][\/vc_row][vc_row][vc_column][vc_empty_space][vc_separator][vc_empty_space][vc_custom_heading text=&#8221;See documents for priorities&#8221; font_container=&#8221;tag:h3|text_align:left&#8221; use_theme_fonts=&#8221;yes&#8221;][vc_empty_space][\/vc_column][\/vc_row]<\/p>\n","protected":false},"author":46,"featured_media":0,"parent":16094,"menu_order":50,"comment_status":"closed","ping_status":"closed","template":"page-templates\/nasze_programy_sub_pages.php","meta":{"_acf_changed":false,"inline_featured_image":false,"footnotes":""},"class_list":["post-16145","page","type-page","status-publish","hentry"],"acf":[],"_links":{"self":[{"href":"https:\/\/niw.gov.pl\/en\/wp-json\/wp\/v2\/pages\/16145","targetHints":{"allow":["GET"]}}],"collection":[{"href":"https:\/\/niw.gov.pl\/en\/wp-json\/wp\/v2\/pages"}],"about":[{"href":"https:\/\/niw.gov.pl\/en\/wp-json\/wp\/v2\/types\/page"}],"author":[{"embeddable":true,"href":"https:\/\/niw.gov.pl\/en\/wp-json\/wp\/v2\/users\/46"}],"replies":[{"embeddable":true,"href":"https:\/\/niw.gov.pl\/en\/wp-json\/wp\/v2\/comments?post=16145"}],"version-history":[{"count":4,"href":"https:\/\/niw.gov.pl\/en\/wp-json\/wp\/v2\/pages\/16145\/revisions"}],"predecessor-version":[{"id":18378,"href":"https:\/\/niw.gov.pl\/en\/wp-json\/wp\/v2\/pages\/16145\/revisions\/18378"}],"up":[{"embeddable":true,"href":"https:\/\/niw.gov.pl\/en\/wp-json\/wp\/v2\/pages\/16094"}],"wp:attachment":[{"href":"https:\/\/niw.gov.pl\/en\/wp-json\/wp\/v2\/media?parent=16145"}],"curies":[{"name":"wp","href":"https:\/\/api.w.org\/{rel}","templated":true}]}}