{"id":16161,"date":"2021-04-23T14:01:06","date_gmt":"2021-04-23T14:01:06","guid":{"rendered":"http:\/\/niw.gov.pl\/nasze-programy\/proo\/konsultacje-publiczne\/konsultacje-regulaminow-konkursu-proo-edycja-2021-zakonczone\/"},"modified":"2021-12-15T11:27:45","modified_gmt":"2021-12-15T10:27:45","slug":"konsultacje-regulaminow-konkursu-proo-edycja-2021-zakonczone","status":"publish","type":"page","link":"https:\/\/niw.gov.pl\/en\/our-programmes\/csodp\/public-consultations\/konsultacje-regulaminow-konkursu-proo-edycja-2021-zakonczone\/","title":{"rendered":"Konsultacje Regulamin\u00f3w konkursu PROO edycja 2021 (zako\u0144czone)"},"content":{"rendered":"<p>[vc_row][vc_column width=&#8221;1\/2&#8243;]<div class=\"row\">\n\t\t\t\t<div class=\"col-lg-12 col-md-12 col-sm-12 media_text\">\n\t\t\t\t\t<div class=\"download_box\">\n\t\t\t\t<div class=\"download_text\">\n\t\t\t\t\t<a href=\"https:\/\/niw.gov.pl\/wp-content\/uploads\/2021\/04\/Zestawienie-uwag-2021-PROO.xlsx\" download>Podsumowanie i zestawienie uwag z konsultacji spo\u0142ecznych Regulamin\u00f3w PROO<\/a><\/div><br><br><span><img decoding=\"async\" src=\"https:\/\/niw.gov.pl\/wp-content\/themes\/niw\/images\/XLS.png\" alt=\"XLS.png\"><\/button> 0.03MB<\/span><a href=\"https:\/\/niw.gov.pl\/wp-content\/uploads\/2021\/04\/Zestawienie-uwag-2021-PROO.xlsx\" download><button class=\"download_btn\" type=\"button\"> <img decoding=\"async\" src=\"https:\/\/niw.gov.pl\/wp-content\/themes\/niw\/images\/arrow7.png\" alt=\"arrow7.png\"><\/button><\/a> <div class=\"clr\">\n\n<\/div><\/div><\/div><\/div>[\/vc_column][vc_column width=&#8221;1\/2&#8243;][\/vc_column][\/vc_row][vc_row][vc_column][vc_separator][vc_column_text]Dyrektor Narodowego Instytutu Wolno\u015bci \u2013 Centrum Rozwoju Spo\u0142ecze\u0144stwa Obywatelskiego zaprasza wszystkie zainteresowane osoby, organizacje i instytucje do wyra\u017cenia swoich opinii na temat projekt\u00f3w Regulamin\u00f3w konkurs\u00f3w na rok 2021 w ramach Rz\u0105dowego Programu Rozwoju Organizacji Obywatelskich na lata 2018-2030 Priorytety 1a, 1b, 2a, 3, 4, 5. W trosce o to, aby ostateczny kszta\u0142t Regulamin\u00f3w mo\u017cliwie najpe\u0142niej odpowiada\u0142 na potrzeby i oczekiwania sektora pozarz\u0105dowego zapraszamy do uczestnictwa w konsultacjach spo\u0142ecznych.[\/vc_column_text][vc_column_text]Zach\u0119camy do zaopiniowania zmian w Regulaminach, w szczeg\u00f3lno\u015bci:[\/vc_column_text][\/vc_column][\/vc_row][vc_row][vc_column][vc_column_text]<\/p>\n<h3>Priorytet 1a<\/h3>\n<p>[\/vc_column_text][vc_column_text el_class=&#8221;subpage&#8221;]<\/p>\n<ul>\n<li>Dodania obowi\u0105zku zachowania trwa\u0142o\u015bci rezultat\u00f3w.<\/li>\n<li>Usuni\u0119cia mo\u017cliwo\u015bci sk\u0142adania wniosk\u00f3w przez podmioty (oddzia\u0142y terenowe) nieposiadaj\u0105ce osobowo\u015bci prawnej.<\/li>\n<li>Wprowadzenia do regulaminu zasad post\u0119powania w przypadku \u015brodk\u00f3w uwolnionych.<\/li>\n<\/ul>\n<p>[\/vc_column_text][\/vc_column][\/vc_row][vc_row][vc_column][vc_column_text]<\/p>\n<h3>Priorytet 1b<\/h3>\n<p>[\/vc_column_text][vc_column_text el_class=&#8221;subpage&#8221;]<\/p>\n<ul>\n<li>Ograniczenia liczby projekt\u00f3w mi\u0119dzynarodowych, w ramach kt\u00f3rych wnioskowane jest otrzymanie dotacji na wk\u0142ad w\u0142asny w jednym wniosku.<\/li>\n<li>Usuni\u0119cia procedury udzielania promes.<\/li>\n<li>Dodania jako za\u0142\u0105cznika do sprawozdania \u2013 zatwierdzonych sprawozda\u0144 z projektu, w ramach kt\u00f3rego udzielana jest dotacja na wk\u0142ad w\u0142asny.<\/li>\n<\/ul>\n<p>[\/vc_column_text][\/vc_column][\/vc_row][vc_row][vc_column][vc_column_text]<\/p>\n<h3>Priorytet 2a<\/h3>\n<p>[\/vc_column_text][vc_column_text el_class=&#8221;subpage&#8221;]<\/p>\n<ul>\n<li>Zmiany w zakresie terminu realizacji obowi\u0105zku opracowania programu utworzenia i budowania kapita\u0142u \u017celaznego przez Beneficjenta.<\/li>\n<li>Uzupe\u0142nienia dzia\u0142a\u0144 mo\u017cliwych do zrealizowania o: udzia\u0142 w wydarzeniach krajowych i mi\u0119dzynarodowych kt\u00f3rych tematyka zwi\u0105zana jest z procesem przygotowania do budowania kapita\u0142\u00f3w \u017celaznych; oraz przeprowadzenie wizyt studyjnych w organizacjach maj\u0105cych do\u015bwiadczenie w procesie przygotowania do budowania kapita\u0142\u00f3w \u017celaznych.<\/li>\n<li>Wprowadzenie do regulaminu zasad post\u0119powania w przypadku \u015brodk\u00f3w uwolnionych.<\/li>\n<li>Zmiany w zakresie terminu realizacji obowi\u0105zku opracowania programu utworzenia i budowania kapita\u0142u \u017celaznego przez Beneficjenta.<\/li>\n<\/ul>\n<p>[\/vc_column_text][\/vc_column][\/vc_row][vc_row][vc_column][vc_column_text]<\/p>\n<h3>Priorytet 3 i Priorytet 4<\/h3>\n<p>[\/vc_column_text][vc_column_text el_class=&#8221;subpage&#8221;]<\/p>\n<ul>\n<li>Usuni\u0119cia mo\u017cliwo\u015bci sk\u0142adania wniosk\u00f3w przez podmioty (oddzia\u0142y terenowe) nieposiadaj\u0105ce osobowo\u015bci prawnej.<\/li>\n<li>Wprowadzenia do regulaminu zasad post\u0119powania w przypadku \u015brodk\u00f3w uwolnionych.<\/li>\n<li>Dodanie obowi\u0105zku zachowania trwa\u0142o\u015bci rezultat\u00f3w.<\/li>\n<\/ul>\n<p>[\/vc_column_text][\/vc_column][\/vc_row][vc_row][vc_column][vc_column_text]<\/p>\n<h3>Priorytet 5<\/h3>\n<p>[\/vc_column_text][vc_column_text el_class=&#8221;subpage&#8221;]<\/p>\n<ul>\n<li>Dodania pola we wniosku, w ramach kt\u00f3rego Wnioskodawca b\u0119dzie mia\u0142 mo\u017cliwo\u015b\u0107 przedstawienia informacji potwierdzaj\u0105cych wyst\u0105pienie sytuacji kryzysowej.<\/li>\n<li>Dodania do koszt\u00f3w kwalifikowalnych informacji o mo\u017cliwo\u015bci ubezpieczenia zakupionego sprz\u0119tu.<\/li>\n<li>Wykluczenia mo\u017cliwo\u015bci zakupu sprz\u0119tu i wyposa\u017cenia jednostek ochrony przeciwpo\u017carowej mo\u017cliwych do sfinansowania na podstawie przepis\u00f3w art. 32 ust. 2, 3, 3b ustawy o ochronie przeciwpo\u017carowej (Dz.U. 2020 poz. 961).<\/li>\n<li>Uelastycznienia rozwi\u0105zania zwi\u0105zanego z rozliczaniem p\u0142atno\u015bci w obcych walutach.<\/li>\n<\/ul>\n<p>[\/vc_column_text][\/vc_column][\/vc_row][vc_row][vc_column][vc_column_text]Zach\u0119camy do zg\u0142aszania uwag i propozycji na adres PROO@niw.gov.pl, do<br \/>\n<strong>dnia 12 stycznia 2021 r.<\/strong>\u00a0na formularzu, kt\u00f3ry mo\u017cna pobra\u0107 poni\u017cej. Nast\u0119pnie Narodowy Instytut Wolno\u015bci \u2013 Centrum Rozwoju Spo\u0142ecze\u0144stwa Obywatelskiego sporz\u0105dzi zestawienie uwag i przedstawi je Komitetowi Steruj\u0105co-Monitoruj\u0105cemu PROO.[\/vc_column_text][vc_separator][\/vc_column][\/vc_row][vc_row][vc_column][vc_custom_heading text=&#8221;Do pobrania&#8221; font_container=&#8221;tag:h3|text_align:left&#8221; use_theme_fonts=&#8221;yes&#8221;][vc_empty_space][vc_row_inner][vc_column_inner width=&#8221;1\/2&#8243;]<div class=\"row\">\n\t\t\t\t<div class=\"col-lg-12 col-md-12 col-sm-12 media_text\">\n\t\t\t\t\t<div class=\"download_box\">\n\t\t\t\t<div class=\"download_text\">\n\t\t\t\t\t<a href=\"https:\/\/niw.gov.pl\/wp-content\/uploads\/2021\/04\/PROO_1a_Regulamin-2021-KONSULTACJE-SPOLECZNE.pdf\" download>Regulamin konkursu Priorytet 1a edycja 2021 Programu Rozwoju Organizacji Obywatelskich na lata 2018-2030<\/a><\/div><br><br><span><img decoding=\"async\" src=\"https:\/\/niw.gov.pl\/wp-content\/themes\/niw\/images\/PDF.png\" alt=\"PDF.png\"><\/button> 1.30MB<\/span><a href=\"https:\/\/niw.gov.pl\/wp-content\/uploads\/2021\/04\/PROO_1a_Regulamin-2021-KONSULTACJE-SPOLECZNE.pdf\" download><button class=\"download_btn\" type=\"button\"> <img decoding=\"async\" src=\"https:\/\/niw.gov.pl\/wp-content\/themes\/niw\/images\/arrow7.png\" alt=\"arrow7.png\"><\/button><\/a> <div class=\"clr\">\n\n<\/div><\/div><\/div><\/div><div class=\"row\">\n\t\t\t\t<div class=\"col-lg-12 col-md-12 col-sm-12 media_text\">\n\t\t\t\t\t<div class=\"download_box\">\n\t\t\t\t<div class=\"download_text\">\n\t\t\t\t\t<a href=\"https:\/\/niw.gov.pl\/wp-content\/uploads\/2021\/04\/PROO_2a_Regulamin-2021-KONSULTACJE-SPOLECZNE.pdf\" download>Regulamin konkursu Priorytet 2a edycja 2021 Programu Rozwoju Organizacji Obywatelskich na lata 2018-2030<\/a><\/div><br><br><span><img decoding=\"async\" src=\"https:\/\/niw.gov.pl\/wp-content\/themes\/niw\/images\/PDF.png\" alt=\"PDF.png\"><\/button> 1.21MB<\/span><a href=\"https:\/\/niw.gov.pl\/wp-content\/uploads\/2021\/04\/PROO_2a_Regulamin-2021-KONSULTACJE-SPOLECZNE.pdf\" download><button class=\"download_btn\" type=\"button\"> <img decoding=\"async\" src=\"https:\/\/niw.gov.pl\/wp-content\/themes\/niw\/images\/arrow7.png\" alt=\"arrow7.png\"><\/button><\/a> <div class=\"clr\">\n\n<\/div><\/div><\/div><\/div><div class=\"row\">\n\t\t\t\t<div class=\"col-lg-12 col-md-12 col-sm-12 media_text\">\n\t\t\t\t\t<div class=\"download_box\">\n\t\t\t\t<div class=\"download_text\">\n\t\t\t\t\t<a href=\"https:\/\/niw.gov.pl\/wp-content\/uploads\/2021\/04\/PROO_4_Regulamin_2021-KONSULTACJE-SPOLECZNE.pdf\" download>Regulamin konkursu Priorytet 4 edycja 2021 Programu Rozwoju Organizacji Obywatelskich na lata 2018-2030<\/a><\/div><br><br><span><img decoding=\"async\" src=\"https:\/\/niw.gov.pl\/wp-content\/themes\/niw\/images\/PDF.png\" alt=\"PDF.png\"><\/button> 1.75MB<\/span><a href=\"https:\/\/niw.gov.pl\/wp-content\/uploads\/2021\/04\/PROO_4_Regulamin_2021-KONSULTACJE-SPOLECZNE.pdf\" download><button class=\"download_btn\" type=\"button\"> <img decoding=\"async\" src=\"https:\/\/niw.gov.pl\/wp-content\/themes\/niw\/images\/arrow7.png\" alt=\"arrow7.png\"><\/button><\/a> <div class=\"clr\">\n\n<\/div><\/div><\/div><\/div><div class=\"row\">\n\t\t\t\t<div class=\"col-lg-12 col-md-12 col-sm-12 media_text\">\n\t\t\t\t\t<div class=\"download_box\">\n\t\t\t\t<div class=\"download_text\">\n\t\t\t\t\t<a href=\"https:\/\/niw.gov.pl\/wp-content\/uploads\/2021\/04\/Formularz-konsultacyjny-PROO-2021.docx\" download>Formularz konsultacyjny<\/a><\/div><br><br><span><img decoding=\"async\" src=\"https:\/\/niw.gov.pl\/wp-content\/themes\/niw\/images\/DOC.png\" alt=\"DOC.png\"><\/button> 1.11MB<\/span><a href=\"https:\/\/niw.gov.pl\/wp-content\/uploads\/2021\/04\/Formularz-konsultacyjny-PROO-2021.docx\" download><button class=\"download_btn\" type=\"button\"> <img decoding=\"async\" src=\"https:\/\/niw.gov.pl\/wp-content\/themes\/niw\/images\/arrow7.png\" alt=\"arrow7.png\"><\/button><\/a> <div class=\"clr\">\n\n<\/div><\/div><\/div><\/div>[\/vc_column_inner][vc_column_inner width=&#8221;1\/2&#8243;]<div class=\"row\">\n\t\t\t\t<div class=\"col-lg-12 col-md-12 col-sm-12 media_text\">\n\t\t\t\t\t<div class=\"download_box\">\n\t\t\t\t<div class=\"download_text\">\n\t\t\t\t\t<a href=\"https:\/\/niw.gov.pl\/wp-content\/uploads\/2021\/04\/PROO_1b_Regulamin_2021-KONSULTACJE-SPOLECZNE.pdf\" download>Regulamin konkursu Priorytet 1b edycja 2021 Programu Rozwoju Organizacji Obywatelskich na lata 2018-2030<\/a><\/div><br><br><span><img decoding=\"async\" src=\"https:\/\/niw.gov.pl\/wp-content\/themes\/niw\/images\/PDF.png\" alt=\"PDF.png\"><\/button> 1.51MB<\/span><a href=\"https:\/\/niw.gov.pl\/wp-content\/uploads\/2021\/04\/PROO_1b_Regulamin_2021-KONSULTACJE-SPOLECZNE.pdf\" download><button class=\"download_btn\" type=\"button\"> <img decoding=\"async\" src=\"https:\/\/niw.gov.pl\/wp-content\/themes\/niw\/images\/arrow7.png\" alt=\"arrow7.png\"><\/button><\/a> <div class=\"clr\">\n\n<\/div><\/div><\/div><\/div><div class=\"row\">\n\t\t\t\t<div class=\"col-lg-12 col-md-12 col-sm-12 media_text\">\n\t\t\t\t\t<div class=\"download_box\">\n\t\t\t\t<div class=\"download_text\">\n\t\t\t\t\t<a href=\"https:\/\/niw.gov.pl\/wp-content\/uploads\/2021\/04\/PROO_3_Regulamin_2021-KONSULTACJE-SPOLECZNE.pdf\" download>Regulamin konkursu Priorytet 3 edycja 2021 Programu Rozwoju Organizacji Obywatelskich na lata 2018-2030<\/a><\/div><br><br><span><img decoding=\"async\" src=\"https:\/\/niw.gov.pl\/wp-content\/themes\/niw\/images\/PDF.png\" alt=\"PDF.png\"><\/button> 1.63MB<\/span><a href=\"https:\/\/niw.gov.pl\/wp-content\/uploads\/2021\/04\/PROO_3_Regulamin_2021-KONSULTACJE-SPOLECZNE.pdf\" download><button class=\"download_btn\" type=\"button\"> <img decoding=\"async\" src=\"https:\/\/niw.gov.pl\/wp-content\/themes\/niw\/images\/arrow7.png\" alt=\"arrow7.png\"><\/button><\/a> <div class=\"clr\">\n\n<\/div><\/div><\/div><\/div><div class=\"row\">\n\t\t\t\t<div class=\"col-lg-12 col-md-12 col-sm-12 media_text\">\n\t\t\t\t\t<div class=\"download_box\">\n\t\t\t\t<div class=\"download_text\">\n\t\t\t\t\t<a href=\"https:\/\/niw.gov.pl\/wp-content\/uploads\/2021\/04\/PROO_5_Regulamin_2021-KONSULTACJE-SPOLECZNE.pdf\" download>Regulamin konkursu Priorytet 5 edycja 2021 Programu Rozwoju Organizacji Obywatelskich na lata 2018-2030<\/a><\/div><br><br><span><img decoding=\"async\" src=\"https:\/\/niw.gov.pl\/wp-content\/themes\/niw\/images\/PDF.png\" alt=\"PDF.png\"><\/button> 1.49MB<\/span><a href=\"https:\/\/niw.gov.pl\/wp-content\/uploads\/2021\/04\/PROO_5_Regulamin_2021-KONSULTACJE-SPOLECZNE.pdf\" download><button class=\"download_btn\" type=\"button\"> <img decoding=\"async\" src=\"https:\/\/niw.gov.pl\/wp-content\/themes\/niw\/images\/arrow7.png\" alt=\"arrow7.png\"><\/button><\/a> <div class=\"clr\">\n\n<\/div><\/div><\/div><\/div>[\/vc_column_inner][\/vc_row_inner][\/vc_column][\/vc_row]<\/p>\n","protected":false},"excerpt":{"rendered":"<p>[vc_row][vc_column width=&#8221;1\/2&#8243;][\/vc_column][vc_column width=&#8221;1\/2&#8243;][\/vc_column][\/vc_row][vc_row][vc_column][vc_separator][vc_column_text]Dyrektor Narodowego Instytutu Wolno\u015bci \u2013 Centrum Rozwoju Spo\u0142ecze\u0144stwa Obywatelskiego zaprasza wszystkie zainteresowane osoby, organizacje i instytucje do wyra\u017cenia swoich opinii na temat projekt\u00f3w Regulamin\u00f3w konkurs\u00f3w na rok 2021 w ramach Rz\u0105dowego Programu Rozwoju Organizacji Obywatelskich na lata 2018-2030 Priorytety 1a, 1b, 2a, 3, 4, 5. W trosce o to, aby ostateczny kszta\u0142t Regulamin\u00f3w<\/p>\n","protected":false},"author":46,"featured_media":0,"parent":16159,"menu_order":76,"comment_status":"closed","ping_status":"closed","template":"page-templates\/nasze_programy_sub_pages.php","meta":{"_acf_changed":false,"inline_featured_image":false,"footnotes":""},"class_list":["post-16161","page","type-page","status-publish","hentry"],"acf":[],"_links":{"self":[{"href":"https:\/\/niw.gov.pl\/en\/wp-json\/wp\/v2\/pages\/16161","targetHints":{"allow":["GET"]}}],"collection":[{"href":"https:\/\/niw.gov.pl\/en\/wp-json\/wp\/v2\/pages"}],"about":[{"href":"https:\/\/niw.gov.pl\/en\/wp-json\/wp\/v2\/types\/page"}],"author":[{"embeddable":true,"href":"https:\/\/niw.gov.pl\/en\/wp-json\/wp\/v2\/users\/46"}],"replies":[{"embeddable":true,"href":"https:\/\/niw.gov.pl\/en\/wp-json\/wp\/v2\/comments?post=16161"}],"version-history":[{"count":3,"href":"https:\/\/niw.gov.pl\/en\/wp-json\/wp\/v2\/pages\/16161\/revisions"}],"predecessor-version":[{"id":24118,"href":"https:\/\/niw.gov.pl\/en\/wp-json\/wp\/v2\/pages\/16161\/revisions\/24118"}],"up":[{"embeddable":true,"href":"https:\/\/niw.gov.pl\/en\/wp-json\/wp\/v2\/pages\/16159"}],"wp:attachment":[{"href":"https:\/\/niw.gov.pl\/en\/wp-json\/wp\/v2\/media?parent=16161"}],"curies":[{"name":"wp","href":"https:\/\/api.w.org\/{rel}","templated":true}]}}