{"id":16163,"date":"2021-04-26T08:47:41","date_gmt":"2021-04-26T08:47:41","guid":{"rendered":"http:\/\/niw.gov.pl\/nasze-programy\/proo\/konsultacje-publiczne\/priorytet-1a-konsultacje-regulaminu-konkursu-edycja-2020-zakonczone\/"},"modified":"2021-12-15T11:29:09","modified_gmt":"2021-12-15T10:29:09","slug":"priorytet-1a-konsultacje-regulaminu-konkursu-edycja-2020-zakonczone","status":"publish","type":"page","link":"https:\/\/niw.gov.pl\/en\/our-programmes\/csodp\/public-consultations\/priorytet-1a-konsultacje-regulaminu-konkursu-edycja-2020-zakonczone\/","title":{"rendered":"Priorytet 1a \u2013 konsultacje Regulaminu konkursu Edycja 2020 (zako\u0144czone)"},"content":{"rendered":"<p>[vc_row][vc_column width=&#8221;1\/2&#8243;]<div class=\"row\">\n\t\t\t\t<div class=\"col-lg-12 col-md-12 col-sm-12 media_text\">\n\t\t\t\t\t<div class=\"download_box\">\n\t\t\t\t<div class=\"download_text\">\n\t\t\t\t\t<a href=\"https:\/\/niw.gov.pl\/wp-content\/uploads\/2021\/04\/PROO_1a_Raport_z_konsultacji_publicznych.pdf\" download>Raport z konsultacji publicznych Regulaminu Konkursu Priorytet 1a Wsparcie dzia\u0142a\u0144 misyjnych i rozwoju instytucjonalnego \u2013 Edycja 2020<\/a><\/div><br><br><span><img decoding=\"async\" src=\"https:\/\/niw.gov.pl\/wp-content\/themes\/niw\/images\/PDF.png\" alt=\"PDF.png\"><\/button> 0.80MB<\/span><a href=\"https:\/\/niw.gov.pl\/wp-content\/uploads\/2021\/04\/PROO_1a_Raport_z_konsultacji_publicznych.pdf\" download><button class=\"download_btn\" type=\"button\"> <img decoding=\"async\" src=\"https:\/\/niw.gov.pl\/wp-content\/themes\/niw\/images\/arrow7.png\" alt=\"arrow7.png\"><\/button><\/a> <div class=\"clr\">\n\n<\/div><\/div><\/div><\/div>[\/vc_column][vc_column width=&#8221;1\/2&#8243;][\/vc_column][\/vc_row][vc_row][vc_column][vc_separator][\/vc_column][\/vc_row][vc_row][vc_column][vc_column_text]Zach\u0119camy wszystkie zainteresowane osoby, organizacje i instytucje do wyra\u017cenia swoich opinii na temat projektu\u00a0<em>Regulaminu konkursu Rz\u0105dowego Programu Rozwoju Organizacji Obywatelskich, Priorytet 1a Wsparcie dzia\u0142a\u0144 misyjnych i rozwoju instytucjonalnego \u2013 Edycja 2020. <\/em>W trosce o to, aby ostateczny kszta\u0142t Regulaminu jak najpe\u0142niej odpowiada\u0142 na potrzeby i oczekiwania sektora pozarz\u0105dowego, zapraszamy ka\u017cdego do zabrania g\u0142osu![\/vc_column_text][vc_column_text]Przygotowane przez nas propozycje zmian maj\u0105 na celu uszczeg\u00f3\u0142owienie zapis\u00f3w i zwi\u0119kszenie przejrzysto\u015bci. Dotycz\u0105 one m.in.:[\/vc_column_text][vc_column_text el_class=&#8221;subpage&#8221;]<\/p>\n<ul>\n<li>Rozszerzenia podmiot\u00f3w uprawnionych do udzia\u0142u w konkursie o ko\u0142a gospody\u0144 wiejskich;<\/li>\n<li>Doprecyzowania zapis\u00f3w dotycz\u0105cych podmiot\u00f3w wykluczonych do udzia\u0142u w konkursie;<\/li>\n<li>Zwi\u0119kszenia skali ocen do 100 punkt\u00f3w dla wniosku pe\u0142nego, 50 punkt\u00f3w dla wniosku wst\u0119pnego, z zachowaniem wagi poszczeg\u00f3lnych kryteri\u00f3w;<\/li>\n<li>Konsolidacji kart ocen ekspert\u00f3w.<\/li>\n<\/ul>\n<p>[\/vc_column_text][vc_column_text]Projekt Regulaminu (podobnie jak w Edycji 2019) zak\u0142ada, \u017ce wnioski sk\u0142adane b\u0119d\u0105 za po\u015brednictwem Generatora Wniosk\u00f3w, w trybie dwuetapowym (wnioski wst\u0119pne i pe\u0142ne). Dotacja b\u0119dzie rozliczana przez rezultaty. Rozliczenie dotacji b\u0119dzie wymaga\u0142o osi\u0105gni\u0119cia zak\u0142adanych rezultat\u00f3w na poziomie co najmniej 80%.[\/vc_column_text][vc_column_text]Zach\u0119camy do zg\u0142aszania uwag i propozycji na adres:\u00a0<a class=\"red\" href=\"mailto:proo@niw.gov.pl\">proo@niw.gov.pl<\/a>\u00a0do\u00a0<strong>dnia 22 pa\u017adziernika 2019 r.<\/strong>\u00a0na formularzu, kt\u00f3ry mo\u017cna pobra\u0107 poni\u017cej:[\/vc_column_text][vc_row_inner][vc_column_inner width=&#8221;1\/2&#8243;]<div class=\"row\">\n\t\t\t\t<div class=\"col-lg-12 col-md-12 col-sm-12 media_text\">\n\t\t\t\t\t<div class=\"download_box\">\n\t\t\t\t<div class=\"download_text\">\n\t\t\t\t\t<a href=\"https:\/\/niw.gov.pl\/wp-content\/uploads\/2021\/04\/Formularz-konsultacyjny-PROO_1a_2020.doc\" download>Formularz konsultacyjny PROO_1a_2020<\/a><\/div><br><br><span><img decoding=\"async\" src=\"https:\/\/niw.gov.pl\/wp-content\/themes\/niw\/images\/DOC.png\" alt=\"DOC.png\"><\/button> 0.04MB<\/span><a href=\"https:\/\/niw.gov.pl\/wp-content\/uploads\/2021\/04\/Formularz-konsultacyjny-PROO_1a_2020.doc\" download><button class=\"download_btn\" type=\"button\"> <img decoding=\"async\" src=\"https:\/\/niw.gov.pl\/wp-content\/themes\/niw\/images\/arrow7.png\" alt=\"arrow7.png\"><\/button><\/a> <div class=\"clr\">\n\n<\/div><\/div><\/div><\/div><div class=\"row\">\n\t\t\t\t<div class=\"col-lg-12 col-md-12 col-sm-12 media_text\">\n\t\t\t\t\t<div class=\"download_box\">\n\t\t\t\t<div class=\"download_text\">\n\t\t\t\t\t<a href=\"https:\/\/niw.gov.pl\/wp-content\/uploads\/2021\/04\/PROO_1a_Wniosek_wstepny_2020.pdf\" download>PROO_1a_Wniosek_wst\u0119pny_2020<\/a><\/div><br><br><span><img decoding=\"async\" src=\"https:\/\/niw.gov.pl\/wp-content\/themes\/niw\/images\/PDF.png\" alt=\"PDF.png\"><\/button> 0.94MB<\/span><a href=\"https:\/\/niw.gov.pl\/wp-content\/uploads\/2021\/04\/PROO_1a_Wniosek_wstepny_2020.pdf\" download><button class=\"download_btn\" type=\"button\"> <img decoding=\"async\" src=\"https:\/\/niw.gov.pl\/wp-content\/themes\/niw\/images\/arrow7.png\" alt=\"arrow7.png\"><\/button><\/a> <div class=\"clr\">\n\n<\/div><\/div><\/div><\/div><div class=\"row\">\n\t\t\t\t<div class=\"col-lg-12 col-md-12 col-sm-12 media_text\">\n\t\t\t\t\t<div class=\"download_box\">\n\t\t\t\t<div class=\"download_text\">\n\t\t\t\t\t<a href=\"https:\/\/niw.gov.pl\/wp-content\/uploads\/2021\/04\/PROO_1a_Wzor-umowy.pdf\" download>PROO_1a_Wz\u00f3r umowy<\/a><\/div><br><br><span><img decoding=\"async\" src=\"https:\/\/niw.gov.pl\/wp-content\/themes\/niw\/images\/PDF.png\" alt=\"PDF.png\"><\/button> 0.75MB<\/span><a href=\"https:\/\/niw.gov.pl\/wp-content\/uploads\/2021\/04\/PROO_1a_Wzor-umowy.pdf\" download><button class=\"download_btn\" type=\"button\"> <img decoding=\"async\" src=\"https:\/\/niw.gov.pl\/wp-content\/themes\/niw\/images\/arrow7.png\" alt=\"arrow7.png\"><\/button><\/a> <div class=\"clr\">\n\n<\/div><\/div><\/div><\/div><div class=\"row\">\n\t\t\t\t<div class=\"col-lg-12 col-md-12 col-sm-12 media_text\">\n\t\t\t\t\t<div class=\"download_box\">\n\t\t\t\t<div class=\"download_text\">\n\t\t\t\t\t<a href=\"https:\/\/niw.gov.pl\/wp-content\/uploads\/2021\/04\/PROO_1a_Wzor_karty_oceny_merytorycznej_wniosek_wstepny_2020.pdf\" download>PROO_1a_Wz\u00f3r_karty_oceny_merytorycznej_wniosek_wst\u0119pny_2020<\/a><\/div><br><br><span><img decoding=\"async\" src=\"https:\/\/niw.gov.pl\/wp-content\/themes\/niw\/images\/PDF.png\" alt=\"PDF.png\"><\/button> 0.85MB<\/span><a href=\"https:\/\/niw.gov.pl\/wp-content\/uploads\/2021\/04\/PROO_1a_Wzor_karty_oceny_merytorycznej_wniosek_wstepny_2020.pdf\" download><button class=\"download_btn\" type=\"button\"> <img decoding=\"async\" src=\"https:\/\/niw.gov.pl\/wp-content\/themes\/niw\/images\/arrow7.png\" alt=\"arrow7.png\"><\/button><\/a> <div class=\"clr\">\n\n<\/div><\/div><\/div><\/div>[\/vc_column_inner][vc_column_inner width=&#8221;1\/2&#8243;]<div class=\"row\">\n\t\t\t\t<div class=\"col-lg-12 col-md-12 col-sm-12 media_text\">\n\t\t\t\t\t<div class=\"download_box\">\n\t\t\t\t<div class=\"download_text\">\n\t\t\t\t\t<a href=\"https:\/\/niw.gov.pl\/wp-content\/uploads\/2021\/04\/PROO_1a_Regulamin.pdf\" download>PROO_1a_Regulamin 2020<\/a><\/div><br><br><span><img decoding=\"async\" src=\"https:\/\/niw.gov.pl\/wp-content\/themes\/niw\/images\/PDF.png\" alt=\"PDF.png\"><\/button> 1.30MB<\/span><a href=\"https:\/\/niw.gov.pl\/wp-content\/uploads\/2021\/04\/PROO_1a_Regulamin.pdf\" download><button class=\"download_btn\" type=\"button\"> <img decoding=\"async\" src=\"https:\/\/niw.gov.pl\/wp-content\/themes\/niw\/images\/arrow7.png\" alt=\"arrow7.png\"><\/button><\/a> <div class=\"clr\">\n\n<\/div><\/div><\/div><\/div><div class=\"row\">\n\t\t\t\t<div class=\"col-lg-12 col-md-12 col-sm-12 media_text\">\n\t\t\t\t\t<div class=\"download_box\">\n\t\t\t\t<div class=\"download_text\">\n\t\t\t\t\t<a href=\"https:\/\/niw.gov.pl\/wp-content\/uploads\/2021\/04\/PROO_1a_Wniosek_pelny_2020.pdf\" download>PROO_1a_Wniosek_pe\u0142ny_2020<\/a><\/div><br><br><span><img decoding=\"async\" src=\"https:\/\/niw.gov.pl\/wp-content\/themes\/niw\/images\/PDF.png\" alt=\"PDF.png\"><\/button> 0.97MB<\/span><a href=\"https:\/\/niw.gov.pl\/wp-content\/uploads\/2021\/04\/PROO_1a_Wniosek_pelny_2020.pdf\" download><button class=\"download_btn\" type=\"button\"> <img decoding=\"async\" src=\"https:\/\/niw.gov.pl\/wp-content\/themes\/niw\/images\/arrow7.png\" alt=\"arrow7.png\"><\/button><\/a> <div class=\"clr\">\n\n<\/div><\/div><\/div><\/div><div class=\"row\">\n\t\t\t\t<div class=\"col-lg-12 col-md-12 col-sm-12 media_text\">\n\t\t\t\t\t<div class=\"download_box\">\n\t\t\t\t<div class=\"download_text\">\n\t\t\t\t\t<a href=\"https:\/\/niw.gov.pl\/wp-content\/uploads\/2021\/04\/PROO_1a_Wzor_karty_oceny_formalnej_2020.pdf\" download>PROO_1a_Wz\u00f3r_karty_oceny_formalnej_2020<\/a><\/div><br><br><span><img decoding=\"async\" src=\"https:\/\/niw.gov.pl\/wp-content\/themes\/niw\/images\/PDF.png\" alt=\"PDF.png\"><\/button> 0.70MB<\/span><a href=\"https:\/\/niw.gov.pl\/wp-content\/uploads\/2021\/04\/PROO_1a_Wzor_karty_oceny_formalnej_2020.pdf\" download><button class=\"download_btn\" type=\"button\"> <img decoding=\"async\" src=\"https:\/\/niw.gov.pl\/wp-content\/themes\/niw\/images\/arrow7.png\" alt=\"arrow7.png\"><\/button><\/a> <div class=\"clr\">\n\n<\/div><\/div><\/div><\/div><div class=\"row\">\n\t\t\t\t<div class=\"col-lg-12 col-md-12 col-sm-12 media_text\">\n\t\t\t\t\t<div class=\"download_box\">\n\t\t\t\t<div class=\"download_text\">\n\t\t\t\t\t<a href=\"https:\/\/niw.gov.pl\/wp-content\/uploads\/2021\/04\/PROO_1a_Wzor_karty_oceny_merytorycznej_wniosek_pelny_2020.pdf\" download>PROO_1a_Wz\u00f3r_karty_oceny_merytorycznej_wniosek_pe\u0142ny_2020<\/a><\/div><br><br><span><img decoding=\"async\" src=\"https:\/\/niw.gov.pl\/wp-content\/themes\/niw\/images\/PDF.png\" alt=\"PDF.png\"><\/button> 0.83MB<\/span><a href=\"https:\/\/niw.gov.pl\/wp-content\/uploads\/2021\/04\/PROO_1a_Wzor_karty_oceny_merytorycznej_wniosek_pelny_2020.pdf\" download><button class=\"download_btn\" type=\"button\"> <img decoding=\"async\" src=\"https:\/\/niw.gov.pl\/wp-content\/themes\/niw\/images\/arrow7.png\" alt=\"arrow7.png\"><\/button><\/a> <div class=\"clr\">\n\n<\/div><\/div><\/div><\/div>[\/vc_column_inner][\/vc_row_inner][\/vc_column][\/vc_row]<\/p>\n","protected":false},"excerpt":{"rendered":"<p>[vc_row][vc_column width=&#8221;1\/2&#8243;][\/vc_column][vc_column width=&#8221;1\/2&#8243;][\/vc_column][\/vc_row][vc_row][vc_column][vc_separator][\/vc_column][\/vc_row][vc_row][vc_column][vc_column_text]Zach\u0119camy wszystkie zainteresowane osoby, organizacje i instytucje do wyra\u017cenia swoich opinii na temat projektu\u00a0Regulaminu konkursu Rz\u0105dowego Programu Rozwoju Organizacji Obywatelskich, Priorytet 1a Wsparcie dzia\u0142a\u0144 misyjnych i rozwoju instytucjonalnego \u2013 Edycja 2020. W trosce o to, aby ostateczny kszta\u0142t Regulaminu jak najpe\u0142niej odpowiada\u0142 na potrzeby i oczekiwania sektora pozarz\u0105dowego, zapraszamy ka\u017cdego do zabrania g\u0142osu![\/vc_column_text][vc_column_text]Przygotowane<\/p>\n","protected":false},"author":46,"featured_media":0,"parent":16159,"menu_order":77,"comment_status":"closed","ping_status":"closed","template":"page-templates\/nasze_programy_sub_pages.php","meta":{"_acf_changed":false,"inline_featured_image":false,"footnotes":""},"class_list":["post-16163","page","type-page","status-publish","hentry"],"acf":[],"_links":{"self":[{"href":"https:\/\/niw.gov.pl\/en\/wp-json\/wp\/v2\/pages\/16163","targetHints":{"allow":["GET"]}}],"collection":[{"href":"https:\/\/niw.gov.pl\/en\/wp-json\/wp\/v2\/pages"}],"about":[{"href":"https:\/\/niw.gov.pl\/en\/wp-json\/wp\/v2\/types\/page"}],"author":[{"embeddable":true,"href":"https:\/\/niw.gov.pl\/en\/wp-json\/wp\/v2\/users\/46"}],"replies":[{"embeddable":true,"href":"https:\/\/niw.gov.pl\/en\/wp-json\/wp\/v2\/comments?post=16163"}],"version-history":[{"count":4,"href":"https:\/\/niw.gov.pl\/en\/wp-json\/wp\/v2\/pages\/16163\/revisions"}],"predecessor-version":[{"id":24120,"href":"https:\/\/niw.gov.pl\/en\/wp-json\/wp\/v2\/pages\/16163\/revisions\/24120"}],"up":[{"embeddable":true,"href":"https:\/\/niw.gov.pl\/en\/wp-json\/wp\/v2\/pages\/16159"}],"wp:attachment":[{"href":"https:\/\/niw.gov.pl\/en\/wp-json\/wp\/v2\/media?parent=16163"}],"curies":[{"name":"wp","href":"https:\/\/api.w.org\/{rel}","templated":true}]}}