{"id":16170,"date":"2021-04-26T08:59:33","date_gmt":"2021-04-26T08:59:33","guid":{"rendered":"http:\/\/niw.gov.pl\/nasze-programy\/proo\/konsultacje-publiczne\/priorytet-2a-konsultacje-regulaminu-konkursu-edycja-2019-zakonczone\/"},"modified":"2021-10-01T15:31:43","modified_gmt":"2021-10-01T13:31:43","slug":"priorytet-2a-konsultacje-regulaminu-konkursu-edycja-2019-zakonczone","status":"publish","type":"page","link":"https:\/\/niw.gov.pl\/en\/our-programmes\/csodp\/public-consultations\/priorytet-2a-konsultacje-regulaminu-konkursu-edycja-2019-zakonczone\/","title":{"rendered":"Priorytet 2a \u2013 konsultacje Regulaminu konkursu Edycja 2019 (zako\u0144czone)"},"content":{"rendered":"<p>[vc_row][vc_column width=&#8221;1\/2&#8243;]<div class=\"row\">\n\t\t\t\t<div class=\"col-lg-12 col-md-12 col-sm-12 media_text\">\n\t\t\t\t\t<div class=\"download_box\">\n\t\t\t\t<div class=\"download_text\">\n\t\t\t\t\t<a href=\"https:\/\/niw.gov.pl\/wp-content\/uploads\/2021\/04\/PROO_2a_Raport_z_konsultacji_Regulaminu.pdf\" download>Raport z konsultacji publicznych Regulaminu Konkursu Priorytet 2a Dotacje operacyjne na wsparcie budowy pocz\u0105tkowych kapita\u0142\u00f3w \u017celaznych<\/a><\/div><br><br><span><img decoding=\"async\" src=\"https:\/\/niw.gov.pl\/wp-content\/themes\/niw\/images\/PDF.png\" alt=\"PDF.png\"><\/button> 0.75MB<\/span><a href=\"https:\/\/niw.gov.pl\/wp-content\/uploads\/2021\/04\/PROO_2a_Raport_z_konsultacji_Regulaminu.pdf\" download><button class=\"download_btn\" type=\"button\"> <img decoding=\"async\" src=\"https:\/\/niw.gov.pl\/wp-content\/themes\/niw\/images\/arrow7.png\" alt=\"arrow7.png\"><\/button><\/a> <div class=\"clr\">\n\n<\/div><\/div><\/div><\/div>[\/vc_column][vc_column width=&#8221;1\/2&#8243;][\/vc_column][\/vc_row][vc_row][vc_column][vc_separator][\/vc_column][\/vc_row][vc_row][vc_column][vc_column_text]W najbli\u017cszym czasie nast\u0105pi og\u0142oszenie pierwszej edycji konkursu w ramach Priorytetu 2a PROO. Najwa\u017cniejszym dokumentem konkursu b\u0119dzie Regulamin, kt\u00f3rego projekt przekazujemy dzi\u015b do konsultacji spo\u0142ecznych. Zapraszamy wszystkie zainteresowane osoby, organizacje i instytucje do zapoznania si\u0119 z tym dokumentem i zg\u0142aszania swoich opinii.[\/vc_column_text][vc_column_text]Konsultacje maj\u0105 na celu dostosowanie\u00a0<em>Regulaminu Konkursu\u00a0<\/em><em>Priorytet 2a Dotacje operacyjne na wsparcie budowy pocz\u0105tkowych kapita\u0142\u00f3w \u017celaznych<\/em><em>\u00a0Edycja 2019<\/em>\u00a0do potrzeb i oczekiwa\u0144 sektora pozarz\u0105dowego. Zach\u0119camy do zg\u0142aszania uwag i propozycji na adres\u00a0<a class=\"red\" href=\"mailto:proo@niw.gov.pl\">proo@niw.gov.pl<\/a>\u00a0do\u00a0<strong>3 lipca 2019 r.<\/strong>\u00a0na formularzu, kt\u00f3ry mo\u017cna pobra\u0107 poni\u017cej.[\/vc_column_text][vc_column_text]Narodowy Instytut Wolno\u015bci \u2013 Centrum Rozwoju Spo\u0142ecze\u0144stwa Obywatelskiego sporz\u0105dzi zestawienie przes\u0142anych uwag i przedstawi je Komitetowi Steruj\u0105co-Monitoruj\u0105cemu Programu oraz Radzie Narodowego Instytutu, kt\u00f3ra zatwierdza Regulamin.[\/vc_column_text][\/vc_column][\/vc_row][vc_row][vc_column][vc_separator][vc_custom_heading text=&#8221;Za\u0142\u0105czniki&#8221; font_container=&#8221;tag:h3|text_align:left&#8221; use_theme_fonts=&#8221;yes&#8221;][vc_empty_space][vc_row_inner][vc_column_inner width=&#8221;1\/2&#8243;]<div class=\"row\">\n\t\t\t\t<div class=\"col-lg-12 col-md-12 col-sm-12 media_text\">\n\t\t\t\t\t<div class=\"download_box\">\n\t\t\t\t<div class=\"download_text\">\n\t\t\t\t\t<a href=\"https:\/\/niw.gov.pl\/wp-content\/uploads\/2021\/04\/PROO_2a_Regulamin_projekt.pdf\" download>Projekt Regulaminu Konkursu Priorytet 2a Dotacje operacyjne na wsparcie budowy pocz\u0105tkowych kapita\u0142\u00f3w \u017celaznych<\/a><\/div><br><br><span><img decoding=\"async\" src=\"https:\/\/niw.gov.pl\/wp-content\/themes\/niw\/images\/PDF.png\" alt=\"PDF.png\"><\/button> 0.95MB<\/span><a href=\"https:\/\/niw.gov.pl\/wp-content\/uploads\/2021\/04\/PROO_2a_Regulamin_projekt.pdf\" download><button class=\"download_btn\" type=\"button\"> <img decoding=\"async\" src=\"https:\/\/niw.gov.pl\/wp-content\/themes\/niw\/images\/arrow7.png\" alt=\"arrow7.png\"><\/button><\/a> <div class=\"clr\">\n\n<\/div><\/div><\/div><\/div>[\/vc_column_inner][vc_column_inner width=&#8221;1\/2&#8243;]<div class=\"row\">\n\t\t\t\t<div class=\"col-lg-12 col-md-12 col-sm-12 media_text\">\n\t\t\t\t\t<div class=\"download_box\">\n\t\t\t\t<div class=\"download_text\">\n\t\t\t\t\t<a href=\"https:\/\/niw.gov.pl\/wp-content\/uploads\/2021\/04\/Formularz_konsultacyjny_PROO_2a.docx\" download>Formularz<\/a><\/div><br><br><span><img decoding=\"async\" src=\"https:\/\/niw.gov.pl\/wp-content\/themes\/niw\/images\/DOC.png\" alt=\"DOC.png\"><\/button> 0.01MB<\/span><a href=\"https:\/\/niw.gov.pl\/wp-content\/uploads\/2021\/04\/Formularz_konsultacyjny_PROO_2a.docx\" download><button class=\"download_btn\" type=\"button\"> <img decoding=\"async\" src=\"https:\/\/niw.gov.pl\/wp-content\/themes\/niw\/images\/arrow7.png\" alt=\"arrow7.png\"><\/button><\/a> <div class=\"clr\">\n\n<\/div><\/div><\/div><\/div>[\/vc_column_inner][\/vc_row_inner][\/vc_column][\/vc_row]<\/p>\n","protected":false},"excerpt":{"rendered":"<p>[vc_row][vc_column width=&#8221;1\/2&#8243;][\/vc_column][vc_column width=&#8221;1\/2&#8243;][\/vc_column][\/vc_row][vc_row][vc_column][vc_separator][\/vc_column][\/vc_row][vc_row][vc_column][vc_column_text]W najbli\u017cszym czasie nast\u0105pi og\u0142oszenie pierwszej edycji konkursu w ramach Priorytetu 2a PROO. Najwa\u017cniejszym dokumentem konkursu b\u0119dzie Regulamin, kt\u00f3rego projekt przekazujemy dzi\u015b do konsultacji spo\u0142ecznych. Zapraszamy wszystkie zainteresowane osoby, organizacje i instytucje do zapoznania si\u0119 z tym dokumentem i zg\u0142aszania swoich opinii.[\/vc_column_text][vc_column_text]Konsultacje maj\u0105 na celu dostosowanie\u00a0Regulaminu Konkursu\u00a0Priorytet 2a Dotacje operacyjne na wsparcie budowy<\/p>\n","protected":false},"author":46,"featured_media":0,"parent":16159,"menu_order":87,"comment_status":"closed","ping_status":"closed","template":"page-templates\/nasze_programy_sub_pages.php","meta":{"_acf_changed":false,"inline_featured_image":false,"footnotes":""},"class_list":["post-16170","page","type-page","status-publish","hentry"],"acf":[],"_links":{"self":[{"href":"https:\/\/niw.gov.pl\/en\/wp-json\/wp\/v2\/pages\/16170","targetHints":{"allow":["GET"]}}],"collection":[{"href":"https:\/\/niw.gov.pl\/en\/wp-json\/wp\/v2\/pages"}],"about":[{"href":"https:\/\/niw.gov.pl\/en\/wp-json\/wp\/v2\/types\/page"}],"author":[{"embeddable":true,"href":"https:\/\/niw.gov.pl\/en\/wp-json\/wp\/v2\/users\/46"}],"replies":[{"embeddable":true,"href":"https:\/\/niw.gov.pl\/en\/wp-json\/wp\/v2\/comments?post=16170"}],"version-history":[{"count":3,"href":"https:\/\/niw.gov.pl\/en\/wp-json\/wp\/v2\/pages\/16170\/revisions"}],"predecessor-version":[{"id":22394,"href":"https:\/\/niw.gov.pl\/en\/wp-json\/wp\/v2\/pages\/16170\/revisions\/22394"}],"up":[{"embeddable":true,"href":"https:\/\/niw.gov.pl\/en\/wp-json\/wp\/v2\/pages\/16159"}],"wp:attachment":[{"href":"https:\/\/niw.gov.pl\/en\/wp-json\/wp\/v2\/media?parent=16170"}],"curies":[{"name":"wp","href":"https:\/\/api.w.org\/{rel}","templated":true}]}}