{"id":16172,"date":"2021-04-26T09:31:43","date_gmt":"2021-04-26T09:31:43","guid":{"rendered":"http:\/\/niw.gov.pl\/nasze-programy\/proo\/konsultacje-publiczne\/priorytet-3-konsultacje-regulaminu-konkursu-edycja-2018-zakonczone\/"},"modified":"2021-12-15T11:32:54","modified_gmt":"2021-12-15T10:32:54","slug":"priorytet-3-konsultacje-regulaminu-konkursu-edycja-2018-zakonczone","status":"publish","type":"page","link":"https:\/\/niw.gov.pl\/en\/our-programmes\/csodp\/public-consultations\/priorytet-3-konsultacje-regulaminu-konkursu-edycja-2018-zakonczone\/","title":{"rendered":"Priorytet 3 \u2013 konsultacje Regulaminu konkursu Edycja 2018 (zako\u0144czone)"},"content":{"rendered":"<p>[vc_row][vc_column width=&#8221;1\/2&#8243;]<div class=\"row\">\n\t\t\t\t<div class=\"col-lg-12 col-md-12 col-sm-12 media_text\">\n\t\t\t\t\t<div class=\"download_box\">\n\t\t\t\t<div class=\"download_text\">\n\t\t\t\t\t<a href=\"https:\/\/niw.gov.pl\/wp-content\/uploads\/2021\/10\/PROO_3_Raport_z_konsultacji_Regulaminu.pdf\" download>Podsumowanie i zestawienie uwag z konsultacji spo\u0142ecznych Regulaminu PROO 3 edycja 2018<\/a><\/div><br><br><span><img decoding=\"async\" src=\"https:\/\/niw.gov.pl\/wp-content\/themes\/niw\/images\/PDF.png\" alt=\"PDF.png\"><\/button> 0.76MB<\/span><a href=\"https:\/\/niw.gov.pl\/wp-content\/uploads\/2021\/10\/PROO_3_Raport_z_konsultacji_Regulaminu.pdf\" download><button class=\"download_btn\" type=\"button\"> <img decoding=\"async\" src=\"https:\/\/niw.gov.pl\/wp-content\/themes\/niw\/images\/arrow7.png\" alt=\"arrow7.png\"><\/button><\/a> <div class=\"clr\">\n\n<\/div><\/div><\/div><\/div>[\/vc_column][vc_column width=&#8221;1\/2&#8243;][\/vc_column][\/vc_row][vc_row][vc_column][vc_separator][vc_column_text]Zach\u0119camy do wzi\u0119cia udzia\u0142u w konsultacjach Regulaminu konkursu dotycz\u0105cego Priorytetu 3 Rz\u0105dowego Programu Rozwoju Organizacji Obywatelskich na lata 2018\u20132030 PROO \u201eRozw\u00f3j instytucjonalny lokalnych organizacji stra\u017cniczych i medi\u00f3w obywatelskich \u2013 Edycja 2018\u201d.[\/vc_column_text][vc_column_text]Konkurs zak\u0142ada, \u017ce:[\/vc_column_text][vc_column_text el_class=&#8221;subpage&#8221;]<\/p>\n<ul>\n<li>Dotacje udzielane b\u0119d\u0105 na wspieranie dzia\u0142a\u0144 statutowych organizacji stra\u017cniczych i medi\u00f3w obywatelskich oraz rozw\u00f3j instytucjonalny tych organizacji, w tym: budowanie stabilnych podstaw ich dalszego funkcjonowania, tworzenie perspektywicznych plan\u00f3w dzia\u0142ania i finansowania, podnoszenie standard\u00f3w pracy i zarz\u0105dzania organizacj\u0105.<\/li>\n<li>Dotacje udzielane b\u0119d\u0105 na okres do 24 miesi\u0119cy i przekazywane w formie rocznych transz.<\/li>\n<li>Dotacje udzielane b\u0119d\u0105 w wysoko\u015bci od 20 tys. z\u0142 do 200 tys. z\u0142. Wniesienie wk\u0142adu w\u0142asnego nie b\u0119dzie wymagane.<\/li>\n<li>Wnioski sk\u0142adane b\u0119d\u0105 za po\u015brednictwem Generatora Wniosk\u00f3w.<\/li>\n<li>Dotacje w ramach Priorytetu 3 PROO b\u0119d\u0105 rozliczane przez rezultaty, za pomoc\u0105 metody kwoty rycza\u0142towej.<\/li>\n<\/ul>\n<p>[\/vc_column_text][vc_column_text]Szczeg\u00f3\u0142y znajd\u0105 Pa\u0144stwo w projekcie Regulaminu[\/vc_column_text][vc_row_inner][vc_column_inner width=&#8221;1\/2&#8243;]<div class=\"row\">\n\t\t\t\t<div class=\"col-lg-12 col-md-12 col-sm-12 media_text\">\n\t\t\t\t\t<div class=\"download_box\">\n\t\t\t\t<div class=\"download_text\">\n\t\t\t\t\t<a href=\"https:\/\/niw.gov.pl\/wp-content\/uploads\/2021\/04\/PROO_3_Regulamin_konsultacje.pdf\" download>Regulamin priorytetu 3 PROO<\/a><\/div><br><br><span><img decoding=\"async\" src=\"https:\/\/niw.gov.pl\/wp-content\/themes\/niw\/images\/PDF.png\" alt=\"PDF.png\"><\/button> 2.02MB<\/span><a href=\"https:\/\/niw.gov.pl\/wp-content\/uploads\/2021\/04\/PROO_3_Regulamin_konsultacje.pdf\" download><button class=\"download_btn\" type=\"button\"> <img decoding=\"async\" src=\"https:\/\/niw.gov.pl\/wp-content\/themes\/niw\/images\/arrow7.png\" alt=\"arrow7.png\"><\/button><\/a> <div class=\"clr\">\n\n<\/div><\/div><\/div><\/div>[\/vc_column_inner][vc_column_inner width=&#8221;1\/2&#8243;][\/vc_column_inner][\/vc_row_inner][vc_column_text]Konsultacje prowadzone s\u0105 za po\u015brednictwem serwisu STACJA-KONSULTACJA.PL. Prosimy o zg\u0142aszanie uwag do dnia 14 pa\u017adziernika 2018 r. wy\u0142\u0105cznie poprzez stron\u0119 <a class=\"red\" href=\"https:\/\/stacja-konsultacja.pl\/konsultacja\/215\/priorytet-3-programu-rozwoju-organizacji-obywatelskich-konsultacje-regulaminu-konkursu.html\" rel=\"nofollow noopener\" target=\"_blank\">https:\/\/stacja-konsultacja.pl\/konsultacja\/215\/priorytet-3-programu-rozwoju-organizacji-obywatelskich-konsultacje-regulaminu-konkursu.html<\/a>[\/vc_column_text][\/vc_column][\/vc_row]<\/p>\n","protected":false},"excerpt":{"rendered":"<p>[vc_row][vc_column width=&#8221;1\/2&#8243;][\/vc_column][vc_column width=&#8221;1\/2&#8243;][\/vc_column][\/vc_row][vc_row][vc_column][vc_separator][vc_column_text]Zach\u0119camy do wzi\u0119cia udzia\u0142u w konsultacjach Regulaminu konkursu dotycz\u0105cego Priorytetu 3 Rz\u0105dowego Programu Rozwoju Organizacji Obywatelskich na lata 2018\u20132030 PROO \u201eRozw\u00f3j instytucjonalny lokalnych organizacji stra\u017cniczych i medi\u00f3w obywatelskich \u2013 Edycja 2018\u201d.[\/vc_column_text][vc_column_text]Konkurs zak\u0142ada, \u017ce:[\/vc_column_text][vc_column_text el_class=&#8221;subpage&#8221;] Dotacje udzielane b\u0119d\u0105 na wspieranie dzia\u0142a\u0144 statutowych organizacji stra\u017cniczych i medi\u00f3w obywatelskich oraz rozw\u00f3j instytucjonalny tych organizacji, w tym:<\/p>\n","protected":false},"author":46,"featured_media":0,"parent":16159,"menu_order":88,"comment_status":"closed","ping_status":"closed","template":"page-templates\/nasze_programy_sub_pages.php","meta":{"_acf_changed":false,"inline_featured_image":false,"footnotes":""},"class_list":["post-16172","page","type-page","status-publish","hentry"],"acf":[],"_links":{"self":[{"href":"https:\/\/niw.gov.pl\/en\/wp-json\/wp\/v2\/pages\/16172","targetHints":{"allow":["GET"]}}],"collection":[{"href":"https:\/\/niw.gov.pl\/en\/wp-json\/wp\/v2\/pages"}],"about":[{"href":"https:\/\/niw.gov.pl\/en\/wp-json\/wp\/v2\/types\/page"}],"author":[{"embeddable":true,"href":"https:\/\/niw.gov.pl\/en\/wp-json\/wp\/v2\/users\/46"}],"replies":[{"embeddable":true,"href":"https:\/\/niw.gov.pl\/en\/wp-json\/wp\/v2\/comments?post=16172"}],"version-history":[{"count":8,"href":"https:\/\/niw.gov.pl\/en\/wp-json\/wp\/v2\/pages\/16172\/revisions"}],"predecessor-version":[{"id":24124,"href":"https:\/\/niw.gov.pl\/en\/wp-json\/wp\/v2\/pages\/16172\/revisions\/24124"}],"up":[{"embeddable":true,"href":"https:\/\/niw.gov.pl\/en\/wp-json\/wp\/v2\/pages\/16159"}],"wp:attachment":[{"href":"https:\/\/niw.gov.pl\/en\/wp-json\/wp\/v2\/media?parent=16172"}],"curies":[{"name":"wp","href":"https:\/\/api.w.org\/{rel}","templated":true}]}}