{"id":16180,"date":"2021-04-26T07:23:08","date_gmt":"2021-04-26T07:23:08","guid":{"rendered":"http:\/\/niw.gov.pl\/nasze-programy\/proo\/konsultacje-publiczne\/priorytet-4-rozwoj-instytucjonalny-think-tankow-obywatelskich-konsultacje-regulaminu-konkursu-edycja-2020\/"},"modified":"2021-12-15T11:36:19","modified_gmt":"2021-12-15T10:36:19","slug":"priorytet-4-rozwoj-instytucjonalny-think-tankow-obywatelskich-konsultacje-regulaminu-konkursu-edycja-2020","status":"publish","type":"page","link":"https:\/\/niw.gov.pl\/en\/our-programmes\/csodp\/public-consultations\/priorytet-4-rozwoj-instytucjonalny-think-tankow-obywatelskich-konsultacje-regulaminu-konkursu-edycja-2020\/","title":{"rendered":"Priorytet 4 \u2013 konsultacje Regulaminu konkursu Edycja 2020 (zako\u0144czone)"},"content":{"rendered":"<p>[vc_row][vc_column width=&#8221;1\/2&#8243;]<div class=\"row\">\n\t\t\t\t<div class=\"col-lg-12 col-md-12 col-sm-12 media_text\">\n\t\t\t\t\t<div class=\"download_box\">\n\t\t\t\t<div class=\"download_text\">\n\t\t\t\t\t<a href=\"https:\/\/niw.gov.pl\/wp-content\/uploads\/2021\/10\/Zestawienie-uwag-z-konsultacji-spolecznych-PROO4-edycja-2020.pdf\" download>Zestawienie uwag z konsultacji spo\u0142ecznych Regulaminu PROO 4 edycja 2020<\/a><\/div><br><br><span><img decoding=\"async\" src=\"https:\/\/niw.gov.pl\/wp-content\/themes\/niw\/images\/PDF.png\" alt=\"PDF.png\"><\/button> 0.64MB<\/span><a href=\"https:\/\/niw.gov.pl\/wp-content\/uploads\/2021\/10\/Zestawienie-uwag-z-konsultacji-spolecznych-PROO4-edycja-2020.pdf\" download><button class=\"download_btn\" type=\"button\"> <img decoding=\"async\" src=\"https:\/\/niw.gov.pl\/wp-content\/themes\/niw\/images\/arrow7.png\" alt=\"arrow7.png\"><\/button><\/a> <div class=\"clr\">\n\n<\/div><\/div><\/div><\/div>[\/vc_column][vc_column width=&#8221;1\/2&#8243;][\/vc_column][\/vc_row][vc_row][vc_column][vc_separator][\/vc_column][\/vc_row][vc_row][vc_column][vc_column_text]Zach\u0119camy wszystkie zainteresowane osoby, organizacje i instytucje do wyra\u017cenia swoich opinii na temat projektu Regulaminu konkursu Rz\u0105dowego Programu Rozwoju Organizacji Obywatelskich <strong>Priorytet 4<\/strong>\u00a0<em>Rozw\u00f3j instytucjonalny Think Tank\u00f3w obywatelskich<\/em>.[\/vc_column_text][vc_column_text]Proponowane zmiany w szczeg\u00f3lno\u015bci dotycz\u0105:[\/vc_column_text][vc_column_text el_class=&#8221;subpage&#8221;]<\/p>\n<ul>\n<li>Zmiany formy Regulaminu na bardziej czyteln\u0105 dla odbiorcy.<\/li>\n<li>Uzupe\u0142nienia Regulaminu o informacje o dokumentach niezb\u0119dnych do podpisania umowy, zasadach zmiany tre\u015bci umowy czy formie i sposobie udzielania wyja\u015bnie\u0144 w kwestiach dotycz\u0105cych konkursu.<\/li>\n<li>Dodania wzoru sprawozdania jako za\u0142\u0105cznika do Regulaminu.<\/li>\n<li>Zmiany \u0142\u0105cznej punktacji jak\u0105 mo\u017cna uzyska\u0107 podczas oceny merytorycznej.<\/li>\n<\/ul>\n<p>[\/vc_column_text][vc_column_text]<strong>W trosce o to, aby ostateczny kszta\u0142t Regulaminu jak najpe\u0142niej odpowiada\u0142 na potrzeby i oczekiwania sektora pozarz\u0105dowego, zapraszamy ka\u017cdego do zabrania g\u0142osu!<\/strong>[\/vc_column_text][vc_column_text]Zach\u0119camy do zg\u0142aszania uwag i propozycji na adres:\u00a0<a class=\"red\" href=\"mailto:proo@niw.gov.pl\">proo@niw.gov.pl<\/a>\u00a0do dnia\u00a0<strong>9 lutego 2020<\/strong>\u00a0r. w\u0142\u0105cznie na formularzu, kt\u00f3ry mo\u017cna pobra\u0107 poni\u017cej:[\/vc_column_text][vc_row_inner][vc_column_inner width=&#8221;1\/2&#8243;]<div class=\"row\">\n\t\t\t\t<div class=\"col-lg-12 col-md-12 col-sm-12 media_text\">\n\t\t\t\t\t<div class=\"download_box\">\n\t\t\t\t<div class=\"download_text\">\n\t\t\t\t\t<a href=\"https:\/\/niw.gov.pl\/wp-content\/uploads\/2021\/07\/Formularz_konsultacyjny_PROO_4.docx\" download>Formularz konsultacyjny PROO 4 2020<\/a><\/div><br><br><span><img decoding=\"async\" src=\"https:\/\/niw.gov.pl\/wp-content\/themes\/niw\/images\/DOC.png\" alt=\"DOC.png\"><\/button> 0.01MB<\/span><a href=\"https:\/\/niw.gov.pl\/wp-content\/uploads\/2021\/07\/Formularz_konsultacyjny_PROO_4.docx\" download><button class=\"download_btn\" type=\"button\"> <img decoding=\"async\" src=\"https:\/\/niw.gov.pl\/wp-content\/themes\/niw\/images\/arrow7.png\" alt=\"arrow7.png\"><\/button><\/a> <div class=\"clr\">\n\n<\/div><\/div><\/div><\/div>[\/vc_column_inner][vc_column_inner width=&#8221;1\/2&#8243;]<div class=\"row\">\n\t\t\t\t<div class=\"col-lg-12 col-md-12 col-sm-12 media_text\">\n\t\t\t\t\t<div class=\"download_box\">\n\t\t\t\t<div class=\"download_text\">\n\t\t\t\t\t<a href=\"https:\/\/niw.gov.pl\/wp-content\/uploads\/2021\/04\/PROO_4_Regulamin-2020-konsultacje-spoleczne.pdf\" download>Projekt Regulaminu 4 Rozw\u00f3j instytucjonalny Think Tank\u00f3w obywatelskich \u2013 Edycja 2020<\/a><\/div><br><br><span><img decoding=\"async\" src=\"https:\/\/niw.gov.pl\/wp-content\/themes\/niw\/images\/PDF.png\" alt=\"PDF.png\"><\/button> 1.69MB<\/span><a href=\"https:\/\/niw.gov.pl\/wp-content\/uploads\/2021\/04\/PROO_4_Regulamin-2020-konsultacje-spoleczne.pdf\" download><button class=\"download_btn\" type=\"button\"> <img decoding=\"async\" src=\"https:\/\/niw.gov.pl\/wp-content\/themes\/niw\/images\/arrow7.png\" alt=\"arrow7.png\"><\/button><\/a> <div class=\"clr\">\n\n<\/div><\/div><\/div><\/div>[\/vc_column_inner][\/vc_row_inner][\/vc_column][\/vc_row]<\/p>\n","protected":false},"excerpt":{"rendered":"<p>[vc_row][vc_column width=&#8221;1\/2&#8243;][\/vc_column][vc_column width=&#8221;1\/2&#8243;][\/vc_column][\/vc_row][vc_row][vc_column][vc_separator][\/vc_column][\/vc_row][vc_row][vc_column][vc_column_text]Zach\u0119camy wszystkie zainteresowane osoby, organizacje i instytucje do wyra\u017cenia swoich opinii na temat projektu Regulaminu konkursu Rz\u0105dowego Programu Rozwoju Organizacji Obywatelskich Priorytet 4\u00a0Rozw\u00f3j instytucjonalny Think Tank\u00f3w obywatelskich.[\/vc_column_text][vc_column_text]Proponowane zmiany w szczeg\u00f3lno\u015bci dotycz\u0105:[\/vc_column_text][vc_column_text el_class=&#8221;subpage&#8221;] Zmiany formy Regulaminu na bardziej czyteln\u0105 dla odbiorcy. Uzupe\u0142nienia Regulaminu o informacje o dokumentach niezb\u0119dnych do podpisania umowy, zasadach zmiany tre\u015bci<\/p>\n","protected":false},"author":46,"featured_media":0,"parent":16159,"menu_order":94,"comment_status":"closed","ping_status":"closed","template":"page-templates\/nasze_programy_sub_pages.php","meta":{"_acf_changed":false,"inline_featured_image":false,"footnotes":""},"class_list":["post-16180","page","type-page","status-publish","hentry"],"acf":[],"_links":{"self":[{"href":"https:\/\/niw.gov.pl\/en\/wp-json\/wp\/v2\/pages\/16180","targetHints":{"allow":["GET"]}}],"collection":[{"href":"https:\/\/niw.gov.pl\/en\/wp-json\/wp\/v2\/pages"}],"about":[{"href":"https:\/\/niw.gov.pl\/en\/wp-json\/wp\/v2\/types\/page"}],"author":[{"embeddable":true,"href":"https:\/\/niw.gov.pl\/en\/wp-json\/wp\/v2\/users\/46"}],"replies":[{"embeddable":true,"href":"https:\/\/niw.gov.pl\/en\/wp-json\/wp\/v2\/comments?post=16180"}],"version-history":[{"count":5,"href":"https:\/\/niw.gov.pl\/en\/wp-json\/wp\/v2\/pages\/16180\/revisions"}],"predecessor-version":[{"id":24130,"href":"https:\/\/niw.gov.pl\/en\/wp-json\/wp\/v2\/pages\/16180\/revisions\/24130"}],"up":[{"embeddable":true,"href":"https:\/\/niw.gov.pl\/en\/wp-json\/wp\/v2\/pages\/16159"}],"wp:attachment":[{"href":"https:\/\/niw.gov.pl\/en\/wp-json\/wp\/v2\/media?parent=16180"}],"curies":[{"name":"wp","href":"https:\/\/api.w.org\/{rel}","templated":true}]}}