{"id":16182,"date":"2021-04-26T09:39:25","date_gmt":"2021-04-26T09:39:25","guid":{"rendered":"http:\/\/niw.gov.pl\/nasze-programy\/proo\/konsultacje-publiczne\/priorytet-5-konsultacje-regulaminu-konkursu-edycja-2018-zakonczone\/"},"modified":"2021-12-15T11:38:02","modified_gmt":"2021-12-15T10:38:02","slug":"priorytet-5-konsultacje-regulaminu-konkursu-edycja-2018-zakonczone","status":"publish","type":"page","link":"https:\/\/niw.gov.pl\/en\/our-programmes\/csodp\/public-consultations\/priorytet-5-konsultacje-regulaminu-konkursu-edycja-2018-zakonczone\/","title":{"rendered":"Priorytet 5 \u2013 konsultacje Regulaminu konkursu Edycja 2018 (zako\u0144czone)"},"content":{"rendered":"<p>[vc_row][vc_column width=&#8221;1\/2&#8243;]<div class=\"row\">\n\t\t\t\t<div class=\"col-lg-12 col-md-12 col-sm-12 media_text\">\n\t\t\t\t\t<div class=\"download_box\">\n\t\t\t\t<div class=\"download_text\">\n\t\t\t\t\t<a href=\"https:\/\/niw.gov.pl\/wp-content\/uploads\/2021\/10\/PROO_5_Raport_z_konsultacji_Regulaminu.pdf\" download>Podsumowanie i zestawienie uwag z konsultacji spo\u0142ecznych Regulaminu PROO 5 edycja 2018<\/a><\/div><br><br><span><img decoding=\"async\" src=\"https:\/\/niw.gov.pl\/wp-content\/themes\/niw\/images\/PDF.png\" alt=\"PDF.png\"><\/button> 0.87MB<\/span><a href=\"https:\/\/niw.gov.pl\/wp-content\/uploads\/2021\/10\/PROO_5_Raport_z_konsultacji_Regulaminu.pdf\" download><button class=\"download_btn\" type=\"button\"> <img decoding=\"async\" src=\"https:\/\/niw.gov.pl\/wp-content\/themes\/niw\/images\/arrow7.png\" alt=\"arrow7.png\"><\/button><\/a> <div class=\"clr\">\n\n<\/div><\/div><\/div><\/div>[\/vc_column][vc_column width=&#8221;1\/2&#8243;][\/vc_column][\/vc_row][vc_row][vc_column][vc_separator][vc_column_text]Zach\u0119camy do wzi\u0119cia udzia\u0142u w konsultacjach Regulaminu konkursu dotycz\u0105cego Priorytetu 5 Rz\u0105dowego Programu Rozwoju Organizacji Obywatelskich na lata 2018\u20132030PROO \u201eWsparcie dora\u017ane \u2013 Edycja 2018\u201d.[\/vc_column_text][vc_column_text]Konkurs zak\u0142ada, \u017ce:[\/vc_column_text][vc_column_text el_class=&#8221;subpage&#8221;]<\/p>\n<ul>\n<li>Dotacje udzielane b\u0119d\u0105 na pokrycie wydatk\u00f3w wynikaj\u0105cych z nag\u0142ych potrzeb organizacji oraz pokrycie koszt\u00f3w uczestnictwa przedstawicieli organizacji w wydarzeniach z \u017cycia publicznego.<\/li>\n<li>Dotacje udzielane b\u0119d\u0105 na okres do 31 grudnia 2018 r. i przekazywane w formie jednorazowej transzy.<\/li>\n<li>Dotacje udzielane b\u0119d\u0105 w wysoko\u015bci do 10 tys. z\u0142. Wniesienie wk\u0142adu w\u0142asnego nie b\u0119dzie wymagane.<\/li>\n<li>Wnioski sk\u0142adane b\u0119d\u0105 za po\u015brednictwem Generatora Wniosk\u00f3w.<\/li>\n<li>Rozliczenie dotacji w ramach Priorytetu 5 PROO b\u0119dzie wymaga\u0142o zrealizowania zaplanowanych dzia\u0142a\u0144.<\/li>\n<\/ul>\n<p>[\/vc_column_text][vc_column_text]Szczeg\u00f3\u0142y znajd\u0105 Pa\u0144stwo w projekcie Regulaminu[\/vc_column_text][vc_row_inner][vc_column_inner width=&#8221;1\/2&#8243;]<div class=\"row\">\n\t\t\t\t<div class=\"col-lg-12 col-md-12 col-sm-12 media_text\">\n\t\t\t\t\t<div class=\"download_box\">\n\t\t\t\t<div class=\"download_text\">\n\t\t\t\t\t<a href=\"https:\/\/niw.gov.pl\/wp-content\/uploads\/2021\/04\/PROO_5_Regulamin-z-zalacznikami.pdf\" download>Regulamin priorytetu 5 PROO<\/a><\/div><br><br><span><img decoding=\"async\" src=\"https:\/\/niw.gov.pl\/wp-content\/themes\/niw\/images\/PDF.png\" alt=\"PDF.png\"><\/button> 0.93MB<\/span><a href=\"https:\/\/niw.gov.pl\/wp-content\/uploads\/2021\/04\/PROO_5_Regulamin-z-zalacznikami.pdf\" download><button class=\"download_btn\" type=\"button\"> <img decoding=\"async\" src=\"https:\/\/niw.gov.pl\/wp-content\/themes\/niw\/images\/arrow7.png\" alt=\"arrow7.png\"><\/button><\/a> <div class=\"clr\">\n\n<\/div><\/div><\/div><\/div>[\/vc_column_inner][vc_column_inner width=&#8221;1\/2&#8243;][\/vc_column_inner][\/vc_row_inner][vc_column_text]Konsultacje prowadzone s\u0105 za po\u015brednictwem serwisu STACJA-KONSULTACJA.PL. Prosimy o zg\u0142aszanie uwag do dnia 14 pa\u017adziernika 2018 r. wy\u0142\u0105cznie poprzez stron\u0119 <a class=\"red\" href=\"http:\/\/stacja-konsultacja.pl\/konsultacja\/217\/priorytet-5-programu-rozwoju-organizacji-obywatelskich-konsultacje-regulaminu-konkursu.html\" target=\"_blank\" rel=\"noopener nofollow\">http:\/\/stacja-konsultacja.pl\/konsultacja\/217\/priorytet-5-programu-rozwoju-organizacji-obywatelskich-konsultacje-regulaminu-konkursu.html<\/a>[\/vc_column_text][\/vc_column][\/vc_row]<\/p>\n","protected":false},"excerpt":{"rendered":"<p>[vc_row][vc_column width=&#8221;1\/2&#8243;][\/vc_column][vc_column width=&#8221;1\/2&#8243;][\/vc_column][\/vc_row][vc_row][vc_column][vc_separator][vc_column_text]Zach\u0119camy do wzi\u0119cia udzia\u0142u w konsultacjach Regulaminu konkursu dotycz\u0105cego Priorytetu 5 Rz\u0105dowego Programu Rozwoju Organizacji Obywatelskich na lata 2018\u20132030PROO \u201eWsparcie dora\u017ane \u2013 Edycja 2018\u201d.[\/vc_column_text][vc_column_text]Konkurs zak\u0142ada, \u017ce:[\/vc_column_text][vc_column_text el_class=&#8221;subpage&#8221;] Dotacje udzielane b\u0119d\u0105 na pokrycie wydatk\u00f3w wynikaj\u0105cych z nag\u0142ych potrzeb organizacji oraz pokrycie koszt\u00f3w uczestnictwa przedstawicieli organizacji w wydarzeniach z \u017cycia publicznego. Dotacje udzielane b\u0119d\u0105 na<\/p>\n","protected":false},"author":46,"featured_media":0,"parent":16159,"menu_order":101,"comment_status":"closed","ping_status":"closed","template":"page-templates\/nasze_programy_sub_pages.php","meta":{"_acf_changed":false,"inline_featured_image":false,"footnotes":""},"class_list":["post-16182","page","type-page","status-publish","hentry"],"acf":[],"_links":{"self":[{"href":"https:\/\/niw.gov.pl\/en\/wp-json\/wp\/v2\/pages\/16182","targetHints":{"allow":["GET"]}}],"collection":[{"href":"https:\/\/niw.gov.pl\/en\/wp-json\/wp\/v2\/pages"}],"about":[{"href":"https:\/\/niw.gov.pl\/en\/wp-json\/wp\/v2\/types\/page"}],"author":[{"embeddable":true,"href":"https:\/\/niw.gov.pl\/en\/wp-json\/wp\/v2\/users\/46"}],"replies":[{"embeddable":true,"href":"https:\/\/niw.gov.pl\/en\/wp-json\/wp\/v2\/comments?post=16182"}],"version-history":[{"count":4,"href":"https:\/\/niw.gov.pl\/en\/wp-json\/wp\/v2\/pages\/16182\/revisions"}],"predecessor-version":[{"id":24132,"href":"https:\/\/niw.gov.pl\/en\/wp-json\/wp\/v2\/pages\/16182\/revisions\/24132"}],"up":[{"embeddable":true,"href":"https:\/\/niw.gov.pl\/en\/wp-json\/wp\/v2\/pages\/16159"}],"wp:attachment":[{"href":"https:\/\/niw.gov.pl\/en\/wp-json\/wp\/v2\/media?parent=16182"}],"curies":[{"name":"wp","href":"https:\/\/api.w.org\/{rel}","templated":true}]}}