{"id":16187,"date":"2021-04-22T11:57:31","date_gmt":"2021-04-22T11:57:31","guid":{"rendered":"http:\/\/niw.gov.pl\/nasze-programy\/proo\/komitet-sterujaco-monitorujacy\/"},"modified":"2021-07-13T06:56:57","modified_gmt":"2021-07-13T06:56:57","slug":"steering-and-monitoring-committee","status":"publish","type":"page","link":"https:\/\/niw.gov.pl\/en\/our-programmes\/csodp\/steering-and-monitoring-committee\/","title":{"rendered":"Steering and Monitoring Committee"},"content":{"rendered":"<p>[vc_row][vc_column][vc_column_text]Komitet Steruj\u0105co-Monitoruj\u0105cy PROO zosta\u0142 powo\u0142any Zarz\u0105dzeniem nr 4 Przewodnicz\u0105cego Komitetu Po\u017cytku Publicznego z dnia 19 marca 2019 r.[\/vc_column_text][vc_column_text]<strong>Do zada\u0144 KSM nale\u017cy efektywna koordynacja realizacji Programu, w szczeg\u00f3lno\u015bci:<\/strong>[\/vc_column_text][vc_column_text el_class=&#8221;subpage&#8221;]<\/p>\n<ul>\n<li>opiniowanie zasad i warunk\u00f3w uzyskiwania dotacji,<\/li>\n<li>okresowe kontrolowanie post\u0119pu w osi\u0105ganiu cel\u00f3w Programu, na podstawie informacji przedk\u0142adanych przez NIW-CRSO,<\/li>\n<li>analizowanie wynik\u00f3w Programu pod k\u0105tem osi\u0105gania wyznaczonych cel\u00f3w oraz wynik\u00f3w ewaluacji zwi\u0105zanych z monitorowaniem realizacji Programu, w szczeg\u00f3lno\u015bci w przypadku gdy monitoring wyka\u017ce znacz\u0105ce odst\u0119pstwa od pocz\u0105tkowo okre\u015blonych cel\u00f3w lub gdy zg\u0142oszone zostan\u0105 propozycje zmian w Programie,<\/li>\n<li>prezentowanie uwag dotycz\u0105cych wdra\u017cania i ewaluacji Programu, jak r\u00f3wnie\u017c monitorowanie dzia\u0142a\u0144 podj\u0119tych w ich nast\u0119pstwie,<\/li>\n<li>analizowanie sprawozda\u0144 z realizacji Programu,<\/li>\n<li>przedk\u0142adanie NIW-CRSO propozycji zmian w Programie u\u0142atwiaj\u0105cych realizacj\u0119 jego cel\u00f3w,<\/li>\n<li>opiniowanie propozycji zmian w Programie przedk\u0142adanych przez NIW-CRSO,<\/li>\n<li>opiniowanie planu ewaluacji Programu,<\/li>\n<li>opiniowanie planu komunikacji Programu.<\/li>\n<\/ul>\n<p>[\/vc_column_text][vc_column_text]Obecnie Komitet pracuje w nast\u0119puj\u0105cym sk\u0142adzie (na podstawie Zarz\u0105dzenia nr 7 Przewodnicz\u0105cego Komitetu Po\u017cytku Publicznego z dnia 14 lutego 2020 r.):[\/vc_column_text][\/vc_column][\/vc_row][vc_row][vc_column][vc_custom_heading text=&#8221;Przedstawiciele administracji rz\u0105dowej:&#8221; font_container=&#8221;tag:h3|text_align:left&#8221; use_theme_fonts=&#8221;yes&#8221;][vc_empty_space][vc_column_text el_class=&#8221;subpage&#8221;]<\/p>\n<ul>\n<li>Rados\u0142aw Podogrocki \u2013 Przewodnicz\u0105cy Komitetu<\/li>\n<li>Olga Semeniuk<\/li>\n<li>Micha\u0142 P\u0142atek<\/li>\n<li>Piotr Mazurek<\/li>\n<li>Krzysztof Przekwas<\/li>\n<\/ul>\n<p>[\/vc_column_text][\/vc_column][\/vc_row][vc_row][vc_column][vc_custom_heading text=&#8221;Przedstawiciele organizacji obywatelskich rekomendowani przez Rad\u0119 NIW-CRSO:&#8221; font_container=&#8221;tag:h3|text_align:left&#8221; use_theme_fonts=&#8221;yes&#8221;][vc_empty_space][vc_column_text el_class=&#8221;subpage&#8221;]<\/p>\n<ul>\n<li>Wojciech Dec<\/li>\n<li>Bart\u0142omiej Orze\u0142<\/li>\n<li>Marcin Pasierbski<\/li>\n<li>Rafa\u0142 Wi\u0119ckiewicz<\/li>\n<li>Aleksander \u017bmuda-Trzebiatowski<\/li>\n<\/ul>\n<p>[\/vc_column_text][\/vc_column][\/vc_row][vc_row][vc_column][vc_column_text]Zobacz <a class=\"red\" href=\"http:\/\/niw.gov.pl\/nasze-programy\/proo\/komitet-sterujaco-monitorujacy\/protokoly-z-posiedzen-ksm\/\"><i class=\"fas fa-link\"><\/i> Protoko\u0142y z posiedze\u0144 KSM<\/a>[\/vc_column_text][\/vc_column][\/vc_row]<\/p>\n","protected":false},"excerpt":{"rendered":"<p>[vc_row][vc_column][vc_column_text]Komitet Steruj\u0105co-Monitoruj\u0105cy PROO zosta\u0142 powo\u0142any Zarz\u0105dzeniem nr 4 Przewodnicz\u0105cego Komitetu Po\u017cytku Publicznego z dnia 19 marca 2019 r.[\/vc_column_text][vc_column_text]Do zada\u0144 KSM nale\u017cy efektywna koordynacja realizacji Programu, w szczeg\u00f3lno\u015bci:[\/vc_column_text][vc_column_text el_class=&#8221;subpage&#8221;] opiniowanie zasad i warunk\u00f3w uzyskiwania dotacji, okresowe kontrolowanie post\u0119pu w osi\u0105ganiu cel\u00f3w Programu, na podstawie informacji przedk\u0142adanych przez NIW-CRSO, analizowanie wynik\u00f3w Programu pod k\u0105tem osi\u0105gania wyznaczonych cel\u00f3w<\/p>\n","protected":false},"author":46,"featured_media":0,"parent":16094,"menu_order":70,"comment_status":"closed","ping_status":"closed","template":"page-templates\/nasze_programy_sub_pages.php","meta":{"_acf_changed":false,"inline_featured_image":false,"footnotes":""},"class_list":["post-16187","page","type-page","status-publish","hentry"],"acf":[],"_links":{"self":[{"href":"https:\/\/niw.gov.pl\/en\/wp-json\/wp\/v2\/pages\/16187","targetHints":{"allow":["GET"]}}],"collection":[{"href":"https:\/\/niw.gov.pl\/en\/wp-json\/wp\/v2\/pages"}],"about":[{"href":"https:\/\/niw.gov.pl\/en\/wp-json\/wp\/v2\/types\/page"}],"author":[{"embeddable":true,"href":"https:\/\/niw.gov.pl\/en\/wp-json\/wp\/v2\/users\/46"}],"replies":[{"embeddable":true,"href":"https:\/\/niw.gov.pl\/en\/wp-json\/wp\/v2\/comments?post=16187"}],"version-history":[{"count":2,"href":"https:\/\/niw.gov.pl\/en\/wp-json\/wp\/v2\/pages\/16187\/revisions"}],"predecessor-version":[{"id":18387,"href":"https:\/\/niw.gov.pl\/en\/wp-json\/wp\/v2\/pages\/16187\/revisions\/18387"}],"up":[{"embeddable":true,"href":"https:\/\/niw.gov.pl\/en\/wp-json\/wp\/v2\/pages\/16094"}],"wp:attachment":[{"href":"https:\/\/niw.gov.pl\/en\/wp-json\/wp\/v2\/media?parent=16187"}],"curies":[{"name":"wp","href":"https:\/\/api.w.org\/{rel}","templated":true}]}}