{"id":16189,"date":"2021-04-22T11:58:19","date_gmt":"2021-04-22T11:58:19","guid":{"rendered":"http:\/\/niw.gov.pl\/nasze-programy\/proo\/komitet-sterujaco-monitorujacy\/protokoly-z-posiedzen-ksm\/"},"modified":"2023-06-23T14:37:21","modified_gmt":"2023-06-23T12:37:21","slug":"protokoly-z-posiedzen-ksm","status":"publish","type":"page","link":"https:\/\/niw.gov.pl\/en\/our-programmes\/csodp\/steering-and-monitoring-committee\/protokoly-z-posiedzen-ksm\/","title":{"rendered":"Protoko\u0142y z posiedze\u0144 KSM"},"content":{"rendered":"<p>[vc_row][vc_column]<div class=\"sort_options sort\">\n<div id=\"custom-search-input\">\n<div class=\"input-group search_result_search\">\n<input type=\"text\" id=\"keynews\" class=\"  search-query form-control\" placeholder=\"Enter search phrase\" \/>\n<span class=\"input-group-btn\">\n<button id=\"newsListKeyby\" class=\"btn\" type=\"button\">\n<i class=\"fas fa-search\"><\/i><\/button>\n<\/span>\n<\/div>\n<\/div>\n\n<div class=\"dropdown sort_options_all\">\n    <button id=\"newsListSortby\" type=\"button\" class=\"sort_btn dropdown-toggle1 search_result_sort\" data-toggle=\"dropdown\">\n      Sort by\n    <\/button>\n    <div class=\"dropdown-menu sort_drop\">\n      <a class=\"dropdown-item newssort\" href=\"javascript:void(0);\" data-sort=\"desc\">Latest<\/a>\n      <a class=\"dropdown-item newssort\" href=\"javascript:void(0);\" data-sort=\"asc\">The oldest<\/a>\n       <\/div>\n  <\/div>\n<\/div>\n\n\n\t\n\t<div class=\"fio_box\">\n<div class=\"fio_box_border\"><\/div>\n<div class=\"fio_date\">12 December 2025<\/div>\n<div class=\"fio_box_text\">\n<div class=\" fio_title\">Posiedzenie Komitetu z dnia 12.12.2025 r.<\/div>\nG\u0142\u00f3wnym tematem posiedzenia Komitetu by\u0142o zaopiniowanie projektu zmian w Programie Rozwoju Organizacji Obywatelskich PROO na lata 2018-2030.\n\n<a href=\"https:\/\/niw.gov.pl\/en\/ksmmeetings\/posiedzenie-komitetu-z-dnia-12-12-2025-r\/\"><button class=\"news_page_news_box_left_btn\" type=\"button\"> <img decoding=\"async\" src=\"https:\/\/niw.gov.pl\/wp-content\/themes\/niw\/images\/arrow6.png\" alt=\"arrow6.png\"><\/button><\/a>\n<\/div>\n\n<div class=\"clr\"><\/div><\/div>\n\t\n\t<div class=\"fio_box\">\n<div class=\"fio_box_border\"><\/div>\n<div class=\"fio_date\">06 October 2025<\/div>\n<div class=\"fio_box_text\">\n<div class=\" fio_title\">Posiedzenie Komitetu z dnia 06.10.2025 r.<\/div>\nG\u0142\u00f3wnym tematem posiedzenia Komitetu by\u0142o zaopiniowanie uwag zg\u0142oszonych do projektu Regulaminu konkursu Programu Rozwoju Organizacji Obywatelskich PROO na lata 2018-2030, edycja 2026.\n\n<a href=\"https:\/\/niw.gov.pl\/en\/ksmmeetings\/posiedzenie-komitetu-z-dnia-06-10-2025-r\/\"><button class=\"news_page_news_box_left_btn\" type=\"button\"> <img decoding=\"async\" src=\"https:\/\/niw.gov.pl\/wp-content\/themes\/niw\/images\/arrow6.png\" alt=\"arrow6.png\"><\/button><\/a>\n<\/div>\n\n<div class=\"clr\"><\/div><\/div>\n\t\n\t<div class=\"fio_box\">\n<div class=\"fio_box_border\"><\/div>\n<div class=\"fio_date\">23 June 2025<\/div>\n<div class=\"fio_box_text\">\n<div class=\" fio_title\">Posiedzenie Komitetu z dnia 23.06.2025 r.<\/div>\nG\u0142\u00f3wnym tematem posiedzenia Komitetu by\u0142o przedyskutowanie propozycji zmian w Programie PROO na lata 2021-2030 oraz om\u00f3wienie systemu oceny wniosk\u00f3w.\n\n<a href=\"https:\/\/niw.gov.pl\/en\/ksmmeetings\/posiedzenie-komitetu-z-dnia-23-06-2025-r\/\"><button class=\"news_page_news_box_left_btn\" type=\"button\"> <img decoding=\"async\" src=\"https:\/\/niw.gov.pl\/wp-content\/themes\/niw\/images\/arrow6.png\" alt=\"arrow6.png\"><\/button><\/a>\n<\/div>\n\n<div class=\"clr\"><\/div><\/div>\n  <nav aria-label=\"Page navigation\">\r\n\t\t\t<h2 id=\"posts-nav-label\" class=\"sr-only\">Posts navigation <\/h2>\r\n\t\t\t<ul class=\"pagination right \"><li class=\"page-item\"><span class=\"page-link previous empty\"><i class=\"fas fa-chevron-left\"><\/i><\/span><\/li><li class=\"page-item\"><span aria-current=\"page\" class=\"page-link  current\">1<\/span><\/li><li class=\"page-item\"><a class=\"page-link\" href=\"https:\/\/niw.gov.pl\/en\/wp-json\/wp\/v2\/pages\/16189\/page\/2\/\">2<\/a><\/li><li class=\"page-item\"><span class=\"page-link dots\">&hellip;<\/span><\/li><li class=\"page-item\"><a class=\"page-link\" href=\"https:\/\/niw.gov.pl\/en\/wp-json\/wp\/v2\/pages\/16189\/page\/5\/\">5<\/a><\/li><li class=\"page-item\"><a class=\"next page-link \" href=\"https:\/\/niw.gov.pl\/en\/wp-json\/wp\/v2\/pages\/16189\/page\/2\/\"><i class=\"fas fa-arrow-right\"><\/i><\/a><\/li><\/ul>\r\n\r\n\t\t<\/nav>\n   <div class=\"space_60\"><\/div>\n<div class=\"row\">\n\n  <div class=\"col-lg-12\">\n  \n<button class=\"red_btn history_btn1\"  onClick=\"javascript:history.go(-1)\" type=\"button\">Back<\/button>\n\n<span class=\"a2a_kit a2a_kit_size_32\" data-a2a-url=\"#\" data-a2a-title=\"Homing :: NIW\">\n<a class=\"addtoany\" href=\"#\"><button class=\"system_btn print_btn\" type=\"button\"> &nbsp; NOTIFY A FRIEND <\/button><\/a>\n\n<\/span><\/div><\/div>[\/vc_column][\/vc_row]<\/p>\n","protected":false},"excerpt":{"rendered":"<p>[vc_row][vc_column][\/vc_column][\/vc_row]<\/p>\n","protected":false},"author":46,"featured_media":0,"parent":16187,"menu_order":57,"comment_status":"closed","ping_status":"closed","template":"page-templates\/nasze_programy_sub_pages.php","meta":{"_acf_changed":false,"inline_featured_image":false,"footnotes":""},"class_list":["post-16189","page","type-page","status-publish","hentry"],"acf":[],"_links":{"self":[{"href":"https:\/\/niw.gov.pl\/en\/wp-json\/wp\/v2\/pages\/16189","targetHints":{"allow":["GET"]}}],"collection":[{"href":"https:\/\/niw.gov.pl\/en\/wp-json\/wp\/v2\/pages"}],"about":[{"href":"https:\/\/niw.gov.pl\/en\/wp-json\/wp\/v2\/types\/page"}],"author":[{"embeddable":true,"href":"https:\/\/niw.gov.pl\/en\/wp-json\/wp\/v2\/users\/46"}],"replies":[{"embeddable":true,"href":"https:\/\/niw.gov.pl\/en\/wp-json\/wp\/v2\/comments?post=16189"}],"version-history":[{"count":2,"href":"https:\/\/niw.gov.pl\/en\/wp-json\/wp\/v2\/pages\/16189\/revisions"}],"predecessor-version":[{"id":51485,"href":"https:\/\/niw.gov.pl\/en\/wp-json\/wp\/v2\/pages\/16189\/revisions\/51485"}],"up":[{"embeddable":true,"href":"https:\/\/niw.gov.pl\/en\/wp-json\/wp\/v2\/pages\/16187"}],"wp:attachment":[{"href":"https:\/\/niw.gov.pl\/en\/wp-json\/wp\/v2\/media?parent=16189"}],"curies":[{"name":"wp","href":"https:\/\/api.w.org\/{rel}","templated":true}]}}