{"id":16195,"date":"2021-03-26T14:03:14","date_gmt":"2021-03-26T14:03:14","guid":{"rendered":"http:\/\/niw.gov.pl\/nasze-programy\/nowefio\/nowefio-2021\/"},"modified":"2021-07-13T07:06:19","modified_gmt":"2021-07-13T07:06:19","slug":"edition-2021","status":"publish","type":"page","link":"https:\/\/niw.gov.pl\/en\/our-programmes\/newcif\/edition-2021\/","title":{"rendered":"Edition 2021"},"content":{"rendered":"<p>[vc_row][vc_column][vc_column_text]Celem g\u0142\u00f3wnym Programu NOWEFIO jest zwi\u0119kszenie zaanga\u017cowania obywateli i organizacji pozarz\u0105dowych w \u017cycie publiczne przez popraw\u0119 samoorganizacji spo\u0142ecznej, wzrost znaczenia sektora obywatelskiego w \u017cyciu publicznym oraz wzmocnienie instytucjonalne sektora obywatelskiego w Polsce.[\/vc_column_text][vc_column_text]Oferty o dofinansowanie mo\u017cna z\u0142o\u017cy\u0107 w ramach nast\u0119puj\u0105cych Priorytet\u00f3w:[\/vc_column_text][vc_column_text]<\/p>\n<div class=\"programs_all\">\n<div class=\"programs_all_no\">1.<\/div>\n<div class=\"programs_all_text\">\n<div class=\"programs_all_text_title\">Priorytet 1.<\/div>\n<p>Mikro-inicjatywy<\/p>\n<\/div>\n<\/div>\n<div class=\"programs_all\">\n<div class=\"programs_all_no\">2.<\/div>\n<div class=\"programs_all_text\">\n<div class=\"programs_all_text_title\">Priorytet 2.<\/div>\n<p>Organizacje obywatelskie na rzecz dobra wsp\u00f3lnego<\/p>\n<\/div>\n<\/div>\n<div class=\"programs_all\">\n<div class=\"programs_all_no\">3.<\/div>\n<div class=\"programs_all_text\">\n<div class=\"programs_all_text_title\">Priorytet 3.<\/div>\n<p>Organizacje obywatelskie w \u017cyciu publicznym<\/p>\n<\/div>\n<\/div>\n<div class=\"programs_all\">\n<div class=\"programs_all_no\">4.<\/div>\n<div class=\"programs_all_text\">\n<div class=\"programs_all_text_title\">Priorytet 4.<\/div>\n<p>Wzmocnienie kompetencji organizacji obywatelskich<\/p>\n<\/div>\n<\/div>\n<p>[\/vc_column_text][vc_column_text]Sk\u0142adane oferty maj\u0105 realizowa\u0107 cel g\u0142\u00f3wny Programu NOWEFIO, jakim jest zwi\u0119kszenie zaanga\u017cowania obywateli i organizacji pozarz\u0105dowych w \u017cycie publiczne przez popraw\u0119 samoorganizacji spo\u0142ecznej, wzrost znaczenia sektora obywatelskiego w \u017cyciu publicznym oraz wzmocnienie instytucjonalne sektora obywatelskiego w Polsce.[\/vc_column_text][vc_column_text]<strong>Nab\u00f3r trwa do 29 marca 2021 roku.<\/strong>Szczeg\u00f3\u0142y dotycz\u0105ce naboru znajduj\u0105 si\u0119 w poni\u017cszych dokumentach.[\/vc_column_text][vc_separator][vc_custom_heading text=&#8221;Dokumenty&#8221; font_container=&#8221;tag:h4|text_align:left&#8221; use_theme_fonts=&#8221;yes&#8221;][vc_empty_space][vc_column_text]Wi\u0119cej szczeg\u00f3\u0142\u00f3w o konkursie znajdziecie w:[\/vc_column_text][vc_row_inner][vc_column_inner width=&#8221;1\/2&#8243;]<div class=\"row\">\n\t\t\t\t<div class=\"col-lg-12 col-md-12 col-sm-12 media_text\">\n\t\t\t\t\t<div class=\"download_box\">\n\t\t\t\t<div class=\"download_text\">\n\t\t\t\t\t<a href=\"https:\/\/niw.gov.pl\/wp-content\/uploads\/2021\/04\/Ogloszenie-o-konkursie-NOWEFIO-2021.pdf\" download>Og\u0142oszeniu o konkursie<\/a><\/div><br><br><span><img decoding=\"async\" src=\"https:\/\/niw.gov.pl\/wp-content\/themes\/niw\/images\/PDF.png\" alt=\"PDF.png\"><\/button> 0.82MB<\/span><a href=\"https:\/\/niw.gov.pl\/wp-content\/uploads\/2021\/04\/Ogloszenie-o-konkursie-NOWEFIO-2021.pdf\" download><button class=\"download_btn\" type=\"button\"> <img decoding=\"async\" src=\"https:\/\/niw.gov.pl\/wp-content\/themes\/niw\/images\/arrow7.png\" alt=\"arrow7.png\"><\/button><\/a> <div class=\"clr\">\n\n<\/div><\/div>\n\t\t\t\t\t<div class=\"download_box\">\n\t\t\t\t<div class=\"download_text\">\n\t\t\t\t\t<a href=\"https:\/\/niw.gov.pl\/wp-content\/uploads\/2021\/04\/Regulamin-NOWE-FIO-2021-1.pdf\" download>Regulaminie konkursu<\/a><\/div><br><br><span><img decoding=\"async\" src=\"https:\/\/niw.gov.pl\/wp-content\/themes\/niw\/images\/PDF.png\" alt=\"PDF.png\"><\/button> 2.21MB<\/span><a href=\"https:\/\/niw.gov.pl\/wp-content\/uploads\/2021\/04\/Regulamin-NOWE-FIO-2021-1.pdf\" download><button class=\"download_btn\" type=\"button\"> <img decoding=\"async\" src=\"https:\/\/niw.gov.pl\/wp-content\/themes\/niw\/images\/arrow7.png\" alt=\"arrow7.png\"><\/button><\/a> <div class=\"clr\">\n\n<\/div><\/div><\/div><\/div>[\/vc_column_inner][vc_column_inner width=&#8221;1\/2&#8243;][\/vc_column_inner][\/vc_row_inner][vc_column_text]Zach\u0119camy tak\u017ce do zapoznania si\u0119 materia\u0142ami pomocniczymi dla organizacji zainteresowanych konkursem:[\/vc_column_text][vc_row_inner][vc_column_inner width=&#8221;1\/2&#8243;]<div class=\"row\">\n\t\t\t\t<div class=\"col-lg-12 col-md-12 col-sm-12 media_text\">\n\t\t\t\t\t<div class=\"download_box\">\n\t\t\t\t<div class=\"download_text\">\n\t\t\t\t\t<a href=\"https:\/\/niw.gov.pl\/wp-content\/uploads\/2021\/04\/Podrecznik-dla-Oferentow-2.pdf\" download>Podr\u0119cznikiem dla Oferent\u00f3w NOWEFIO 2021<\/a><\/div><br><br><span><img decoding=\"async\" src=\"https:\/\/niw.gov.pl\/wp-content\/themes\/niw\/images\/PDF.png\" alt=\"PDF.png\"><\/button> 0.93MB<\/span><a href=\"https:\/\/niw.gov.pl\/wp-content\/uploads\/2021\/04\/Podrecznik-dla-Oferentow-2.pdf\" download><button class=\"download_btn\" type=\"button\"> <img decoding=\"async\" src=\"https:\/\/niw.gov.pl\/wp-content\/themes\/niw\/images\/arrow7.png\" alt=\"arrow7.png\"><\/button><\/a> <div class=\"clr\">\n\n<\/div><\/div>\n\t\t\t\t\t<div class=\"download_box\">\n\t\t\t\t<div class=\"download_text\">\n\t\t\t\t\t<a href=\"https:\/\/niw.gov.pl\/wp-content\/uploads\/2021\/04\/FAQ-NOWEFIO-2021-1.pdf\" download>Najcz\u0119\u015bciej Zadawanymi Pytaniami<\/a><\/div><br><br><span><img decoding=\"async\" src=\"https:\/\/niw.gov.pl\/wp-content\/themes\/niw\/images\/PDF.png\" alt=\"PDF.png\"><\/button> 0.59MB<\/span><a href=\"https:\/\/niw.gov.pl\/wp-content\/uploads\/2021\/04\/FAQ-NOWEFIO-2021-1.pdf\" download><button class=\"download_btn\" type=\"button\"> <img decoding=\"async\" src=\"https:\/\/niw.gov.pl\/wp-content\/themes\/niw\/images\/arrow7.png\" alt=\"arrow7.png\"><\/button><\/a> <div class=\"clr\">\n\n<\/div><\/div>\n\t\t\t\t\t<div class=\"download_box\">\n\t\t\t\t<div class=\"download_text\">\n\t\t\t\t\t<a href=\"https:\/\/niw.gov.pl\/wp-content\/uploads\/2021\/04\/Oferta-z-pomoca-kontekstowa-FIO-2021.pdf\" download>Pomoc\u0105 kontekstow\u0105 do oferty<\/a><\/div><br><br><span><img decoding=\"async\" src=\"https:\/\/niw.gov.pl\/wp-content\/themes\/niw\/images\/PDF.png\" alt=\"PDF.png\"><\/button> 0.86MB<\/span><a href=\"https:\/\/niw.gov.pl\/wp-content\/uploads\/2021\/04\/Oferta-z-pomoca-kontekstowa-FIO-2021.pdf\" download><button class=\"download_btn\" type=\"button\"> <img decoding=\"async\" src=\"https:\/\/niw.gov.pl\/wp-content\/themes\/niw\/images\/arrow7.png\" alt=\"arrow7.png\"><\/button><\/a> <div class=\"clr\">\n\n<\/div><\/div>\n\t\t\t\t\t<div class=\"download_box\">\n\t\t\t\t<div class=\"download_text\">\n\t\t\t\t\t<a href=\"https:\/\/niw.gov.pl\/wp-content\/uploads\/2021\/04\/NOWEFIO-2021-Prezentacja-1-1.pdf\" download>Prezentacja Programu NOWEFIO<\/a><\/div><br><br><span><img decoding=\"async\" src=\"https:\/\/niw.gov.pl\/wp-content\/themes\/niw\/images\/PDF.png\" alt=\"PDF.png\"><\/button> 4.24MB<\/span><a href=\"https:\/\/niw.gov.pl\/wp-content\/uploads\/2021\/04\/NOWEFIO-2021-Prezentacja-1-1.pdf\" download><button class=\"download_btn\" type=\"button\"> <img decoding=\"async\" src=\"https:\/\/niw.gov.pl\/wp-content\/themes\/niw\/images\/arrow7.png\" alt=\"arrow7.png\"><\/button><\/a> <div class=\"clr\">\n\n<\/div><\/div>\n\t\t\t\t\t<div class=\"download_box\">\n\t\t\t\t<div class=\"download_text\">\n\t\t\t\t\t<a href=\"https:\/\/niw.gov.pl\/wp-content\/uploads\/2021\/04\/Zestawienie_uwag-2021-FIO.pdf\" download>Zestawieniem uwag z konsultacji spo\u0142ecznych NOWEFIO 2021<\/a><\/div><br><br><span><img decoding=\"async\" src=\"https:\/\/niw.gov.pl\/wp-content\/themes\/niw\/images\/PDF.png\" alt=\"PDF.png\"><\/button> 0.72MB<\/span><a href=\"https:\/\/niw.gov.pl\/wp-content\/uploads\/2021\/04\/Zestawienie_uwag-2021-FIO.pdf\" download><button class=\"download_btn\" type=\"button\"> <img decoding=\"async\" src=\"https:\/\/niw.gov.pl\/wp-content\/themes\/niw\/images\/arrow7.png\" alt=\"arrow7.png\"><\/button><\/a> <div class=\"clr\">\n\n<\/div><\/div><\/div><\/div>[\/vc_column_inner][vc_column_inner width=&#8221;1\/2&#8243;][\/vc_column_inner][\/vc_row_inner][\/vc_column][\/vc_row][vc_row][vc_column][vc_separator][vc_custom_heading text=&#8221;Wyniki oceny formalnej wniosk\u00f3w z\u0142o\u017conych w naborze 2021&#8243; font_container=&#8221;tag:h4|text_align:left&#8221; use_theme_fonts=&#8221;yes&#8221;][vc_empty_space][vc_column_text]Poni\u017cej zamieszczona zosta\u0142a lista ofert zakwalifikowanych do oceny merytorycznej w wyniku oceny formalnej a tak\u017ce lista ofert odrzuconych w wyniku oceny formalnej. Zgodnie z Regulaminem konkursu NOWEFIO 2021, Oferentom, kt\u00f3rych Oferty zosta\u0142y odrzucone przys\u0142uguje mo\u017cliwo\u015b\u0107 z\u0142o\u017cenia odwo\u0142ania do Przewodnicz\u0105cego Komitetu do spraw Po\u017cytku Publicznego, w terminie 3 dni roboczych od daty otrzymania wynik\u00f3w oceny formalnej, za po\u015brednictwem NIW-CRSO. Odwo\u0142anie nale\u017cy przes\u0142a\u0107:[\/vc_column_text][vc_column_text el_class=&#8221;subpage&#8221;]<\/p>\n<ul>\n<li>drog\u0105 pocztow\u0105;<\/li>\n<li>lub wys\u0142a\u0107 skan odwo\u0142ania drog\u0105 elektroniczn\u0105 na adres\u00a0<a class=\"red\" href=\"mailto:fio@niw.gov.pl\">fio@niw.gov.pl<\/a>;<\/li>\n<li>lub z\u0142o\u017cy\u0107 w punkcie podawczym NIW-CRSO: Narodowy Instytut Wolno\u015bci Centrum Rozwoju Spo\u0142ecze\u0144stwa Obywatelskiego 00-124 Warszawa Al. Jana Paw\u0142a II 12 z dopiskiem: odwo\u0142anie od oceny formalnej NOWEFIO 2021.<\/li>\n<\/ul>\n<p>[\/vc_column_text][vc_column_text]W przypadku drogi pocztowej decyduje data stempla pocztowego, w przypadku nadania przesy\u0142k\u0105 kuriersk\u0105 decyduje data wp\u0142ywu do NIW-CRSO. Odwo\u0142anie z\u0142o\u017cone po terminie nie zostanie rozpatrzone.[\/vc_column_text][vc_row_inner][vc_column_inner width=&#8221;1\/2&#8243;]<div class=\"row\">\n\t\t\t\t<div class=\"col-lg-12 col-md-12 col-sm-12 media_text\">\n\t\t\t\t\t<div class=\"download_box\">\n\t\t\t\t<div class=\"download_text\">\n\t\t\t\t\t<a href=\"https:\/\/niw.gov.pl\/wp-content\/uploads\/2021\/04\/Lista-ofert-zakwalifikowanych-do-oceny-merytorycznej-NFIO-2021-1.pdf\" download>Lista Ofert zakwalifikowanych do oceny merytorycznej \u2013 do pobrania<\/a><\/div><br><br><span><img decoding=\"async\" src=\"https:\/\/niw.gov.pl\/wp-content\/themes\/niw\/images\/PDF.png\" alt=\"PDF.png\"><\/button> 2.76MB<\/span><a href=\"https:\/\/niw.gov.pl\/wp-content\/uploads\/2021\/04\/Lista-ofert-zakwalifikowanych-do-oceny-merytorycznej-NFIO-2021-1.pdf\" download><button class=\"download_btn\" type=\"button\"> <img decoding=\"async\" src=\"https:\/\/niw.gov.pl\/wp-content\/themes\/niw\/images\/arrow7.png\" alt=\"arrow7.png\"><\/button><\/a> <div class=\"clr\">\n\n<\/div><\/div>\n\t\t\t\t\t<div class=\"download_box\">\n\t\t\t\t<div class=\"download_text\">\n\t\t\t\t\t<a href=\"https:\/\/niw.gov.pl\/wp-content\/uploads\/2021\/04\/Lista-ofert-negatywnych-formalnie-NFIO-2021-1.pdf\" download>Lista Ofert odrzuconych w wyniku oceny formalnej \u2013 do pobrania<\/a><\/div><br><br><span><img decoding=\"async\" src=\"https:\/\/niw.gov.pl\/wp-content\/themes\/niw\/images\/PDF.png\" alt=\"PDF.png\"><\/button> 0.60MB<\/span><a href=\"https:\/\/niw.gov.pl\/wp-content\/uploads\/2021\/04\/Lista-ofert-negatywnych-formalnie-NFIO-2021-1.pdf\" download><button class=\"download_btn\" type=\"button\"> <img decoding=\"async\" src=\"https:\/\/niw.gov.pl\/wp-content\/themes\/niw\/images\/arrow7.png\" alt=\"arrow7.png\"><\/button><\/a> <div class=\"clr\">\n\n<\/div><\/div><\/div><\/div>[\/vc_column_inner][vc_column_inner width=&#8221;1\/2&#8243;][\/vc_column_inner][\/vc_row_inner][\/vc_column][\/vc_row]<\/p>\n","protected":false},"excerpt":{"rendered":"<p>[vc_row][vc_column][vc_column_text]Celem g\u0142\u00f3wnym Programu NOWEFIO jest zwi\u0119kszenie zaanga\u017cowania obywateli i organizacji pozarz\u0105dowych w \u017cycie publiczne przez popraw\u0119 samoorganizacji spo\u0142ecznej, wzrost znaczenia sektora obywatelskiego w \u017cyciu publicznym oraz wzmocnienie instytucjonalne sektora obywatelskiego w Polsce.[\/vc_column_text][vc_column_text]Oferty o dofinansowanie mo\u017cna z\u0142o\u017cy\u0107 w ramach nast\u0119puj\u0105cych Priorytet\u00f3w:[\/vc_column_text][vc_column_text] 1. Priorytet 1. Mikro-inicjatywy 2. Priorytet 2. Organizacje obywatelskie na rzecz dobra wsp\u00f3lnego 3. Priorytet<\/p>\n","protected":false},"author":46,"featured_media":0,"parent":16193,"menu_order":35,"comment_status":"closed","ping_status":"closed","template":"page-templates\/nasze_programy_sub_pages.php","meta":{"_acf_changed":false,"inline_featured_image":false,"footnotes":""},"class_list":["post-16195","page","type-page","status-publish","hentry"],"acf":[],"_links":{"self":[{"href":"https:\/\/niw.gov.pl\/en\/wp-json\/wp\/v2\/pages\/16195","targetHints":{"allow":["GET"]}}],"collection":[{"href":"https:\/\/niw.gov.pl\/en\/wp-json\/wp\/v2\/pages"}],"about":[{"href":"https:\/\/niw.gov.pl\/en\/wp-json\/wp\/v2\/types\/page"}],"author":[{"embeddable":true,"href":"https:\/\/niw.gov.pl\/en\/wp-json\/wp\/v2\/users\/46"}],"replies":[{"embeddable":true,"href":"https:\/\/niw.gov.pl\/en\/wp-json\/wp\/v2\/comments?post=16195"}],"version-history":[{"count":2,"href":"https:\/\/niw.gov.pl\/en\/wp-json\/wp\/v2\/pages\/16195\/revisions"}],"predecessor-version":[{"id":18395,"href":"https:\/\/niw.gov.pl\/en\/wp-json\/wp\/v2\/pages\/16195\/revisions\/18395"}],"up":[{"embeddable":true,"href":"https:\/\/niw.gov.pl\/en\/wp-json\/wp\/v2\/pages\/16193"}],"wp:attachment":[{"href":"https:\/\/niw.gov.pl\/en\/wp-json\/wp\/v2\/media?parent=16195"}],"curies":[{"name":"wp","href":"https:\/\/api.w.org\/{rel}","templated":true}]}}