{"id":16200,"date":"2021-04-14T07:21:18","date_gmt":"2021-04-14T07:21:18","guid":{"rendered":"http:\/\/niw.gov.pl\/nasze-programy\/nowefio\/komitet-sterujaco-monitorujacy\/protokoly-z-posiedzen-ksm\/"},"modified":"2025-11-14T11:44:12","modified_gmt":"2025-11-14T10:44:12","slug":"protokoly-z-posiedzen-ksm","status":"publish","type":"page","link":"https:\/\/niw.gov.pl\/en\/our-programmes\/newcif\/steering-and-monitoring-committee\/protokoly-z-posiedzen-ksm\/","title":{"rendered":"Protoko\u0142y z posiedze\u0144 KSM"},"content":{"rendered":"<p>[vc_row][vc_column][vc_column_text]<strong>POSIEDZENIE KOMITETU<\/strong> <strong>Z DNIA 10.10.2025 r.<\/strong><\/p>\n<p>G\u0142\u00f3wnym tematem posiedzenia Komitetu by\u0142o om\u00f3wienie uwag zg\u0142oszonych w ramach konsultacji spo\u0142ecznych projektu regulaminu konkursu NOWEFIO na rok 2026.<\/p>\n<p>&nbsp;<\/p>\n<p><a href=\"https:\/\/niw.gov.pl\/wp-content\/uploads\/2025\/11\/Protokol-z-10-posiedzenia-KSM-10.10.2025-1.pdf\">Protok\u00f3\u0142 z X posiedzenia KSM 10.10.2025<\/a><\/p>\n<hr \/>\n<p>&nbsp;<\/p>\n<p><strong>POSIEDZENIE KOMITETU<\/strong> <strong>Z DNIA 19.08.2025 r.<\/strong><\/p>\n<p>G\u0142\u00f3wnym tematem posiedzenia Komitetu by\u0142o om\u00f3wienie propozycji zmian w Programie NOWEFIO na lata 2021-2030 oraz om\u00f3wienie propozycji co do Regulaminu NOWEFIO 2025 w edycji 2026.<\/p>\n<p>&nbsp;<\/p>\n<p><a href=\"https:\/\/niw.gov.pl\/wp-content\/uploads\/2025\/09\/Protokol-z-9-posiedzenia-KSM-19.08.2025-1.pdf\">Protok\u00f3\u0142 z IX posiedzenia KSM 19.08.2025<\/a><\/p>\n<hr \/>\n<p>&nbsp;<\/p>\n<p><strong>POSIEDZENIE KOMITETU<\/strong> <strong>Z DNIA 07.05.2025 r.<\/strong><\/p>\n<p>G\u0142\u00f3wnym tematem posiedzenia Komitetu by\u0142o przedstawienie nowego sk\u0142adu KSM NOWEFIO, om\u00f3wienie stanu wdra\u017cania Programu NOWEFIO &#8211; rozstrzygni\u0119cie konkursu w edycji 2025 oraz propozycje zmian w Programie Fundusz Inicjatyw Obywatelskich NOWEFIO na lata 2021-2030.<\/p>\n<p>&nbsp;<\/p>\n<p><a href=\"https:\/\/niw.gov.pl\/wp-content\/uploads\/2025\/06\/Protokol-z-VIII-posiedzenia-KSM-07.05.2025.pdf\">Protok\u00f3\u0142 z VIII posiedzenia KSM 07.05.2025<\/a><\/p>\n<hr \/>\n<p>&nbsp;<\/p>\n<p><strong>POSIEDZENIE KOMITETU<\/strong> <strong>Z DNIA 25.10.2023 r.<\/strong><\/p>\n<p>G\u0142\u00f3wnym tematem posiedzenia Komitetu by\u0142 wyb\u00f3r przedstawiciela KSM NOWEFIO do Komisji Konkursowej w edycji 2024 oraz prezentacja raportu z ewaluacji okresowej Rz\u0105dowego Programu Fundusz Inicjatyw Obywatelskich na lata 2021-2030 (NOWEFIO) priorytety 2 i 3.<\/p>\n<p>&nbsp;<\/p>\n<p><a href=\"https:\/\/niw.gov.pl\/wp-content\/uploads\/2023\/11\/UCHWALA-NR-3-2023.pdf\">UCHWA\u0141A NR 3 2023<\/a><\/p>\n<p><a href=\"https:\/\/niw.gov.pl\/wp-content\/uploads\/2023\/11\/Protokol-z-VII-posiedzenia-KSM-25.10.2023.pdf\">Protok\u00f3\u0142 z VII posiedzenia KSM 25.10.2023<\/a><\/p>\n<hr \/>\n<p>&nbsp;<\/p>\n<p><strong>POSIEDZENIE KOMITETU<\/strong> <strong>Z DNIA 24.07.2023 r.<\/strong><\/p>\n<p>G\u0142\u00f3wnym tematem posiedzenia Komitetu by\u0142o om\u00f3wienie uwag zg\u0142oszonych podczas konsultacji spo\u0142ecznych oraz zaopiniowanie regulaminu konkursu NOWEFIO na 2024 rok.<\/p>\n<p>&nbsp;<\/p>\n<p><a href=\"https:\/\/niw.gov.pl\/wp-content\/uploads\/2023\/07\/UCHWALA-NR-2_2023-KSM-FIO-Opinia-nr.-regulaminu-NOWEFIO-2024-scalona.pdf\">Uchwa\u0142a KSM NOWEFIO 2\/2023<\/a><a href=\"https:\/\/niw.gov.pl\/wp-content\/uploads\/2023\/11\/Protokol-z-VII-posiedzenia-KSM-25.10.2023.pdf\">Protok\u00f3\u0142 z VII posiedzenia KSM 25.10.2023<\/a><\/p>\n<p><a href=\"https:\/\/niw.gov.pl\/wp-content\/uploads\/2023\/09\/Protokol-z-VI-posiedzenia-KSM-24.07.2023.pdf\">Protok\u00f3\u0142 VI posiedzenia KSM NOWEFIO 24.07.2023<\/a><\/p>\n<hr \/>\n<p>&nbsp;<\/p>\n<p><strong>POSIEDZENIE KOMITETU Z DNIA 13 MARCA 2023 R.<\/strong><\/p>\n<p>Podczas V posiedzenia Komitetu Steruj\u0105co- Monitoruj\u0105cego Programu NOWEFIO om\u00f3wiono stan realizacji Programu NOWEFIO &#8211; konkurs w edycji 2023, wybrano przedstawiciela KSM NOWEFIO do Komisji Konkursowej NOWEFIO 2023 oraz zaprezentowano projekt systemowy zrealizowany w ramach Priorytetu 4, NOWEFIO edycja 2021 GoEconomy 2.0 Klaster Innowacji Spo\u0142ecznych.<\/p>\n<p>&nbsp;<\/p>\n<p><a href=\"https:\/\/niw.gov.pl\/wp-content\/uploads\/2023\/04\/Protokol-z-V-posiedzenia-KSM-13.03.2023.pdf\">Protok\u00f3\u0142 V posiedzenia KSM NOWEFIO 13.03.2023<\/a><\/p>\n<p><a href=\"https:\/\/niw.gov.pl\/wp-content\/uploads\/2023\/04\/UCHWALA-NR-1-2023.pdf\">Uchwa\u0142a nr 1-2023<\/a><\/p>\n<hr \/>\n<p>&nbsp;<\/p>\n<p><strong>POSIEDZENIE KOMITETU Z DNIA 8 LISTOPADA 2022 R.<\/strong><\/p>\n<p>Podczas IV posiedzenia Komitetu Steruj\u0105co- Monitoruj\u0105cego Programu NOWEFIO om\u00f3wiono projekt Regulaminu konkursu NOWEFIO w edycji 2023 oraz uwagi zg\u0142oszone do niego w ramach konsultacji spo\u0142ecznych.<\/p>\n<p>&nbsp;<\/p>\n<p><a href=\"https:\/\/niw.gov.pl\/wp-content\/uploads\/2023\/01\/Protokol-IV-KSM-NOWEFIO-8.11.2022.pdf\" target=\"_blank\" rel=\"noopener\">Protok\u00f3\u0142 IV posiedzenia KSM NOWEFIO 8.11.2022<\/a><\/p>\n<hr \/>\n<p>&nbsp;<\/p>\n<p><strong>POSIEDZENIE KOMITETU Z DNIA 19 MAJA 2022 R.<\/strong><\/p>\n<p>Podczas III posiedzenia Komitetu Steruj\u0105co- Monitoruj\u0105cego Programu NOWEFIO om\u00f3wiono dzia\u0142ania realizowane na rzecz uchod\u017ac\u00f3w z Ukrainy w ramach Rz\u0105dowego Programu NOWEFIO Priorytet 1 oraz podsumowano rozstrzygni\u0119cie konkursu NOWEFIO w edycji 2022.<\/p>\n<p>&nbsp;<\/p>\n<p><a href=\"https:\/\/niw.gov.pl\/wp-content\/uploads\/2022\/07\/Protokol-III-KSM-NoweFIO-19.05.2022.pdf\">Protok\u00f3\u0142 z III posiedzenia KSM NOWEFIO 19.05.2022<\/a><\/p>\n<hr \/>\n<p><strong>POSIEDZENIE KOMITETU Z DNIA 28 STYCZNIA 2022 R.<\/strong><\/p>\n<p>Podsumowanie naboru ofert Programu NOWEFIO edycja 2022 oraz om\u00f3wienie ewaluacji ex-post Programu FIO na lata 2014-2020 by\u0142y g\u0142\u00f3wnymi tematami, kt\u00f3re om\u00f3wione na II posiedzeniu Komitetu Steruj\u0105co- Monitoruj\u0105cego Programu NOWEFIO.<\/p>\n<p>&nbsp;<\/p>\n<p><a href=\"https:\/\/niw.gov.pl\/wp-content\/uploads\/2022\/04\/Protokol-II-KSM-NoweFIO-28.01.2022.pdf\">Protok\u00f3\u0142 z II posiedzenia KSM NOWEFIO 28.01.2022<\/a><\/p>\n<hr \/>\n<p><strong>POSIEDZENIE KOMITETU Z DNIA 16 LISTOPADA 2021 R.<\/strong><\/p>\n<p>Poni\u017cej znajduje si\u0119 lista uchwa\u0142 podj\u0119tych na pierwszym posiedzeniu Komitetu- Steruj\u0105co Monitoruj\u0105cego Programu NOWEFIO w dniu 16 listopada 2021 r.:<\/p>\n<p>&nbsp;<\/p>\n<p><a href=\"https:\/\/niw.gov.pl\/wp-content\/uploads\/2022\/01\/UCHWALA-NR-1.pdf\">Uchwa\u0142a nr 1-2021<\/a><\/p>\n<p><a href=\"https:\/\/niw.gov.pl\/wp-content\/uploads\/2022\/01\/UCHWALA-NR-2.pdf\">Uchwa\u0142a nr 2-2021<\/a><\/p>\n<p><a href=\"https:\/\/niw.gov.pl\/wp-content\/uploads\/2022\/01\/UCHWALA-NR-3.pdf\">Uchwa\u0142a nr 3-2021<\/a><\/p>\n<p><a href=\"https:\/\/niw.gov.pl\/wp-content\/uploads\/2022\/01\/Protokol-z-1-posiedzenia-KSM-16.11.2021-.pdf\">Protok\u00f3\u0142 z I posiedzenia KSM 16.11.2021<\/a>[\/vc_column_text][\/vc_column][\/vc_row][vc_row][vc_column]<div class=\"sort_options sort\">\n<div id=\"custom-search-input\">\n<div class=\"input-group search_result_search\">\n<input type=\"text\" id=\"keynews\" class=\"  search-query form-control\" placeholder=\"Enter search phrase\" \/>\n<span class=\"input-group-btn\">\n<button id=\"newsListKeyby\" class=\"btn\" type=\"button\">\n<i class=\"fas fa-search\"><\/i><\/button>\n<\/span>\n<\/div>\n<\/div>\n\n<div class=\"dropdown sort_options_all\">\n    <button id=\"newsListSortby\" type=\"button\" class=\"sort_btn dropdown-toggle1 search_result_sort\" data-toggle=\"dropdown\">\n      Sort by\n    <\/button>\n    <div class=\"dropdown-menu sort_drop\">\n      <a class=\"dropdown-item newssort\" href=\"javascript:void(0);\" data-sort=\"desc\">Latest<\/a>\n      <a class=\"dropdown-item newssort\" href=\"javascript:void(0);\" data-sort=\"asc\">The oldest<\/a>\n       <\/div>\n  <\/div>\n<\/div>\n\n\n\t\n\t<div class=\"fio_box\">\n<div class=\"fio_box_border\"><\/div>\n<div class=\"fio_date\">24 July 2023<\/div>\n<div class=\"fio_box_text\">\n<div class=\" fio_title\">Posiedzenie Komitetu z dnia 24.07.2023 r.<\/div>\nG\u0142\u00f3wnym tematem posiedzenia Komitetu by\u0142o om\u00f3wienie uwag zg\u0142oszonych podczas konsultacji spo\u0142ecznych oraz zaopiniowanie regulaminu konkursu NOWEFIO na 2024 rok.\n\n<a href=\"https:\/\/niw.gov.pl\/en\/ksmmeetings\/posiedzenie-komitetu-z-dnia-24-07-2023-r\/\"><button class=\"news_page_news_box_left_btn\" type=\"button\"> <img decoding=\"async\" src=\"https:\/\/niw.gov.pl\/wp-content\/themes\/niw\/images\/arrow6.png\" alt=\"arrow6.png\"><\/button><\/a>\n<\/div>\n\n<div class=\"clr\"><\/div><\/div>\n  \n   <div class=\"space_60\"><\/div>\n<div class=\"row\">\n\n  <div class=\"col-lg-12\">\n  \n<button class=\"red_btn history_btn1\"  onClick=\"javascript:history.go(-1)\" type=\"button\">Back<\/button>\n\n<span class=\"a2a_kit a2a_kit_size_32\" data-a2a-url=\"#\" data-a2a-title=\"Homing :: NIW\">\n<a class=\"addtoany\" href=\"#\"><button class=\"system_btn print_btn\" type=\"button\"> &nbsp; NOTIFY A FRIEND <\/button><\/a>\n\n<\/span><\/div><\/div>[\/vc_column][\/vc_row][vc_row][vc_column][vc_column_text]<\/p>\n<p>&nbsp;<\/p>\n<p>[\/vc_column_text][\/vc_column][\/vc_row]<\/p>\n","protected":false},"excerpt":{"rendered":"<p>[vc_row][vc_column][vc_column_text]POSIEDZENIE KOMITETU Z DNIA 10.10.2025 r. G\u0142\u00f3wnym tematem posiedzenia Komitetu by\u0142o om\u00f3wienie uwag zg\u0142oszonych w ramach konsultacji spo\u0142ecznych projektu regulaminu konkursu NOWEFIO na rok 2026. &nbsp; Protok\u00f3\u0142 z X posiedzenia KSM 10.10.2025 &nbsp; POSIEDZENIE KOMITETU Z DNIA 19.08.2025 r. G\u0142\u00f3wnym tematem posiedzenia Komitetu by\u0142o om\u00f3wienie propozycji zmian w Programie NOWEFIO na lata 2021-2030 oraz om\u00f3wienie<\/p>\n","protected":false},"author":46,"featured_media":0,"parent":16199,"menu_order":124,"comment_status":"closed","ping_status":"closed","template":"page-templates\/nasze_programy_sub_pages.php","meta":{"_acf_changed":false,"inline_featured_image":false,"footnotes":""},"class_list":["post-16200","page","type-page","status-publish","hentry"],"acf":[],"_links":{"self":[{"href":"https:\/\/niw.gov.pl\/en\/wp-json\/wp\/v2\/pages\/16200","targetHints":{"allow":["GET"]}}],"collection":[{"href":"https:\/\/niw.gov.pl\/en\/wp-json\/wp\/v2\/pages"}],"about":[{"href":"https:\/\/niw.gov.pl\/en\/wp-json\/wp\/v2\/types\/page"}],"author":[{"embeddable":true,"href":"https:\/\/niw.gov.pl\/en\/wp-json\/wp\/v2\/users\/46"}],"replies":[{"embeddable":true,"href":"https:\/\/niw.gov.pl\/en\/wp-json\/wp\/v2\/comments?post=16200"}],"version-history":[{"count":20,"href":"https:\/\/niw.gov.pl\/en\/wp-json\/wp\/v2\/pages\/16200\/revisions"}],"predecessor-version":[{"id":66459,"href":"https:\/\/niw.gov.pl\/en\/wp-json\/wp\/v2\/pages\/16200\/revisions\/66459"}],"up":[{"embeddable":true,"href":"https:\/\/niw.gov.pl\/en\/wp-json\/wp\/v2\/pages\/16199"}],"wp:attachment":[{"href":"https:\/\/niw.gov.pl\/en\/wp-json\/wp\/v2\/media?parent=16200"}],"curies":[{"name":"wp","href":"https:\/\/api.w.org\/{rel}","templated":true}]}}