{"id":16206,"date":"2021-03-26T13:57:51","date_gmt":"2021-03-26T13:57:51","guid":{"rendered":"http:\/\/niw.gov.pl\/nasze-programy\/korpus-solidarnosci\/konkurs-partnerstwo-dla-wolontariatu\/"},"modified":"2021-07-13T07:14:11","modified_gmt":"2021-07-13T07:14:11","slug":"partnership-for-volunteering-2021-2023","status":"publish","type":"page","link":"https:\/\/niw.gov.pl\/en\/our-programmes\/solidarity-corps\/partnership-for-volunteering-2021-2023\/","title":{"rendered":"Partnership for Volunteering 2021-2023"},"content":{"rendered":"<p>[vc_row][vc_column][vc_custom_heading text=&#8221;OTWARTY KONKURS OFERT \u201ePARTNERSTWO DLA WOLONTARIATU\u201d&#8221; use_theme_fonts=&#8221;yes&#8221;][vc_empty_space][vc_column_text]Dyrektor Narodowego Instytutu Wolno\u015bci \u2013 Centrum Rozw\u00f3j Spo\u0142ecze\u0144stwa Obywatelskiego og\u0142asza otwarty konkurs ofert\u00a0<strong>Partnerstwo dla Wolontariatu\u00a0<\/strong>w ramach \u201eKorpusu Solidarno\u015bci \u2013 Programu Wspierania i Rozwoju Wolontariatu D\u0142ugoterminowego na lata 2018-2030\u201d.[\/vc_column_text][\/vc_column][\/vc_row][vc_row][vc_column][vc_custom_heading text=&#8221;Program Korpus Solidarno\u015bci ma za zadanie:&#8221; font_container=&#8221;tag:h3|text_align:left&#8221; use_theme_fonts=&#8221;yes&#8221;][vc_empty_space][vc_column_text el_class=&#8221;subpage&#8221;]<\/p>\n<ul>\n<li>wdra\u017ca\u0107 rozwi\u0105zania gwarantuj\u0105ce d\u0142ugofalowe wsparcie i rozw\u00f3j wolontariatu d\u0142ugoterminowego w Polsce;<\/li>\n<li>realizowa\u0107 dzia\u0142ania prowadz\u0105ce do poszerzenie grona os\u00f3b zajmuj\u0105cych si\u0119 wolontariatem;<\/li>\n<li>wspiera\u0107 instytucje organizuj\u0105ce wolontariat;<\/li>\n<li>podnosi\u0107 rang\u0119 aktywno\u015bci wolontariackiej;<\/li>\n<li>wzbudza\u0107 zainteresowanie wolontariatem i zach\u0119ca\u0107 obywateli do zaanga\u017cowania si\u0119 w tak\u0105 dzia\u0142alno\u015b\u0107.<\/li>\n<\/ul>\n<p>[\/vc_column_text][vc_column_text]Celem Konkursu\u00a0<strong>Partnerstwo dla Wolontariatu<\/strong>\u00a0jest\u00a0<strong>wyb\u00f3r 16 Partner\u00f3w<\/strong>\u00a0(po 1 z ka\u017cdego wojew\u00f3dztwa), kt\u00f3rzy b\u0119d\u0105 wspiera\u0107 realizacj\u0119 Programu.[\/vc_column_text][\/vc_column][\/vc_row][vc_row][vc_column][vc_custom_heading text=&#8221;Konkurs kierowany jest do:&#8221; font_container=&#8221;tag:h3|text_align:left&#8221; use_theme_fonts=&#8221;yes&#8221;][vc_empty_space][vc_column_text el_class=&#8221;subpage&#8221;]<\/p>\n<ul>\n<li>organizacji pozarz\u0105dowych, o kt\u00f3rych mowa w art. 3 ust. 2 UoDPPiW, w tym w szczeg\u00f3lno\u015bci stowarzyszenia (w tym stowarzyszenia zwyk\u0142e), zwi\u0105zki stowarzysze\u0144, fundacje oraz jednostki terenowe organizacji pozarz\u0105dowych posiadaj\u0105ce osobowo\u015b\u0107 prawn\u0105;<\/li>\n<li>os\u00f3b prawnych i jednostek organizacyjnych dzia\u0142aj\u0105cych na podstawie przepis\u00f3w o stosunku Pa\u0144stwa do Ko\u015bcio\u0142a Katolickiego w Rzeczpospolitej Polskiej, o stosunku Pa\u0144stwa do innych ko\u015bcio\u0142\u00f3w i zwi\u0105zk\u00f3w wyznaniowych oraz gwarancjach wolno\u015bci sumienia i wyznania, je\u017celi ich cele statutowe obejmuj\u0105 prowadzenie dzia\u0142alno\u015bci po\u017cytku publicznego;<\/li>\n<li>sp\u00f3\u0142ek akcyjnych i sp\u00f3\u0142ek z ograniczon\u0105 odpowiedzialno\u015bci\u0105 oraz klub\u00f3w sportowych b\u0119d\u0105cych sp\u00f3\u0142kami dzia\u0142aj\u0105cymi na podstawie przepis\u00f3w ustawy z dnia 25 czerwca 2010r. o sporcie (t.j. Dz. U. z 2018 r. poz. 1263), kt\u00f3re nie dzia\u0142aj\u0105 w celu osi\u0105gni\u0119cia zysku oraz przeznaczaj\u0105 ca\u0142o\u015b\u0107 dochodu na realizacj\u0119 cel\u00f3w statutowych oraz nie przeznaczaj\u0105 zysku do podzia\u0142u mi\u0119dzy swoich udzia\u0142owc\u00f3w, akcjonariuszy i pracownik\u00f3w.<\/li>\n<\/ul>\n<p>[\/vc_column_text][vc_column_text]Konkurs ma nieco inn\u0105 formu\u0142\u0119 ni\u017c zazwyczaj obowi\u0105zuj\u0105ca. Organizatorzy nie oczekuj\u0105 od Wnioskodawc\u00f3w autorskich propozycji dzia\u0142a\u0144, definiowania grup odbiorc\u00f3w, szacowania kosztorysu. Elementy te s\u0105 okre\u015blone i zapisane w\u00a0<a class=\"red\" href=\"http:\/\/niw.gov.pl\/wp-content\/uploads\/2021\/04\/dokument_programowy__Korpus_Solidarnosci.pdf\"><i class=\"far fa-file-pdf\"><\/i> Programie Korpusu Solidarno\u015bci<\/a>\u00a0oraz\u00a0<a class=\"red\" href=\"http:\/\/niw.gov.pl\/wp-content\/uploads\/2021\/04\/KS_Partnerstwo-dla-Wolontariatu-REGULAMIN.pdf\"><i class=\"far fa-file-pdf\"><\/i> Regulaminie Konkursu<\/a>. W za\u0142o\u017conych ofertach oceniane b\u0119dzie do\u015bwiadczenie Wnioskodawc\u00f3w, potencja\u0142 do realizacji zada\u0144 okre\u015blonych w Programie oraz propozycje ich przygotowania i organizacji.[\/vc_column_text][vc_column_text]Wnioskodawca mo\u017ce si\u0119 ubiega\u0107 o dofinansowanie w\u00a0<strong>wysoko\u015bci 175\u00a0380 z\u0142otych<\/strong>, a w ramach realizacji projektu nie ma konieczno\u015bci wykazania wk\u0142adu w\u0142asnego. Dotacja zostanie przyznana na\u00a0<strong>realizacj\u0119 dzia\u0142a\u0144 od lipca 2019 do grudnia 2020 roku<\/strong>.\u00a0 W ramach dotacji wybrani Partnerzy zorganizuj\u0105 aktywno\u015bci zdefiniowane we wniosku konkursowym i adresowane do grup odbiorc\u00f3w okre\u015blonych w Programie, w tym wolontariuszy, koordynator\u00f3w, organizator\u00f3w wolontariatu oraz otoczenia wolontariatu.[\/vc_column_text][\/vc_column][\/vc_row][vc_row][vc_column][vc_empty_space][vc_column_text]<strong>Oferty nale\u017cy sk\u0142ada\u0107 wy\u0142\u0105cznie w formie elektronicznej za po\u015brednictwem Systemu Obs\u0142ugi Dotacji. Nab\u00f3r wniosk\u00f3w trwa\u00a0od 29.04.2019 do 20.05.2019 do godziny 14:00.<\/strong>[\/vc_column_text][vc_empty_space][vc_column_text]Wi\u0119cej informacji na temat konkursu mo\u017cna uzyska\u0107\u00a0<strong>od poniedzia\u0142ku do pi\u0105tku<\/strong>\u00a0w godz.\u00a0<strong>9:00 \u2013 15:00<\/strong>\u00a0pod numerem infolinii:\u00a0<a class=\"red\" href=\"tel:+48\u00a0885\u00a0221\u00a0530\">+48\u00a0885\u00a0221\u00a0530<\/a>\u00a0oraz pod adresem poczty elektronicznej:\u00a0<a class=\"red\" href=\"mailto:korpussolidarnosci@niw.gov.pl\">korpussolidarnosci@niw.gov.pl<\/a>[\/vc_column_text][vc_empty_space][\/vc_column][\/vc_row][vc_row][vc_column width=&#8221;7\/12&#8243;][vc_custom_heading text=&#8221;FAQ&#8221; font_container=&#8221;tag:h3|text_align:left&#8221; use_theme_fonts=&#8221;yes&#8221; el_class=&#8221;black&#8221;][vc_column_text]<\/p>\n<div class=\"space_20\"><\/div>\n<p>Masz pytanie? Zobacz w najcz\u0119\u015bciej zadawanych pytaniach!<\/p>\n<p>[\/vc_column_text][vc_column_text]<\/p>\n<div class=\"space_20\"><\/div>\n<p><a href=\"http:\/\/niw.gov.pl\/nasze-programy\/korpus-solidarnosci\/faq\/\"><button class=\"red_btn history_btn1\" type=\"button\">zobacz<\/button><\/a>[\/vc_column_text][\/vc_column][vc_column width=&#8221;5\/12&#8243;][vc_single_image image=&#8221;376&#8243; img_size=&#8221;full&#8221;][\/vc_column][\/vc_row][vc_row][vc_column][vc_custom_heading text=&#8221;ZAPIS WEBINARIUM&#8221; font_container=&#8221;tag:h3|text_align:left&#8221; use_theme_fonts=&#8221;yes&#8221;][vc_empty_space][vc_column_text css=&#8221;.vc_custom_1619516069004{padding-left: 10px !important;}&#8221;]<a class=\"red\" href=\"https:\/\/www.youtube.com\/watch?v=FViMP-t0pJI&amp;t=2s\" target=\"_blank\" rel=\"noopener noreferrer nofollow\"><i class=\"fab fa-youtube\"><\/i> 5 krok\u00f3w do z\u0142o\u017cenia wniosku<\/a>[\/vc_column_text][\/vc_column][\/vc_row][vc_row][vc_column][vc_custom_heading text=&#8221;DOKUMENTY KONKURSOWE&#8221; font_container=&#8221;tag:h3|text_align:left&#8221; use_theme_fonts=&#8221;yes&#8221;][vc_empty_space][vc_row_inner][vc_column_inner width=&#8221;1\/3&#8243;]<div class=\"row\">\n\t\t\t\t<div class=\"col-lg-12 col-md-12 col-sm-12 media_text\">\n\t\t\t\t\t<div class=\"download_box\">\n\t\t\t\t<div class=\"download_text\">\n\t\t\t\t\t<a href=\"https:\/\/niw.gov.pl\/wp-content\/uploads\/2021\/04\/KS_Partnerstwo-dla-Wolontariatu-REGULAMIN-1.pdf\" download>Regulamin Konkursu<\/a><\/div><br><br><span><img decoding=\"async\" src=\"https:\/\/niw.gov.pl\/wp-content\/themes\/niw\/images\/PDF.png\" alt=\"PDF.png\"><\/button> 1.56MB<\/span><a href=\"https:\/\/niw.gov.pl\/wp-content\/uploads\/2021\/04\/KS_Partnerstwo-dla-Wolontariatu-REGULAMIN-1.pdf\" download><button class=\"download_btn\" type=\"button\"> <img decoding=\"async\" src=\"https:\/\/niw.gov.pl\/wp-content\/themes\/niw\/images\/arrow7.png\" alt=\"arrow7.png\"><\/button><\/a> <div class=\"clr\">\n\n<\/div><\/div><\/div><\/div>[\/vc_column_inner][vc_column_inner width=&#8221;1\/3&#8243;]<div class=\"row\">\n\t\t\t\t<div class=\"col-lg-12 col-md-12 col-sm-12 media_text\">\n\t\t\t\t\t<div class=\"download_box\">\n\t\t\t\t<div class=\"download_text\">\n\t\t\t\t\t<a href=\"https:\/\/niw.gov.pl\/wp-content\/uploads\/2021\/04\/KS_Umowa-konkurs_29042019.pdf\" download>Umowa o dotacj\u0119<\/a><\/div><br><br><span><img decoding=\"async\" src=\"https:\/\/niw.gov.pl\/wp-content\/themes\/niw\/images\/PDF.png\" alt=\"PDF.png\"><\/button> 0.55MB<\/span><a href=\"https:\/\/niw.gov.pl\/wp-content\/uploads\/2021\/04\/KS_Umowa-konkurs_29042019.pdf\" download><button class=\"download_btn\" type=\"button\"> <img decoding=\"async\" src=\"https:\/\/niw.gov.pl\/wp-content\/themes\/niw\/images\/arrow7.png\" alt=\"arrow7.png\"><\/button><\/a> <div class=\"clr\">\n\n<\/div><\/div><\/div><\/div>[\/vc_column_inner][vc_column_inner width=&#8221;1\/3&#8243;][\/vc_column_inner][\/vc_row_inner][\/vc_column][\/vc_row][vc_row][vc_column][vc_custom_heading text=&#8221;WYNIKI KONKURSU&#8221; font_container=&#8221;tag:h3|text_align:left&#8221; use_theme_fonts=&#8221;yes&#8221;][vc_empty_space]<div class=\"row\">\n\t\t\t\t<div class=\"col-lg-12 col-md-12 col-sm-12 media_text\">\n\t\t\t\t\t\n\t\t\t\t\t\n\t\t\t\t\t<div class=\"programs_links\"><a href=\"https:\/\/niw.gov.pl\/wp-content\/uploads\/2021\/04\/Partnerstwo_dla_Wolontariatu_ocena_merytoryczna_zakwalifikowane.pdf\" download><button class=\"link_btn\" type=\"button\"> <img decoding=\"async\" src=\"https:\/\/niw.gov.pl\/wp-content\/themes\/niw\/images\/ic_link.png\" alt=\"ic_link.png\"> <\/button> Lista wniosk\u00f3w zakwalifikowanych do realizacji<\/a>\n<\/div>\n\n\n\t\t\t\t\t\n\t\t\t\t\t\n\t\t\t\t\t\n\t\t\t\t\t<div class=\"programs_links\"><a href=\"https:\/\/niw.gov.pl\/wp-content\/uploads\/2021\/04\/Partnerstwo_dla_Wolontariatu_ocena_merytoryczna_rezerwowe.pdf\" download><button class=\"link_btn\" type=\"button\"> <img decoding=\"async\" src=\"https:\/\/niw.gov.pl\/wp-content\/themes\/niw\/images\/ic_link.png\" alt=\"ic_link.png\"> <\/button> Lista wniosk\u00f3w rezerwowych<\/a>\n<\/div>\n\n\n\t\t\t\t\t\n\t\t\t\t\t\n\t\t\t\t\t\n\t\t\t\t\t<div class=\"programs_links\"><a href=\"https:\/\/niw.gov.pl\/wp-content\/uploads\/2021\/04\/Partnerstwo_dla_Wolontariatu_ocena_merytoryczna_odrzucone.pdf\" download><button class=\"link_btn\" type=\"button\"> <img decoding=\"async\" src=\"https:\/\/niw.gov.pl\/wp-content\/themes\/niw\/images\/ic_link.png\" alt=\"ic_link.png\"> <\/button> Lista wniosk\u00f3w odrzuconych \u2013 niezakwalifikowanych<\/a>\n<\/div>\n\n\n\t\t\t\t\t<\/div><\/div>[\/vc_column][\/vc_row]<\/p>\n","protected":false},"excerpt":{"rendered":"<p>[vc_row][vc_column][vc_custom_heading text=&#8221;OTWARTY KONKURS OFERT \u201ePARTNERSTWO DLA WOLONTARIATU\u201d&#8221; use_theme_fonts=&#8221;yes&#8221;][vc_empty_space][vc_column_text]Dyrektor Narodowego Instytutu Wolno\u015bci \u2013 Centrum Rozw\u00f3j Spo\u0142ecze\u0144stwa Obywatelskiego og\u0142asza otwarty konkurs ofert\u00a0Partnerstwo dla Wolontariatu\u00a0w ramach \u201eKorpusu Solidarno\u015bci \u2013 Programu Wspierania i Rozwoju Wolontariatu D\u0142ugoterminowego na lata 2018-2030\u201d.[\/vc_column_text][\/vc_column][\/vc_row][vc_row][vc_column][vc_custom_heading text=&#8221;Program Korpus Solidarno\u015bci ma za zadanie:&#8221; font_container=&#8221;tag:h3|text_align:left&#8221; use_theme_fonts=&#8221;yes&#8221;][vc_empty_space][vc_column_text el_class=&#8221;subpage&#8221;] wdra\u017ca\u0107 rozwi\u0105zania gwarantuj\u0105ce d\u0142ugofalowe wsparcie i rozw\u00f3j wolontariatu d\u0142ugoterminowego w Polsce;<\/p>\n","protected":false},"author":46,"featured_media":0,"parent":16204,"menu_order":200,"comment_status":"closed","ping_status":"closed","template":"page-templates\/nasze_programy_sub_pages.php","meta":{"_acf_changed":false,"inline_featured_image":false,"footnotes":""},"class_list":["post-16206","page","type-page","status-publish","hentry"],"acf":[],"_links":{"self":[{"href":"https:\/\/niw.gov.pl\/en\/wp-json\/wp\/v2\/pages\/16206","targetHints":{"allow":["GET"]}}],"collection":[{"href":"https:\/\/niw.gov.pl\/en\/wp-json\/wp\/v2\/pages"}],"about":[{"href":"https:\/\/niw.gov.pl\/en\/wp-json\/wp\/v2\/types\/page"}],"author":[{"embeddable":true,"href":"https:\/\/niw.gov.pl\/en\/wp-json\/wp\/v2\/users\/46"}],"replies":[{"embeddable":true,"href":"https:\/\/niw.gov.pl\/en\/wp-json\/wp\/v2\/comments?post=16206"}],"version-history":[{"count":2,"href":"https:\/\/niw.gov.pl\/en\/wp-json\/wp\/v2\/pages\/16206\/revisions"}],"predecessor-version":[{"id":18408,"href":"https:\/\/niw.gov.pl\/en\/wp-json\/wp\/v2\/pages\/16206\/revisions\/18408"}],"up":[{"embeddable":true,"href":"https:\/\/niw.gov.pl\/en\/wp-json\/wp\/v2\/pages\/16204"}],"wp:attachment":[{"href":"https:\/\/niw.gov.pl\/en\/wp-json\/wp\/v2\/media?parent=16206"}],"curies":[{"name":"wp","href":"https:\/\/api.w.org\/{rel}","templated":true}]}}