{"id":16210,"date":"2021-03-26T13:56:35","date_gmt":"2021-03-26T13:56:35","guid":{"rendered":"http:\/\/niw.gov.pl\/nasze-programy\/korpus-solidarnosci\/konkurs-partnerstwo-dla-wolontariatu\/lokalne-partnerstwo-dla-wolontariatu-edycja-2021-2023\/"},"modified":"2021-10-28T18:34:27","modified_gmt":"2021-10-28T16:34:27","slug":"lokalne-partnerstwo-dla-wolontariatu-edycja-2021-2023","status":"publish","type":"page","link":"https:\/\/niw.gov.pl\/en\/our-programmes\/solidarity-corps\/partnership-for-volunteering-2021-2023\/lokalne-partnerstwo-dla-wolontariatu-edycja-2021-2023\/","title":{"rendered":"Lokalne Partnerstwo dla Wolontariatu + wyniki konkursu"},"content":{"rendered":"<p>[vc_row][vc_column][vc_single_image image=&#8221;14078&#8243; img_size=&#8221;full&#8221;][vc_column_text]<strong>Rozpocz\u0105\u0142 si\u0119 nab\u00f3r wniosk\u00f3w w Konkursie Lokalne Partnerstwo dla Wolontariatu edycja 2021 \u2013 2023 w ramach Korpusu Solidarno\u015bci \u2013 Programu Wspierania i Rozwoju Wolontariatu D\u0142ugoterminowego na lata 2018 \u2013 2030.<\/strong>[\/vc_column_text][vc_column_text]Celem konkursu jest wyb\u00f3r\u00a0Partner\u00f3w Lokalnych deklaruj\u0105cych realizacj\u0119 Programu na terenie co najmniej jednego powiatu.[\/vc_column_text][vc_empty_space][vc_column_text]<\/p>\n<h3>Konkurs skierowany jest do:<\/h3>\n<p>[\/vc_column_text][vc_column_text el_class=&#8221;subpage&#8221;]<\/p>\n<ul>\n<li>organizacji pozarz\u0105dowych, o kt\u00f3rych mowa w art. 3 ust. 2 UoDPPiW, w tym w szczeg\u00f3lno\u015bci stowarzysze\u0144 (w tym stowarzysze\u0144 zwyk\u0142ych), zwi\u0105zk\u00f3w stowarzysze\u0144, fundacji oraz jednostek terenowych organizacji pozarz\u0105dowych posiadaj\u0105cych osobowo\u015b\u0107 prawn\u0105;<\/li>\n<li>os\u00f3b prawnych i jednostek organizacyjnych dzia\u0142aj\u0105cych na podstawie przepis\u00f3w o stosunku Pa\u0144stwa do Ko\u015bcio\u0142a Katolickiego w Rzeczypospolitej Polskiej, o stosunku Pa\u0144stwa do innych ko\u015bcio\u0142\u00f3w i zwi\u0105zk\u00f3w wyznaniowych oraz o gwarancjach wolno\u015bci sumienia i wyznania, je\u017celi ich cele statutowe obejmuj\u0105 prowadzenie dzia\u0142alno\u015bci po\u017cytku publicznego;<\/li>\n<li>sp\u00f3\u0142ek akcyjnych i sp\u00f3\u0142ek z ograniczon\u0105 odpowiedzialno\u015bci\u0105 oraz klub\u00f3w sportowych b\u0119d\u0105cych sp\u00f3\u0142kami dzia\u0142aj\u0105cymi na podstawie przepis\u00f3w ustawy z dnia 25 czerwca 2010 r. o sporcie (t.j. Dz. U. z 2020 r. poz. 1133), kt\u00f3re nie dzia\u0142aj\u0105 w celu osi\u0105gni\u0119cia zysku oraz przeznaczaj\u0105 ca\u0142o\u015b\u0107 dochodu na realizacj\u0119 cel\u00f3w statutowych oraz nie przeznaczaj\u0105 zysku do podzia\u0142u mi\u0119dzy swoich udzia\u0142owc\u00f3w, akcjonariuszy i pracownik\u00f3w;<\/li>\n<li>sp\u00f3\u0142dzielni socjalnych.<\/li>\n<\/ul>\n<p>[\/vc_column_text][vc_column_text]Konkurs utrzymuje swoj\u0105 dotychczasow\u0105 formu\u0142\u0119. Nie oczekujemy od Wnioskodawc\u00f3w tworzenia kategorii dzia\u0142a\u0144, definiowania grup odbiorc\u00f3w, czy szacowania kosztorysu. Elementy te s\u0105 okre\u015blone i zapisane w\u00a0<a href=\"https:\/\/niw.gov.pl\/wp-content\/uploads\/2019\/05\/dokument_programowy__Korpus_Solidarnosci.pdf\" target=\"_blank\" rel=\"noopener\"><strong>Programie Korpusu Solidarno\u015bci<\/strong><\/a>\u00a0oraz\u00a0<a href=\"https:\/\/www.korpussolidarnosci.gov.pl\/data\/domains\/1\/pl\/filemanager_files\/lokalne-parrtnerstwo-dla-wolontariatu-edycja-2.pdf\" target=\"_blank\" rel=\"noopener nofollow\"><strong>Regulaminie Konkursu<\/strong><\/a>. W z\u0142o\u017conych ofertach oceniane b\u0119dzie do\u015bwiadczenie Wnioskodawc\u00f3w, potencja\u0142 do realizacji zada\u0144 okre\u015blonych w Programie oraz propozycje ich przygotowania i organizacji.[\/vc_column_text][vc_column_text]Wnioskodawca mo\u017ce si\u0119 ubiega\u0107 o dofinansowanie w\u00a0<strong>wysoko\u015bci 156\u00a0000 z\u0142 z\u0142otych<\/strong>, bez konieczno\u015bci wykazania wk\u0142adu w\u0142asnego. Dotacja zostanie przyznana na\u00a0<strong>realizacj\u0119 dzia\u0142a\u0144 od stycznia 2021 do grudnia 2023 roku<\/strong>.\u00a0 W ramach dotacji wybrany Partner zorganizuje aktywno\u015bci zdefiniowane we wniosku konkursowym i adresowane do grup odbiorc\u00f3w okre\u015blonych w Programie, w tym wolontariuszy, koordynator\u00f3w, organizator\u00f3w wolontariatu oraz otoczenia wolontariatu.[\/vc_column_text][vc_column_text]<\/p>\n<h4><strong>Oferty nale\u017cy sk\u0142ada\u0107 wy\u0142\u0105cznie w formie elektronicznej za po\u015brednictwem\u00a0<a href=\"https:\/\/generator.niw.gov.pl\/\" target=\"_blank\" rel=\"noopener\">Systemu Obs\u0142ugi Dotacji<\/a>.<\/strong><strong><br \/>\nNab\u00f3r wniosk\u00f3w trwa od 08.12.2020 do 30.12.2020 do godziny 16:00.<\/strong><\/h4>\n<p>[\/vc_column_text][\/vc_column][\/vc_row][vc_row][vc_column][vc_custom_heading text=&#8221;KONKURS ZOSTA\u0141 ROZSTRZYGNI\u0118TY | WYNIKI KONKURSU:&#8221; font_container=&#8221;tag:h3|text_align:left&#8221; use_theme_fonts=&#8221;yes&#8221;]<div class=\"row\">\n\t\t\t\t<div class=\"col-lg-12 col-md-12 col-sm-12 media_text\">\n\t\t\t\t\t\n\t\t\t\t\t\n\t\t\t\t\t<div class=\"programs_links\"><a href=\"\" download><button class=\"link_btn\" type=\"button\"> <img decoding=\"async\" src=\"https:\/\/niw.gov.pl\/wp-content\/themes\/niw\/images\/ic_link.png\" alt=\"ic_link.png\"> <\/button> Lista wniosk\u00f3w zakwalifikowanych do realizacji<\/a>\n<\/div>\n\n\n\t\t\t\t\t\n\t\t\t\t\t\n\t\t\t\t\t\n\t\t\t\t\t<div class=\"programs_links\"><a href=\"https:\/\/niw.gov.pl\/wp-content\/uploads\/2021\/04\/Wyniki-oceny-merytorycznej_Lokalne-Partnerstwo-dla-Wolontariatu-edycja-2021-2023_LISTA-REZERWOWYCH.pdf\" download><button class=\"link_btn\" type=\"button\"> <img decoding=\"async\" src=\"https:\/\/niw.gov.pl\/wp-content\/themes\/niw\/images\/ic_link.png\" alt=\"ic_link.png\"> <\/button> Lista wniosk\u00f3w rezerwowych<\/a>\n<\/div>\n\n\n\t\t\t\t\t<\/div><\/div>[vc_column_text]Informacja o wynikach oceny formalnej oraz merytorycznej zosta\u0142a udost\u0119pniona wszystkim wnioskodawcom w\u00a0<a class=\"red\" href=\"https:\/\/generator.niw.gov.pl\/\">Systemie Obs\u0142ugi Dotacji<\/a>\u00a0oraz przes\u0142ana na adres poczty elektronicznej podany we wniosku.[\/vc_column_text][\/vc_column][\/vc_row][vc_row][vc_column][vc_separator][vc_column_text]Wi\u0119cej informacji na temat Konkursu mo\u017cna uzyska\u0107\u00a0<strong>od poniedzia\u0142ku do pi\u0105tku<\/strong>\u00a0pisz\u0105c na adres poczty elektronicznej:\u00a0<strong><a class=\"red\" href=\"mailto:korpussolidarnosci@niw.gov.pl\">korpussolidarnosci@niw.gov.pl<\/a><\/strong>\u00a0lub pod numerem infolinii \u00a0<a class=\"red\" href=\"tel:+48\u00a0885\u00a0221\u00a0530\">+48\u00a0885\u00a0221\u00a0530<\/a> w godz. 10:00 \u2013 15:00.[\/vc_column_text][\/vc_column][\/vc_row]<\/p>\n","protected":false},"excerpt":{"rendered":"<p>[vc_row][vc_column][vc_single_image image=&#8221;14078&#8243; img_size=&#8221;full&#8221;][vc_column_text]Rozpocz\u0105\u0142 si\u0119 nab\u00f3r wniosk\u00f3w w Konkursie Lokalne Partnerstwo dla Wolontariatu edycja 2021 \u2013 2023 w ramach Korpusu Solidarno\u015bci \u2013 Programu Wspierania i Rozwoju Wolontariatu D\u0142ugoterminowego na lata 2018 \u2013 2030.[\/vc_column_text][vc_column_text]Celem konkursu jest wyb\u00f3r\u00a0Partner\u00f3w Lokalnych deklaruj\u0105cych realizacj\u0119 Programu na terenie co najmniej jednego powiatu.[\/vc_column_text][vc_empty_space][vc_column_text] Konkurs skierowany jest do: [\/vc_column_text][vc_column_text el_class=&#8221;subpage&#8221;] organizacji pozarz\u0105dowych, o kt\u00f3rych<\/p>\n","protected":false},"author":46,"featured_media":0,"parent":16206,"menu_order":138,"comment_status":"closed","ping_status":"closed","template":"page-templates\/nasze_programy_sub_pages.php","meta":{"_acf_changed":false,"inline_featured_image":false,"footnotes":""},"class_list":["post-16210","page","type-page","status-publish","hentry"],"acf":[],"_links":{"self":[{"href":"https:\/\/niw.gov.pl\/en\/wp-json\/wp\/v2\/pages\/16210","targetHints":{"allow":["GET"]}}],"collection":[{"href":"https:\/\/niw.gov.pl\/en\/wp-json\/wp\/v2\/pages"}],"about":[{"href":"https:\/\/niw.gov.pl\/en\/wp-json\/wp\/v2\/types\/page"}],"author":[{"embeddable":true,"href":"https:\/\/niw.gov.pl\/en\/wp-json\/wp\/v2\/users\/46"}],"replies":[{"embeddable":true,"href":"https:\/\/niw.gov.pl\/en\/wp-json\/wp\/v2\/comments?post=16210"}],"version-history":[{"count":3,"href":"https:\/\/niw.gov.pl\/en\/wp-json\/wp\/v2\/pages\/16210\/revisions"}],"predecessor-version":[{"id":23058,"href":"https:\/\/niw.gov.pl\/en\/wp-json\/wp\/v2\/pages\/16210\/revisions\/23058"}],"up":[{"embeddable":true,"href":"https:\/\/niw.gov.pl\/en\/wp-json\/wp\/v2\/pages\/16206"}],"wp:attachment":[{"href":"https:\/\/niw.gov.pl\/en\/wp-json\/wp\/v2\/media?parent=16210"}],"curies":[{"name":"wp","href":"https:\/\/api.w.org\/{rel}","templated":true}]}}