{"id":16216,"date":"2021-03-26T14:02:37","date_gmt":"2021-03-26T14:02:37","guid":{"rendered":"http:\/\/niw.gov.pl\/nasze-programy\/korpus-solidarnosci\/konkurs-partnerstwo-dla-wolontariatu\/konkurs-uzupelniajacy-partnerstwo-dla-wolontariatu-woj-lubuskie\/"},"modified":"2021-05-18T13:39:09","modified_gmt":"2021-05-18T13:39:09","slug":"konkurs-uzupelniajacy-partnerstwo-dla-wolontariatu-woj-lubuskie","status":"publish","type":"page","link":"https:\/\/niw.gov.pl\/en\/our-programmes\/solidarity-corps\/partnership-for-volunteering-2021-2023\/konkurs-uzupelniajacy-partnerstwo-dla-wolontariatu-woj-lubuskie\/","title":{"rendered":"Konkurs Uzupe\u0142niaj\u0105cy Partnerstwo dla Wolontariatu: woj. lubuskie"},"content":{"rendered":"<p>[vc_row][vc_column][vc_column_text]<\/p>\n<h4>Trwa nab\u00f3r wniosk\u00f3w w\u00a0<strong>Konkursie uzupe\u0142niaj\u0105cym Partnerstwo dla Wolontariatu\u00a0<\/strong><strong>na wyb\u00f3r Partnera Programu na terenie woj. lubuskiego\u00a0<\/strong>w ramach Korpusu Solidarno\u015bci \u2013 Programu Wspierania i Rozwoju Wolontariatu D\u0142ugoterminowego na lata 2018-2030.<\/h4>\n<p>[\/vc_column_text][vc_single_image image=&#8221;14112&#8243; img_size=&#8221;full&#8221;][vc_column_text]Celem Konkursu jest wyb\u00f3r\u00a0<strong>1 Partnera do prowadzenia i realizowania dzia\u0142a\u0144 w woj. lubuskim<\/strong>\u00a0przewidzianych w ramach Programu. Do\u0142\u0105czy on do grona 15 Partner\u00f3w Regionalnych Korpusu Solidarno\u015bci by wsp\u00f3lnie szerzy\u0107 ide\u0119 wolontariatu d\u0142ugoterminowego w Polsce.[\/vc_column_text][vc_column_text]Do udzia\u0142u zapraszamy organizacje, kt\u00f3re posiadaj\u0105 w ww. wojew\u00f3dztwie zarejestrowan\u0105 siedzib\u0119 oraz biuro, a tak\u017ce\u00a0<strong><u>organizacje z wojew\u00f3dztw bezpo\u015brednio s\u0105siaduj\u0105cych z woj. lubuskim<\/u><\/strong><strong>,\u00a0<\/strong>tj.:[\/vc_column_text][vc_column_text el_class=&#8221;subpage&#8221;]<\/p>\n<ul>\n<li>woj. zachodnio-pomorskie,<\/li>\n<li>woj. wielkopolskie,<\/li>\n<li>woj. dolno\u015bl\u0105skie.<\/li>\n<\/ul>\n<p>[\/vc_column_text][vc_column_text]<strong>Konkurs kierowany jest do:<\/strong>[\/vc_column_text][vc_column_text el_class=&#8221;subpage&#8221;]<\/p>\n<ul>\n<li>organizacji pozarz\u0105dowych, o kt\u00f3rych mowa w art. 3 ust. 2 UoDPPiW, w tym w szczeg\u00f3lno\u015bci stowarzyszenia (w tym stowarzyszenia zwyk\u0142e), zwi\u0105zki stowarzysze\u0144, fundacje oraz jednostki terenowe organizacji pozarz\u0105dowych posiadaj\u0105ce osobowo\u015b\u0107 prawn\u0105;<\/li>\n<li>os\u00f3b prawnych i jednostek organizacyjnych dzia\u0142aj\u0105cych na podstawie przepis\u00f3w o stosunku Pa\u0144stwa do Ko\u015bcio\u0142a Katolickiego w Rzeczpospolitej Polskiej, o stosunku Pa\u0144stwa do innych ko\u015bcio\u0142\u00f3w i zwi\u0105zk\u00f3w wyznaniowych oraz gwarancjach wolno\u015bci sumienia i wyznania, je\u017celi ich cele statutowe obejmuj\u0105 prowadzenie dzia\u0142alno\u015bci po\u017cytku publicznego;<\/li>\n<li>sp\u00f3\u0142ek akcyjnych i sp\u00f3\u0142ek z ograniczon\u0105 odpowiedzialno\u015bci\u0105 oraz klub\u00f3w sportowych b\u0119d\u0105cych sp\u00f3\u0142kami dzia\u0142aj\u0105cymi na podstawie przepis\u00f3w ustawy z dnia 25 czerwca 2010r. o sporcie (t.j. Dz. U. z 2018 r. poz. 1263), kt\u00f3re nie dzia\u0142aj\u0105 w celu osi\u0105gni\u0119cia zysku oraz przeznaczaj\u0105 ca\u0142o\u015b\u0107 dochodu na realizacj\u0119 cel\u00f3w statutowych oraz nie przeznaczaj\u0105 zysku do podzia\u0142u mi\u0119dzy swoich udzia\u0142owc\u00f3w, akcjonariuszy i pracownik\u00f3w;<\/li>\n<li>sp\u00f3\u0142dzielni socjalnych.<\/li>\n<\/ul>\n<p>[\/vc_column_text][vc_column_text]Konkurs ma nieco inn\u0105 formu\u0142\u0119 ni\u017c zazwyczaj obowi\u0105zuj\u0105ca. Nie oczekujemy od Wnioskodawc\u00f3w autorskich propozycji dzia\u0142a\u0144, definiowania grup odbiorc\u00f3w, szacowania kosztorysu. Elementy te s\u0105 okre\u015blone i zapisane w\u00a0<a class=\"red\" href=\"http:\/\/niw.gov.pl\/wp-content\/uploads\/2019\/05\/dokument_programowy__Korpus_Solidarnosci.pdf\"> Programie Korpusu Solidarno\u015bci<\/a>\u00a0oraz\u00a0<a class=\"red\" href=\"http:\/\/niw.gov.pl\/wp-content\/uploads\/2019\/10\/KS_Konkurs-Uzupe%C5%82niaj%C4%85cy-Partnerstwo-dla-Wolontariatu_woj.-lubuskie-REGULAMIN.pdf\"> Regulaminie Konkursu<\/a>. W z\u0142o\u017conych ofertach oceniane b\u0119dzie do\u015bwiadczenie Wnioskodawc\u00f3w, potencja\u0142 do realizacji zada\u0144 okre\u015blonych w Programie oraz propozycje ich przygotowania i organizacji.[\/vc_column_text][vc_column_text]Wnioskodawca mo\u017ce si\u0119 ubiega\u0107 o dofinansowanie w\u00a0<strong>wysoko\u015bci 87 690 z\u0142otych<\/strong>, a w ramach realizacji projektu nie ma konieczno\u015bci wykazania wk\u0142adu w\u0142asnego. Dotacja zostanie przyznana na\u00a0<strong>realizacj\u0119 dzia\u0142a\u0144 od stycznia 2020 do grudnia 2020 roku<\/strong>.\u00a0 W ramach dotacji wybrany Partner zorganizuje aktywno\u015bci zdefiniowane we wniosku konkursowym i adresowane do grup odbiorc\u00f3w okre\u015blonych w Programie, w tym wolontariuszy, koordynator\u00f3w, organizator\u00f3w wolontariatu oraz otoczenia wolontariatu.[\/vc_column_text][vc_column_text]<\/p>\n<h4>Oferty nale\u017cy sk\u0142ada\u0107 wy\u0142\u0105cznie w formie elektronicznej za po\u015brednictwem <a class=\"red\" href=\"https:\/\/generator.niw.gov.pl\/\">Systemu Obs\u0142ugi Dotacji<\/a>. Nab\u00f3r wniosk\u00f3w trwa\u00a0<strong>od 30.10.2019 do 20.11.2019 do godziny 12:00<\/strong><\/h4>\n<p>[\/vc_column_text][vc_column_text]Wi\u0119cej informacji na temat konkursu mo\u017cna uzyska\u0107\u00a0<strong>od poniedzia\u0142ku do pi\u0105tku<\/strong>\u00a0w godz.\u00a0<strong>9:00 \u2013 15:00<\/strong>\u00a0pod numerem infolinii:\u00a0<a class=\"red\" href=\"tel:+48\u00a0885\u00a0221\u00a0530\">+48\u00a0885\u00a0221\u00a0530<\/a>\u00a0oraz pisz\u0105c na adres poczty elektronicznej:\u00a0<a class=\"red\" href=\"mailto:korpussolidarnosci@niw.gov.pl\">korpussolidarnosci@niw.gov.pl<\/a>[\/vc_column_text][vc_column_text]Zapraszamy r\u00f3wnie\u017c do zapoznania si\u0119 z Webinarium \u201e5 krok\u00f3w do z\u0142o\u017cenia wniosku w konkursie Partnerstwo dla Wolontariatu\u201d.[\/vc_column_text][\/vc_column][\/vc_row][vc_row][vc_column][vc_custom_heading text=&#8221;ZAPIS WEBINARIUM&#8221; font_container=&#8221;tag:h3|text_align:left&#8221; use_theme_fonts=&#8221;yes&#8221;][vc_empty_space][vc_column_text css=&#8221;.vc_custom_1619516069004{padding-left: 10px !important;}&#8221;]<a class=\"red\" href=\"https:\/\/www.youtube.com\/watch?v=FViMP-t0pJI&amp;t=2s\" target=\"_blank\" rel=\"noopener noreferrer nofollow\"><i class=\"fab fa-youtube\"><\/i> 5 krok\u00f3w do z\u0142o\u017cenia wniosku<\/a>[\/vc_column_text][\/vc_column][\/vc_row][vc_row][vc_column][vc_custom_heading text=&#8221;DOKUMENTY KONKURSOWE&#8221; font_container=&#8221;tag:h3|text_align:left&#8221; use_theme_fonts=&#8221;yes&#8221;][vc_empty_space]<div class=\"row\">\n\t\t\t\t<div class=\"col-lg-12 col-md-12 col-sm-12 media_text\">\n\t\t\t\t\t\n\t\t\t\t\t\n\t\t\t\t\t<div class=\"programs_links\"><a href=\"https:\/\/niw.gov.pl\/wp-content\/uploads\/2021\/04\/KS_Konkurs-Uzupelniajacy-Partnerstwo-dla-Wolontariatu_woj.-lubuskie-REGULAMIN.pdf\" download><button class=\"link_btn\" type=\"button\"> <img decoding=\"async\" src=\"https:\/\/niw.gov.pl\/wp-content\/themes\/niw\/images\/ic_link.png\" alt=\"ic_link.png\"> <\/button> Regulamin Konkursu<\/a>\n<\/div>\n\n\n\t\t\t\t\t\n\t\t\t\t\t\n\t\t\t\t\t\n\t\t\t\t\t<div class=\"programs_links\"><a href=\"https:\/\/niw.gov.pl\/wp-content\/uploads\/2021\/04\/KS_Konkurs-Uzupelniajacy-Partnerstwo-dla-Wolontariatu_woj.-lubuskie-WZOR-UMOWY.pdf\" download><button class=\"link_btn\" type=\"button\"> <img decoding=\"async\" src=\"https:\/\/niw.gov.pl\/wp-content\/themes\/niw\/images\/ic_link.png\" alt=\"ic_link.png\"> <\/button> Umowa o dotacj\u0119<\/a>\n<\/div>\n\n\n\t\t\t\t\t<\/div><\/div>[vc_empty_space][\/vc_column][\/vc_row][vc_row][vc_column][vc_custom_heading text=&#8221;WYNIKI KONKURSU&#8221; font_container=&#8221;tag:h3|text_align:left&#8221; use_theme_fonts=&#8221;yes&#8221;][vc_empty_space]<div class=\"row\">\n\t\t\t\t<div class=\"col-lg-12 col-md-12 col-sm-12 media_text\">\n\t\t\t\t\t\n\t\t\t\t\t\n\t\t\t\t\t<div class=\"programs_links\"><a href=\"https:\/\/niw.gov.pl\/wp-content\/uploads\/2021\/04\/Konkurs_Uzupelniajacy_Partnerstwo_dla_Wolontariatu_woj_lubuskie_ocena_merytoryczna.pdf\" download><button class=\"link_btn\" type=\"button\"> <img decoding=\"async\" src=\"https:\/\/niw.gov.pl\/wp-content\/themes\/niw\/images\/ic_link.png\" alt=\"ic_link.png\"> <\/button> Pe\u0142na lista rankingowa<\/a>\n<\/div>\n\n\n\t\t\t\t\t<\/div><\/div>[\/vc_column][\/vc_row]<\/p>\n","protected":false},"excerpt":{"rendered":"<p>[vc_row][vc_column][vc_column_text] Trwa nab\u00f3r wniosk\u00f3w w\u00a0Konkursie uzupe\u0142niaj\u0105cym Partnerstwo dla Wolontariatu\u00a0na wyb\u00f3r Partnera Programu na terenie woj. lubuskiego\u00a0w ramach Korpusu Solidarno\u015bci \u2013 Programu Wspierania i Rozwoju Wolontariatu D\u0142ugoterminowego na lata 2018-2030. [\/vc_column_text][vc_single_image image=&#8221;14112&#8243; img_size=&#8221;full&#8221;][vc_column_text]Celem Konkursu jest wyb\u00f3r\u00a01 Partnera do prowadzenia i realizowania dzia\u0142a\u0144 w woj. lubuskim\u00a0przewidzianych w ramach Programu. Do\u0142\u0105czy on do grona 15 Partner\u00f3w Regionalnych Korpusu<\/p>\n","protected":false},"author":46,"featured_media":0,"parent":16206,"menu_order":143,"comment_status":"closed","ping_status":"closed","template":"page-templates\/nasze_programy_sub_pages.php","meta":{"_acf_changed":false,"inline_featured_image":false,"footnotes":""},"class_list":["post-16216","page","type-page","status-publish","hentry"],"acf":[],"_links":{"self":[{"href":"https:\/\/niw.gov.pl\/en\/wp-json\/wp\/v2\/pages\/16216","targetHints":{"allow":["GET"]}}],"collection":[{"href":"https:\/\/niw.gov.pl\/en\/wp-json\/wp\/v2\/pages"}],"about":[{"href":"https:\/\/niw.gov.pl\/en\/wp-json\/wp\/v2\/types\/page"}],"author":[{"embeddable":true,"href":"https:\/\/niw.gov.pl\/en\/wp-json\/wp\/v2\/users\/46"}],"replies":[{"embeddable":true,"href":"https:\/\/niw.gov.pl\/en\/wp-json\/wp\/v2\/comments?post=16216"}],"version-history":[{"count":1,"href":"https:\/\/niw.gov.pl\/en\/wp-json\/wp\/v2\/pages\/16216\/revisions"}],"predecessor-version":[{"id":16217,"href":"https:\/\/niw.gov.pl\/en\/wp-json\/wp\/v2\/pages\/16216\/revisions\/16217"}],"up":[{"embeddable":true,"href":"https:\/\/niw.gov.pl\/en\/wp-json\/wp\/v2\/pages\/16206"}],"wp:attachment":[{"href":"https:\/\/niw.gov.pl\/en\/wp-json\/wp\/v2\/media?parent=16216"}],"curies":[{"name":"wp","href":"https:\/\/api.w.org\/{rel}","templated":true}]}}