{"id":16220,"date":"2024-03-26T13:58:19","date_gmt":"2024-03-26T11:58:19","guid":{"rendered":"http:\/\/niw.gov.pl\/nasze-programy\/korpus-solidarnosci\/zakonczone-konkursy-partnerstwo-dla-wolontariatu\/konkurs-partnerstwo-dla-wolontariatu-edycja-lokalna-2020\/"},"modified":"2025-06-30T12:33:09","modified_gmt":"2025-06-30T10:33:09","slug":"konkurs-partnerstwo-dla-wolontariatu-edycja-lokalna-2020","status":"publish","type":"page","link":"https:\/\/niw.gov.pl\/en\/our-programmes\/solidarity-corps\/partnership-for-volunteering-2021-2023-completed-editions\/konkurs-partnerstwo-dla-wolontariatu-edycja-lokalna-2020\/","title":{"rendered":"Edycja 2020"},"content":{"rendered":"<p>[vc_row][vc_column][vc_column_text]Program Korpus Solidarno\u015bci w\u0142a\u015bnie wystartowa\u0142 ze swoim pierwszym konkursem na Partner\u00f3w Lokalnych! Serdecznie zapraszamy do udzia\u0142u w Konkursie Partnerstwo dla Wolontariatu \u2013 Edycja Lokalna 2020 i do sk\u0142adania wniosk\u00f3w.<\/p>\n<p>&nbsp;<\/p>\n<p>&nbsp;<\/p>\n<p><strong>Szukamy organizacji pozarz\u0105dowych zorientowanych i do\u015bwiadczonych w przeprowadzaniu wolontariatu, kt\u00f3rzy zobowi\u0105\u017c\u0105 si\u0119 do dzia\u0142ania w skali lokalnej \u2013 na obszarze min. jednego powiatu.<\/strong><\/p>\n<p>&nbsp;<\/p>\n<p>&nbsp;<\/p>\n<p>Konkurs trwa <strong>od 28 listopada 2019 r. do 19 grudnia 2019 r. do godz. 16:00<\/strong>.[\/vc_column_text][vc_column_text]Konkurs ma inn\u0105 formu\u0142\u0119 ni\u017c zazwyczaj obowi\u0105zuj\u0105ca. Nie oczekujemy od Wnioskodawc\u00f3w autorskich propozycji dzia\u0142a\u0144, definiowania grup odbiorc\u00f3w, szacowania kosztorysu.\u00a0Elementy te s\u0105 okre\u015blone i zapisane w\u00a0<a class=\"red\" href=\"http:\/\/niw.gov.pl\/wp-content\/uploads\/2021\/04\/dokument_programowy__Korpus_Solidarnosci.pdf\" target=\"_blank\" rel=\"noopener noreferrer\"><i class=\"far fa-file-pdf\"><\/i> Programie Korpusu Solidarno\u015bci<\/a>\u00a0oraz\u00a0<a class=\"red\" href=\"http:\/\/niw.gov.pl\/wp-content\/uploads\/2021\/04\/dokument_programowy__Korpus_Solidarnosci.pdf\" target=\"_blank\" rel=\"noopener noreferrer\"><i class=\"far fa-file-pdf\"><\/i> Regulaminie Konkursu<\/a>. W z\u0142o\u017conych ofertach oceniane b\u0119dzie do\u015bwiadczenie Wnioskodawc\u00f3w, potencja\u0142 do realizacji zada\u0144 okre\u015blonych w Programie oraz propozycje ich przygotowania i organizacji.<\/p>\n<p>[\/vc_column_text][vc_column_text]<\/p>\n<h4>Oferty nale\u017cy sk\u0142ada\u0107 wy\u0142\u0105cznie w formie elektronicznej za po\u015brednictwem <a class=\"red\" href=\"https:\/\/generator.niw.gov.pl\/\">Systemu Obs\u0142ugi Dotacji<\/a>. Nab\u00f3r wniosk\u00f3w trwa\u00a0<strong>od 28.11.2019 do 19.12.2019 do godziny 16:00.<\/strong><\/h4>\n<p>[\/vc_column_text][vc_column_text]Wi\u0119cej informacji na temat konkursu mo\u017cna uzyska\u0107\u00a0<strong>od poniedzia\u0142ku do pi\u0105tku<\/strong>\u00a0w godz.\u00a0<strong>9:00 \u2013 15:00<\/strong>\u00a0pod numerem infolinii:\u00a0<a class=\"red\" href=\"tel:+48\u00a0885\u00a0221\u00a0530\">+48\u00a0885\u00a0221\u00a0530<\/a>\u00a0oraz pisz\u0105c na adres poczty elektronicznej:\u00a0<a class=\"red\" href=\"mailto:korpussolidarnosci@niw.gov.pl\">korpussolidarnosci@niw.gov.pl<\/a>[\/vc_column_text][\/vc_column][\/vc_row][vc_row][vc_column][vc_custom_heading text=&#8221;DOKUMENTY KONKURSOWE&#8221; font_container=&#8221;tag:h3|text_align:left&#8221; use_theme_fonts=&#8221;yes&#8221;][vc_empty_space]<div class=\"row\">\n\t\t\t\t<div class=\"col-lg-12 col-md-12 col-sm-12 media_text\">\n\t\t\t\t\t\n\t\t\t\t\t\n\t\t\t\t\t<div class=\"programs_links\"><a href=\"https:\/\/niw.gov.pl\/wp-content\/uploads\/2021\/04\/Konkurs-Partnerstwo-dla-Wolontariatu-Edycja-Lokalna-2020-REGULAMIN-1.pdf\" download><button class=\"link_btn\" type=\"button\"> <img decoding=\"async\" src=\"https:\/\/niw.gov.pl\/wp-content\/themes\/niw\/images\/ic_link.png\" alt=\"ic_link.png\"> <\/button> Regulamin Konkursu<\/a>\n<\/div>\n\n\n\t\t\t\t\t<\/div><\/div>[vc_empty_space][\/vc_column][\/vc_row][vc_row][vc_column][vc_custom_heading text=&#8221;WYNIKI OCENY FORMALNEJ&#8221; font_container=&#8221;tag:h3|text_align:left&#8221; use_theme_fonts=&#8221;yes&#8221;][vc_empty_space]<div class=\"row\">\n\t\t\t\t<div class=\"col-lg-12 col-md-12 col-sm-12 media_text\">\n\t\t\t\t\t\n\t\t\t\t\t\n\t\t\t\t\t<div class=\"programs_links\"><a href=\"https:\/\/niw.gov.pl\/wp-content\/uploads\/2019\/12\/Partnerstwo_dla_Wolontariatu_ocena_formalna_edycja-lokalna.pdf\" download><button class=\"link_btn\" type=\"button\"> <img decoding=\"async\" src=\"https:\/\/niw.gov.pl\/wp-content\/themes\/niw\/images\/ic_link.png\" alt=\"ic_link.png\"> <\/button> Lista wniosk\u00f3w ocenionych formalnie<\/a>\n<\/div>\n\n\n\t\t\t\t\t<\/div><\/div>[vc_row_inner][vc_column_inner][vc_empty_space][\/vc_column_inner][\/vc_row_inner][\/vc_column][\/vc_row][vc_row][vc_column][vc_custom_heading text=&#8221;WYNIKI OCENY MERYTORYCZNEJ&#8221; font_container=&#8221;tag:h3|text_align:left&#8221; use_theme_fonts=&#8221;yes&#8221;][vc_empty_space]<div class=\"row\">\n\t\t\t\t<div class=\"col-lg-12 col-md-12 col-sm-12 media_text\">\n\t\t\t\t\t\n\t\t\t\t\t\n\t\t\t\t\t<div class=\"programs_links\"><a href=\"https:\/\/niw.gov.pl\/wp-content\/uploads\/2021\/04\/Konkurs_Partnerstwo_dla_Wolontariatu_edycja2020_ocena-merytoryczna_lista_wnioskow_zakwalifikowanych_do_realizacji.pdf\" download><button class=\"link_btn\" type=\"button\"> <img decoding=\"async\" src=\"https:\/\/niw.gov.pl\/wp-content\/themes\/niw\/images\/ic_link.png\" alt=\"ic_link.png\"> <\/button> Lista wniosk\u00f3w zakwalifikowanych do realizacji<\/a>\n<\/div>\n\n\n\t\t\t\t\t\n\t\t\t\t\t\n\t\t\t\t\t\n\t\t\t\t\t<div class=\"programs_links\"><a href=\"https:\/\/niw.gov.pl\/wp-content\/uploads\/2021\/04\/Konkurs_Partnerstwo_dla_Wolontariatu_edycja2020_ocena-merytoryczna_lista_wnioskow_rezerwowych.pdf\" download><button class=\"link_btn\" type=\"button\"> <img decoding=\"async\" src=\"https:\/\/niw.gov.pl\/wp-content\/themes\/niw\/images\/ic_link.png\" alt=\"ic_link.png\"> <\/button> Lista wniosk\u00f3w rezerwowych<\/a>\n<\/div>\n\n\n\t\t\t\t\t\n\t\t\t\t\t\n\t\t\t\t\t\n\t\t\t\t\t<div class=\"programs_links\"><a href=\"https:\/\/niw.gov.pl\/wp-content\/uploads\/2021\/04\/Konkurs_Partnerstwo_dla_Wolontariatu_edycja2020_ocena-merytoryczna_lista_wnioskow_odrzuconych.pdf\" download><button class=\"link_btn\" type=\"button\"> <img decoding=\"async\" src=\"https:\/\/niw.gov.pl\/wp-content\/themes\/niw\/images\/ic_link.png\" alt=\"ic_link.png\"> <\/button> Lista wniosk\u00f3w niezakwalifikowanych<\/a>\n<\/div>\n\n\n\t\t\t\t\t<\/div><\/div>[\/vc_column][\/vc_row]<\/p>\n","protected":false},"excerpt":{"rendered":"<p>[vc_row][vc_column][vc_column_text]Program Korpus Solidarno\u015bci w\u0142a\u015bnie wystartowa\u0142 ze swoim pierwszym konkursem na Partner\u00f3w Lokalnych! Serdecznie zapraszamy do udzia\u0142u w Konkursie Partnerstwo dla Wolontariatu \u2013 Edycja Lokalna 2020 i do sk\u0142adania wniosk\u00f3w. &nbsp; &nbsp; Szukamy organizacji pozarz\u0105dowych zorientowanych i do\u015bwiadczonych w przeprowadzaniu wolontariatu, kt\u00f3rzy zobowi\u0105\u017c\u0105 si\u0119 do dzia\u0142ania w skali lokalnej \u2013 na obszarze min. jednego powiatu. &nbsp;<\/p>\n","protected":false},"author":46,"featured_media":0,"parent":16218,"menu_order":100,"comment_status":"closed","ping_status":"closed","template":"page-templates\/nasze_programy_sub_pages.php","meta":{"_acf_changed":false,"inline_featured_image":false,"footnotes":""},"class_list":["post-16220","page","type-page","status-publish","hentry"],"acf":[],"_links":{"self":[{"href":"https:\/\/niw.gov.pl\/en\/wp-json\/wp\/v2\/pages\/16220","targetHints":{"allow":["GET"]}}],"collection":[{"href":"https:\/\/niw.gov.pl\/en\/wp-json\/wp\/v2\/pages"}],"about":[{"href":"https:\/\/niw.gov.pl\/en\/wp-json\/wp\/v2\/types\/page"}],"author":[{"embeddable":true,"href":"https:\/\/niw.gov.pl\/en\/wp-json\/wp\/v2\/users\/46"}],"replies":[{"embeddable":true,"href":"https:\/\/niw.gov.pl\/en\/wp-json\/wp\/v2\/comments?post=16220"}],"version-history":[{"count":5,"href":"https:\/\/niw.gov.pl\/en\/wp-json\/wp\/v2\/pages\/16220\/revisions"}],"predecessor-version":[{"id":42878,"href":"https:\/\/niw.gov.pl\/en\/wp-json\/wp\/v2\/pages\/16220\/revisions\/42878"}],"up":[{"embeddable":true,"href":"https:\/\/niw.gov.pl\/en\/wp-json\/wp\/v2\/pages\/16218"}],"wp:attachment":[{"href":"https:\/\/niw.gov.pl\/en\/wp-json\/wp\/v2\/media?parent=16220"}],"curies":[{"name":"wp","href":"https:\/\/api.w.org\/{rel}","templated":true}]}}