{"id":16230,"date":"2021-04-27T07:57:34","date_gmt":"2021-04-27T07:57:34","guid":{"rendered":"http:\/\/niw.gov.pl\/nasze-programy\/program-wsparcia-harcerstwa\/edycja-2020\/nabor-wnioskow\/"},"modified":"2021-07-13T07:18:44","modified_gmt":"2021-07-13T07:18:44","slug":"tender-invitation","status":"publish","type":"page","link":"https:\/\/niw.gov.pl\/en\/our-programmes\/smdp\/archival-editions\/edition-2020\/tender-invitation\/","title":{"rendered":"Tender Invitation"},"content":{"rendered":"<p>[vc_row][vc_column][vc_column_text]Rozpoczynamy nab\u00f3r wniosk\u00f3w w ramach konkursu Rz\u0105dowego Programu Wsparcia Rozwoju Organizacji Harcerskich i Skautowych na lata 2018-2030 Edycja 2020.[\/vc_column_text][vc_column_text]Wnioski mo\u017cna sk\u0142ada\u0107 od dnia 10 lutego 2020 r. (godz. 12.00) do 24 lutego 2020 r. (tylko do godz. 14.00!) poprzez\u00a0<a class=\"red\" href=\"https:\/\/generator.niw.gov.pl\/login\" target=\"_blank\" rel=\"noopener\"><i class=\"fas fa-link\"><\/i> System Obs\u0142ugi Dotacji<\/a>.[\/vc_column_text][vc_column_text]Szczeg\u00f3\u0142owe informacje na temat Konkursu mo\u017cna uzyska\u0107:[\/vc_column_text][vc_column_text el_class=&#8221;subpage&#8221;]<\/p>\n<ul>\n<li>poprzez <a class=\"red\" href=\"http:\/\/niw.gov.pl\/nasze-programy\/program-wsparcia-harcerstwa\/kontakt\/\">formularz kontaktowy ROHiS<\/a>,<\/li>\n<li>pod adresem <a class=\"red\" href=\"mailto:rohis@niw.gov.pl\">rohis@niw.gov.pl<\/a>,<\/li>\n<li>pod numerem telefonu <a class=\"red\" href=\"tel:601-901-327\">601-901-327<\/a>, od poniedzia\u0142ku do pi\u0105tku, w godz. 10:00 \u2013 14:00 (w okresie trwania naboru wniosk\u00f3w).<\/li>\n<\/ul>\n<p>[\/vc_column_text][vc_column_text]Zach\u0119camy do zapoznania si\u0119 z\u00a0<a class=\"red\" href=\"http:\/\/niw.gov.pl\/nasze-programy\/program-wsparcia-harcerstwa\/dokumenty\/\" target=\"_blank\" rel=\"noopener\"><i class=\"fas fa-link\"><\/i> Regulaminem Konkursu<\/a>\u00a0oraz z\u00a0<a class=\"red\" href=\"http:\/\/niw.gov.pl\/wp-content\/uploads\/2021\/04\/ROHiS_informacje-dla-wnioskodawcow_2020.pdf\" target=\"_blank\" rel=\"noopener\"><i class=\"fas fa-link\"><\/i> materia\u0142em informacyjnym dla wnioskodawc\u00f3w<\/a>[\/vc_column_text][\/vc_column][\/vc_row]<\/p>\n","protected":false},"excerpt":{"rendered":"<p>[vc_row][vc_column][vc_column_text]Rozpoczynamy nab\u00f3r wniosk\u00f3w w ramach konkursu Rz\u0105dowego Programu Wsparcia Rozwoju Organizacji Harcerskich i Skautowych na lata 2018-2030 Edycja 2020.[\/vc_column_text][vc_column_text]Wnioski mo\u017cna sk\u0142ada\u0107 od dnia 10 lutego 2020 r. (godz. 12.00) do 24 lutego 2020 r. (tylko do godz. 14.00!) poprzez\u00a0 System Obs\u0142ugi Dotacji.[\/vc_column_text][vc_column_text]Szczeg\u00f3\u0142owe informacje na temat Konkursu mo\u017cna uzyska\u0107:[\/vc_column_text][vc_column_text el_class=&#8221;subpage&#8221;] poprzez formularz kontaktowy ROHiS, pod adresem<\/p>\n","protected":false},"author":46,"featured_media":0,"parent":16227,"menu_order":160,"comment_status":"closed","ping_status":"closed","template":"page-templates\/nasze_programy_sub_pages.php","meta":{"_acf_changed":false,"inline_featured_image":false,"footnotes":""},"class_list":["post-16230","page","type-page","status-publish","hentry"],"acf":[],"_links":{"self":[{"href":"https:\/\/niw.gov.pl\/en\/wp-json\/wp\/v2\/pages\/16230","targetHints":{"allow":["GET"]}}],"collection":[{"href":"https:\/\/niw.gov.pl\/en\/wp-json\/wp\/v2\/pages"}],"about":[{"href":"https:\/\/niw.gov.pl\/en\/wp-json\/wp\/v2\/types\/page"}],"author":[{"embeddable":true,"href":"https:\/\/niw.gov.pl\/en\/wp-json\/wp\/v2\/users\/46"}],"replies":[{"embeddable":true,"href":"https:\/\/niw.gov.pl\/en\/wp-json\/wp\/v2\/comments?post=16230"}],"version-history":[{"count":3,"href":"https:\/\/niw.gov.pl\/en\/wp-json\/wp\/v2\/pages\/16230\/revisions"}],"predecessor-version":[{"id":18415,"href":"https:\/\/niw.gov.pl\/en\/wp-json\/wp\/v2\/pages\/16230\/revisions\/18415"}],"up":[{"embeddable":true,"href":"https:\/\/niw.gov.pl\/en\/wp-json\/wp\/v2\/pages\/16227"}],"wp:attachment":[{"href":"https:\/\/niw.gov.pl\/en\/wp-json\/wp\/v2\/media?parent=16230"}],"curies":[{"name":"wp","href":"https:\/\/api.w.org\/{rel}","templated":true}]}}