{"id":16232,"date":"2021-04-27T07:57:58","date_gmt":"2021-04-27T07:57:58","guid":{"rendered":"http:\/\/niw.gov.pl\/nasze-programy\/program-wsparcia-harcerstwa\/edycja-2020\/wyniki-oceny-formalnej\/"},"modified":"2021-07-13T07:18:51","modified_gmt":"2021-07-13T07:18:51","slug":"eligibility-evaluation-results","status":"publish","type":"page","link":"https:\/\/niw.gov.pl\/en\/our-programmes\/smdp\/archival-editions\/edition-2020\/eligibility-evaluation-results\/","title":{"rendered":"Eligibility Evaluation Results"},"content":{"rendered":"<p>[vc_row][vc_column][vc_column_text]Zako\u0144czyli\u015bmy ocen\u0119 formaln\u0105 wniosk\u00f3w z\u0142o\u017conych w ramach konkursu Rz\u0105dowego Programu Wsparcia Rozwoju Organizacji Harcerskich i Skautowych na lata 2018-2030 Edycja 2020.[\/vc_column_text][vc_row_inner][vc_column_inner width=&#8221;1\/2&#8243;]<div class=\"row\">\n\t\t\t\t<div class=\"col-lg-12 col-md-12 col-sm-12 media_text\">\n\t\t\t\t\t<div class=\"download_box\">\n\t\t\t\t<div class=\"download_text\">\n\t\t\t\t\t<a href=\"https:\/\/niw.gov.pl\/wp-content\/uploads\/2021\/04\/ROHiS-2020-ocena-formalna.pdf\" download>Lista wniosk\u00f3w ocenionych formalnie<\/a><\/div><br><br><span><img decoding=\"async\" src=\"https:\/\/niw.gov.pl\/wp-content\/themes\/niw\/images\/PDF.png\" alt=\"PDF.png\"><\/button> 0.44MB<\/span><a href=\"https:\/\/niw.gov.pl\/wp-content\/uploads\/2021\/04\/ROHiS-2020-ocena-formalna.pdf\" download><button class=\"download_btn\" type=\"button\"> <img decoding=\"async\" src=\"https:\/\/niw.gov.pl\/wp-content\/themes\/niw\/images\/arrow7.png\" alt=\"arrow7.png\"><\/button><\/a> <div class=\"clr\">\n\n<\/div><\/div><\/div><\/div>[\/vc_column_inner][vc_column_inner width=&#8221;1\/2&#8243;][\/vc_column_inner][\/vc_row_inner][\/vc_column][\/vc_row]<\/p>\n","protected":false},"excerpt":{"rendered":"<p>[vc_row][vc_column][vc_column_text]Zako\u0144czyli\u015bmy ocen\u0119 formaln\u0105 wniosk\u00f3w z\u0142o\u017conych w ramach konkursu Rz\u0105dowego Programu Wsparcia Rozwoju Organizacji Harcerskich i Skautowych na lata 2018-2030 Edycja 2020.[\/vc_column_text][vc_row_inner][vc_column_inner width=&#8221;1\/2&#8243;][\/vc_column_inner][vc_column_inner width=&#8221;1\/2&#8243;][\/vc_column_inner][\/vc_row_inner][\/vc_column][\/vc_row]<\/p>\n","protected":false},"author":46,"featured_media":0,"parent":16227,"menu_order":179,"comment_status":"closed","ping_status":"closed","template":"page-templates\/nasze_programy_sub_pages.php","meta":{"_acf_changed":false,"inline_featured_image":false,"footnotes":""},"class_list":["post-16232","page","type-page","status-publish","hentry"],"acf":[],"_links":{"self":[{"href":"https:\/\/niw.gov.pl\/en\/wp-json\/wp\/v2\/pages\/16232","targetHints":{"allow":["GET"]}}],"collection":[{"href":"https:\/\/niw.gov.pl\/en\/wp-json\/wp\/v2\/pages"}],"about":[{"href":"https:\/\/niw.gov.pl\/en\/wp-json\/wp\/v2\/types\/page"}],"author":[{"embeddable":true,"href":"https:\/\/niw.gov.pl\/en\/wp-json\/wp\/v2\/users\/46"}],"replies":[{"embeddable":true,"href":"https:\/\/niw.gov.pl\/en\/wp-json\/wp\/v2\/comments?post=16232"}],"version-history":[{"count":2,"href":"https:\/\/niw.gov.pl\/en\/wp-json\/wp\/v2\/pages\/16232\/revisions"}],"predecessor-version":[{"id":18416,"href":"https:\/\/niw.gov.pl\/en\/wp-json\/wp\/v2\/pages\/16232\/revisions\/18416"}],"up":[{"embeddable":true,"href":"https:\/\/niw.gov.pl\/en\/wp-json\/wp\/v2\/pages\/16227"}],"wp:attachment":[{"href":"https:\/\/niw.gov.pl\/en\/wp-json\/wp\/v2\/media?parent=16232"}],"curies":[{"name":"wp","href":"https:\/\/api.w.org\/{rel}","templated":true}]}}