{"id":16238,"date":"2021-04-27T08:44:53","date_gmt":"2021-04-27T08:44:53","guid":{"rendered":"http:\/\/niw.gov.pl\/nasze-programy\/program-wsparcia-harcerstwa\/edycje-archiwalne\/edycja-2018\/"},"modified":"2021-07-13T07:20:39","modified_gmt":"2021-07-13T07:20:39","slug":"edition-2018","status":"publish","type":"page","link":"https:\/\/niw.gov.pl\/en\/our-programmes\/smdp\/archival-editions\/edition-2018\/","title":{"rendered":"Edition 2018"},"content":{"rendered":"<p>[vc_row][vc_column][vc_custom_heading text=&#8221;Nab\u00f3r wniosk\u00f3w&#8221; font_container=&#8221;tag:h3|text_align:left&#8221; use_theme_fonts=&#8221;yes&#8221;][vc_empty_space][vc_column_text]Rozpoczynamy nab\u00f3r wniosk\u00f3w w ramach konkursu Rz\u0105dowego Programu Wsparcia Rozwoju Organizacji Harcerskich i Skautowych na lata 2018-2030 Edycja 2018.[\/vc_column_text][vc_column_text]Wnioski mo\u017cna sk\u0142ada\u0107 od dnia 7 listopada 2018 r. do 20 listopada 2018 r. (tylko do godz. 14.00!) poprzez\u00a0<a class=\"red\" href=\"https:\/\/generator.niw.gov.pl\/login\" target=\"_blank\" rel=\"noopener\"><i class=\"fas fa-link\"><\/i> System Obs\u0142ugi Dotacji<\/a>.[\/vc_column_text][vc_column_text]Pytania dotycz\u0105ce konkursu prosimy zadawa\u0107 poprzez\u00a0<a class=\"red\" href=\"http:\/\/niw.gov.pl\/nasze-programy\/program-wsparcia-harcerstwa\/kontakt\/\">formularz kontaktowy ROHiS<\/a>\u00a0oraz pod numerem telefonu <a class=\"red\" href=\"tel:885-221-531\">885-221-531<\/a>.[\/vc_column_text][vc_column_text]Zach\u0119camy do zapoznania si\u0119 z\u00a0<a class=\"red\" href=\"http:\/\/niw.gov.pl\/nasze-programy\/program-wsparcia-harcerstwa\/dokumenty\/\" target=\"_blank\" rel=\"noopener\"><i class=\"fas fa-link\"><\/i> Regulaminem Konkursu<\/a>.[\/vc_column_text][\/vc_column][\/vc_row][vc_row][vc_column][vc_empty_space][vc_separator][vc_empty_space][vc_custom_heading text=&#8221;Wyniki oceny formalnej&#8221; font_container=&#8221;tag:h3|text_align:left&#8221; use_theme_fonts=&#8221;yes&#8221;][vc_empty_space][vc_column_text]Zako\u0144czyli\u015bmy ocen\u0119 formaln\u0105 wniosk\u00f3w z\u0142o\u017conych w ramach\u00a0konkursu Rz\u0105dowego Programu Wsparcia Rozwoju Organizacji Harcerskich i Skautowych na lata 2018-2030 Edycja 2018.[\/vc_column_text][vc_row_inner][vc_column_inner width=&#8221;1\/2&#8243;]<div class=\"row\">\n\t\t\t\t<div class=\"col-lg-12 col-md-12 col-sm-12 media_text\">\n\t\t\t\t\t<div class=\"download_box\">\n\t\t\t\t<div class=\"download_text\">\n\t\t\t\t\t<a href=\"https:\/\/niw.gov.pl\/wp-content\/uploads\/2021\/04\/ROHiS_lista_wnioskow_ocenionych_formalnie.pdf\" download>Lista wniosk\u00f3w ocenionych formalnie<\/a><\/div><br><br><span><img decoding=\"async\" src=\"https:\/\/niw.gov.pl\/wp-content\/themes\/niw\/images\/PDF.png\" alt=\"PDF.png\"><\/button> 0.05MB<\/span><a href=\"https:\/\/niw.gov.pl\/wp-content\/uploads\/2021\/04\/ROHiS_lista_wnioskow_ocenionych_formalnie.pdf\" download><button class=\"download_btn\" type=\"button\"> <img decoding=\"async\" src=\"https:\/\/niw.gov.pl\/wp-content\/themes\/niw\/images\/arrow7.png\" alt=\"arrow7.png\"><\/button><\/a> <div class=\"clr\">\n\n<\/div><\/div><\/div><\/div>[\/vc_column_inner][vc_column_inner width=&#8221;1\/2&#8243;][\/vc_column_inner][\/vc_row_inner][vc_column_text]Wnioskodawcom, kt\u00f3rych wnioski uzyska\u0142y negatywn\u0105 ocen\u0119 formaln\u0105 i zosta\u0142y odrzucone, przys\u0142uguje mo\u017cliwo\u015b\u0107 odwo\u0142ania zgodnie z rozdzia\u0142em 10.2.5 Regulaminu Konkursu.[\/vc_column_text][\/vc_column][\/vc_row][vc_row][vc_column][vc_empty_space][vc_separator][vc_empty_space][vc_custom_heading text=&#8221;Wyniki oceny merytorycznej&#8221; font_container=&#8221;tag:h3|text_align:left&#8221; use_theme_fonts=&#8221;yes&#8221;][vc_empty_space][vc_column_text]Zako\u0144czyli\u015bmy ocen\u0119 merytoryczn\u0105 wniosk\u00f3w z\u0142o\u017conych w ramach\u00a0konkursu Rz\u0105dowego Programu Wsparcia Rozwoju Organizacji Harcerskich i Skautowych na lata 2018-2030 Edycja 2018.[\/vc_column_text][vc_row_inner][vc_column_inner width=&#8221;1\/2&#8243;]<div class=\"row\">\n\t\t\t\t<div class=\"col-lg-12 col-md-12 col-sm-12 media_text\">\n\t\t\t\t\t<div class=\"download_box\">\n\t\t\t\t<div class=\"download_text\">\n\t\t\t\t\t<a href=\"https:\/\/niw.gov.pl\/wp-content\/uploads\/2021\/04\/ROHiS_2018_lista_rankingowa.pdf\" download>Lista wniosk\u00f3w zakwalifikowanych do realizacji.<\/a><\/div><br><br><span><img decoding=\"async\" src=\"https:\/\/niw.gov.pl\/wp-content\/themes\/niw\/images\/PDF.png\" alt=\"PDF.png\"><\/button> 0.07MB<\/span><a href=\"https:\/\/niw.gov.pl\/wp-content\/uploads\/2021\/04\/ROHiS_2018_lista_rankingowa.pdf\" download><button class=\"download_btn\" type=\"button\"> <img decoding=\"async\" src=\"https:\/\/niw.gov.pl\/wp-content\/themes\/niw\/images\/arrow7.png\" alt=\"arrow7.png\"><\/button><\/a> <div class=\"clr\">\n\n<\/div><\/div><\/div><\/div>[\/vc_column_inner][vc_column_inner width=&#8221;1\/2&#8243;][\/vc_column_inner][\/vc_row_inner][vc_column_text]Przypominamy, \u017ce nie przewiduje si\u0119 odwo\u0142ania od rozstrzygni\u0119cia Konkursu.[\/vc_column_text][vc_row_inner][vc_column_inner width=&#8221;1\/2&#8243;]<div class=\"row\">\n\t\t\t\t<div class=\"col-lg-12 col-md-12 col-sm-12 media_text\">\n\t\t\t\t\t<div class=\"download_box\">\n\t\t\t\t<div class=\"download_text\">\n\t\t\t\t\t<a href=\"https:\/\/niw.gov.pl\/wp-content\/uploads\/2021\/04\/ROHiS_2018_eksperci_lista.pdf\" download>Lista ekspert\u00f3w oceniaj\u0105cych w konkursie<\/a><\/div><br><br><span><img decoding=\"async\" src=\"https:\/\/niw.gov.pl\/wp-content\/themes\/niw\/images\/PDF.png\" alt=\"PDF.png\"><\/button> 0.40MB<\/span><a href=\"https:\/\/niw.gov.pl\/wp-content\/uploads\/2021\/04\/ROHiS_2018_eksperci_lista.pdf\" download><button class=\"download_btn\" type=\"button\"> <img decoding=\"async\" src=\"https:\/\/niw.gov.pl\/wp-content\/themes\/niw\/images\/arrow7.png\" alt=\"arrow7.png\"><\/button><\/a> <div class=\"clr\">\n\n<\/div><\/div><\/div><\/div>[\/vc_column_inner][vc_column_inner width=&#8221;1\/2&#8243;][\/vc_column_inner][\/vc_row_inner][\/vc_column][\/vc_row]<\/p>\n","protected":false},"excerpt":{"rendered":"<p>[vc_row][vc_column][vc_custom_heading text=&#8221;Nab\u00f3r wniosk\u00f3w&#8221; font_container=&#8221;tag:h3|text_align:left&#8221; use_theme_fonts=&#8221;yes&#8221;][vc_empty_space][vc_column_text]Rozpoczynamy nab\u00f3r wniosk\u00f3w w ramach konkursu Rz\u0105dowego Programu Wsparcia Rozwoju Organizacji Harcerskich i Skautowych na lata 2018-2030 Edycja 2018.[\/vc_column_text][vc_column_text]Wnioski mo\u017cna sk\u0142ada\u0107 od dnia 7 listopada 2018 r. do 20 listopada 2018 r. (tylko do godz. 14.00!) poprzez\u00a0 System Obs\u0142ugi Dotacji.[\/vc_column_text][vc_column_text]Pytania dotycz\u0105ce konkursu prosimy zadawa\u0107 poprzez\u00a0formularz kontaktowy ROHiS\u00a0oraz pod numerem telefonu 885-221-531.[\/vc_column_text][vc_column_text]Zach\u0119camy<\/p>\n","protected":false},"author":46,"featured_media":0,"parent":16236,"menu_order":54,"comment_status":"closed","ping_status":"closed","template":"page-templates\/nasze_programy_sub_pages.php","meta":{"_acf_changed":false,"inline_featured_image":false,"footnotes":""},"class_list":["post-16238","page","type-page","status-publish","hentry"],"acf":[],"_links":{"self":[{"href":"https:\/\/niw.gov.pl\/en\/wp-json\/wp\/v2\/pages\/16238","targetHints":{"allow":["GET"]}}],"collection":[{"href":"https:\/\/niw.gov.pl\/en\/wp-json\/wp\/v2\/pages"}],"about":[{"href":"https:\/\/niw.gov.pl\/en\/wp-json\/wp\/v2\/types\/page"}],"author":[{"embeddable":true,"href":"https:\/\/niw.gov.pl\/en\/wp-json\/wp\/v2\/users\/46"}],"replies":[{"embeddable":true,"href":"https:\/\/niw.gov.pl\/en\/wp-json\/wp\/v2\/comments?post=16238"}],"version-history":[{"count":2,"href":"https:\/\/niw.gov.pl\/en\/wp-json\/wp\/v2\/pages\/16238\/revisions"}],"predecessor-version":[{"id":18419,"href":"https:\/\/niw.gov.pl\/en\/wp-json\/wp\/v2\/pages\/16238\/revisions\/18419"}],"up":[{"embeddable":true,"href":"https:\/\/niw.gov.pl\/en\/wp-json\/wp\/v2\/pages\/16236"}],"wp:attachment":[{"href":"https:\/\/niw.gov.pl\/en\/wp-json\/wp\/v2\/media?parent=16238"}],"curies":[{"name":"wp","href":"https:\/\/api.w.org\/{rel}","templated":true}]}}