{"id":16245,"date":"2021-04-27T11:24:25","date_gmt":"2021-04-27T11:24:25","guid":{"rendered":"http:\/\/niw.gov.pl\/nasze-programy\/program-wsparcia-harcerstwa\/konsultacje-publiczne\/konkurs-rohis-edycja-2020-zakonczone\/"},"modified":"2021-05-18T13:44:25","modified_gmt":"2021-05-18T13:44:25","slug":"konkurs-rohis-edycja-2020-zakonczone","status":"publish","type":"page","link":"https:\/\/niw.gov.pl\/en\/our-programmes\/smdp\/public-consultations\/konkurs-rohis-edycja-2020-zakonczone\/","title":{"rendered":"Konkurs ROHiS Edycja 2020 (zako\u0144czone)"},"content":{"rendered":"<p>[vc_row][vc_column][vc_column_text]Zach\u0119camy do wzi\u0119cia udzia\u0142u w konsultacjach projektu Regulaminu konkursu ROHiS, Edycja 2020.[\/vc_column_text][vc_column_text]Rz\u0105dowy Program Wsparcia Rozwoju Organizacji Harcerskich i Skautowych na lata 2018-2030 (ROHiS) przewiduje wsparcie organizacji harcerskich jako strategicznych partner\u00f3w pa\u0144stwa w dziele wychowania m\u0142odych ludzi. Program ma zapewni\u0107 stabilno\u015b\u0107 ruchowi harcerskiemu, kt\u00f3ry \u0142\u0105cz\u0105c tradycj\u0119 i nowoczesno\u015b\u0107, umo\u017cliwia harmonijny rozw\u00f3j kolejnych pokole\u0144 m\u0142odych Polak\u00f3w.[\/vc_column_text][vc_column_text]Najwa\u017cniejsze za\u0142o\u017cenia konkursu:[\/vc_column_text][vc_column_text el_class=&#8221;subpage&#8221;]<\/p>\n<ul>\n<li>Dotacja z ROHiS udzielana b\u0119dzie na okres 2 lat i przekazywana w formie transz obejmuj\u0105cych wydatki zaplanowane na kolejne lata realizacji dzia\u0142a\u0144.<\/li>\n<li>Dotacja udzielana b\u0119dzie w wysoko\u015bci do 22 mln z\u0142. Wniesienie wk\u0142adu w\u0142asnego nie jest wymagane.<\/li>\n<li>Wnioski sk\u0142adane b\u0119d\u0105 za po\u015brednictwem Systemu Obs\u0142ugi Dotacji.<\/li>\n<li>Rozliczenie dotacji b\u0119dzie wymaga\u0142o osi\u0105gni\u0119cia zak\u0142adanych rezultat\u00f3w na poziomie co najmniej 80%.<\/li>\n<li>\u015arodki przeznaczone na realizacj\u0119 konkursu wynosz\u0105 29 100 000 z\u0142, w tym 14 550 000 z\u0142 w 2020 r. i 14 550 000 z\u0142 w 2021 roku.<\/li>\n<\/ul>\n<p>[\/vc_column_text][vc_column_text]Szczeg\u00f3\u0142y znajd\u0105 Pa\u0144stwo w za\u0142\u0105czonym poni\u017cej projekcie Regulaminu.[\/vc_column_text]<div class=\"row\">\n\t\t\t\t<div class=\"col-lg-12 col-md-12 col-sm-12 media_text\">\n\t\t\t\t\t\n\t\t\t\t\t\n\t\t\t\t\t<div class=\"programs_links\"><a href=\"https:\/\/niw.gov.pl\/wp-content\/uploads\/2021\/04\/ROHiS_Regulamin_2020.pdf\" download><button class=\"link_btn\" type=\"button\"> <img decoding=\"async\" src=\"https:\/\/niw.gov.pl\/wp-content\/themes\/niw\/images\/ic_link.png\" alt=\"ic_link.png\"> <\/button> Regulamin<\/a>\n<\/div>\n\n\n\t\t\t\t\t\n\t\t\t\t\t\n\t\t\t\t\t\n\t\t\t\t\t<div class=\"programs_links\"><a href=\"https:\/\/niw.gov.pl\/wp-content\/uploads\/2021\/04\/ROHIS_Wzor_wniosku_2020-1.pdf\" download><button class=\"link_btn\" type=\"button\"> <img decoding=\"async\" src=\"https:\/\/niw.gov.pl\/wp-content\/themes\/niw\/images\/ic_link.png\" alt=\"ic_link.png\"> <\/button> Wniosek<\/a>\n<\/div>\n\n\n\t\t\t\t\t\n\t\t\t\t\t\n\t\t\t\t\t\n\t\t\t\t\t<div class=\"programs_links\"><a href=\"https:\/\/niw.gov.pl\/wp-content\/uploads\/2021\/04\/ROHiS_Karta_oceny_formalnej_2020-1.pdf\" download><button class=\"link_btn\" type=\"button\"> <img decoding=\"async\" src=\"https:\/\/niw.gov.pl\/wp-content\/themes\/niw\/images\/ic_link.png\" alt=\"ic_link.png\"> <\/button> Karta oceny formalnej<\/a>\n<\/div>\n\n\n\t\t\t\t\t\n\t\t\t\t\t\n\t\t\t\t\t\n\t\t\t\t\t<div class=\"programs_links\"><a href=\"https:\/\/niw.gov.pl\/wp-content\/uploads\/2021\/04\/ROHiS_Karta_oceny_merytorycznej_2020-1.pdf\" download><button class=\"link_btn\" type=\"button\"> <img decoding=\"async\" src=\"https:\/\/niw.gov.pl\/wp-content\/themes\/niw\/images\/ic_link.png\" alt=\"ic_link.png\"> <\/button> Karta oceny merytorycznej<\/a>\n<\/div>\n\n\n\t\t\t\t\t\n\t\t\t\t\t\n\t\t\t\t\t\n\t\t\t\t\t<div class=\"programs_links\"><a href=\"https:\/\/niw.gov.pl\/wp-content\/uploads\/2021\/04\/ROHiS_umowa_wzor_2020-1.pdf\" download><button class=\"link_btn\" type=\"button\"> <img decoding=\"async\" src=\"https:\/\/niw.gov.pl\/wp-content\/themes\/niw\/images\/ic_link.png\" alt=\"ic_link.png\"> <\/button> Umowa<\/a>\n<\/div>\n\n\n\t\t\t\t\t\n\t\t\t\t\t\n\t\t\t\t\t\n\t\t\t\t\t<div class=\"programs_links\"><a href=\"https:\/\/niw.gov.pl\/wp-content\/uploads\/2021\/04\/ROHiS_Wzor_sprawozdania_2020-1.pdf\" download><button class=\"link_btn\" type=\"button\"> <img decoding=\"async\" src=\"https:\/\/niw.gov.pl\/wp-content\/themes\/niw\/images\/ic_link.png\" alt=\"ic_link.png\"> <\/button> Sprawozdanie<\/a>\n<\/div>\n\n\n\t\t\t\t\t<\/div><\/div>[vc_empty_space][vc_column_text]Zach\u0119camy do zg\u0142aszania uwag i propozycji na adres: rohis@niw.gov.pl do dnia 2 grudnia 2019 r. (do ko\u0144ca dnia) na formularzu, kt\u00f3ry mo\u017cna pobra\u0107\u00a0<a class=\"red\" href=\"http:\/\/niw.gov.pl\/wp-content\/uploads\/2021\/04\/Formularz_konsultacyjny_ROHiS_2020-1.docx\" target=\"_blank\" rel=\"noopener\"><i class=\"fas fa-link\"><\/i> tu<\/a>.[\/vc_column_text]<div class=\"row\">\n\t\t\t\t<div class=\"col-lg-12 col-md-12 col-sm-12 media_text\">\n\t\t\t\t\t\n\t\t\t\t\t\n\t\t\t\t\t<div class=\"programs_links\"><a href=\"https:\/\/niw.gov.pl\/wp-content\/uploads\/2021\/04\/ROHiS_2020_raport-z-konsultacji-spolecznych.pdf\" download><button class=\"link_btn\" type=\"button\"> <img decoding=\"async\" src=\"https:\/\/niw.gov.pl\/wp-content\/themes\/niw\/images\/ic_link.png\" alt=\"ic_link.png\"> <\/button> Raport z konsultacji publicznych <i>Regulaminu konkursu ROHiS Edycja 2020<\/i><\/a>\n<\/div>\n\n\n\t\t\t\t\t<\/div><\/div>[\/vc_column][\/vc_row]<\/p>\n","protected":false},"excerpt":{"rendered":"<p>[vc_row][vc_column][vc_column_text]Zach\u0119camy do wzi\u0119cia udzia\u0142u w konsultacjach projektu Regulaminu konkursu ROHiS, Edycja 2020.[\/vc_column_text][vc_column_text]Rz\u0105dowy Program Wsparcia Rozwoju Organizacji Harcerskich i Skautowych na lata 2018-2030 (ROHiS) przewiduje wsparcie organizacji harcerskich jako strategicznych partner\u00f3w pa\u0144stwa w dziele wychowania m\u0142odych ludzi. Program ma zapewni\u0107 stabilno\u015b\u0107 ruchowi harcerskiemu, kt\u00f3ry \u0142\u0105cz\u0105c tradycj\u0119 i nowoczesno\u015b\u0107, umo\u017cliwia harmonijny rozw\u00f3j kolejnych pokole\u0144 m\u0142odych Polak\u00f3w.[\/vc_column_text][vc_column_text]Najwa\u017cniejsze za\u0142o\u017cenia<\/p>\n","protected":false},"author":46,"featured_media":0,"parent":16243,"menu_order":81,"comment_status":"closed","ping_status":"closed","template":"page-templates\/nasze_programy_sub_pages.php","meta":{"_acf_changed":false,"inline_featured_image":false,"footnotes":""},"class_list":["post-16245","page","type-page","status-publish","hentry"],"acf":[],"_links":{"self":[{"href":"https:\/\/niw.gov.pl\/en\/wp-json\/wp\/v2\/pages\/16245","targetHints":{"allow":["GET"]}}],"collection":[{"href":"https:\/\/niw.gov.pl\/en\/wp-json\/wp\/v2\/pages"}],"about":[{"href":"https:\/\/niw.gov.pl\/en\/wp-json\/wp\/v2\/types\/page"}],"author":[{"embeddable":true,"href":"https:\/\/niw.gov.pl\/en\/wp-json\/wp\/v2\/users\/46"}],"replies":[{"embeddable":true,"href":"https:\/\/niw.gov.pl\/en\/wp-json\/wp\/v2\/comments?post=16245"}],"version-history":[{"count":1,"href":"https:\/\/niw.gov.pl\/en\/wp-json\/wp\/v2\/pages\/16245\/revisions"}],"predecessor-version":[{"id":16246,"href":"https:\/\/niw.gov.pl\/en\/wp-json\/wp\/v2\/pages\/16245\/revisions\/16246"}],"up":[{"embeddable":true,"href":"https:\/\/niw.gov.pl\/en\/wp-json\/wp\/v2\/pages\/16243"}],"wp:attachment":[{"href":"https:\/\/niw.gov.pl\/en\/wp-json\/wp\/v2\/media?parent=16245"}],"curies":[{"name":"wp","href":"https:\/\/api.w.org\/{rel}","templated":true}]}}